{"id":7257,"date":"2025-05-19T10:11:39","date_gmt":"2025-05-19T10:11:39","guid":{"rendered":"https:\/\/stem-eshop.gr\/product\/as-magnet-box-%ce%be%cf%8d%ce%bb%ce%b9%ce%bd%ce%bf%cf%82-%ce%bc%ce%b1%ce%b3%ce%bd%ce%b7%cf%84%ce%b9%ce%ba%cf%8c%cf%82-%ce%b5%cf%80%ce%b9%cf%84%cf%81%ce%b1%cf%80%ce%ad%ce%b6%ce%b9%ce%bf%cf%82-%cf%80\/"},"modified":"2025-10-23T10:23:21","modified_gmt":"2025-10-23T07:23:21","slug":"as-magnet-box-%ce%be%cf%8d%ce%bb%ce%b9%ce%bd%ce%bf%cf%82-%ce%bc%ce%b1%ce%b3%ce%bd%ce%b7%cf%84%ce%b9%ce%ba%cf%8c%cf%82-%ce%b5%cf%80%ce%b9%cf%84%cf%81%ce%b1%cf%80%ce%ad%ce%b6%ce%b9%ce%bf%cf%82-%cf%80","status":"publish","type":"product","link":"https:\/\/stem-eshop.gr\/bs\/proizvod\/as-magnet-box-%ce%be%cf%8d%ce%bb%ce%b9%ce%bd%ce%bf%cf%82-%ce%bc%ce%b1%ce%b3%ce%bd%ce%b7%cf%84%ce%b9%ce%ba%cf%8c%cf%82-%ce%b5%cf%80%ce%b9%cf%84%cf%81%ce%b1%cf%80%ce%ad%ce%b6%ce%b9%ce%bf%cf%82-%cf%80\/","title":{"rendered":"AS Magnetna kutija, drvena magnetna plo\u010da za stol, dvostrana, sa 35 edukativnih magneta za djecu od 3+ godine"},"content":{"rendered":"<p class=\"MsoNormal\">Karakteristike:<span lang=\"en-us\" xml:lang=\"en-us\"><\/span><\/p>\n<p class=\"MsoNormal\">Dvije magnetne strane: Pogodne za slobodno crtanje na plo\u010di s markerom, za kori\u0161tenje krede na plo\u010di, ali i za magnetnu igru.<\/p>\n<p class=\"MsoNormal\">Drvena konstrukcija: Plo\u010da stola je izra\u0111ena od drveta, \u0161to je \u010dini ekolo\u0161ki prihvatljivom i izdr\u017eljivom.<\/p>\n<p class=\"MsoNormal\">Skladi\u0161tenje: Ne morate brinuti o gubitku bilo kojeg dodatka koji dolazi uz AS Magnet Box desktop magnetnu plo\u010du, jer ima prostor za odlaganje za jednostavnu i prakti\u010dnu organizaciju i skladi\u0161tenje.<\/p>\n<\/p>\n<p class=\"MsoNormal\">AS Magnet Box magnetne plo\u010de su serija pogodna za djecu koja vole kreativne aktivnosti. Napravljene od drveta, izdr\u017eljive su za beskrajnu igru. Djeca mogu stvarati kredom, markerima, magnetima i svim tim u jednom prakti\u010dnom setu. A kada se igra zavr\u0161i, cijenit \u0107ete njihovo jednostavno \u010di\u0161\u0107enje i brzo skladi\u0161tenje. Djeca se zabavljaju i u\u010de produktivno koriste\u0107i svoje slobodno vrijeme daleko od ekrana.<\/p>\n<p class=\"MsoNormal\">Uklju\u010duje<span lang=\"en-us\" xml:lang=\"en-us\"><\/span><\/p>\n<p class=\"MsoNormal\">1 dvostrana magnetna plo\u010da<\/p>\n<p class=\"MsoNormal\">1 spu\u017eva<\/p>\n<p class=\"MsoNormal\">1 marker<\/p>\n<p class=\"MsoNormal\">3 krede<\/p>\n<p class=\"MsoNormal\">35 edukativnih magneta<\/p><\/p>","protected":false},"excerpt":{"rendered":"<p class=\"MsoNormal\">AS Magnet Box magnetna plo\u010da za crtanje je prakti\u010dna drvena kutija koja se transformira u dvostranu magnetnu plo\u010du za crtanje, sa svim pripadaju\u0107im dodacima. Zahvaljuju\u0107i prakti\u010dnoj veli\u010dini, idealna je aktivnost za dijete unutar i izvan ku\u0107e. Dijete stvara i u\u010di se prepoznavanju brojeva pomo\u0107u prilo\u017eenih magneta.<\/p><\/p>","protected":false},"featured_media":7258,"comment_status":"open","ping_status":"closed","template":"","meta":{"site-sidebar-layout":"default","site-content-layout":"","ast-site-content-layout":"default","site-content-style":"default","site-sidebar-style":"default","ast-global-header-display":"","ast-banner-title-visibility":"","ast-main-header-display":"","ast-hfb-above-header-display":"","ast-hfb-below-header-display":"","ast-hfb-mobile-header-display":"","site-post-title":"","ast-breadcrumbs-content":"","ast-featured-img":"","footer-sml-layout":"","ast-disable-related-posts":"","theme-transparent-header-meta":"","adv-header-id-meta":"","stick-header-meta":"","header-above-stick-meta":"","header-main-stick-meta":"","header-below-stick-meta":"","astra-migrate-meta-layouts":"default","ast-page-background-enabled":"default","ast-page-background-meta":{"desktop":{"background-color":"var(--ast-global-color-5)","background-image":"","background-repeat":"repeat","background-position":"center center","background-size":"auto","background-attachment":"scroll","background-type":"","background-media":"","overlay-type":"","overlay-color":"","overlay-opacity":"","overlay-gradient":""},"tablet":{"background-color":"","background-image":"","background-repeat":"repeat","background-position":"center center","background-size":"auto","background-attachment":"scroll","background-type":"","background-media":"","overlay-type":"","overlay-color":"","overlay-opacity":"","overlay-gradient":""},"mobile":{"background-color":"","background-image":"","background-repeat":"repeat","background-position":"center center","background-size":"auto","background-attachment":"scroll","background-type":"","background-media":"","overlay-type":"","overlay-color":"","overlay-opacity":"","overlay-gradient":""}},"ast-content-background-meta":{"desktop":{"background-color":"var(--ast-global-color-4)","background-image":"","background-repeat":"repeat","background-position":"center center","background-size":"auto","background-attachment":"scroll","background-type":"","background-media":"","overlay-type":"","overlay-color":"","overlay-opacity":"","overlay-gradient":""},"tablet":{"background-color":"var(--ast-global-color-4)","background-image":"","background-repeat":"repeat","background-position":"center center","background-size":"auto","background-attachment":"scroll","background-type":"","background-media":"","overlay-type":"","overlay-color":"","overlay-opacity":"","overlay-gradient":""},"mobile":{"background-color":"var(--ast-global-color-4)","background-image":"","background-repeat":"repeat","background-position":"center center","background-size":"auto","background-attachment":"scroll","background-type":"","background-media":"","overlay-type":"","overlay-color":"","overlay-opacity":"","overlay-gradient":""}}},"product_brand":[99],"product_cat":[42,43,44,39,50,56,37,26],"product_tag":[],"class_list":{"0":"post-7257","1":"product","2":"type-product","3":"status-publish","4":"has-post-thumbnail","6":"product_brand-as","7":"product_cat-42","8":"product_cat-43","9":"product_cat-44","10":"product_cat-39","11":"product_cat-50","12":"product_cat-56","13":"product_cat-37","14":"product_cat-26","15":"desktop-align-left","16":"tablet-align-left","17":"mobile-align-left","19":"first","20":"instock","21":"taxable","22":"shipping-taxable","23":"purchasable","24":"product-type-simple"},"_links":{"self":[{"href":"https:\/\/stem-eshop.gr\/bs\/wp-json\/wp\/v2\/product\/7257","targetHints":{"allow":["GET"]}}],"collection":[{"href":"https:\/\/stem-eshop.gr\/bs\/wp-json\/wp\/v2\/product"}],"about":[{"href":"https:\/\/stem-eshop.gr\/bs\/wp-json\/wp\/v2\/types\/product"}],"replies":[{"embeddable":true,"href":"https:\/\/stem-eshop.gr\/bs\/wp-json\/wp\/v2\/comments?post=7257"}],"wp:featuredmedia":[{"embeddable":true,"href":"https:\/\/stem-eshop.gr\/bs\/wp-json\/wp\/v2\/media\/7258"}],"wp:attachment":[{"href":"https:\/\/stem-eshop.gr\/bs\/wp-json\/wp\/v2\/media?parent=7257"}],"wp:term":[{"taxonomy":"product_brand","embeddable":true,"href":"https:\/\/stem-eshop.gr\/bs\/wp-json\/wp\/v2\/product_brand?post=7257"},{"taxonomy":"product_cat","embeddable":true,"href":"https:\/\/stem-eshop.gr\/bs\/wp-json\/wp\/v2\/product_cat?post=7257"},{"taxonomy":"product_tag","embeddable":true,"href":"https:\/\/stem-eshop.gr\/bs\/wp-json\/wp\/v2\/product_tag?post=7257"}],"curies":[{"name":"wp","href":"https:\/\/api.w.org\/{rel}","templated":true}]}}