{"id":7216,"date":"2025-05-19T09:55:10","date_gmt":"2025-05-19T09:55:10","guid":{"rendered":"https:\/\/stem-eshop.gr\/product\/qboidz-%ce%b1%ce%b3%cf%89%ce%bd%ce%b9%cf%83%cf%84%ce%b9%ce%ba%cf%8c-%ce%b1%cf%85%cf%84%ce%bf%ce%ba%ce%af%ce%bd%ce%b7%cf%84%ce%bf-%ce%bc%ce%b5-10-%ce%bc%ce%bf%ce%bd%cf%84%ce%ad%ce%bb%ce%b1\/"},"modified":"2025-05-22T21:13:28","modified_gmt":"2025-05-22T18:13:28","slug":"qboidz-%ce%b1%ce%b3%cf%89%ce%bd%ce%b9%cf%83%cf%84%ce%b9%ce%ba%cf%8c-%ce%b1%cf%85%cf%84%ce%bf%ce%ba%ce%af%ce%bd%ce%b7%cf%84%ce%bf-%ce%bc%ce%b5-10-%ce%bc%ce%bf%ce%bd%cf%84%ce%ad%ce%bb%ce%b1","status":"publish","type":"product","link":"https:\/\/stem-eshop.gr\/bs\/proizvod\/qboidz-%ce%b1%ce%b3%cf%89%ce%bd%ce%b9%cf%83%cf%84%ce%b9%ce%ba%cf%8c-%ce%b1%cf%85%cf%84%ce%bf%ce%ba%ce%af%ce%bd%ce%b7%cf%84%ce%bf-%ce%bc%ce%b5-10-%ce%bc%ce%bf%ce%bd%cf%84%ce%ad%ce%bb%ce%b1\/","title":{"rendered":"Qboidz &quot;trka\u0107i automobil&quot; sa 10 modela"},"content":{"rendered":"<p>Razvoj Qboidz\u2122-a zasnovan je na najmodernijim pedago\u0161kim principima STEM-a (nauka, tehnologija, in\u017eenjerstvo i matematika), s ciljem da i djevoj\u010dicama i dje\u010dacima pru\u017ei potrebno iskustvo, vje\u0161tine i znanje kako bi se suo\u010dili s tehnolo\u0161kim dostignu\u0107ima budu\u0107nosti. Dijelovi su pogodni \u010dak i za djecu od 2 godine, ali zbog slo\u017eenosti nekih modela, preporu\u010duje se za uzrast od 4 do 7 godina.<\/p>","protected":false},"excerpt":{"rendered":"<p>Novi Qboidz\u2122 sistem kombinuje nagra\u0111ivani snap-fit sistem Engino\u00ae sa jednostavnom mogu\u0107no\u0161\u0107u slaganja kockica! Sistem podsti\u010de pred\u0161kolce da razvijaju svoje kognitivne, dru\u0161tvene i motori\u010dke vje\u0161tine kroz zabavnu i kreativnu igru.\u00a0<\/p>","protected":false},"featured_media":5727,"comment_status":"open","ping_status":"closed","template":"","meta":{"site-sidebar-layout":"default","site-content-layout":"","ast-site-content-layout":"default","site-content-style":"default","site-sidebar-style":"default","ast-global-header-display":"","ast-banner-title-visibility":"","ast-main-header-display":"","ast-hfb-above-header-display":"","ast-hfb-below-header-display":"","ast-hfb-mobile-header-display":"","site-post-title":"","ast-breadcrumbs-content":"","ast-featured-img":"","footer-sml-layout":"","ast-disable-related-posts":"","theme-transparent-header-meta":"","adv-header-id-meta":"","stick-header-meta":"","header-above-stick-meta":"","header-main-stick-meta":"","header-below-stick-meta":"","astra-migrate-meta-layouts":"default","ast-page-background-enabled":"default","ast-page-background-meta":{"desktop":{"background-color":"var(--ast-global-color-5)","background-image":"","background-repeat":"repeat","background-position":"center center","background-size":"auto","background-attachment":"scroll","background-type":"","background-media":"","overlay-type":"","overlay-color":"","overlay-opacity":"","overlay-gradient":""},"tablet":{"background-color":"","background-image":"","background-repeat":"repeat","background-position":"center center","background-size":"auto","background-attachment":"scroll","background-type":"","background-media":"","overlay-type":"","overlay-color":"","overlay-opacity":"","overlay-gradient":""},"mobile":{"background-color":"","background-image":"","background-repeat":"repeat","background-position":"center center","background-size":"auto","background-attachment":"scroll","background-type":"","background-media":"","overlay-type":"","overlay-color":"","overlay-opacity":"","overlay-gradient":""}},"ast-content-background-meta":{"desktop":{"background-color":"var(--ast-global-color-4)","background-image":"","background-repeat":"repeat","background-position":"center center","background-size":"auto","background-attachment":"scroll","background-type":"","background-media":"","overlay-type":"","overlay-color":"","overlay-opacity":"","overlay-gradient":""},"tablet":{"background-color":"var(--ast-global-color-4)","background-image":"","background-repeat":"repeat","background-position":"center center","background-size":"auto","background-attachment":"scroll","background-type":"","background-media":"","overlay-type":"","overlay-color":"","overlay-opacity":"","overlay-gradient":""},"mobile":{"background-color":"var(--ast-global-color-4)","background-image":"","background-repeat":"repeat","background-position":"center center","background-size":"auto","background-attachment":"scroll","background-type":"","background-media":"","overlay-type":"","overlay-color":"","overlay-opacity":"","overlay-gradient":""}}},"product_brand":[95],"product_cat":[126,43,38,29,32,30,26,58],"product_tag":[],"class_list":{"0":"post-7216","1":"product","2":"type-product","3":"status-publish","4":"has-post-thumbnail","6":"product_brand-engino","7":"product_cat-126","8":"product_cat-43","9":"product_cat-38","10":"product_cat-29","11":"product_cat-32","12":"product_cat--6-9-","13":"product_cat-26","14":"product_cat-58","15":"desktop-align-left","16":"tablet-align-left","17":"mobile-align-left","19":"first","20":"instock","21":"taxable","22":"shipping-taxable","23":"purchasable","24":"product-type-simple"},"_links":{"self":[{"href":"https:\/\/stem-eshop.gr\/bs\/wp-json\/wp\/v2\/product\/7216","targetHints":{"allow":["GET"]}}],"collection":[{"href":"https:\/\/stem-eshop.gr\/bs\/wp-json\/wp\/v2\/product"}],"about":[{"href":"https:\/\/stem-eshop.gr\/bs\/wp-json\/wp\/v2\/types\/product"}],"replies":[{"embeddable":true,"href":"https:\/\/stem-eshop.gr\/bs\/wp-json\/wp\/v2\/comments?post=7216"}],"wp:featuredmedia":[{"embeddable":true,"href":"https:\/\/stem-eshop.gr\/bs\/wp-json\/wp\/v2\/media\/5727"}],"wp:attachment":[{"href":"https:\/\/stem-eshop.gr\/bs\/wp-json\/wp\/v2\/media?parent=7216"}],"wp:term":[{"taxonomy":"product_brand","embeddable":true,"href":"https:\/\/stem-eshop.gr\/bs\/wp-json\/wp\/v2\/product_brand?post=7216"},{"taxonomy":"product_cat","embeddable":true,"href":"https:\/\/stem-eshop.gr\/bs\/wp-json\/wp\/v2\/product_cat?post=7216"},{"taxonomy":"product_tag","embeddable":true,"href":"https:\/\/stem-eshop.gr\/bs\/wp-json\/wp\/v2\/product_tag?post=7216"}],"curies":[{"name":"wp","href":"https:\/\/api.w.org\/{rel}","templated":true}]}}