{"id":7184,"date":"2025-05-19T09:53:47","date_gmt":"2025-05-19T09:53:47","guid":{"rendered":"https:\/\/stem-eshop.gr\/product\/inventor-robotized-ginobot-%ce%bc%ce%b5-%ce%b5%cf%80%ce%b9%cf%80%ce%bb%ce%ad%ce%bf%ce%bd-%ce%bc%ce%bf%cf%84%ce%ad%cf%81-10-%ce%bc%ce%bf%ce%bd%cf%84%ce%ad%ce%bb%ce%b1\/"},"modified":"2025-05-22T21:13:27","modified_gmt":"2025-05-22T18:13:27","slug":"inventor-robotized-ginobot-%ce%bc%ce%b5-%ce%b5%cf%80%ce%b9%cf%80%ce%bb%ce%ad%ce%bf%ce%bd-%ce%bc%ce%bf%cf%84%ce%ad%cf%81-10-%ce%bc%ce%bf%ce%bd%cf%84%ce%ad%ce%bb%ce%b1","status":"publish","type":"product","link":"https:\/\/stem-eshop.gr\/bs\/proizvod\/inventor-robotized-ginobot-%ce%bc%ce%b5-%ce%b5%cf%80%ce%b9%cf%80%ce%bb%ce%ad%ce%bf%ce%bd-%ce%bc%ce%bf%cf%84%ce%ad%cf%81-10-%ce%bc%ce%bf%ce%bd%cf%84%ce%ad%ce%bb%ce%b1\/","title":{"rendered":"IZUMITELJ JE ROBOTIZOVAO &quot;ginoBot&quot; sa dodatnim motorom i 10 modela"},"content":{"rendered":"<p>GinoBot\u2122 je robot koji poma\u017ee u\u010denicima da istra\u017euju razli\u010dite projekte na \u0161irokom rasponu nivoa. Ima doslovno neograni\u010dene mogu\u0107nosti pro\u0161irenja, jer omogu\u0107ava dodavanje elektronike i hardvera tre\u0107ih strana, kao \u0161to su Raspberry Pi, Arduino i mikrokontroleri.<\/p>\n<div><\/div>\n<p>Pored unutra\u0161njih senzora i mogu\u0107nosti pro\u0161irivanja elektronikom tre\u0107ih strana, tijelo GinoBot\u2122 robota je tako\u0111er kompatibilno sa ENGINO\u00ae sistemom za izgradnju, \u0161to omogu\u0107ava kreiranje ve\u0107ih i sofisticiranijih robota.<\/p>\n<p>Od robota Plug &amp; Play\u2026<\/p>\n<p>Inovacija GinoBot\u2122-a le\u017ei u njegovom osnovnom dizajnu. Pro\u0161iriv je i prilagodljiv \u0161irokom rasponu mogu\u0107nosti kako bi se zadovoljile potrebe u\u010dionice za razli\u010dite uzraste. Plug &amp; Play roboti se obi\u010dno koriste u pred\u0161kolskim i ni\u017eim razredima osnovne \u0161kole za podu\u010davanje algoritamskog i ra\u010dunarskog razmi\u0161ljanja. GinoBot\u2122 je idealan Plug &amp; Play robot jer omogu\u0107ava ru\u010dno programiranje i be\u017ei\u010dno upravljanje, \u0161to omogu\u0107ava podu\u010davanje osnovnih koraka programiranja.<\/p>\n<p>... Do naprednog programiranja i elektronike<\/p>\n<p>Mogu\u0107nost nadogradnje GinoBot\u2122-a je prakti\u010dno neograni\u010dena, zahvaljuju\u0107i kompatibilnosti s mikrokontrolerima kao \u0161to su Arduino, Raspberry Pi i micro...<\/p>\n<div><\/div>\n<p>Podu\u010davanje pravih programskih jezika, kao \u0161to su C\/C++ i Python, mo\u017ee se lako usvojiti u u\u010dionici, a istovremeno u\u010denicima pru\u017ea zabavu, zabavu i motivaciju. Prednost rada na otvorenim projektima ostvaruje se kroz ovo holisti\u010dko rje\u0161enje koje kombinuje in\u017eenjerstvo sa softverom i elektronikom.<\/p>\n<p>GinoBot\u2122 je dostupan u razli\u010ditim verzijama kako bi ponudio razli\u010dite mogu\u0107nosti ovisno o bud\u017eetu \u0161kole, dobi u\u010denika i potrebnoj slo\u017eenosti.<\/p>","protected":false},"excerpt":{"rendered":"<p>Vrhunska verzija INVENTOR serije pove\u0107ava slo\u017eenost robotskom tehnologijom, Bluetooth povezivo\u0161\u0107u i softverskom kontrolom.<\/p>\n<p>Upoznajte GinoBot\u2122<\/p>\n<p>GinoBot\u2122 je programabilni robot spreman za upotrebu odmah po raspakiranju. Razvijen od strane visokokvalificiranog istra\u017eiva\u010dkog tima in\u017eenjera i akademika, predstavlja jedinstven alat za podu\u010davanje STEM predmeta, ra\u010dunarskog razmi\u0161ljanja i digitalne pismenosti kroz zabavne i iskustvene aktivnosti.<\/p>","protected":false},"featured_media":7185,"comment_status":"open","ping_status":"closed","template":"","meta":{"site-sidebar-layout":"default","site-content-layout":"","ast-site-content-layout":"default","site-content-style":"default","site-sidebar-style":"default","ast-global-header-display":"","ast-banner-title-visibility":"","ast-main-header-display":"","ast-hfb-above-header-display":"","ast-hfb-below-header-display":"","ast-hfb-mobile-header-display":"","site-post-title":"","ast-breadcrumbs-content":"","ast-featured-img":"","footer-sml-layout":"","ast-disable-related-posts":"","theme-transparent-header-meta":"default","adv-header-id-meta":"","stick-header-meta":"","header-above-stick-meta":"","header-main-stick-meta":"","header-below-stick-meta":"","astra-migrate-meta-layouts":"set","ast-page-background-enabled":"default","ast-page-background-meta":{"desktop":{"background-color":"var(--ast-global-color-5)","background-image":"","background-repeat":"repeat","background-position":"center center","background-size":"auto","background-attachment":"scroll","background-type":"","background-media":"","overlay-type":"","overlay-color":"","overlay-opacity":"","overlay-gradient":""},"tablet":{"background-color":"","background-image":"","background-repeat":"repeat","background-position":"center center","background-size":"auto","background-attachment":"scroll","background-type":"","background-media":"","overlay-type":"","overlay-color":"","overlay-opacity":"","overlay-gradient":""},"mobile":{"background-color":"","background-image":"","background-repeat":"repeat","background-position":"center center","background-size":"auto","background-attachment":"scroll","background-type":"","background-media":"","overlay-type":"","overlay-color":"","overlay-opacity":"","overlay-gradient":""}},"ast-content-background-meta":{"desktop":{"background-color":"var(--ast-global-color-4)","background-image":"","background-repeat":"repeat","background-position":"center center","background-size":"auto","background-attachment":"scroll","background-type":"","background-media":"","overlay-type":"","overlay-color":"","overlay-opacity":"","overlay-gradient":""},"tablet":{"background-color":"var(--ast-global-color-4)","background-image":"","background-repeat":"repeat","background-position":"center center","background-size":"auto","background-attachment":"scroll","background-type":"","background-media":"","overlay-type":"","overlay-color":"","overlay-opacity":"","overlay-gradient":""},"mobile":{"background-color":"var(--ast-global-color-4)","background-image":"","background-repeat":"repeat","background-position":"center center","background-size":"auto","background-attachment":"scroll","background-type":"","background-media":"","overlay-type":"","overlay-color":"","overlay-opacity":"","overlay-gradient":""}}},"product_brand":[95],"product_cat":[33,29,56,32,57,35,40,30,34,28,59],"product_tag":[],"class_list":{"0":"post-7184","1":"product","2":"type-product","3":"status-publish","4":"has-post-thumbnail","6":"product_brand-engino","7":"product_cat-33","8":"product_cat-29","9":"product_cat-56","10":"product_cat-32","11":"product_cat-57","12":"product_cat--10-12-","13":"product_cat--12-","14":"product_cat--6-9-","15":"product_cat-34","16":"product_cat-28","17":"product_cat-59","18":"desktop-align-left","19":"tablet-align-left","20":"mobile-align-left","22":"first","23":"instock","24":"taxable","25":"shipping-taxable","26":"purchasable","27":"product-type-simple"},"_links":{"self":[{"href":"https:\/\/stem-eshop.gr\/bs\/wp-json\/wp\/v2\/product\/7184","targetHints":{"allow":["GET"]}}],"collection":[{"href":"https:\/\/stem-eshop.gr\/bs\/wp-json\/wp\/v2\/product"}],"about":[{"href":"https:\/\/stem-eshop.gr\/bs\/wp-json\/wp\/v2\/types\/product"}],"replies":[{"embeddable":true,"href":"https:\/\/stem-eshop.gr\/bs\/wp-json\/wp\/v2\/comments?post=7184"}],"wp:featuredmedia":[{"embeddable":true,"href":"https:\/\/stem-eshop.gr\/bs\/wp-json\/wp\/v2\/media\/7185"}],"wp:attachment":[{"href":"https:\/\/stem-eshop.gr\/bs\/wp-json\/wp\/v2\/media?parent=7184"}],"wp:term":[{"taxonomy":"product_brand","embeddable":true,"href":"https:\/\/stem-eshop.gr\/bs\/wp-json\/wp\/v2\/product_brand?post=7184"},{"taxonomy":"product_cat","embeddable":true,"href":"https:\/\/stem-eshop.gr\/bs\/wp-json\/wp\/v2\/product_cat?post=7184"},{"taxonomy":"product_tag","embeddable":true,"href":"https:\/\/stem-eshop.gr\/bs\/wp-json\/wp\/v2\/product_tag?post=7184"}],"curies":[{"name":"wp","href":"https:\/\/api.w.org\/{rel}","templated":true}]}}