{"id":7112,"date":"2025-05-19T09:33:58","date_gmt":"2025-05-19T09:33:58","guid":{"rendered":"https:\/\/stem-eshop.gr\/product\/%ce%bc%ce%b1%ce%b8%ce%b1%ce%af%ce%bd%cf%89-%ce%ba%ce%b1%ce%b9-%ce%b4%ce%b7%ce%bc%ce%b9%ce%bf%cf%85%cf%81%ce%b3%cf%8e-lab-%ce%b5%ce%ba%cf%80%ce%b1%ce%b9%ce%b4%ce%b5%cf%85%cf%84%ce%b9%ce%ba%cf%8c-6\/"},"modified":"2025-05-22T21:13:21","modified_gmt":"2025-05-22T18:13:21","slug":"%ce%bc%ce%b1%ce%b8%ce%b1%ce%af%ce%bd%cf%89-%ce%ba%ce%b1%ce%b9-%ce%b4%ce%b7%ce%bc%ce%b9%ce%bf%cf%85%cf%81%ce%b3%cf%8e-lab-%ce%b5%ce%ba%cf%80%ce%b1%ce%b9%ce%b4%ce%b5%cf%85%cf%84%ce%b9%ce%ba%cf%8c-6","status":"publish","type":"product","link":"https:\/\/stem-eshop.gr\/bs\/proizvod\/%ce%bc%ce%b1%ce%b8%ce%b1%ce%af%ce%bd%cf%89-%ce%ba%ce%b1%ce%b9-%ce%b4%ce%b7%ce%bc%ce%b9%ce%bf%cf%85%cf%81%ce%b3%cf%8e-lab-%ce%b5%ce%ba%cf%80%ce%b1%ce%b9%ce%b4%ce%b5%cf%85%cf%84%ce%b9%ce%ba%cf%8c-6\/","title":{"rendered":"U\u010dim i stvaram laboratorijsku edukativnu igru Moja prva hemija za djecu od 9+ godina"},"content":{"rendered":"<p class=\"MsoNormal\">Set uklju\u010duje:<\/p>\n<\/p>\n<p>Lijevak<\/p>\n<\/p>\n<p>Filter papir<\/p>\n<\/p>\n<p>\u0160patula<\/p>\n<\/p>\n<p>Periodni sistem i jo\u0161 mnogo toga<\/p>\n<\/p>\n<p class=\"MsoNormal\">Nau\u010dite osnovne tehnike za eksperimentiranje na jednostavan, siguran i zabavan na\u010din o tajnama hemije i otkrijte obja\u0161njenje iza svakog eksperimenta! Slijedite savjete date u ilustriranom detaljnom nau\u010dnom priru\u010dniku i posmatrajte promjene koje \u0107e se doga\u0111ati pred va\u0161im o\u010dima!<\/p>\n<\/p>\n<p class=\"MsoNormal\">Pogodno za upotrebu kod djece uzrasta 9 godina i starije.<\/p>\n<\/p>\n<p class=\"MsoNormal\">Proizvodi se u Italiji.<\/p>\n<\/p>\n<p class=\"MsoNormal\">Serija igra\u010daka &quot;U\u010di i stvaraj&quot; je u samom vrhu kategorije nau\u010dnih igra\u010daka, pru\u017eaju\u0107i bogatu opremu, detaljne informacije i uputstva za izvo\u0111enje impresivnih sigurnih eksperimenata i konstrukcija, pru\u017eaju\u0107i tako djeci priliku da u\u010de o nauci. To je inovativna serija igra\u010daka s kojima \u0107e se djeca zabavljati izvode\u0107i eksperimente, koriste\u0107i nau\u010dne alate, otkrivaju\u0107i fiziku, hemiju, astronomiju, biologiju, botaniku, kao i glavne nau\u010dne i prirodne fenomene. Igra\u010dke &quot;U\u010di i stvaraj&quot; su najkreativniji, najzabavniji i najsigurniji na\u010din za djecu da nau\u010de tajne nauke!<\/p><\/p>","protected":false},"excerpt":{"rendered":"<p class=\"MsoNormal\">Nauka postaje jo\u0161 zabavnija uz ovaj nau\u010dni set koji kombinuje svijet hemije sa svijetom misterije! \u017delite li saznati vi\u0161e o hemijskim eksperimentima i svim tajnama koje stoje iza njihovog stvaranja? Sada mo\u017eete, uz pomo\u0107 ovog nau\u010dnog seta i posebnih alata, izvoditi mnoge jednostavne i sigurne eksperimente i stvoriti pravu laboratoriju u svom domu! Set uklju\u010duje sve \u0161to vam je potrebno za eksperimente sa smjesama, filtracijama i pH zahvaljuju\u0107i pH papiru.<\/p>","protected":false},"featured_media":7113,"comment_status":"open","ping_status":"closed","template":"","meta":{"site-sidebar-layout":"default","site-content-layout":"","ast-site-content-layout":"default","site-content-style":"default","site-sidebar-style":"default","ast-global-header-display":"","ast-banner-title-visibility":"","ast-main-header-display":"","ast-hfb-above-header-display":"","ast-hfb-below-header-display":"","ast-hfb-mobile-header-display":"","site-post-title":"","ast-breadcrumbs-content":"","ast-featured-img":"","footer-sml-layout":"","ast-disable-related-posts":"","theme-transparent-header-meta":"","adv-header-id-meta":"","stick-header-meta":"","header-above-stick-meta":"","header-main-stick-meta":"","header-below-stick-meta":"","astra-migrate-meta-layouts":"default","ast-page-background-enabled":"default","ast-page-background-meta":{"desktop":{"background-color":"var(--ast-global-color-5)","background-image":"","background-repeat":"repeat","background-position":"center center","background-size":"auto","background-attachment":"scroll","background-type":"","background-media":"","overlay-type":"","overlay-color":"","overlay-opacity":"","overlay-gradient":""},"tablet":{"background-color":"","background-image":"","background-repeat":"repeat","background-position":"center center","background-size":"auto","background-attachment":"scroll","background-type":"","background-media":"","overlay-type":"","overlay-color":"","overlay-opacity":"","overlay-gradient":""},"mobile":{"background-color":"","background-image":"","background-repeat":"repeat","background-position":"center center","background-size":"auto","background-attachment":"scroll","background-type":"","background-media":"","overlay-type":"","overlay-color":"","overlay-opacity":"","overlay-gradient":""}},"ast-content-background-meta":{"desktop":{"background-color":"var(--ast-global-color-4)","background-image":"","background-repeat":"repeat","background-position":"center center","background-size":"auto","background-attachment":"scroll","background-type":"","background-media":"","overlay-type":"","overlay-color":"","overlay-opacity":"","overlay-gradient":""},"tablet":{"background-color":"var(--ast-global-color-4)","background-image":"","background-repeat":"repeat","background-position":"center center","background-size":"auto","background-attachment":"scroll","background-type":"","background-media":"","overlay-type":"","overlay-color":"","overlay-opacity":"","overlay-gradient":""},"mobile":{"background-color":"var(--ast-global-color-4)","background-image":"","background-repeat":"repeat","background-position":"center center","background-size":"auto","background-attachment":"scroll","background-type":"","background-media":"","overlay-type":"","overlay-color":"","overlay-opacity":"","overlay-gradient":""}}},"product_brand":[114],"product_cat":[39,52,38,56,35,40,30,58,51],"product_tag":[],"class_list":{"0":"post-7112","1":"product","2":"type-product","3":"status-publish","4":"has-post-thumbnail","6":"product_brand-mathenw","7":"product_cat-39","8":"product_cat-52","9":"product_cat-38","10":"product_cat-56","11":"product_cat--10-12-","12":"product_cat--12-","13":"product_cat--6-9-","14":"product_cat-58","15":"product_cat-51","16":"desktop-align-left","17":"tablet-align-left","18":"mobile-align-left","20":"first","21":"instock","22":"taxable","23":"shipping-taxable","24":"purchasable","25":"product-type-simple"},"_links":{"self":[{"href":"https:\/\/stem-eshop.gr\/bs\/wp-json\/wp\/v2\/product\/7112","targetHints":{"allow":["GET"]}}],"collection":[{"href":"https:\/\/stem-eshop.gr\/bs\/wp-json\/wp\/v2\/product"}],"about":[{"href":"https:\/\/stem-eshop.gr\/bs\/wp-json\/wp\/v2\/types\/product"}],"replies":[{"embeddable":true,"href":"https:\/\/stem-eshop.gr\/bs\/wp-json\/wp\/v2\/comments?post=7112"}],"wp:featuredmedia":[{"embeddable":true,"href":"https:\/\/stem-eshop.gr\/bs\/wp-json\/wp\/v2\/media\/7113"}],"wp:attachment":[{"href":"https:\/\/stem-eshop.gr\/bs\/wp-json\/wp\/v2\/media?parent=7112"}],"wp:term":[{"taxonomy":"product_brand","embeddable":true,"href":"https:\/\/stem-eshop.gr\/bs\/wp-json\/wp\/v2\/product_brand?post=7112"},{"taxonomy":"product_cat","embeddable":true,"href":"https:\/\/stem-eshop.gr\/bs\/wp-json\/wp\/v2\/product_cat?post=7112"},{"taxonomy":"product_tag","embeddable":true,"href":"https:\/\/stem-eshop.gr\/bs\/wp-json\/wp\/v2\/product_tag?post=7112"}],"curies":[{"name":"wp","href":"https:\/\/api.w.org\/{rel}","templated":true}]}}