{"id":6901,"date":"2025-05-19T09:08:51","date_gmt":"2025-05-19T09:08:51","guid":{"rendered":"https:\/\/stem-eshop.gr\/product\/%ce%bc%ce%b1%ce%b8%ce%b1%ce%af%ce%bd%cf%89-%ce%ba%ce%b1%ce%b9-%ce%b4%ce%b7%ce%bc%ce%b9%ce%bf%cf%85%cf%81%ce%b3%cf%8e-build-%ce%b5%ce%ba%cf%80%ce%b1%ce%b9%ce%b4%ce%b5%cf%85%cf%84%ce%b9%ce%ba%cf%8c\/"},"modified":"2025-11-22T11:40:22","modified_gmt":"2025-11-22T08:40:22","slug":"%ce%bc%ce%b1%ce%b8%ce%b1%ce%af%ce%bd%cf%89-%ce%ba%ce%b1%ce%b9-%ce%b4%ce%b7%ce%bc%ce%b9%ce%bf%cf%85%cf%81%ce%b3%cf%8e-build-%ce%b5%ce%ba%cf%80%ce%b1%ce%b9%ce%b4%ce%b5%cf%85%cf%84%ce%b9%ce%ba%cf%8c","status":"publish","type":"product","link":"https:\/\/stem-eshop.gr\/bs\/proizvod\/%ce%bc%ce%b1%ce%b8%ce%b1%ce%af%ce%bd%cf%89-%ce%ba%ce%b1%ce%b9-%ce%b4%ce%b7%ce%bc%ce%b9%ce%bf%cf%85%cf%81%ce%b3%cf%8e-build-%ce%b5%ce%ba%cf%80%ce%b1%ce%b9%ce%b4%ce%b5%cf%85%cf%84%ce%b9%ce%ba%cf%8c\/","title":{"rendered":"U\u010dite i stvarajte, gradite edukativne igra\u010dke, in\u017eenjersku radionicu, buggy i quad, 8+ godina"},"content":{"rendered":"<p class=\"MsoNormal\">Sadr\u017ei vi\u0161e od 130 dijelova, kao \u0161to su: diferencijal, mjenja\u010d, zup\u010danici, felge, gume, kota\u010di, \u0161ipke, remenice itd. Slijedite upute u ilustriranom priru\u010dniku, punom detaljnih uputa za sastavljanje modela ili preuzmite besplatnu aplikaciju s interaktivnim 3D uputama za sve modele. Na\u0107i \u0107ete 1 model koji se sastavlja prema uputstvu za upotrebu ili aplikaciji i 1 model koji se sastavlja prema aplikaciji.<\/p>\n<p class=\"MsoNormal\">Proizvedeno u Italiji<\/p>\n<p class=\"MsoNormal\">Aplikacija je kompatibilna sa Android\u2122 \u2013 Apple i Amazon<\/p>\n<p class=\"MsoNormal\">Serija &quot;U\u010di i stvaraj, gradi&quot; promovi\u0161e STEM (nauka, tehnologija, in\u017eenjerstvo, matematika) predmete kako bi razvila i podstakla znanje djece u ovim oblastima. Provo\u0111enjem eksperimenata, djeca pobolj\u0161avaju svoje vje\u0161tine i upoznaju se sa svijetom nauke i tehnologije.<\/p>\n<p class=\"MsoNormal\">Serija igra\u010daka &quot;U\u010di i stvaraj&quot; je vode\u0107a u kategoriji nau\u010dnih igra\u010daka, pru\u017eaju\u0107i bogatu opremu, detaljne informacije i uputstva za izvo\u0111enje impresivnih sigurnih eksperimenata i konstrukcija, pru\u017eaju\u0107i tako djeci priliku da u\u010de o nauci. To je inovativna serija igra\u010daka s kojima \u0107e se djeca zabavljati izvode\u0107i eksperimente, koriste\u0107i nau\u010dne alate, otkrivaju\u0107i fiziku, hemiju, astronomiju, biologiju, botaniku, kao i glavne nau\u010dne i prirodne fenomene. Igra\u010dke &quot;U\u010di i stvaraj&quot; su najkreativniji, ugodniji i najsigurniji na\u010din za djecu da nau\u010de tajne nauke!<\/p>","protected":false},"excerpt":{"rendered":"<p class=\"MsoNormal\">Nau\u010dni set za otkrivanje svega o terenskim vozilima i motorima sa unutra\u0161njim sagorijevanjem.<\/p>\n<p class=\"MsoNormal\">Kompletan set za otkrivanje tajni dvije mo\u0107ne ma\u0161ine! Uklju\u010dene su upute za sastavljanje dva dinami\u010dna modela: 1 buggy, 1 quad (tip svinje)<\/p>","protected":false},"featured_media":6902,"comment_status":"open","ping_status":"closed","template":"","meta":{"site-sidebar-layout":"default","site-content-layout":"","ast-site-content-layout":"default","site-content-style":"default","site-sidebar-style":"default","ast-global-header-display":"","ast-banner-title-visibility":"","ast-main-header-display":"","ast-hfb-above-header-display":"","ast-hfb-below-header-display":"","ast-hfb-mobile-header-display":"","site-post-title":"","ast-breadcrumbs-content":"","ast-featured-img":"","footer-sml-layout":"","ast-disable-related-posts":"","theme-transparent-header-meta":"default","adv-header-id-meta":"","stick-header-meta":"","header-above-stick-meta":"","header-main-stick-meta":"","header-below-stick-meta":"","astra-migrate-meta-layouts":"set","ast-page-background-enabled":"default","ast-page-background-meta":{"desktop":{"background-color":"var(--ast-global-color-5)","background-image":"","background-repeat":"repeat","background-position":"center center","background-size":"auto","background-attachment":"scroll","background-type":"","background-media":"","overlay-type":"","overlay-color":"","overlay-opacity":"","overlay-gradient":""},"tablet":{"background-color":"","background-image":"","background-repeat":"repeat","background-position":"center center","background-size":"auto","background-attachment":"scroll","background-type":"","background-media":"","overlay-type":"","overlay-color":"","overlay-opacity":"","overlay-gradient":""},"mobile":{"background-color":"","background-image":"","background-repeat":"repeat","background-position":"center center","background-size":"auto","background-attachment":"scroll","background-type":"","background-media":"","overlay-type":"","overlay-color":"","overlay-opacity":"","overlay-gradient":""}},"ast-content-background-meta":{"desktop":{"background-color":"var(--ast-global-color-4)","background-image":"","background-repeat":"repeat","background-position":"center center","background-size":"auto","background-attachment":"scroll","background-type":"","background-media":"","overlay-type":"","overlay-color":"","overlay-opacity":"","overlay-gradient":""},"tablet":{"background-color":"var(--ast-global-color-4)","background-image":"","background-repeat":"repeat","background-position":"center center","background-size":"auto","background-attachment":"scroll","background-type":"","background-media":"","overlay-type":"","overlay-color":"","overlay-opacity":"","overlay-gradient":""},"mobile":{"background-color":"var(--ast-global-color-4)","background-image":"","background-repeat":"repeat","background-position":"center center","background-size":"auto","background-attachment":"scroll","background-type":"","background-media":"","overlay-type":"","overlay-color":"","overlay-opacity":"","overlay-gradient":""}}},"product_brand":[114],"product_cat":[39,38,29,56,32,57,35,30,58],"product_tag":[],"class_list":{"0":"post-6901","1":"product","2":"type-product","3":"status-publish","4":"has-post-thumbnail","6":"product_brand-mathenw","7":"product_cat-39","8":"product_cat-38","9":"product_cat-29","10":"product_cat-56","11":"product_cat-32","12":"product_cat-57","13":"product_cat--10-12-","14":"product_cat--6-9-","15":"product_cat-58","16":"desktop-align-left","17":"tablet-align-left","18":"mobile-align-left","20":"first","21":"instock","22":"taxable","23":"shipping-taxable","24":"purchasable","25":"product-type-simple"},"_links":{"self":[{"href":"https:\/\/stem-eshop.gr\/bs\/wp-json\/wp\/v2\/product\/6901","targetHints":{"allow":["GET"]}}],"collection":[{"href":"https:\/\/stem-eshop.gr\/bs\/wp-json\/wp\/v2\/product"}],"about":[{"href":"https:\/\/stem-eshop.gr\/bs\/wp-json\/wp\/v2\/types\/product"}],"replies":[{"embeddable":true,"href":"https:\/\/stem-eshop.gr\/bs\/wp-json\/wp\/v2\/comments?post=6901"}],"wp:featuredmedia":[{"embeddable":true,"href":"https:\/\/stem-eshop.gr\/bs\/wp-json\/wp\/v2\/media\/6902"}],"wp:attachment":[{"href":"https:\/\/stem-eshop.gr\/bs\/wp-json\/wp\/v2\/media?parent=6901"}],"wp:term":[{"taxonomy":"product_brand","embeddable":true,"href":"https:\/\/stem-eshop.gr\/bs\/wp-json\/wp\/v2\/product_brand?post=6901"},{"taxonomy":"product_cat","embeddable":true,"href":"https:\/\/stem-eshop.gr\/bs\/wp-json\/wp\/v2\/product_cat?post=6901"},{"taxonomy":"product_tag","embeddable":true,"href":"https:\/\/stem-eshop.gr\/bs\/wp-json\/wp\/v2\/product_tag?post=6901"}],"curies":[{"name":"wp","href":"https:\/\/api.w.org\/{rel}","templated":true}]}}