{"id":6878,"date":"2025-05-19T08:54:50","date_gmt":"2025-05-19T08:54:50","guid":{"rendered":"https:\/\/stem-eshop.gr\/product\/dr-stem-t%ce%bf-%ce%ad%ce%be%cf%85%cf%80%ce%bd%ce%bf-%ce%b8%ce%b5%cf%81%ce%bc%ce%bf%ce%ba%ce%ae%cf%80%ce%b9%ce%bf-%cf%83%cf%84%ce%bf-%ce%b5%cf%81%ce%b3%ce%b1%cf%83%cf%84%ce%ae%cf%81%ce%b9%ce%bf\/"},"modified":"2025-12-25T14:07:56","modified_gmt":"2025-12-25T11:07:56","slug":"dr-stem-t%ce%bf-%ce%ad%ce%be%cf%85%cf%80%ce%bd%ce%bf-%ce%b8%ce%b5%cf%81%ce%bc%ce%bf%ce%ba%ce%ae%cf%80%ce%b9%ce%bf-%cf%83%cf%84%ce%bf-%ce%b5%cf%81%ce%b3%ce%b1%cf%83%cf%84%ce%ae%cf%81%ce%b9%ce%bf","status":"publish","type":"product","link":"https:\/\/stem-eshop.gr\/bs\/proizvod\/dr-stem-t%ce%bf-%ce%ad%ce%be%cf%85%cf%80%ce%bd%ce%bf-%ce%b8%ce%b5%cf%81%ce%bc%ce%bf%ce%ba%ce%ae%cf%80%ce%b9%ce%bf-%cf%83%cf%84%ce%bf-%ce%b5%cf%81%ce%b3%ce%b1%cf%83%cf%84%ce%ae%cf%81%ce%b9%ce%bf\/","title":{"rendered":"Dr STEM \u2013 Pametni staklenik u laboratoriji vje\u0161tina \u2013 Knjiga 1"},"content":{"rendered":"<p class=\"MsoNormal\">Predlo\u017eene edukativne aktivnosti predstavljene u prvoj knjizi serije Pametni staklenik u laboratoriji vje\u0161tina implementirane su kroz holisti\u010dki pristup. <span lang=\"en-us\" xml:lang=\"en-us\">ST<\/span>(<span lang=\"en-us\" xml:lang=\"en-us\">A<\/span>)<span lang=\"en-us\" xml:lang=\"en-us\">M<\/span> sa ciljevima:<\/p>\n<p class=\"MsoNormal\">sticanje osnovnih znanja o biljnim organizmima,<\/p>\n<p class=\"MsoNormal\">upotreba senzora i aktuatora u izgradnji pametnog staklenika,<\/p>\n<p class=\"MsoNormal\">kori\u0161tenje ra\u010dunarske platforme <span lang=\"en-us\" xml:lang=\"en-us\">mikro<\/span>:<span lang=\"en-us\" xml:lang=\"en-us\">bitovi<\/span>,<\/p>\n<p class=\"MsoNormal\">razvoj koda,<\/p>\n<p class=\"MsoNormal\">poznavanje procesa istra\u017eivanja, dizajniranja, razvoja i evaluacije.<\/p>\n<p class=\"MsoNormal\">\n<p class=\"MsoNormal\"><span lang=\"en-us\" xml:lang=\"en-us\"><\/span><span lang=\"en-us\" xml:lang=\"en-us\">The<\/span> akronim <span lang=\"en-us\" xml:lang=\"en-us\">ST<\/span>A<span lang=\"en-us\" xml:lang=\"en-us\">M<\/span> (<span lang=\"en-us\" xml:lang=\"en-us\">Nauka<\/span>, <span lang=\"en-us\" xml:lang=\"en-us\">Tehnologija<\/span>, <span lang=\"en-us\" xml:lang=\"en-us\">In\u017eenjerstvo<\/span>, <span lang=\"en-us\" xml:lang=\"en-us\">Umjetnost<\/span>,\u00a0 <span lang=\"en-us\" xml:lang=\"en-us\">Matematika<\/span> \u2013 Nauka, Tehnologija, In\u017eenjerstvo, Umjetnost, Matematika) se koristi za definiranje koncepta holisti\u010dkog pristupa u\u010denju kroz pet disciplina: Nauku, Tehnologiju, In\u017eenjerstvo, Umjetnost i Matematiku.\u00a0 <span lang=\"en-us\" xml:lang=\"en-us\"><\/span><\/p>\n<p class=\"MsoNormal\">Umjetnost u svojim razli\u010ditim oblicima postaje va\u017ean dio obrazovanja <span lang=\"en-us\" xml:lang=\"en-us\">ST<\/span>A<span lang=\"en-us\" xml:lang=\"en-us\">M<\/span>, jer ma\u0161ta i kreativnost \u010dine osnovu za nastanak inovacija, a istovremeno doprinose razvoju kriti\u010dkog mi\u0161ljenja.\u00a0 <span lang=\"en-us\" xml:lang=\"en-us\"><\/span><\/p>\n<p class=\"MsoNormal\">The <span lang=\"en-us\" xml:lang=\"en-us\">ST<\/span>A<span lang=\"en-us\" xml:lang=\"en-us\">M<\/span> To uokviruje na\u010din na koji dje\u010diji um u\u010di dok istra\u017euje svijet, a istovremeno doprinosi razvoju ra\u010dunarskog mi\u0161ljenja!<\/p>\n<p class=\"MsoNormal\">Svi razumijemo da rijetko rje\u0161avanje problema zahtijeva samo jedan skup znanja, kao \u0161to je samo matematika ili samo fizika ili hemija. Na primjer, zamislite arhitektu koji, kako bi projektovao slo\u017eene i sigurne zgrade, koristi kombinaciju mnogih nauka, kao \u0161to su tehnologija, in\u017eenjerstvo, umjetnost i matematika!\u00a0 <span lang=\"en-us\" xml:lang=\"en-us\"><\/span><\/p>\n<p class=\"MsoNormal\">Stoga, <span lang=\"en-us\" xml:lang=\"en-us\">PARA<\/span> je integracija i uklju\u010divanje razli\u010ditih znanja i nau\u010dnih oblasti.<span lang=\"en-us\" xml:lang=\"en-us\"><\/span><\/p>\n<p class=\"MsoNormal\">Kroz edukativni pristup\u00a0 <span lang=\"en-us\" xml:lang=\"en-us\">ST<\/span>A<span lang=\"en-us\" xml:lang=\"en-us\">M<\/span> Studenti primjenjuju prirodne nauke, tehnologiju, in\u017eenjerstvo, umjetnost i matematiku, s ciljem: pronalaska rje\u0161enja za stvarni problem, razumijevanja prirodnih pojava ili razvoja odgovaraju\u0107ih vje\u0161tina koje \u0107e im pomo\u0107i da budu konkurentni na stalno promjenjivom tr\u017ei\u0161tu rada 21. stolje\u0107a.<span lang=\"en-us\" xml:lang=\"en-us\"><\/span><\/p>\n<p class=\"MsoNormal\">Stoga <span lang=\"en-us\" xml:lang=\"en-us\">PARA<\/span> Sadr\u017ei \u010detiri elementa koja su prepoznata kao fundamentalna za obrazovanje 21. vijeka:<span lang=\"en-us\" xml:lang=\"en-us\"><\/span><\/p>\n<p class=\"MsoNormal\">Kreativnost, kriti\u010dko razmi\u0161ljanje, saradnja i komunikacija<span lang=\"en-us\" xml:lang=\"en-us\"><\/span><\/p>\n<p class=\"MsoNormal\">Obrazovanje <span lang=\"en-us\" xml:lang=\"en-us\">ST<\/span>A<span lang=\"en-us\" xml:lang=\"en-us\">M<\/span> je sada neophodno, jer \u0107e vi\u0161e od 30 profesija zahtijevati znanje <span lang=\"en-us\" xml:lang=\"en-us\">ST<\/span>A<span lang=\"en-us\" xml:lang=\"en-us\">M<\/span> u bliskoj budu\u0107nosti!<span lang=\"en-us\" xml:lang=\"en-us\"><\/span><\/p>\n<p class=\"MsoNormal\">\n<p class=\"MsoNormal\">Autori: Konstantinos Kalovrektis, Sarantos Psycharis<\/p>\n<p>Dimenzija: 21 <span lang=\"en-us\" xml:lang=\"en-us\">x<\/span> 29 cm.<\/p>\n<p class=\"MsoNormal\">Stranice: 88<\/p>\n<p class=\"MsoNormal\"><span lang=\"en-us\" xml:lang=\"en-us\">BARKOD<\/span>: 9789605634490<\/p>\n<p class=\"MsoNormal\"><span lang=\"en-us\" xml:lang=\"en-us\">ISBN<\/span>: 978-960-563-449-0<\/p>\n<p class=\"MsoNormal\">Korice: Meki povez<\/p>\n<p class=\"MsoNormal\">Datum izlaska: 19.10.2021.<\/p><\/p>","protected":false},"excerpt":{"rendered":"<p class=\"MsoNormal\">Obrazovna serija Dr STEM ima za cilj da pomogne nastavnicima i u\u010denicima (uzrasta od 8 godina i vi\u0161e) da se uklju\u010de u &quot;STE(A)M vje\u0161tine&quot;, kako to zahtijeva ekonomija 21. vijeka i \u010cetvrta industrijska revolucija, te da razviju mentalne vje\u0161tine s naglaskom na ra\u010dunarskom razmi\u0161ljanju.<\/p><\/p>","protected":false},"featured_media":5058,"comment_status":"open","ping_status":"closed","template":"","meta":{"site-sidebar-layout":"default","site-content-layout":"","ast-site-content-layout":"default","site-content-style":"default","site-sidebar-style":"default","ast-global-header-display":"","ast-banner-title-visibility":"","ast-main-header-display":"","ast-hfb-above-header-display":"","ast-hfb-below-header-display":"","ast-hfb-mobile-header-display":"","site-post-title":"","ast-breadcrumbs-content":"","ast-featured-img":"","footer-sml-layout":"","ast-disable-related-posts":"","theme-transparent-header-meta":"","adv-header-id-meta":"","stick-header-meta":"","header-above-stick-meta":"","header-main-stick-meta":"","header-below-stick-meta":"","astra-migrate-meta-layouts":"default","ast-page-background-enabled":"default","ast-page-background-meta":{"desktop":{"background-color":"var(--ast-global-color-5)","background-image":"","background-repeat":"repeat","background-position":"center center","background-size":"auto","background-attachment":"scroll","background-type":"","background-media":"","overlay-type":"","overlay-color":"","overlay-opacity":"","overlay-gradient":""},"tablet":{"background-color":"","background-image":"","background-repeat":"repeat","background-position":"center center","background-size":"auto","background-attachment":"scroll","background-type":"","background-media":"","overlay-type":"","overlay-color":"","overlay-opacity":"","overlay-gradient":""},"mobile":{"background-color":"","background-image":"","background-repeat":"repeat","background-position":"center center","background-size":"auto","background-attachment":"scroll","background-type":"","background-media":"","overlay-type":"","overlay-color":"","overlay-opacity":"","overlay-gradient":""}},"ast-content-background-meta":{"desktop":{"background-color":"var(--ast-global-color-4)","background-image":"","background-repeat":"repeat","background-position":"center center","background-size":"auto","background-attachment":"scroll","background-type":"","background-media":"","overlay-type":"","overlay-color":"","overlay-opacity":"","overlay-gradient":""},"tablet":{"background-color":"var(--ast-global-color-4)","background-image":"","background-repeat":"repeat","background-position":"center center","background-size":"auto","background-attachment":"scroll","background-type":"","background-media":"","overlay-type":"","overlay-color":"","overlay-opacity":"","overlay-gradient":""},"mobile":{"background-color":"var(--ast-global-color-4)","background-image":"","background-repeat":"repeat","background-position":"center center","background-size":"auto","background-attachment":"scroll","background-type":"","background-media":"","overlay-type":"","overlay-color":"","overlay-opacity":"","overlay-gradient":""}}},"product_brand":[111],"product_cat":[25],"product_tag":[],"class_list":{"0":"post-6878","1":"product","2":"type-product","3":"status-publish","4":"has-post-thumbnail","6":"product_brand-ellinoekdotiki","7":"product_cat--steam","8":"desktop-align-left","9":"tablet-align-left","10":"mobile-align-left","12":"first","13":"instock","14":"taxable","15":"shipping-taxable","16":"purchasable","17":"product-type-simple"},"_links":{"self":[{"href":"https:\/\/stem-eshop.gr\/bs\/wp-json\/wp\/v2\/product\/6878","targetHints":{"allow":["GET"]}}],"collection":[{"href":"https:\/\/stem-eshop.gr\/bs\/wp-json\/wp\/v2\/product"}],"about":[{"href":"https:\/\/stem-eshop.gr\/bs\/wp-json\/wp\/v2\/types\/product"}],"replies":[{"embeddable":true,"href":"https:\/\/stem-eshop.gr\/bs\/wp-json\/wp\/v2\/comments?post=6878"}],"wp:featuredmedia":[{"embeddable":true,"href":"https:\/\/stem-eshop.gr\/bs\/wp-json\/wp\/v2\/media\/5058"}],"wp:attachment":[{"href":"https:\/\/stem-eshop.gr\/bs\/wp-json\/wp\/v2\/media?parent=6878"}],"wp:term":[{"taxonomy":"product_brand","embeddable":true,"href":"https:\/\/stem-eshop.gr\/bs\/wp-json\/wp\/v2\/product_brand?post=6878"},{"taxonomy":"product_cat","embeddable":true,"href":"https:\/\/stem-eshop.gr\/bs\/wp-json\/wp\/v2\/product_cat?post=6878"},{"taxonomy":"product_tag","embeddable":true,"href":"https:\/\/stem-eshop.gr\/bs\/wp-json\/wp\/v2\/product_tag?post=6878"}],"curies":[{"name":"wp","href":"https:\/\/api.w.org\/{rel}","templated":true}]}}