{"id":6876,"date":"2025-05-19T08:54:49","date_gmt":"2025-05-19T08:54:49","guid":{"rendered":"https:\/\/stem-eshop.gr\/product\/%ce%b5%ce%ba%cf%80%ce%b1%ce%b9%ce%b4%ce%b5%cf%85%cf%84%ce%b9%ce%ba%ce%ae-%cf%81%ce%bf%ce%bc%cf%80%ce%bf%cf%84%ce%b9%ce%ba%ce%ae-%ce%bc%ce%b5-%cf%84%ce%b7-%cf%87%cf%81%ce%ae%cf%83%ce%b7-%cf%84%ce%bf\/"},"modified":"2025-10-23T12:49:15","modified_gmt":"2025-10-23T09:49:15","slug":"%ce%b5%ce%ba%cf%80%ce%b1%ce%b9%ce%b4%ce%b5%cf%85%cf%84%ce%b9%ce%ba%ce%ae-%cf%81%ce%bf%ce%bc%cf%80%ce%bf%cf%84%ce%b9%ce%ba%ce%ae-%ce%bc%ce%b5-%cf%84%ce%b7-%cf%87%cf%81%ce%ae%cf%83%ce%b7-%cf%84%ce%bf","status":"publish","type":"product","link":"https:\/\/stem-eshop.gr\/bs\/proizvod\/%ce%b5%ce%ba%cf%80%ce%b1%ce%b9%ce%b4%ce%b5%cf%85%cf%84%ce%b9%ce%ba%ce%ae-%cf%81%ce%bf%ce%bc%cf%80%ce%bf%cf%84%ce%b9%ce%ba%ce%ae-%ce%bc%ce%b5-%cf%84%ce%b7-%cf%87%cf%81%ce%ae%cf%83%ce%b7-%cf%84%ce%bf\/","title":{"rendered":"Obrazovna robotika kori\u0161tenjem BBC Micro:bit mikrokontrolera"},"content":{"rendered":"<p class=\"MsoNormal\">Ova knjiga je sveobuhvatan vodi\u010d za BBC Micro:bit mikrokontroler, pokazuju\u0107i kako ga povezati i programirati koriste\u0107i Blocks kod, JavaScript i (Micro) Python. Knjiga po\u010dinje s jednostavnim aplikacijama - edukativnim scenarijima za po\u010detnike, dok se postepeno pove\u0107ava nivo te\u017eine aplikacija, \u0161to rezultira slo\u017eenijim aplikacijama, kao \u0161to su daljinsko upravljanje i prikazivanje poruka na vanjskim ekranima. Sve aplikacije su predstavljene korak po korak bez potrebe za znanjem elektri\u010dnih kola i programiranja od strane \u010ditaoca. Svaki tematski dio navodi sve potrebne informacije koje \u0107e biti potrebne za razvoj aplikacija, kao i detaljne dijagrame i slike koje \u010ditalac mo\u017ee pratiti kako bi uspje\u0161no zavr\u0161io svaku aktivnost.<\/p>\n<p class=\"MsoNormal\">\n<p class=\"MsoNormal\">Knjiga je namijenjena:<\/p>\n<p class=\"MsoNormal\">a) za po\u010detnike, kao i za napredne programere mikrokontrolera koji \u017eele da se uklju\u010de u BBC Micro:bit,<\/p>\n<p class=\"MsoNormal\">b) nastavnicima osnovnih i srednjih \u0161kola,<\/p>\n<p class=\"MsoNormal\">c) studentima koji su uklju\u010deni u obrazovnu robotiku i STEM predmete bez nu\u017enog iskustva u odgovaraju\u0107em programiranju, elektri\u010dnim krugovima i elektronici,<\/p>\n<p class=\"MsoNormal\">d) postdiplomskim studentima i istra\u017eiva\u010dima koji \u017eele da se uklju\u010de u BBC Micro:bit tako \u0161to \u0107e dizajnirati vlastite aplikacije - edukativne scenarije.<\/p>\n<p class=\"MsoNormal\">\n<p class=\"MsoNormal\">Kona\u010dno, knjiga pokriva i prvu verziju BBC Micro:bita, kao i drugu verziju BBC Micro:bita objavljenu 2020. godine.<\/p>\n<p class=\"MsoNormal\">\u03a3\u03c5\u03b3\u03b3\u03c1\u03b1\u03c6\u03b5\u03af\u03c2: \u039a\u03b1\u03c1\u03b2\u03bf\u03c5\u03bd\u03b9\u03ac\u03c1\u03b7\u03c2 \u0392\u03b1\u03c3\u03af\u03bb\u03b5\u03b9\u03bf\u03c2, \u039b\u03b1\u03b6\u03b1\u03c1\u03af\u03bd\u03b7\u03c2 \u03a6\u03ce\u03c4\u03b9\u03bf\u03c2<\/p>\n<p class=\"MsoNormal\">Te\u017eina: 0,848 kg.<\/p>\n<p class=\"MsoNormal\">Stranice: 320<\/p>\n<p class=\"MsoNormal\">ISBN: 9786182020821<\/p>\n<p class=\"MsoNormal\">Godina izdanja: 2021<\/p>\n<p class=\"MsoNormal\">Dimenzije: 21\u00d729 cm<\/p>\n<p class=\"MsoNormal\">Unutra\u0161njost knjige: Obojena<\/p>\n<p class=\"MsoNormal\">Jezik: Gr\u010dki<\/p>","protected":false},"excerpt":{"rendered":"<p class=\"MsoNormal\">BBC Micro:bit mikrokontroler je pristupa\u010dan mikrokontroler posebno dizajniran za STEM predmete i primjenu u obrazovnoj robotici. Zbog svojih tehni\u010dkih karakteristika, male veli\u010dine i integriranih senzora, predstavlja atraktivno rje\u0161enje za upotrebu u obrazovnom procesu na bilo kojem nivou obrazovanja.<\/p>","protected":false},"featured_media":5050,"comment_status":"open","ping_status":"closed","template":"","meta":{"site-sidebar-layout":"default","site-content-layout":"","ast-site-content-layout":"default","site-content-style":"default","site-sidebar-style":"default","ast-global-header-display":"","ast-banner-title-visibility":"","ast-main-header-display":"","ast-hfb-above-header-display":"","ast-hfb-below-header-display":"","ast-hfb-mobile-header-display":"","site-post-title":"","ast-breadcrumbs-content":"","ast-featured-img":"","footer-sml-layout":"","ast-disable-related-posts":"","theme-transparent-header-meta":"default","adv-header-id-meta":"","stick-header-meta":"","header-above-stick-meta":"","header-main-stick-meta":"","header-below-stick-meta":"","astra-migrate-meta-layouts":"set","ast-page-background-enabled":"default","ast-page-background-meta":{"desktop":{"background-color":"var(--ast-global-color-5)","background-image":"","background-repeat":"repeat","background-position":"center center","background-size":"auto","background-attachment":"scroll","background-type":"","background-media":"","overlay-type":"","overlay-color":"","overlay-opacity":"","overlay-gradient":""},"tablet":{"background-color":"","background-image":"","background-repeat":"repeat","background-position":"center center","background-size":"auto","background-attachment":"scroll","background-type":"","background-media":"","overlay-type":"","overlay-color":"","overlay-opacity":"","overlay-gradient":""},"mobile":{"background-color":"","background-image":"","background-repeat":"repeat","background-position":"center center","background-size":"auto","background-attachment":"scroll","background-type":"","background-media":"","overlay-type":"","overlay-color":"","overlay-opacity":"","overlay-gradient":""}},"ast-content-background-meta":{"desktop":{"background-color":"var(--ast-global-color-4)","background-image":"","background-repeat":"repeat","background-position":"center center","background-size":"auto","background-attachment":"scroll","background-type":"","background-media":"","overlay-type":"","overlay-color":"","overlay-opacity":"","overlay-gradient":""},"tablet":{"background-color":"var(--ast-global-color-4)","background-image":"","background-repeat":"repeat","background-position":"center center","background-size":"auto","background-attachment":"scroll","background-type":"","background-media":"","overlay-type":"","overlay-color":"","overlay-opacity":"","overlay-gradient":""},"mobile":{"background-color":"var(--ast-global-color-4)","background-image":"","background-repeat":"repeat","background-position":"center center","background-size":"auto","background-attachment":"scroll","background-type":"","background-media":"","overlay-type":"","overlay-color":"","overlay-opacity":"","overlay-gradient":""}}},"product_brand":[108],"product_cat":[25],"product_tag":[],"class_list":{"0":"post-6876","1":"product","2":"type-product","3":"status-publish","4":"has-post-thumbnail","6":"product_brand-disigma","7":"product_cat--steam","8":"desktop-align-left","9":"tablet-align-left","10":"mobile-align-left","12":"first","13":"instock","14":"taxable","15":"shipping-taxable","16":"purchasable","17":"product-type-simple"},"_links":{"self":[{"href":"https:\/\/stem-eshop.gr\/bs\/wp-json\/wp\/v2\/product\/6876","targetHints":{"allow":["GET"]}}],"collection":[{"href":"https:\/\/stem-eshop.gr\/bs\/wp-json\/wp\/v2\/product"}],"about":[{"href":"https:\/\/stem-eshop.gr\/bs\/wp-json\/wp\/v2\/types\/product"}],"replies":[{"embeddable":true,"href":"https:\/\/stem-eshop.gr\/bs\/wp-json\/wp\/v2\/comments?post=6876"}],"wp:featuredmedia":[{"embeddable":true,"href":"https:\/\/stem-eshop.gr\/bs\/wp-json\/wp\/v2\/media\/5050"}],"wp:attachment":[{"href":"https:\/\/stem-eshop.gr\/bs\/wp-json\/wp\/v2\/media?parent=6876"}],"wp:term":[{"taxonomy":"product_brand","embeddable":true,"href":"https:\/\/stem-eshop.gr\/bs\/wp-json\/wp\/v2\/product_brand?post=6876"},{"taxonomy":"product_cat","embeddable":true,"href":"https:\/\/stem-eshop.gr\/bs\/wp-json\/wp\/v2\/product_cat?post=6876"},{"taxonomy":"product_tag","embeddable":true,"href":"https:\/\/stem-eshop.gr\/bs\/wp-json\/wp\/v2\/product_tag?post=6876"}],"curies":[{"name":"wp","href":"https:\/\/api.w.org\/{rel}","templated":true}]}}