{"id":6873,"date":"2025-05-19T08:54:48","date_gmt":"2025-05-19T08:54:48","guid":{"rendered":"https:\/\/stem-eshop.gr\/product\/%ce%b5%ce%ba%cf%80%ce%b1%ce%b9%ce%b4%ce%b5%cf%85%cf%84%ce%b9%ce%ba%ce%ae-%cf%81%ce%bf%ce%bc%cf%80%ce%bf%cf%84%ce%b9%ce%ba%ce%ae-%ce%bc%ce%b5-spike-prime-%cf%84%cf%8c%ce%bc%ce%bf%cf%82-1\/"},"modified":"2025-10-23T13:08:42","modified_gmt":"2025-10-23T10:08:42","slug":"%ce%b5%ce%ba%cf%80%ce%b1%ce%b9%ce%b4%ce%b5%cf%85%cf%84%ce%b9%ce%ba%ce%ae-%cf%81%ce%bf%ce%bc%cf%80%ce%bf%cf%84%ce%b9%ce%ba%ce%ae-%ce%bc%ce%b5-spike-prime-%cf%84%cf%8c%ce%bc%ce%bf%cf%82-1","status":"publish","type":"product","link":"https:\/\/stem-eshop.gr\/bs\/proizvod\/%ce%b5%ce%ba%cf%80%ce%b1%ce%b9%ce%b4%ce%b5%cf%85%cf%84%ce%b9%ce%ba%ce%ae-%cf%81%ce%bf%ce%bc%cf%80%ce%bf%cf%84%ce%b9%ce%ba%ce%ae-%ce%bc%ce%b5-spike-prime-%cf%84%cf%8c%ce%bc%ce%bf%cf%82-1\/","title":{"rendered":"Obrazovna robotika sa Spike Primeom (1. tom)"},"content":{"rendered":"<p class=\"MsoNormal\">Kupovinom knjige, nastavnici robotike \u0107e imati u rukama detaljan vodi\u010d kroz aktivnosti koje u\u010denici mogu implementirati u stvarnom vremenu u u\u010dionici.<\/p>\n<p class=\"MsoNormal\">Svako poglavlje sadr\u017ei primjere upotrebe, predlo\u017eene nerije\u0161ene aktivnosti, kao i evaluacijske listove za \u010desto pra\u0107enje obrazovnog napretka u\u010denika.<\/p>\n<p class=\"MsoNormal\">Priru\u010dnik je u potpunosti kompatibilan s radionicama vje\u0161tina 21+ koje su integrirane u osnovno i srednje obrazovanje te na taj na\u010din poma\u017ee i nastavnicima i u\u010denicima da koriste ovu metodu. <span lang=\"en-us\" xml:lang=\"en-us\">PARA<\/span> u praksi, u\u010denje na druga\u010diji i zabavan na\u010din, izvan &#039;&#039;kalupa&#039;&#039; tradicionalnog u\u010denja.<\/p>\n<p class=\"MsoNormal\">Kona\u010dno, knjiga mo\u017ee biti korisna i za nastavnike koji \u017eele u\u010destvovati u bilo kojem takmi\u010denju iz robotike sa svojim u\u010denicima.<\/p>\n<p class=\"MsoNormal\">Predivno putovanje u svijet robotike po\u010dinje...<\/p>\n<p class=\"MsoNormal\">\n<p class=\"MsoNormal\">Autori: Argyris Koureas, Konstantinos Natsikas, Alkiviadis Tsimiris<\/p>\n<p class=\"MsoNormal\">Te\u017eina: 0,276 kg.<\/p>\n<p class=\"MsoNormal\">Stranice: 152<\/p>\n<p class=\"MsoNormal\"><span lang=\"en-us\" xml:lang=\"en-us\">ISBN<\/span>: 9786182020968<\/p>\n<p class=\"MsoNormal\">Godina izdanja: 2022<\/p>\n<p class=\"MsoNormal\">Dimenzije: 17\u00d724 <span lang=\"en-us\" xml:lang=\"en-us\">cm<\/span><\/p>\n<p class=\"MsoNormal\">Unutra\u0161njost knjige: Obojena<\/p>\n<p class=\"MsoNormal\">Jezik: Gr\u010dki<\/p>","protected":false},"excerpt":{"rendered":"<p class=\"MsoNormal\">Ova knjiga je prvi dio nove serije knjiga o obrazovnoj robotici, namijenjene i studentima i odraslima, po\u010detnicima i naprednim. Nakon zavr\u0161etka, serija predstavlja kompletan vodi\u010d za najnoviji poduhvat LegoEducationa za obrazovnu robotiku \u2013 STEM, SpikePrime.<\/p>","protected":false},"featured_media":5041,"comment_status":"open","ping_status":"closed","template":"","meta":{"site-sidebar-layout":"default","site-content-layout":"","ast-site-content-layout":"default","site-content-style":"default","site-sidebar-style":"default","ast-global-header-display":"","ast-banner-title-visibility":"","ast-main-header-display":"","ast-hfb-above-header-display":"","ast-hfb-below-header-display":"","ast-hfb-mobile-header-display":"","site-post-title":"","ast-breadcrumbs-content":"","ast-featured-img":"","footer-sml-layout":"","ast-disable-related-posts":"","theme-transparent-header-meta":"default","adv-header-id-meta":"","stick-header-meta":"","header-above-stick-meta":"","header-main-stick-meta":"","header-below-stick-meta":"","astra-migrate-meta-layouts":"set","ast-page-background-enabled":"default","ast-page-background-meta":{"desktop":{"background-color":"var(--ast-global-color-5)","background-image":"","background-repeat":"repeat","background-position":"center center","background-size":"auto","background-attachment":"scroll","background-type":"","background-media":"","overlay-type":"","overlay-color":"","overlay-opacity":"","overlay-gradient":""},"tablet":{"background-color":"","background-image":"","background-repeat":"repeat","background-position":"center center","background-size":"auto","background-attachment":"scroll","background-type":"","background-media":"","overlay-type":"","overlay-color":"","overlay-opacity":"","overlay-gradient":""},"mobile":{"background-color":"","background-image":"","background-repeat":"repeat","background-position":"center center","background-size":"auto","background-attachment":"scroll","background-type":"","background-media":"","overlay-type":"","overlay-color":"","overlay-opacity":"","overlay-gradient":""}},"ast-content-background-meta":{"desktop":{"background-color":"var(--ast-global-color-4)","background-image":"","background-repeat":"repeat","background-position":"center center","background-size":"auto","background-attachment":"scroll","background-type":"","background-media":"","overlay-type":"","overlay-color":"","overlay-opacity":"","overlay-gradient":""},"tablet":{"background-color":"var(--ast-global-color-4)","background-image":"","background-repeat":"repeat","background-position":"center center","background-size":"auto","background-attachment":"scroll","background-type":"","background-media":"","overlay-type":"","overlay-color":"","overlay-opacity":"","overlay-gradient":""},"mobile":{"background-color":"var(--ast-global-color-4)","background-image":"","background-repeat":"repeat","background-position":"center center","background-size":"auto","background-attachment":"scroll","background-type":"","background-media":"","overlay-type":"","overlay-color":"","overlay-opacity":"","overlay-gradient":""}}},"product_brand":[108],"product_cat":[25],"product_tag":[],"class_list":{"0":"post-6873","1":"product","2":"type-product","3":"status-publish","4":"has-post-thumbnail","6":"product_brand-disigma","7":"product_cat--steam","8":"desktop-align-left","9":"tablet-align-left","10":"mobile-align-left","12":"first","13":"instock","14":"taxable","15":"shipping-taxable","16":"purchasable","17":"product-type-simple"},"_links":{"self":[{"href":"https:\/\/stem-eshop.gr\/bs\/wp-json\/wp\/v2\/product\/6873","targetHints":{"allow":["GET"]}}],"collection":[{"href":"https:\/\/stem-eshop.gr\/bs\/wp-json\/wp\/v2\/product"}],"about":[{"href":"https:\/\/stem-eshop.gr\/bs\/wp-json\/wp\/v2\/types\/product"}],"replies":[{"embeddable":true,"href":"https:\/\/stem-eshop.gr\/bs\/wp-json\/wp\/v2\/comments?post=6873"}],"wp:featuredmedia":[{"embeddable":true,"href":"https:\/\/stem-eshop.gr\/bs\/wp-json\/wp\/v2\/media\/5041"}],"wp:attachment":[{"href":"https:\/\/stem-eshop.gr\/bs\/wp-json\/wp\/v2\/media?parent=6873"}],"wp:term":[{"taxonomy":"product_brand","embeddable":true,"href":"https:\/\/stem-eshop.gr\/bs\/wp-json\/wp\/v2\/product_brand?post=6873"},{"taxonomy":"product_cat","embeddable":true,"href":"https:\/\/stem-eshop.gr\/bs\/wp-json\/wp\/v2\/product_cat?post=6873"},{"taxonomy":"product_tag","embeddable":true,"href":"https:\/\/stem-eshop.gr\/bs\/wp-json\/wp\/v2\/product_tag?post=6873"}],"curies":[{"name":"wp","href":"https:\/\/api.w.org\/{rel}","templated":true}]}}