{"id":6871,"date":"2025-05-19T08:54:48","date_gmt":"2025-05-19T08:54:48","guid":{"rendered":"https:\/\/stem-eshop.gr\/product\/%ce%b7-%cf%81%ce%bf%ce%bc%cf%80%ce%bf%cf%84%ce%b9%ce%ba%ce%ae-%cf%83%cf%84%ce%b7%ce%bd-%ce%b5%ce%ba%cf%80%ce%b1%ce%af%ce%b4%ce%b5%cf%85%cf%83%ce%b7\/"},"modified":"2025-10-23T13:11:17","modified_gmt":"2025-10-23T10:11:17","slug":"%ce%b7-%cf%81%ce%bf%ce%bc%cf%80%ce%bf%cf%84%ce%b9%ce%ba%ce%ae-%cf%83%cf%84%ce%b7%ce%bd-%ce%b5%ce%ba%cf%80%ce%b1%ce%af%ce%b4%ce%b5%cf%85%cf%83%ce%b7","status":"publish","type":"product","link":"https:\/\/stem-eshop.gr\/bs\/proizvod\/%ce%b7-%cf%81%ce%bf%ce%bc%cf%80%ce%bf%cf%84%ce%b9%ce%ba%ce%ae-%cf%83%cf%84%ce%b7%ce%bd-%ce%b5%ce%ba%cf%80%ce%b1%ce%af%ce%b4%ce%b5%cf%85%cf%83%ce%b7\/","title":{"rendered":"Robotika u obrazovanju"},"content":{"rendered":"<p style=\"margin: 0px 0px 10px;padding-left: 8px;color: #333333;font-family: 'roboto_slabregular';font-size: 14px;background-color: #ffffff\">Danas, mnoge raznolike zajednice u obrazovnom spektru sve vi\u0161e koriste robote, bilo kao nastavnike u u\u010dionicama, kao alate u STEM projektima i aktivnostima ili kao objekte prou\u010davanja. Ovaj svezak istra\u017euje kako jedinstvene sposobnosti obrazovnih robota, kako kao fizi\u010dkih entiteta tako i kroz dru\u0161tvenu interakciju, mogu stvoriti veze sa u\u010denicima, istovremeno osloba\u0111aju\u0107i edukatore da se fokusiraju na svoje personalizirane pristupe podu\u010davanju i u\u010denju.<\/p>\n<p style=\"margin: 0px 0px 10px;padding-left: 8px;color: #333333;font-family: 'roboto_slabregular';font-size: 14px;background-color: #ffffff\">Knjiga, koju je napisao jedinstveni interdisciplinarni tim akademika, pokriva osnove robotike i tehnologija koje je podr\u017eavaju, stavove prema robotima i eti\u010dke implikacije kori\u0161tenja robota u u\u010denju, istra\u017eiva\u010dke metode relevantne za pro\u0161irenje na\u0161eg znanja u ovoj oblasti i jo\u0161 mnogo toga.<\/p>\n<hr style=\"height: 0px;margin-top: 20px;margin-bottom: 20px;border-right: 0px;border-bottom: 0px;border-left: 0px;border-top-style: solid;border-top-color: #eeeeee;color: #333333;font-family: 'roboto_slabregular';font-size: 14px;background-color: #ffffff\" \/>\n<p style=\"margin: 0px 0px 10px;padding-left: 8px;color: #333333;font-family: 'roboto_slabregular';font-size: 14px;background-color: #ffffff\">Knjiga je prijevod\u00a0<em><span style=\"font-family: 'roboto_slabbold'\">Roboti u obrazovanju \u2013 Uvod u visokotehnolo\u0161ke dru\u0161tvene agente, inteligentne tutore i nastavne alate<\/span><\/em>\u00a0od\u00a0<span style=\"font-family: 'roboto_slabbold'\">Fady Alnajjar<\/span>,<span style=\"font-family: 'roboto_slabbold'\">\u00a0Christoph Bartneck, Paul Baxter, Tony Belpaeme, Massimiliano Cappuccio, Cinzia Di Dio, Friederike Eyssel, J\u00fcrgen Handke, Omar Mubin, Mohammad Obaid, Natalia Reich-Stiebert<\/span>\u00a0(<span class=\"meta\">Routledge\u00a0<\/span>, 2021).<\/p>\n<p class=\"MsoNormal\">Kustosi: Nikolaos Fachantidis, Ioannis Lefkos<\/p>\n<p class=\"MsoNormal\">Prijevod: Nikolaos Fachantides, Ioannis Lefkos<\/p>\n<p class=\"MsoNormal\">Dimenzije: 17X24cm<\/p>\n<p class=\"MsoNormal\">Broj stranica: 240<\/p>\n<p class=\"MsoNormal\">Godina objavljivanja: 2023<\/p>\n<p class=\"MsoNormal\">\u039a\u03c9\u03b4\u03b9\u03ba\u03cc\u03c2 \u03c3\u03c4\u03bf\u03bd \u0395\u03cd\u03b4\u03bf\u03be\u03bf: 122075446<\/p>\n<p style=\"margin: 0px 0px 10px;padding-left: 8px;color: #333333;font-family: 'roboto_slabregular';font-size: 14px;background-color: #ffffff\">ISBN: <span style=\"color: #333333;font-family: 'roboto_slabregular';font-size: 13.44px;background-color: #ffffff\">9789605864507<\/span><\/p>\n<p style=\"margin: 0px 0px 10px;padding-left: 8px;color: #333333;font-family: 'roboto_slabregular';font-size: 14px;background-color: #ffffff\">","protected":false},"excerpt":{"rendered":"<p><span style=\"color: #333333;font-family: 'roboto_slabregular';font-size: 14px;background-color: #ffffff\">Lako razumljiv uvod u upotrebu robotike u formalnom u\u010denju koji uklju\u010duje pedago\u0161ke i psiholo\u0161ke teorije, kao i primjere primjene u nastavnim planovima i programima.<\/span><\/p>","protected":false},"featured_media":5037,"comment_status":"open","ping_status":"closed","template":"","meta":{"site-sidebar-layout":"default","site-content-layout":"","ast-site-content-layout":"default","site-content-style":"default","site-sidebar-style":"default","ast-global-header-display":"","ast-banner-title-visibility":"","ast-main-header-display":"","ast-hfb-above-header-display":"","ast-hfb-below-header-display":"","ast-hfb-mobile-header-display":"","site-post-title":"","ast-breadcrumbs-content":"","ast-featured-img":"","footer-sml-layout":"","ast-disable-related-posts":"","theme-transparent-header-meta":"default","adv-header-id-meta":"","stick-header-meta":"","header-above-stick-meta":"","header-main-stick-meta":"","header-below-stick-meta":"","astra-migrate-meta-layouts":"set","ast-page-background-enabled":"default","ast-page-background-meta":{"desktop":{"background-color":"var(--ast-global-color-5)","background-image":"","background-repeat":"repeat","background-position":"center center","background-size":"auto","background-attachment":"scroll","background-type":"","background-media":"","overlay-type":"","overlay-color":"","overlay-opacity":"","overlay-gradient":""},"tablet":{"background-color":"","background-image":"","background-repeat":"repeat","background-position":"center center","background-size":"auto","background-attachment":"scroll","background-type":"","background-media":"","overlay-type":"","overlay-color":"","overlay-opacity":"","overlay-gradient":""},"mobile":{"background-color":"","background-image":"","background-repeat":"repeat","background-position":"center center","background-size":"auto","background-attachment":"scroll","background-type":"","background-media":"","overlay-type":"","overlay-color":"","overlay-opacity":"","overlay-gradient":""}},"ast-content-background-meta":{"desktop":{"background-color":"var(--ast-global-color-4)","background-image":"","background-repeat":"repeat","background-position":"center center","background-size":"auto","background-attachment":"scroll","background-type":"","background-media":"","overlay-type":"","overlay-color":"","overlay-opacity":"","overlay-gradient":""},"tablet":{"background-color":"var(--ast-global-color-4)","background-image":"","background-repeat":"repeat","background-position":"center center","background-size":"auto","background-attachment":"scroll","background-type":"","background-media":"","overlay-type":"","overlay-color":"","overlay-opacity":"","overlay-gradient":""},"mobile":{"background-color":"var(--ast-global-color-4)","background-image":"","background-repeat":"repeat","background-position":"center center","background-size":"auto","background-attachment":"scroll","background-type":"","background-media":"","overlay-type":"","overlay-color":"","overlay-opacity":"","overlay-gradient":""}}},"product_brand":[113],"product_cat":[25],"product_tag":[],"class_list":{"0":"post-6871","1":"product","2":"type-product","3":"status-publish","4":"has-post-thumbnail","6":"product_brand-kritiki","7":"product_cat--steam","8":"desktop-align-left","9":"tablet-align-left","10":"mobile-align-left","12":"first","13":"instock","14":"taxable","15":"shipping-taxable","16":"purchasable","17":"product-type-simple"},"_links":{"self":[{"href":"https:\/\/stem-eshop.gr\/bs\/wp-json\/wp\/v2\/product\/6871","targetHints":{"allow":["GET"]}}],"collection":[{"href":"https:\/\/stem-eshop.gr\/bs\/wp-json\/wp\/v2\/product"}],"about":[{"href":"https:\/\/stem-eshop.gr\/bs\/wp-json\/wp\/v2\/types\/product"}],"replies":[{"embeddable":true,"href":"https:\/\/stem-eshop.gr\/bs\/wp-json\/wp\/v2\/comments?post=6871"}],"wp:featuredmedia":[{"embeddable":true,"href":"https:\/\/stem-eshop.gr\/bs\/wp-json\/wp\/v2\/media\/5037"}],"wp:attachment":[{"href":"https:\/\/stem-eshop.gr\/bs\/wp-json\/wp\/v2\/media?parent=6871"}],"wp:term":[{"taxonomy":"product_brand","embeddable":true,"href":"https:\/\/stem-eshop.gr\/bs\/wp-json\/wp\/v2\/product_brand?post=6871"},{"taxonomy":"product_cat","embeddable":true,"href":"https:\/\/stem-eshop.gr\/bs\/wp-json\/wp\/v2\/product_cat?post=6871"},{"taxonomy":"product_tag","embeddable":true,"href":"https:\/\/stem-eshop.gr\/bs\/wp-json\/wp\/v2\/product_tag?post=6871"}],"curies":[{"name":"wp","href":"https:\/\/api.w.org\/{rel}","templated":true}]}}