{"id":6865,"date":"2025-05-19T08:54:46","date_gmt":"2025-05-19T08:54:46","guid":{"rendered":"https:\/\/stem-eshop.gr\/product\/%ce%b5%ce%b9%cf%83%ce%b1%ce%b3%cf%89%ce%b3%ce%b7-%cf%83%cf%84%ce%b7-%cf%81%ce%bf%ce%bc%cf%80%ce%bf%cf%84%ce%b9%ce%ba%ce%b7-4%ce%b7-%ce%b2%ce%b5%ce%bb%cf%84%ce%b9%cf%89%ce%bc%ce%ad%ce%bd%ce%b7-%ce%ad\/"},"modified":"2025-05-22T21:13:35","modified_gmt":"2025-05-22T18:13:35","slug":"%ce%b5%ce%b9%cf%83%ce%b1%ce%b3%cf%89%ce%b3%ce%b7-%cf%83%cf%84%ce%b7-%cf%81%ce%bf%ce%bc%cf%80%ce%bf%cf%84%ce%b9%ce%ba%ce%b7-4%ce%b7-%ce%b2%ce%b5%ce%bb%cf%84%ce%b9%cf%89%ce%bc%ce%ad%ce%bd%ce%b7-%ce%ad","status":"publish","type":"product","link":"https:\/\/stem-eshop.gr\/bs\/proizvod\/%ce%b5%ce%b9%cf%83%ce%b1%ce%b3%cf%89%ce%b3%ce%b7-%cf%83%cf%84%ce%b7-%cf%81%ce%bf%ce%bc%cf%80%ce%bf%cf%84%ce%b9%ce%ba%ce%b7-4%ce%b7-%ce%b2%ce%b5%ce%bb%cf%84%ce%b9%cf%89%ce%bc%ce%ad%ce%bd%ce%b7-%ce%ad\/","title":{"rendered":"UVOD U ROBOTIKU, 4. revidirano izdanje"},"content":{"rendered":"<p style=\"margin:0px 0px 30px;font-family:'Open Sans';font-size:14px;background-color:#ffffff;text-align:justify\">Robotika zahtijeva kombinaciju mnogih specijalnosti i dubinu i \u0161irinu znanja koju mo\u017ee pru\u017eiti samo neko ko se udubio u nju i zna\u010dajno doprinio razvoju. Upravo su to karakteristike koje &quot;fotografi\u0161u&quot; Craiga. Kroz 13 poglavlja knjige, autor, svjetski poznati i priznati istra\u017eiva\u010d i &quot;u\u010ditelj&quot; robotike, korak po korak i metodi\u010dno razvija jedinstven prikaz ove pravovremene i istovremeno fascinantne kognitivne teme.<\/p>\n<p style=\"margin:0px 0px 30px;font-family:'Open Sans';font-size:14px;background-color:#ffffff;text-align:justify\">Sadr\u017ei: Uvod \u2013 Prostorne reprezentacije i transformacije \u2013 Kinematika robotskih ruku \u2013 Inverzna kinematika robotskih ruku \u2013 Jakobijani: Brzine i stati\u010dke sile \u2013 Dinamika robotskih ruku \u2013 Generisanje trajektorije \u2013 Mehani\u010dki dizajn robotskih ruku \u2013 Linearno automatsko upravljanje robotskim rukama \u2013 Nelinearno automatsko upravljanje robotskim rukama \u2013 Automatsko upravljanje silom robotskih ruku \u2013 Sistemi i jezici za programiranje robota \u2013 Nepovezani sistemi za programiranje \u2013 Trigonometrijski identiteti \u2013 Tabele ekvivalentnih rotacija za 24 ugaone konvencije \u2013 Jedna\u010dine inverzne kinematike \u2013 Rje\u0161enja odabranih vje\u017ebi \u2013 Indeks<\/p>\n<p style=\"margin:0px 0px 30px;font-family:'Open Sans';font-size:14px;background-color:#ffffff;text-align:justify\">ISBN<span>: 978-618-221-113-7<\/span><br \/>Eudoksov zakonik<span>: 133028825<\/span><br \/>Problem<span>: 4. revidirano izdanje<\/span><br \/>Godina izdanja<span>: 2024<\/span><br \/>Stranice<span>: 512<\/span><br \/>Nau\u010dno ure\u0111ivanje<span>Aristid Vidi Gogousis<\/span><br \/>Prevodilac<span>Aristid Vidi Gogousis<\/span><br \/>\u0160tampanje<span>\u010cetverobojni<\/span><br \/>Dimenzije<span>: 17 x 24<\/span><br \/>Naslovnica<span>Te\u0161ko<\/span><br \/>Izdava\u010d<span>Publikacije TZIOLA<\/span><\/p>","protected":false},"excerpt":{"rendered":"<p><span style=\"font-family:'Open Sans';font-size:14px;text-align:justify;background-color:#ffffff\">Ova knjiga predstavlja potpun i razumljiv uvod u nauku i tehnologiju robotike. Od svog prvog izdanja, uspostavljena je kao osnovna bibliografska referenca u svim stranim i gr\u010dkim knjigama o robotici, kao i u me\u0111unarodnim nau\u010dnim \u010dlancima. Nastala je iz univerzitetskih predavanja Johna Craiga na Univerzitetu Stanford.<\/span><\/p>","protected":false},"featured_media":5024,"comment_status":"open","ping_status":"closed","template":"","meta":{"site-sidebar-layout":"default","site-content-layout":"","ast-site-content-layout":"default","site-content-style":"default","site-sidebar-style":"default","ast-global-header-display":"","ast-banner-title-visibility":"","ast-main-header-display":"","ast-hfb-above-header-display":"","ast-hfb-below-header-display":"","ast-hfb-mobile-header-display":"","site-post-title":"","ast-breadcrumbs-content":"","ast-featured-img":"","footer-sml-layout":"","ast-disable-related-posts":"","theme-transparent-header-meta":"","adv-header-id-meta":"","stick-header-meta":"","header-above-stick-meta":"","header-main-stick-meta":"","header-below-stick-meta":"","astra-migrate-meta-layouts":"default","ast-page-background-enabled":"default","ast-page-background-meta":{"desktop":{"background-color":"var(--ast-global-color-5)","background-image":"","background-repeat":"repeat","background-position":"center center","background-size":"auto","background-attachment":"scroll","background-type":"","background-media":"","overlay-type":"","overlay-color":"","overlay-opacity":"","overlay-gradient":""},"tablet":{"background-color":"","background-image":"","background-repeat":"repeat","background-position":"center center","background-size":"auto","background-attachment":"scroll","background-type":"","background-media":"","overlay-type":"","overlay-color":"","overlay-opacity":"","overlay-gradient":""},"mobile":{"background-color":"","background-image":"","background-repeat":"repeat","background-position":"center center","background-size":"auto","background-attachment":"scroll","background-type":"","background-media":"","overlay-type":"","overlay-color":"","overlay-opacity":"","overlay-gradient":""}},"ast-content-background-meta":{"desktop":{"background-color":"var(--ast-global-color-4)","background-image":"","background-repeat":"repeat","background-position":"center center","background-size":"auto","background-attachment":"scroll","background-type":"","background-media":"","overlay-type":"","overlay-color":"","overlay-opacity":"","overlay-gradient":""},"tablet":{"background-color":"var(--ast-global-color-4)","background-image":"","background-repeat":"repeat","background-position":"center center","background-size":"auto","background-attachment":"scroll","background-type":"","background-media":"","overlay-type":"","overlay-color":"","overlay-opacity":"","overlay-gradient":""},"mobile":{"background-color":"var(--ast-global-color-4)","background-image":"","background-repeat":"repeat","background-position":"center center","background-size":"auto","background-attachment":"scroll","background-type":"","background-media":"","overlay-type":"","overlay-color":"","overlay-opacity":"","overlay-gradient":""}}},"product_brand":[110],"product_cat":[25],"product_tag":[],"class_list":{"0":"post-6865","1":"product","2":"type-product","3":"status-publish","4":"has-post-thumbnail","6":"product_brand-tziola","7":"product_cat--steam","8":"desktop-align-left","9":"tablet-align-left","10":"mobile-align-left","12":"first","13":"instock","14":"taxable","15":"shipping-taxable","16":"purchasable","17":"product-type-simple"},"_links":{"self":[{"href":"https:\/\/stem-eshop.gr\/bs\/wp-json\/wp\/v2\/product\/6865","targetHints":{"allow":["GET"]}}],"collection":[{"href":"https:\/\/stem-eshop.gr\/bs\/wp-json\/wp\/v2\/product"}],"about":[{"href":"https:\/\/stem-eshop.gr\/bs\/wp-json\/wp\/v2\/types\/product"}],"replies":[{"embeddable":true,"href":"https:\/\/stem-eshop.gr\/bs\/wp-json\/wp\/v2\/comments?post=6865"}],"wp:featuredmedia":[{"embeddable":true,"href":"https:\/\/stem-eshop.gr\/bs\/wp-json\/wp\/v2\/media\/5024"}],"wp:attachment":[{"href":"https:\/\/stem-eshop.gr\/bs\/wp-json\/wp\/v2\/media?parent=6865"}],"wp:term":[{"taxonomy":"product_brand","embeddable":true,"href":"https:\/\/stem-eshop.gr\/bs\/wp-json\/wp\/v2\/product_brand?post=6865"},{"taxonomy":"product_cat","embeddable":true,"href":"https:\/\/stem-eshop.gr\/bs\/wp-json\/wp\/v2\/product_cat?post=6865"},{"taxonomy":"product_tag","embeddable":true,"href":"https:\/\/stem-eshop.gr\/bs\/wp-json\/wp\/v2\/product_tag?post=6865"}],"curies":[{"name":"wp","href":"https:\/\/api.w.org\/{rel}","templated":true}]}}