{"id":6862,"date":"2025-05-19T08:54:45","date_gmt":"2025-05-19T08:54:45","guid":{"rendered":"https:\/\/stem-eshop.gr\/product\/%ce%bf%ce%b9-%cf%84%cf%80%ce%b5-%cf%83%cf%84%ce%b9%cf%83-%ce%b5%cf%80%ce%b9%cf%83%cf%84%ce%b7%ce%bc%ce%b5%cf%83-%cf%84%ce%b7%cf%83-%ce%b1%ce%b3%cf%89%ce%b3%ce%b7%cf%83-%cf%83%cf%87%ce%b5%ce%b4%ce%b9\/"},"modified":"2025-05-22T21:13:35","modified_gmt":"2025-05-22T18:13:35","slug":"%ce%bf%ce%b9-%cf%84%cf%80%ce%b5-%cf%83%cf%84%ce%b9%cf%83-%ce%b5%cf%80%ce%b9%cf%83%cf%84%ce%b7%ce%bc%ce%b5%cf%83-%cf%84%ce%b7%cf%83-%ce%b1%ce%b3%cf%89%ce%b3%ce%b7%cf%83-%cf%83%cf%87%ce%b5%ce%b4%ce%b9","status":"publish","type":"product","link":"https:\/\/stem-eshop.gr\/bs\/proizvod\/%ce%bf%ce%b9-%cf%84%cf%80%ce%b5-%cf%83%cf%84%ce%b9%cf%83-%ce%b5%cf%80%ce%b9%cf%83%cf%84%ce%b7%ce%bc%ce%b5%cf%83-%cf%84%ce%b7%cf%83-%ce%b1%ce%b3%cf%89%ce%b3%ce%b7%cf%83-%cf%83%cf%87%ce%b5%ce%b4%ce%b9\/","title":{"rendered":"IKT U OBRAZOVNIM NAUKAMA: Dizajn nastavnih scenarija"},"content":{"rendered":"<p>Sadr\u017ei:<span style=\"font-family:'Open Sans';font-size:14px;text-align:justify;background-color:#ffffff\"> Ra\u010dunarstvo, tehnologija, informacije i komunikacije, ra\u010dunarska i obrazovna tehnologija, teorije u\u010denja, humanisti\u010dke, kognitivne, socijalne, bihevioralne, savremeni pristupi nastavi, dizajn nastavnih scenarija i IKT, evaluacija IKT hardvera i softvera u obrazovanju, obrazovni softver i WEB 2.0 alati, virtuelne laboratorije, CAD, GIS i dizajn web stranica, elektronska okru\u017eenja za u\u010denje, uvod u mobilno u\u010denje, uvod u virtuelnu i pro\u0161irenu stvarnost, vizuelno programiranje, obrazovna robotika, uvod u tehnologiju u\u010denja na daljinu, obrazovanje odraslih i IKT, informaciono-komunikacione tehnologije za u\u010denike sa posebnim potrebama, vje\u0161ta\u010dka inteligencija i ma\u0161insko u\u010denje u obrazovanju.<\/span><\/p>\n<p><span style=\"font-family:'Open Sans';font-size:14px;text-align:justify;background-color:#ffffff\"><\/span><\/p>\n<p><span style=\"font-family:'Open Sans';font-size:14px;text-align:justify;background-color:#ffffff\"><strong>ISBN<\/strong><span>: 9789604188291<\/span><br \/><strong>Eudoksov zakonik<\/strong><span>: 77115856<\/span><br \/><strong>Problem<\/strong><span>: 1. izdanje<\/span><br \/><strong>Godina izdanja<\/strong><span>: 2020<\/span><br \/><strong>Stranice<\/strong><span>: 672<\/span><br \/><strong>\u0160tampanje<\/strong><span>\u010cetverobojni<\/span><br \/><strong>Dimenzije<\/strong><span>21 x 29<\/span><br \/><strong>Naslovnica<\/strong><span>Te\u0161ko<\/span><br \/><strong>Izdava\u010d<\/strong><span>Publikacije TZIOLA<\/span><\/span><\/p>","protected":false},"excerpt":{"rendered":"<p>Knjiga <em>&quot;IKT u obrazovnim naukama: Dizajn nastavnih scenarija&quot;<\/em> je sveobuhvatan vodi\u010d za studente, nastavnike i trenere koji \u017eele integrirati informacijske i komunikacijske tehnologije (IKT) u obrazovnu praksu. Fokusira se na teorijsku dokumentaciju, pedago\u0161ki dizajn i prakti\u010dnu primjenu nastavnih scenarija kori\u0161tenjem digitalnih alata.<\/p>","protected":false},"featured_media":5015,"comment_status":"open","ping_status":"closed","template":"","meta":{"site-sidebar-layout":"default","site-content-layout":"","ast-site-content-layout":"default","site-content-style":"default","site-sidebar-style":"default","ast-global-header-display":"","ast-banner-title-visibility":"","ast-main-header-display":"","ast-hfb-above-header-display":"","ast-hfb-below-header-display":"","ast-hfb-mobile-header-display":"","site-post-title":"","ast-breadcrumbs-content":"","ast-featured-img":"","footer-sml-layout":"","ast-disable-related-posts":"","theme-transparent-header-meta":"","adv-header-id-meta":"","stick-header-meta":"","header-above-stick-meta":"","header-main-stick-meta":"","header-below-stick-meta":"","astra-migrate-meta-layouts":"default","ast-page-background-enabled":"default","ast-page-background-meta":{"desktop":{"background-color":"var(--ast-global-color-5)","background-image":"","background-repeat":"repeat","background-position":"center center","background-size":"auto","background-attachment":"scroll","background-type":"","background-media":"","overlay-type":"","overlay-color":"","overlay-opacity":"","overlay-gradient":""},"tablet":{"background-color":"","background-image":"","background-repeat":"repeat","background-position":"center center","background-size":"auto","background-attachment":"scroll","background-type":"","background-media":"","overlay-type":"","overlay-color":"","overlay-opacity":"","overlay-gradient":""},"mobile":{"background-color":"","background-image":"","background-repeat":"repeat","background-position":"center center","background-size":"auto","background-attachment":"scroll","background-type":"","background-media":"","overlay-type":"","overlay-color":"","overlay-opacity":"","overlay-gradient":""}},"ast-content-background-meta":{"desktop":{"background-color":"var(--ast-global-color-4)","background-image":"","background-repeat":"repeat","background-position":"center center","background-size":"auto","background-attachment":"scroll","background-type":"","background-media":"","overlay-type":"","overlay-color":"","overlay-opacity":"","overlay-gradient":""},"tablet":{"background-color":"var(--ast-global-color-4)","background-image":"","background-repeat":"repeat","background-position":"center center","background-size":"auto","background-attachment":"scroll","background-type":"","background-media":"","overlay-type":"","overlay-color":"","overlay-opacity":"","overlay-gradient":""},"mobile":{"background-color":"var(--ast-global-color-4)","background-image":"","background-repeat":"repeat","background-position":"center center","background-size":"auto","background-attachment":"scroll","background-type":"","background-media":"","overlay-type":"","overlay-color":"","overlay-opacity":"","overlay-gradient":""}}},"product_brand":[110],"product_cat":[25],"product_tag":[],"class_list":{"0":"post-6862","1":"product","2":"type-product","3":"status-publish","4":"has-post-thumbnail","6":"product_brand-tziola","7":"product_cat--steam","8":"desktop-align-left","9":"tablet-align-left","10":"mobile-align-left","12":"first","13":"instock","14":"taxable","15":"shipping-taxable","16":"purchasable","17":"product-type-simple"},"_links":{"self":[{"href":"https:\/\/stem-eshop.gr\/bs\/wp-json\/wp\/v2\/product\/6862","targetHints":{"allow":["GET"]}}],"collection":[{"href":"https:\/\/stem-eshop.gr\/bs\/wp-json\/wp\/v2\/product"}],"about":[{"href":"https:\/\/stem-eshop.gr\/bs\/wp-json\/wp\/v2\/types\/product"}],"replies":[{"embeddable":true,"href":"https:\/\/stem-eshop.gr\/bs\/wp-json\/wp\/v2\/comments?post=6862"}],"wp:featuredmedia":[{"embeddable":true,"href":"https:\/\/stem-eshop.gr\/bs\/wp-json\/wp\/v2\/media\/5015"}],"wp:attachment":[{"href":"https:\/\/stem-eshop.gr\/bs\/wp-json\/wp\/v2\/media?parent=6862"}],"wp:term":[{"taxonomy":"product_brand","embeddable":true,"href":"https:\/\/stem-eshop.gr\/bs\/wp-json\/wp\/v2\/product_brand?post=6862"},{"taxonomy":"product_cat","embeddable":true,"href":"https:\/\/stem-eshop.gr\/bs\/wp-json\/wp\/v2\/product_cat?post=6862"},{"taxonomy":"product_tag","embeddable":true,"href":"https:\/\/stem-eshop.gr\/bs\/wp-json\/wp\/v2\/product_tag?post=6862"}],"curies":[{"name":"wp","href":"https:\/\/api.w.org\/{rel}","templated":true}]}}