{"id":6859,"date":"2025-05-19T08:54:44","date_gmt":"2025-05-19T08:54:44","guid":{"rendered":"https:\/\/stem-eshop.gr\/product\/steam-%ce%ad%ce%bd%ce%b1-%cf%87%cf%81%ce%bf%ce%bd%ce%b9%ce%ba%cf%8c-%cf%84%ce%ad%cf%87%ce%bd%ce%b7%cf%82-%ce%b5%cf%80%ce%b9%cf%83%cf%84%ce%ae%ce%bc%ce%b7%cf%82-%ce%ba%ce%b1%ce%b9-%ce%b2%ce%b9%cf%89\/"},"modified":"2025-05-22T21:13:35","modified_gmt":"2025-05-22T18:13:35","slug":"steam-%ce%ad%ce%bd%ce%b1-%cf%87%cf%81%ce%bf%ce%bd%ce%b9%ce%ba%cf%8c-%cf%84%ce%ad%cf%87%ce%bd%ce%b7%cf%82-%ce%b5%cf%80%ce%b9%cf%83%cf%84%ce%ae%ce%bc%ce%b7%cf%82-%ce%ba%ce%b1%ce%b9-%ce%b2%ce%b9%cf%89","status":"publish","type":"product","link":"https:\/\/stem-eshop.gr\/bs\/proizvod\/steam-%ce%ad%ce%bd%ce%b1-%cf%87%cf%81%ce%bf%ce%bd%ce%b9%ce%ba%cf%8c-%cf%84%ce%ad%cf%87%ce%bd%ce%b7%cf%82-%ce%b5%cf%80%ce%b9%cf%83%cf%84%ce%ae%ce%bc%ce%b7%cf%82-%ce%ba%ce%b1%ce%b9-%ce%b2%ce%b9%cf%89\/","title":{"rendered":"STEAM: Hronika umjetnosti, nauke i iskustvenog u\u010denja u \u0161koli u 2 \u010dina"},"content":{"rendered":"<p><span style=\"color:#212529;font-family:'-apple-system', 'system-ui', BlinkMacSystemFont, 'Segoe UI', Roboto, 'Helvetica Neue', Arial, sans-serif;font-size:17px;background-color:#ffffff\">Knjiga se sastoji od dva dijela:<\/span><br style=\"color:#212529;font-family:'-apple-system', 'system-ui', BlinkMacSystemFont, 'Segoe UI', Roboto, 'Helvetica Neue', Arial, sans-serif;font-size:17px;background-color:#ffffff\" \/><span style=\"color:#212529;font-family:'-apple-system', 'system-ui', BlinkMacSystemFont, 'Segoe UI', Roboto, 'Helvetica Neue', Arial, sans-serif;font-size:17px;background-color:#ffffff\">U prvom dijelu slijedi analiza osnovnih principa STEAM-a, daju\u0107i pregled elemenata koji poma\u017eu u procesu iskustvenog u\u010denja u \u0161koli.<\/span><br style=\"color:#212529;font-family:'-apple-system', 'system-ui', BlinkMacSystemFont, 'Segoe UI', Roboto, 'Helvetica Neue', Arial, sans-serif;font-size:17px;background-color:#ffffff\" \/><span style=\"color:#212529;font-family:'-apple-system', 'system-ui', BlinkMacSystemFont, 'Segoe UI', Roboto, 'Helvetica Neue', Arial, sans-serif;font-size:17px;background-color:#ffffff\">U drugom dijelu dati su primjeri pet implementiranih STEAM projekata za razli\u010dite razrede osnovne \u0161kole. U svim slu\u010dajevima, projekti kulminiraju postavljanjem pozori\u0161ne predstave. <\/span><\/p>\n<p><span style=\"color:#212529;font-family:'-apple-system', 'system-ui', BlinkMacSystemFont, 'Segoe UI', Roboto, 'Helvetica Neue', Arial, sans-serif;font-size:17px;background-color:#ffffff\">Autori: Blakou Theodora <\/span><\/p>\n<p><span style=\"color:#212529;font-family:'-apple-system', 'system-ui', BlinkMacSystemFont, 'Segoe UI', Roboto, 'Helvetica Neue', Arial, sans-serif;font-size:17px;background-color:#ffffff\">Vezivanje:<\/span><span style=\"font-weight:600;background-color:#ffffff;font-family:'-apple-system', 'system-ui', BlinkMacSystemFont, 'Segoe UI', Roboto, 'Helvetica Neue', Arial, sans-serif;font-size:1.067rem\">\u00a0<\/span><span style=\"background-color:#ffffff;font-family:'-apple-system', 'system-ui', BlinkMacSystemFont, 'Segoe UI', Roboto, 'Helvetica Neue', Arial, sans-serif;font-size:1.067rem\">Meki povez <\/span><\/p>\n<p><span style=\"background-color:#ffffff;font-family:'-apple-system', 'system-ui', BlinkMacSystemFont, 'Segoe UI', Roboto, 'Helvetica Neue', Arial, sans-serif;font-size:1.067rem\">Dimenzije: <\/span><span style=\"background-color:#ffffff;font-family:'-apple-system', 'system-ui', BlinkMacSystemFont, 'Segoe UI', Roboto, 'Helvetica Neue', Arial, sans-serif;font-size:1.067rem\">18X25cm. <\/span><\/p>\n<p><span style=\"background-color:#ffffff;font-family:'-apple-system', 'system-ui', BlinkMacSystemFont, 'Segoe UI', Roboto, 'Helvetica Neue', Arial, sans-serif;font-size:1.067rem\">Godina izdanja:<\/span><span style=\"font-weight:600;background-color:#ffffff;font-family:'-apple-system', 'system-ui', BlinkMacSystemFont, 'Segoe UI', Roboto, 'Helvetica Neue', Arial, sans-serif;font-size:1.067rem\">\u00a0<\/span><span style=\"background-color:#ffffff;font-family:'-apple-system', 'system-ui', BlinkMacSystemFont, 'Segoe UI', Roboto, 'Helvetica Neue', Arial, sans-serif;font-size:1.067rem\">2022 <\/span><\/p>\n<p><span style=\"background-color:#ffffff;font-family:'-apple-system', 'system-ui', BlinkMacSystemFont, 'Segoe UI', Roboto, 'Helvetica Neue', Arial, sans-serif;font-size:1.067rem\">Stranice:<\/span><span style=\"font-weight:600;background-color:#ffffff;font-family:'-apple-system', 'system-ui', BlinkMacSystemFont, 'Segoe UI', Roboto, 'Helvetica Neue', Arial, sans-serif;font-size:1.067rem\">\u00a0<\/span><span style=\"background-color:#ffffff;font-family:'-apple-system', 'system-ui', BlinkMacSystemFont, 'Segoe UI', Roboto, 'Helvetica Neue', Arial, sans-serif;font-size:1.067rem\">166<\/span><\/p>\n<p><span style=\"background-color:#ffffff;font-family:'-apple-system', 'system-ui', BlinkMacSystemFont, 'Segoe UI', Roboto, 'Helvetica Neue', Arial, sans-serif;font-size:1.067rem\">ISBN: 9789605714765<\/span><\/p>","protected":false},"excerpt":{"rendered":"<p><span style=\"color:#212529;font-family:'-apple-system', 'system-ui', BlinkMacSystemFont, 'Segoe UI', Roboto, 'Helvetica Neue', Arial, sans-serif;font-size:17px;background-color:#ffffff\">Ova knjiga te\u017ei da bude jednostavan vodi\u010d za istra\u017eivanje svijeta STEM-a kroz umjetnost (STEAM) koriste\u0107i zabavne i prilagodljive prakse, atraktivne prijedloge koji poti\u010du u\u010denike da sti\u010du nova znanja i otkrivaju svoju kreativnost.<\/span><br style=\"color:#212529;font-family:'-apple-system', 'system-ui', BlinkMacSystemFont, 'Segoe UI', Roboto, 'Helvetica Neue', Arial, sans-serif;font-size:17px;background-color:#ffffff\" \/><\/p>","protected":false},"featured_media":5008,"comment_status":"open","ping_status":"closed","template":"","meta":{"site-sidebar-layout":"default","site-content-layout":"","ast-site-content-layout":"default","site-content-style":"default","site-sidebar-style":"default","ast-global-header-display":"","ast-banner-title-visibility":"","ast-main-header-display":"","ast-hfb-above-header-display":"","ast-hfb-below-header-display":"","ast-hfb-mobile-header-display":"","site-post-title":"","ast-breadcrumbs-content":"","ast-featured-img":"","footer-sml-layout":"","ast-disable-related-posts":"","theme-transparent-header-meta":"","adv-header-id-meta":"","stick-header-meta":"","header-above-stick-meta":"","header-main-stick-meta":"","header-below-stick-meta":"","astra-migrate-meta-layouts":"default","ast-page-background-enabled":"default","ast-page-background-meta":{"desktop":{"background-color":"var(--ast-global-color-5)","background-image":"","background-repeat":"repeat","background-position":"center center","background-size":"auto","background-attachment":"scroll","background-type":"","background-media":"","overlay-type":"","overlay-color":"","overlay-opacity":"","overlay-gradient":""},"tablet":{"background-color":"","background-image":"","background-repeat":"repeat","background-position":"center center","background-size":"auto","background-attachment":"scroll","background-type":"","background-media":"","overlay-type":"","overlay-color":"","overlay-opacity":"","overlay-gradient":""},"mobile":{"background-color":"","background-image":"","background-repeat":"repeat","background-position":"center center","background-size":"auto","background-attachment":"scroll","background-type":"","background-media":"","overlay-type":"","overlay-color":"","overlay-opacity":"","overlay-gradient":""}},"ast-content-background-meta":{"desktop":{"background-color":"var(--ast-global-color-4)","background-image":"","background-repeat":"repeat","background-position":"center center","background-size":"auto","background-attachment":"scroll","background-type":"","background-media":"","overlay-type":"","overlay-color":"","overlay-opacity":"","overlay-gradient":""},"tablet":{"background-color":"var(--ast-global-color-4)","background-image":"","background-repeat":"repeat","background-position":"center center","background-size":"auto","background-attachment":"scroll","background-type":"","background-media":"","overlay-type":"","overlay-color":"","overlay-opacity":"","overlay-gradient":""},"mobile":{"background-color":"var(--ast-global-color-4)","background-image":"","background-repeat":"repeat","background-position":"center center","background-size":"auto","background-attachment":"scroll","background-type":"","background-media":"","overlay-type":"","overlay-color":"","overlay-opacity":"","overlay-gradient":""}}},"product_brand":[100],"product_cat":[25],"product_tag":[],"class_list":{"0":"post-6859","1":"product","2":"type-product","3":"status-publish","4":"has-post-thumbnail","6":"product_brand-bookstars","7":"product_cat--steam","8":"desktop-align-left","9":"tablet-align-left","10":"mobile-align-left","12":"first","13":"instock","14":"taxable","15":"shipping-taxable","16":"purchasable","17":"product-type-simple"},"_links":{"self":[{"href":"https:\/\/stem-eshop.gr\/bs\/wp-json\/wp\/v2\/product\/6859","targetHints":{"allow":["GET"]}}],"collection":[{"href":"https:\/\/stem-eshop.gr\/bs\/wp-json\/wp\/v2\/product"}],"about":[{"href":"https:\/\/stem-eshop.gr\/bs\/wp-json\/wp\/v2\/types\/product"}],"replies":[{"embeddable":true,"href":"https:\/\/stem-eshop.gr\/bs\/wp-json\/wp\/v2\/comments?post=6859"}],"wp:featuredmedia":[{"embeddable":true,"href":"https:\/\/stem-eshop.gr\/bs\/wp-json\/wp\/v2\/media\/5008"}],"wp:attachment":[{"href":"https:\/\/stem-eshop.gr\/bs\/wp-json\/wp\/v2\/media?parent=6859"}],"wp:term":[{"taxonomy":"product_brand","embeddable":true,"href":"https:\/\/stem-eshop.gr\/bs\/wp-json\/wp\/v2\/product_brand?post=6859"},{"taxonomy":"product_cat","embeddable":true,"href":"https:\/\/stem-eshop.gr\/bs\/wp-json\/wp\/v2\/product_cat?post=6859"},{"taxonomy":"product_tag","embeddable":true,"href":"https:\/\/stem-eshop.gr\/bs\/wp-json\/wp\/v2\/product_tag?post=6859"}],"curies":[{"name":"wp","href":"https:\/\/api.w.org\/{rel}","templated":true}]}}