{"id":6852,"date":"2025-05-19T08:54:31","date_gmt":"2025-05-19T08:54:31","guid":{"rendered":"https:\/\/stem-eshop.gr\/product\/4m-toys-%ce%b5%cf%80%ce%b9%cf%83%cf%84%ce%ae%ce%bc%ce%b7-%ce%ba%cf%85%ce%b1%ce%bb%ce%b9-%ce%bd%cf%85%cf%87%cf%84%ce%b5%cf%81%ce%b9%ce%bd%ce%b7%cf%83-%ce%bf%cf%81%ce%b1%cf%83%ce%b7%cf%83\/"},"modified":"2025-10-06T10:47:57","modified_gmt":"2025-10-06T07:47:57","slug":"4m-toys-%ce%b5%cf%80%ce%b9%cf%83%cf%84%ce%ae%ce%bc%ce%b7-%ce%ba%cf%85%ce%b1%ce%bb%ce%b9-%ce%bd%cf%85%cf%87%cf%84%ce%b5%cf%81%ce%b9%ce%bd%ce%b7%cf%83-%ce%bf%cf%81%ce%b1%cf%83%ce%b7%cf%83","status":"publish","type":"product","link":"https:\/\/stem-eshop.gr\/bs\/proizvod\/4m-toys-%ce%b5%cf%80%ce%b9%cf%83%cf%84%ce%ae%ce%bc%ce%b7-%ce%ba%cf%85%ce%b1%ce%bb%ce%b9-%ce%bd%cf%85%cf%87%cf%84%ce%b5%cf%81%ce%b9%ce%bd%ce%b7%cf%83-%ce%bf%cf%81%ce%b1%cf%83%ce%b7%cf%83\/","title":{"rendered":"4M Toys \u2013 Nauka: NAO\u010cALE ZA NO\u0106NI VID"},"content":{"rendered":"<p style=\"margin: 0px 0px 10px;padding: 0px;font-family: 'Open Sans', sans-serif;font-size: 15px;line-height: 1.3;letter-spacing: 0.7px;background-color: #ffffff\">KAKO RADI: Dvogled ima dva so\u010diva. Svjetlosne zrake s objekta koji gledate prvo prolaze kroz veliko so\u010divo. To je poznato kao objektiv. So\u010divo savija svjetlosne zrake jednu prema drugoj kako bi stvorilo malu sliku objekta. Malo so\u010divo, nazvano okularno so\u010divo, savija svjetlosne zrake u va\u0161e oko tako da mo\u017eete vidjeti sliku. Slika izgleda ve\u0107a od objekta, tako da mo\u017eete vidjeti objekt uve\u0107an. Crveni filter uklanja sve boje svjetlosti koje dolaze od objekta, ali propu\u0161ta crvenu svjetlost. Dugme za fokusiranje mijenja udaljenost izme\u0111u so\u010diva tako da mo\u017eete vidjeti objekte pri razli\u010ditim uve\u0107anjima.<\/p>\n<p style=\"margin: 0px 0px 10px;padding: 0px;font-family: 'Open Sans', sans-serif;font-size: 15px;line-height: 1.3;letter-spacing: 0.7px;background-color: #ffffff\">SADR\u017dAJ: 1 ku\u0107i\u0161te za baterije, 1 ku\u0107i\u0161te za opremu, 1 okular, 1 nosa\u010d objektiva, 1 mali prsten, 1 poklopac objektiva, 1 nosa\u010d filtera, 1 brava\/sigurnosni mehanizam za filter, 1 dugme za fokusiranje, 1 igla, 1 crveni filter, 1 malo so\u010divo, 1 veliko so\u010divo. Tako\u0111er je potrebno, ali nije uklju\u010deno u ovo pakovanje: mali kri\u017eni odvija\u010d za zamjenu baterija.<\/p>\n<p style=\"margin: 0px 0px 10px;padding: 0px;font-family: 'Open Sans', sans-serif;font-size: 15px;line-height: 1.3;letter-spacing: 0.7px;background-color: #ffffff\">Upute su uklju\u010dene na gr\u010dkom jeziku.<\/p>","protected":false},"excerpt":{"rendered":"<p><span style=\"font-family: 'Open Sans', sans-serif;font-size: 15px;letter-spacing: 0.7px;background-color: #ffffff\">Napravite vlastiti dalekozor s LED svjetlosnim snopom i obojenim so\u010divom s filterom koji opona\u0161a tehnologiju no\u0107nog vida za uzbudljive \u0161pijunske igre.\u00a0<\/span><\/p>","protected":false},"featured_media":4956,"comment_status":"open","ping_status":"closed","template":"","meta":{"site-sidebar-layout":"default","site-content-layout":"","ast-site-content-layout":"default","site-content-style":"default","site-sidebar-style":"default","ast-global-header-display":"","ast-banner-title-visibility":"","ast-main-header-display":"","ast-hfb-above-header-display":"","ast-hfb-below-header-display":"","ast-hfb-mobile-header-display":"","site-post-title":"","ast-breadcrumbs-content":"","ast-featured-img":"","footer-sml-layout":"","ast-disable-related-posts":"","theme-transparent-header-meta":"default","adv-header-id-meta":"","stick-header-meta":"","header-above-stick-meta":"","header-main-stick-meta":"","header-below-stick-meta":"","astra-migrate-meta-layouts":"set","ast-page-background-enabled":"default","ast-page-background-meta":{"desktop":{"background-color":"var(--ast-global-color-5)","background-image":"","background-repeat":"repeat","background-position":"center center","background-size":"auto","background-attachment":"scroll","background-type":"","background-media":"","overlay-type":"","overlay-color":"","overlay-opacity":"","overlay-gradient":""},"tablet":{"background-color":"","background-image":"","background-repeat":"repeat","background-position":"center center","background-size":"auto","background-attachment":"scroll","background-type":"","background-media":"","overlay-type":"","overlay-color":"","overlay-opacity":"","overlay-gradient":""},"mobile":{"background-color":"","background-image":"","background-repeat":"repeat","background-position":"center center","background-size":"auto","background-attachment":"scroll","background-type":"","background-media":"","overlay-type":"","overlay-color":"","overlay-opacity":"","overlay-gradient":""}},"ast-content-background-meta":{"desktop":{"background-color":"var(--ast-global-color-4)","background-image":"","background-repeat":"repeat","background-position":"center center","background-size":"auto","background-attachment":"scroll","background-type":"","background-media":"","overlay-type":"","overlay-color":"","overlay-opacity":"","overlay-gradient":""},"tablet":{"background-color":"var(--ast-global-color-4)","background-image":"","background-repeat":"repeat","background-position":"center center","background-size":"auto","background-attachment":"scroll","background-type":"","background-media":"","overlay-type":"","overlay-color":"","overlay-opacity":"","overlay-gradient":""},"mobile":{"background-color":"var(--ast-global-color-4)","background-image":"","background-repeat":"repeat","background-position":"center center","background-size":"auto","background-attachment":"scroll","background-type":"","background-media":"","overlay-type":"","overlay-color":"","overlay-opacity":"","overlay-gradient":""}}},"product_brand":[96],"product_cat":[43,39,52,38,29,30,26,59,58],"product_tag":[],"class_list":{"0":"post-6852","1":"product","2":"type-product","3":"status-publish","4":"has-post-thumbnail","6":"product_brand-4m","7":"product_cat-43","8":"product_cat-39","9":"product_cat-52","10":"product_cat-38","11":"product_cat-29","12":"product_cat--6-9-","13":"product_cat-26","14":"product_cat-59","15":"product_cat-58","16":"desktop-align-left","17":"tablet-align-left","18":"mobile-align-left","20":"first","21":"instock","22":"taxable","23":"shipping-taxable","24":"purchasable","25":"product-type-simple"},"_links":{"self":[{"href":"https:\/\/stem-eshop.gr\/bs\/wp-json\/wp\/v2\/product\/6852","targetHints":{"allow":["GET"]}}],"collection":[{"href":"https:\/\/stem-eshop.gr\/bs\/wp-json\/wp\/v2\/product"}],"about":[{"href":"https:\/\/stem-eshop.gr\/bs\/wp-json\/wp\/v2\/types\/product"}],"replies":[{"embeddable":true,"href":"https:\/\/stem-eshop.gr\/bs\/wp-json\/wp\/v2\/comments?post=6852"}],"wp:featuredmedia":[{"embeddable":true,"href":"https:\/\/stem-eshop.gr\/bs\/wp-json\/wp\/v2\/media\/4956"}],"wp:attachment":[{"href":"https:\/\/stem-eshop.gr\/bs\/wp-json\/wp\/v2\/media?parent=6852"}],"wp:term":[{"taxonomy":"product_brand","embeddable":true,"href":"https:\/\/stem-eshop.gr\/bs\/wp-json\/wp\/v2\/product_brand?post=6852"},{"taxonomy":"product_cat","embeddable":true,"href":"https:\/\/stem-eshop.gr\/bs\/wp-json\/wp\/v2\/product_cat?post=6852"},{"taxonomy":"product_tag","embeddable":true,"href":"https:\/\/stem-eshop.gr\/bs\/wp-json\/wp\/v2\/product_tag?post=6852"}],"curies":[{"name":"wp","href":"https:\/\/api.w.org\/{rel}","templated":true}]}}