{"id":6814,"date":"2025-05-19T08:51:59","date_gmt":"2025-05-19T08:51:59","guid":{"rendered":"https:\/\/stem-eshop.gr\/product\/pop-bubbles-simple-dimple-fidget-spinners\/"},"modified":"2025-10-30T18:24:22","modified_gmt":"2025-10-30T15:24:22","slug":"pop-bubbles-simple-dimple-fidget-spinners","status":"publish","type":"product","link":"https:\/\/stem-eshop.gr\/bs\/proizvod\/pop-bubbles-simple-dimple-fidget-spinners\/","title":{"rendered":"Pop Bubbles Jednostavne vrtiljake s rupicama"},"content":{"rendered":"<p class=\"MsoNormal\">Detaljno:<\/p>\n<p class=\"MsoNormal\">Interaktivni dizajn:<\/p>\n<p class=\"MsoNormal\">Kombinuje klasi\u010dni spinner sa atraktivnim mjehuri\u0107ima, pru\u017eaju\u0107i dvostruku funkcionalnost.<\/p>\n<p class=\"MsoNormal\">Pucketavi mjehuri\u0107i su fleksibilne povr\u0161ine koje se mogu stisnuti, proizvode\u0107i ugodan osje\u0107aj i zvuk.<\/p>\n<p class=\"MsoNormal\">Visokokvalitetni materijali:<\/p>\n<p class=\"MsoNormal\">Napravljeno od sigurnog, netoksi\u010dnog silikonskog materijala za mjehuri\u0107e i izdr\u017eljive plastike za bazu spinnera.<\/p>\n<p class=\"MsoNormal\">Podnosi \u010destu upotrebu bez habanja.<\/p>\n<p class=\"MsoNormal\">Jednostavnost kori\u0161tenja:<\/p>\n<p class=\"MsoNormal\">Lagan i ergonomski, idealan za djecu i odrasle.<\/p>\n<p class=\"MsoNormal\">Lako se nosi, idealno za upotrebu kod ku\u0107e, u \u0161koli ili kancelariji.<\/p>\n<p class=\"MsoNormal\">Prednosti:<\/p>\n<p class=\"MsoNormal\">Ubla\u017eava stres i poma\u017ee u opu\u0161tanju kroz senzornu igru.<\/p>\n<p class=\"MsoNormal\">Pobolj\u0161ava koncentraciju i fokus.<\/p>\n<p class=\"MsoNormal\">Idealno za ljude kojima je potrebno ne\u0161to da zaokupe ruke, kao \u0161to su studenti ili radnici.<\/p>\n<p class=\"MsoNormal\">Boje i stilovi:<\/p>\n<p class=\"MsoNormal\">Dostupan u raznim \u017eivim bojama koje ga \u010dine jo\u0161 atraktivnijim.<\/p>\n<p class=\"MsoNormal\">Vi\u0161estruka zabava:<\/p>\n<p class=\"MsoNormal\">Kombinuje rotaciono djelovanje fidget spinnera sa umiruju\u0107im djelovanjem mjehuri\u0107a.<\/p>\n<p class=\"MsoNormal\">Fidget Spinneri Pop Bubbles Simple Dimple savr\u0161en su dodatak za zabavu, ubla\u017eavanje stresa i senzornu relaksaciju, idealni za sve uzraste.<\/p>","protected":false},"excerpt":{"rendered":"<p>Fidget Spinneri Pop Bubbles Simple Dimple su kombinacija zabave i opu\u0161tanja koja nudi jedinstveno senzorno iskustvo igre.<\/p>","protected":false},"featured_media":4868,"comment_status":"open","ping_status":"closed","template":"","meta":{"site-sidebar-layout":"default","site-content-layout":"","ast-site-content-layout":"default","site-content-style":"default","site-sidebar-style":"default","ast-global-header-display":"","ast-banner-title-visibility":"","ast-main-header-display":"","ast-hfb-above-header-display":"","ast-hfb-below-header-display":"","ast-hfb-mobile-header-display":"","site-post-title":"","ast-breadcrumbs-content":"","ast-featured-img":"","footer-sml-layout":"","ast-disable-related-posts":"","theme-transparent-header-meta":"default","adv-header-id-meta":"","stick-header-meta":"","header-above-stick-meta":"","header-main-stick-meta":"","header-below-stick-meta":"","astra-migrate-meta-layouts":"set","ast-page-background-enabled":"default","ast-page-background-meta":{"desktop":{"background-color":"var(--ast-global-color-5)","background-image":"","background-repeat":"repeat","background-position":"center center","background-size":"auto","background-attachment":"scroll","background-type":"","background-media":"","overlay-type":"","overlay-color":"","overlay-opacity":"","overlay-gradient":""},"tablet":{"background-color":"","background-image":"","background-repeat":"repeat","background-position":"center center","background-size":"auto","background-attachment":"scroll","background-type":"","background-media":"","overlay-type":"","overlay-color":"","overlay-opacity":"","overlay-gradient":""},"mobile":{"background-color":"","background-image":"","background-repeat":"repeat","background-position":"center center","background-size":"auto","background-attachment":"scroll","background-type":"","background-media":"","overlay-type":"","overlay-color":"","overlay-opacity":"","overlay-gradient":""}},"ast-content-background-meta":{"desktop":{"background-color":"var(--ast-global-color-4)","background-image":"","background-repeat":"repeat","background-position":"center center","background-size":"auto","background-attachment":"scroll","background-type":"","background-media":"","overlay-type":"","overlay-color":"","overlay-opacity":"","overlay-gradient":""},"tablet":{"background-color":"var(--ast-global-color-4)","background-image":"","background-repeat":"repeat","background-position":"center center","background-size":"auto","background-attachment":"scroll","background-type":"","background-media":"","overlay-type":"","overlay-color":"","overlay-opacity":"","overlay-gradient":""},"mobile":{"background-color":"var(--ast-global-color-4)","background-image":"","background-repeat":"repeat","background-position":"center center","background-size":"auto","background-attachment":"scroll","background-type":"","background-media":"","overlay-type":"","overlay-color":"","overlay-opacity":"","overlay-gradient":""}}},"product_brand":[107],"product_cat":[126,44,56,47,35,40,30,55,26],"product_tag":[],"class_list":{"0":"post-6814","1":"product","2":"type-product","3":"status-publish","4":"has-post-thumbnail","6":"product_brand-ngs","7":"product_cat-126","8":"product_cat-44","9":"product_cat-56","10":"product_cat-47","11":"product_cat--10-12-","12":"product_cat--12-","13":"product_cat--6-9-","14":"product_cat-55","15":"product_cat-26","16":"desktop-align-left","17":"tablet-align-left","18":"mobile-align-left","20":"first","21":"instock","22":"taxable","23":"shipping-taxable","24":"purchasable","25":"product-type-simple"},"_links":{"self":[{"href":"https:\/\/stem-eshop.gr\/bs\/wp-json\/wp\/v2\/product\/6814","targetHints":{"allow":["GET"]}}],"collection":[{"href":"https:\/\/stem-eshop.gr\/bs\/wp-json\/wp\/v2\/product"}],"about":[{"href":"https:\/\/stem-eshop.gr\/bs\/wp-json\/wp\/v2\/types\/product"}],"replies":[{"embeddable":true,"href":"https:\/\/stem-eshop.gr\/bs\/wp-json\/wp\/v2\/comments?post=6814"}],"wp:featuredmedia":[{"embeddable":true,"href":"https:\/\/stem-eshop.gr\/bs\/wp-json\/wp\/v2\/media\/4868"}],"wp:attachment":[{"href":"https:\/\/stem-eshop.gr\/bs\/wp-json\/wp\/v2\/media?parent=6814"}],"wp:term":[{"taxonomy":"product_brand","embeddable":true,"href":"https:\/\/stem-eshop.gr\/bs\/wp-json\/wp\/v2\/product_brand?post=6814"},{"taxonomy":"product_cat","embeddable":true,"href":"https:\/\/stem-eshop.gr\/bs\/wp-json\/wp\/v2\/product_cat?post=6814"},{"taxonomy":"product_tag","embeddable":true,"href":"https:\/\/stem-eshop.gr\/bs\/wp-json\/wp\/v2\/product_tag?post=6814"}],"curies":[{"name":"wp","href":"https:\/\/api.w.org\/{rel}","templated":true}]}}