{"id":6813,"date":"2025-05-19T08:51:57","date_gmt":"2025-05-19T08:51:57","guid":{"rendered":"https:\/\/stem-eshop.gr\/product\/fidget-spinner-%ce%bc%ce%b5%cf%84%ce%b1%cf%83%cf%87%ce%b7%ce%bc%ce%b1%cf%84%ce%b9%ce%b6%cf%8c%ce%bc%ce%b5%ce%bd%ce%b7-%ce%b1%ce%bb%cf%85%cf%83%ce%af%ce%b4%ce%b1-%ce%bc%ce%b7%cf%87%ce%b1%ce%bd\/"},"modified":"2025-10-30T18:24:22","modified_gmt":"2025-10-30T15:24:22","slug":"fidget-spinner-%ce%bc%ce%b5%cf%84%ce%b1%cf%83%cf%87%ce%b7%ce%bc%ce%b1%cf%84%ce%b9%ce%b6%cf%8c%ce%bc%ce%b5%ce%bd%ce%b7-%ce%b1%ce%bb%cf%85%cf%83%ce%af%ce%b4%ce%b1-%ce%bc%ce%b7%cf%87%ce%b1%ce%bd","status":"publish","type":"product","link":"https:\/\/stem-eshop.gr\/bs\/proizvod\/fidget-spinner-%ce%bc%ce%b5%cf%84%ce%b1%cf%83%cf%87%ce%b7%ce%bc%ce%b1%cf%84%ce%b9%ce%b6%cf%8c%ce%bc%ce%b5%ce%bd%ce%b7-%ce%b1%ce%bb%cf%85%cf%83%ce%af%ce%b4%ce%b1-%ce%bc%ce%b7%cf%87%ce%b1%ce%bd\/","title":{"rendered":"Fidget Spinner \u2013 Transformiraju\u0107i lanac i mehani\u010dki spinner"},"content":{"rendered":"<p class=\"MsoNormal\">Detaljno:<\/p>\n<p class=\"MsoNormal\">Jedinstveni dizajn:<\/p>\n<p class=\"MsoNormal\">Uklju\u010duje konektore koji omogu\u0107avaju da se spinner transformi\u0161e u razli\u010dite oblike.<\/p>\n<p class=\"MsoNormal\">Omogu\u0107ava prilago\u0111avanje i kreiranje li\u010dnog stila.<\/p>\n<p class=\"MsoNormal\">Mehani\u010dka rotacija:<\/p>\n<p class=\"MsoNormal\">Opremljen visokokvalitetnim le\u017eajevima za tihu i glatku rotaciju.<\/p>\n<p class=\"MsoNormal\">Ima mehani\u010dki pokretne dijelove koji pove\u0107avaju u\u017eivanje i iskustvo kori\u0161tenja.<\/p>\n<p class=\"MsoNormal\">Gra\u0111evinski materijali:<\/p>\n<p class=\"MsoNormal\">Izdr\u017eljivi materijali poput metalne legure ili visokokvalitetne plastike za dug vijek trajanja.<\/p>\n<p class=\"MsoNormal\">Glatke i sigurne ivice za udobnu i sigurnu upotrebu.<\/p>\n<p class=\"MsoNormal\">Polimorfna upotreba:<\/p>\n<p class=\"MsoNormal\">Mo\u017ee se koristiti kao klasi\u010dni fidget spinner ili kao igra\u010dka za konstrukciju s transformiraju\u0107im lancima.<\/p>\n<p class=\"MsoNormal\">Idealno za one koji u\u017eivaju u eksperimentiranju s in\u017eenjerstvom i kreativno\u0161\u0107u.<\/p>\n<p class=\"MsoNormal\">Prednosti:<\/p>\n<p class=\"MsoNormal\">Poma\u017ee kod opu\u0161tanja, smanjuje stres i pobolj\u0161ava koncentraciju.<\/p>\n<p class=\"MsoNormal\">Podsti\u010de ma\u0161tu i vje\u0161tinu, nude\u0107i jedinstvenu kombinaciju zabave i razvoja vje\u0161tina.<\/p>\n<p class=\"MsoNormal\">Prenosiv i lagan:<\/p>\n<p class=\"MsoNormal\">Kompaktna veli\u010dina omogu\u0107ava lako no\u0161enje u d\u017eepu ili torbi.<\/p>\n<p><span style=\"font-size: 11pt; line-height: 107%; font-family: Calibri, sans-serif;\">Fidget Spinner je idealan izbor za one koji tra\u017ee kombinaciju inovacije, kreativnosti i u\u017eivanja.<\/span><\/p>","protected":false},"excerpt":{"rendered":"<p>Fidget Spinner \u2013 Transformabilni lanac i mehani\u010dki spinner je inovativna igra\u010dka koja kombinuje kreativnost, funkcionalnost i zabavu.<\/p>","protected":false},"featured_media":4863,"comment_status":"open","ping_status":"closed","template":"","meta":{"site-sidebar-layout":"default","site-content-layout":"","ast-site-content-layout":"default","site-content-style":"default","site-sidebar-style":"default","ast-global-header-display":"","ast-banner-title-visibility":"","ast-main-header-display":"","ast-hfb-above-header-display":"","ast-hfb-below-header-display":"","ast-hfb-mobile-header-display":"","site-post-title":"","ast-breadcrumbs-content":"","ast-featured-img":"","footer-sml-layout":"","ast-disable-related-posts":"","theme-transparent-header-meta":"default","adv-header-id-meta":"","stick-header-meta":"","header-above-stick-meta":"","header-main-stick-meta":"","header-below-stick-meta":"","astra-migrate-meta-layouts":"set","ast-page-background-enabled":"default","ast-page-background-meta":{"desktop":{"background-color":"var(--ast-global-color-5)","background-image":"","background-repeat":"repeat","background-position":"center center","background-size":"auto","background-attachment":"scroll","background-type":"","background-media":"","overlay-type":"","overlay-color":"","overlay-opacity":"","overlay-gradient":""},"tablet":{"background-color":"","background-image":"","background-repeat":"repeat","background-position":"center center","background-size":"auto","background-attachment":"scroll","background-type":"","background-media":"","overlay-type":"","overlay-color":"","overlay-opacity":"","overlay-gradient":""},"mobile":{"background-color":"","background-image":"","background-repeat":"repeat","background-position":"center center","background-size":"auto","background-attachment":"scroll","background-type":"","background-media":"","overlay-type":"","overlay-color":"","overlay-opacity":"","overlay-gradient":""}},"ast-content-background-meta":{"desktop":{"background-color":"var(--ast-global-color-4)","background-image":"","background-repeat":"repeat","background-position":"center center","background-size":"auto","background-attachment":"scroll","background-type":"","background-media":"","overlay-type":"","overlay-color":"","overlay-opacity":"","overlay-gradient":""},"tablet":{"background-color":"var(--ast-global-color-4)","background-image":"","background-repeat":"repeat","background-position":"center center","background-size":"auto","background-attachment":"scroll","background-type":"","background-media":"","overlay-type":"","overlay-color":"","overlay-opacity":"","overlay-gradient":""},"mobile":{"background-color":"var(--ast-global-color-4)","background-image":"","background-repeat":"repeat","background-position":"center center","background-size":"auto","background-attachment":"scroll","background-type":"","background-media":"","overlay-type":"","overlay-color":"","overlay-opacity":"","overlay-gradient":""}}},"product_brand":[107],"product_cat":[126,50,56,47,37,35,40,30,55],"product_tag":[],"class_list":{"0":"post-6813","1":"product","2":"type-product","3":"status-publish","4":"has-post-thumbnail","6":"product_brand-ngs","7":"product_cat-126","8":"product_cat-50","9":"product_cat-56","10":"product_cat-47","11":"product_cat-37","12":"product_cat--10-12-","13":"product_cat--12-","14":"product_cat--6-9-","15":"product_cat-55","16":"desktop-align-left","17":"tablet-align-left","18":"mobile-align-left","20":"first","21":"instock","22":"taxable","23":"shipping-taxable","24":"purchasable","25":"product-type-simple"},"_links":{"self":[{"href":"https:\/\/stem-eshop.gr\/bs\/wp-json\/wp\/v2\/product\/6813","targetHints":{"allow":["GET"]}}],"collection":[{"href":"https:\/\/stem-eshop.gr\/bs\/wp-json\/wp\/v2\/product"}],"about":[{"href":"https:\/\/stem-eshop.gr\/bs\/wp-json\/wp\/v2\/types\/product"}],"replies":[{"embeddable":true,"href":"https:\/\/stem-eshop.gr\/bs\/wp-json\/wp\/v2\/comments?post=6813"}],"wp:featuredmedia":[{"embeddable":true,"href":"https:\/\/stem-eshop.gr\/bs\/wp-json\/wp\/v2\/media\/4863"}],"wp:attachment":[{"href":"https:\/\/stem-eshop.gr\/bs\/wp-json\/wp\/v2\/media?parent=6813"}],"wp:term":[{"taxonomy":"product_brand","embeddable":true,"href":"https:\/\/stem-eshop.gr\/bs\/wp-json\/wp\/v2\/product_brand?post=6813"},{"taxonomy":"product_cat","embeddable":true,"href":"https:\/\/stem-eshop.gr\/bs\/wp-json\/wp\/v2\/product_cat?post=6813"},{"taxonomy":"product_tag","embeddable":true,"href":"https:\/\/stem-eshop.gr\/bs\/wp-json\/wp\/v2\/product_tag?post=6813"}],"curies":[{"name":"wp","href":"https:\/\/api.w.org\/{rel}","templated":true}]}}