{"id":6811,"date":"2025-05-19T08:51:54","date_gmt":"2025-05-19T08:51:54","guid":{"rendered":"https:\/\/stem-eshop.gr\/product\/2-%cf%83%ce%b5-1-%cf%80%ce%b1%ce%b9%cf%87%ce%bd%ce%af%ce%b4%ce%b9-%ce%b3%cf%81%ce%ae%ce%b3%ce%bf%cf%81%ce%bf%cf%85-%cf%80%ce%b1%ce%b6%ce%bb-spinner-1x3x3-%ce%bc%ce%b1%ce%b3%ce%b9%ce%ba%cf%8c%cf%82\/"},"modified":"2026-04-23T10:45:45","modified_gmt":"2026-04-23T07:45:45","slug":"2-%cf%83%ce%b5-1-%cf%80%ce%b1%ce%b9%cf%87%ce%bd%ce%af%ce%b4%ce%b9-%ce%b3%cf%81%ce%ae%ce%b3%ce%bf%cf%81%ce%bf%cf%85-%cf%80%ce%b1%ce%b6%ce%bb-spinner-1x3x3-%ce%bc%ce%b1%ce%b3%ce%b9%ce%ba%cf%8c%cf%82","status":"publish","type":"product","link":"https:\/\/stem-eshop.gr\/bs\/proizvod\/2-%cf%83%ce%b5-1-%cf%80%ce%b1%ce%b9%cf%87%ce%bd%ce%af%ce%b4%ce%b9-%ce%b3%cf%81%ce%ae%ce%b3%ce%bf%cf%81%ce%bf%cf%85-%cf%80%ce%b1%ce%b6%ce%bb-spinner-1x3x3-%ce%bc%ce%b1%ce%b3%ce%b9%ce%ba%cf%8c%cf%82\/","title":{"rendered":"2 u 1 Speed Spinner Puzzle igra, 1x3x3 Magi\u010dna kocka"},"content":{"rendered":"<p class=\"MsoNormal\">Detaljne karakteristike:<\/p>\n<p class=\"MsoNormal\">Dizajn s dvostrukom funkcijom:<\/p>\n<p class=\"MsoNormal\">Magi\u010dna kocka (1x3x3): Izgleda kao mini kocka za slagalicu, s tri reda koja se mogu rotirati, nude\u0107i brz, ali zanimljiv izazov rje\u0161avanja.<\/p>\n<p class=\"MsoNormal\">Spinner: Uklju\u010duje mehanizam za okretanje u sredini, koji mu omogu\u0107ava da funkcioni\u0161e kao fidget spinner za opu\u0161tanje i zabavu.<\/p>\n<p class=\"MsoNormal\">Materijali za izradu: Napravljeno od visokokvalitetne plastike, otporne na habanje, sa glatkim ivicama za sigurnu upotrebu.<\/p>\n<p class=\"MsoNormal\">Ergonomija: Lagan je i malih dimenzija, tako da udobno le\u017ei u dlanu i jednostavan je za no\u0161enje.<\/p>\n<p class=\"MsoNormal\">Vi\u0161enamjensko: Idealno za ljude koji \u017eele vje\u017ebati zagonetke, ali i ubla\u017eiti stres pomo\u0107u spinnera.<\/p>\n<p class=\"MsoNormal\">Boje: Sadr\u017ei jarke boje koje pobolj\u0161avaju vizualnu privla\u010dnost i poma\u017eu u rje\u0161avanju kocke.<\/p>\n<p class=\"MsoNormal\">Primjena: Odli\u010dno za djecu i odrasle, kao alat za zabavu, opu\u0161tanje i pobolj\u0161anje koncentracije.<\/p>\n<p class=\"MsoNormal\">Proizvod kombinira radost brze igre slagalica sa spokojem koji nudi fidget spinner, \u0161to ga \u010dini savr\u0161enim za poklon ili svakodnevnu upotrebu.<\/p>","protected":false},"excerpt":{"rendered":"<p>Igra slagalice 2 u 1 sa brzim okretanjem, 1x3x3 Magi\u010dna kocka, kombinacija je dvije zabavne igre u jednom jedinstvenom ure\u0111aju, idealnom za zabavu i izazov.<\/p>","protected":false},"featured_media":4854,"comment_status":"open","ping_status":"closed","template":"","meta":{"site-sidebar-layout":"default","site-content-layout":"","ast-site-content-layout":"default","site-content-style":"default","site-sidebar-style":"default","ast-global-header-display":"","ast-banner-title-visibility":"","ast-main-header-display":"","ast-hfb-above-header-display":"","ast-hfb-below-header-display":"","ast-hfb-mobile-header-display":"","site-post-title":"","ast-breadcrumbs-content":"","ast-featured-img":"","footer-sml-layout":"","ast-disable-related-posts":"","theme-transparent-header-meta":"default","adv-header-id-meta":"","stick-header-meta":"","header-above-stick-meta":"","header-main-stick-meta":"","header-below-stick-meta":"","astra-migrate-meta-layouts":"set","ast-page-background-enabled":"default","ast-page-background-meta":{"desktop":{"background-color":"var(--ast-global-color-5)","background-image":"","background-repeat":"repeat","background-position":"center center","background-size":"auto","background-attachment":"scroll","background-type":"","background-media":"","overlay-type":"","overlay-color":"","overlay-opacity":"","overlay-gradient":""},"tablet":{"background-color":"","background-image":"","background-repeat":"repeat","background-position":"center center","background-size":"auto","background-attachment":"scroll","background-type":"","background-media":"","overlay-type":"","overlay-color":"","overlay-opacity":"","overlay-gradient":""},"mobile":{"background-color":"","background-image":"","background-repeat":"repeat","background-position":"center center","background-size":"auto","background-attachment":"scroll","background-type":"","background-media":"","overlay-type":"","overlay-color":"","overlay-opacity":"","overlay-gradient":""}},"ast-content-background-meta":{"desktop":{"background-color":"var(--ast-global-color-4)","background-image":"","background-repeat":"repeat","background-position":"center center","background-size":"auto","background-attachment":"scroll","background-type":"","background-media":"","overlay-type":"","overlay-color":"","overlay-opacity":"","overlay-gradient":""},"tablet":{"background-color":"var(--ast-global-color-4)","background-image":"","background-repeat":"repeat","background-position":"center center","background-size":"auto","background-attachment":"scroll","background-type":"","background-media":"","overlay-type":"","overlay-color":"","overlay-opacity":"","overlay-gradient":""},"mobile":{"background-color":"var(--ast-global-color-4)","background-image":"","background-repeat":"repeat","background-position":"center center","background-size":"auto","background-attachment":"scroll","background-type":"","background-media":"","overlay-type":"","overlay-color":"","overlay-opacity":"","overlay-gradient":""}}},"product_brand":[107],"product_cat":[126,50,56,47,37,30,55,26],"product_tag":[],"class_list":{"0":"post-6811","1":"product","2":"type-product","3":"status-publish","4":"has-post-thumbnail","6":"product_brand-ngs","7":"product_cat-126","8":"product_cat-50","9":"product_cat-56","10":"product_cat-47","11":"product_cat-37","12":"product_cat--6-9-","13":"product_cat-55","14":"product_cat-26","15":"desktop-align-left","16":"tablet-align-left","17":"mobile-align-left","19":"first","20":"instock","21":"taxable","22":"shipping-taxable","23":"purchasable","24":"product-type-simple"},"_links":{"self":[{"href":"https:\/\/stem-eshop.gr\/bs\/wp-json\/wp\/v2\/product\/6811","targetHints":{"allow":["GET"]}}],"collection":[{"href":"https:\/\/stem-eshop.gr\/bs\/wp-json\/wp\/v2\/product"}],"about":[{"href":"https:\/\/stem-eshop.gr\/bs\/wp-json\/wp\/v2\/types\/product"}],"replies":[{"embeddable":true,"href":"https:\/\/stem-eshop.gr\/bs\/wp-json\/wp\/v2\/comments?post=6811"}],"wp:featuredmedia":[{"embeddable":true,"href":"https:\/\/stem-eshop.gr\/bs\/wp-json\/wp\/v2\/media\/4854"}],"wp:attachment":[{"href":"https:\/\/stem-eshop.gr\/bs\/wp-json\/wp\/v2\/media?parent=6811"}],"wp:term":[{"taxonomy":"product_brand","embeddable":true,"href":"https:\/\/stem-eshop.gr\/bs\/wp-json\/wp\/v2\/product_brand?post=6811"},{"taxonomy":"product_cat","embeddable":true,"href":"https:\/\/stem-eshop.gr\/bs\/wp-json\/wp\/v2\/product_cat?post=6811"},{"taxonomy":"product_tag","embeddable":true,"href":"https:\/\/stem-eshop.gr\/bs\/wp-json\/wp\/v2\/product_tag?post=6811"}],"curies":[{"name":"wp","href":"https:\/\/api.w.org\/{rel}","templated":true}]}}