{"id":6796,"date":"2025-05-19T08:51:30","date_gmt":"2025-05-19T08:51:30","guid":{"rendered":"https:\/\/stem-eshop.gr\/product\/%cf%83%ce%b5%cf%84-%ce%bc%ce%b5%cf%84%ce%b1%ce%bb%ce%bb%ce%b9%ce%ba%ce%ac-%ce%ba%ce%b1%ce%b9-%ce%be%cf%8d%ce%bb%ce%b9%ce%bd%ce%b1-%cf%80%ce%b1%ce%b6%ce%bb-%ce%b5%ce%be%ce%ac%cf%83%ce%ba%ce%b7%cf%83\/"},"modified":"2025-05-22T07:40:46","modified_gmt":"2025-05-22T07:40:46","slug":"%cf%83%ce%b5%cf%84-%ce%bc%ce%b5%cf%84%ce%b1%ce%bb%ce%bb%ce%b9%ce%ba%ce%ac-%ce%ba%ce%b1%ce%b9-%ce%be%cf%8d%ce%bb%ce%b9%ce%bd%ce%b1-%cf%80%ce%b1%ce%b6%ce%bb-%ce%b5%ce%be%ce%ac%cf%83%ce%ba%ce%b7%cf%83","status":"publish","type":"product","link":"https:\/\/stem-eshop.gr\/bs\/proizvod\/%cf%83%ce%b5%cf%84-%ce%bc%ce%b5%cf%84%ce%b1%ce%bb%ce%bb%ce%b9%ce%ba%ce%ac-%ce%ba%ce%b1%ce%b9-%ce%be%cf%8d%ce%bb%ce%b9%ce%bd%ce%b1-%cf%80%ce%b1%ce%b6%ce%bb-%ce%b5%ce%be%ce%ac%cf%83%ce%ba%ce%b7%cf%83\/","title":{"rendered":"Set metalnih i drvenih slagalica za trening mozga"},"content":{"rendered":"<p>Raznovrsne slagalice: Uklju\u010duje metalne i drvene slagalice razli\u010ditih nivoa te\u017eine, pogodne za sve uzraste.<\/p>\n<p>Edukacija i zabava: Poma\u017ee u razvoju razmi\u0161ljanja, koncentracije i vje\u0161tina rje\u0161avanja problema.<\/p>\n<p>Test inteligencije i logike: Uklju\u010duje izazove koji pobolj\u0161avaju logiku i pove\u0107avaju kreativnost.<\/p>\n<p>Prijenosne igre: Savr\u0161ena veli\u010dina za jednostavan transport tako da mo\u017eete igrati bilo gdje.<\/p>\n<p>Visokokvalitetni materijali: Napravljeni od izdr\u017eljivog metala i ekolo\u0161ki prihvatljivog drveta, osiguravaju sigurnost i trajnost.<\/p>\n<\/p>\n<p class=\"MsoNormal\">Idealno za:<\/p>\n<\/p>\n<p class=\"MsoNormal\">Oni koji vole igre i izazove za mozak.<\/p>\n<\/p>\n<p class=\"MsoNormal\">Odrasli koji \u017eele pobolj\u0161ati svoju koncentraciju i strpljenje.<\/p>\n<\/p>\n<p class=\"MsoNormal\">Djeca koja \u017eele razviti logiku i vje\u0161tine rje\u0161avanja problema.<\/p>\n<\/p>\n<p class=\"MsoNormal\">Ovaj set je savr\u0161en poklon za svaku priliku, nude\u0107i sate zabave i edukacije!!<\/p>","protected":false},"excerpt":{"rendered":"<p>Set zagonetki za mozak je kolekcija zabavnih i edukativnih zagonetki koje pobolj\u0161avaju logi\u010dko razmi\u0161ljanje, kreativnost i rje\u0161avanje problema. Savr\u0161eno dizajniran za dje\u010dake, djevoj\u010dice i odrasle, nudi uzbudljivo iskustvo puno izazova za um.<\/p>","protected":false},"featured_media":4769,"comment_status":"open","ping_status":"closed","template":"","meta":{"site-sidebar-layout":"default","site-content-layout":"","ast-site-content-layout":"default","site-content-style":"default","site-sidebar-style":"default","ast-global-header-display":"","ast-banner-title-visibility":"","ast-main-header-display":"","ast-hfb-above-header-display":"","ast-hfb-below-header-display":"","ast-hfb-mobile-header-display":"","site-post-title":"","ast-breadcrumbs-content":"","ast-featured-img":"","footer-sml-layout":"","ast-disable-related-posts":"","theme-transparent-header-meta":"","adv-header-id-meta":"","stick-header-meta":"","header-above-stick-meta":"","header-main-stick-meta":"","header-below-stick-meta":"","astra-migrate-meta-layouts":"default","ast-page-background-enabled":"default","ast-page-background-meta":{"desktop":{"background-color":"var(--ast-global-color-5)","background-image":"","background-repeat":"repeat","background-position":"center center","background-size":"auto","background-attachment":"scroll","background-type":"","background-media":"","overlay-type":"","overlay-color":"","overlay-opacity":"","overlay-gradient":""},"tablet":{"background-color":"","background-image":"","background-repeat":"repeat","background-position":"center center","background-size":"auto","background-attachment":"scroll","background-type":"","background-media":"","overlay-type":"","overlay-color":"","overlay-opacity":"","overlay-gradient":""},"mobile":{"background-color":"","background-image":"","background-repeat":"repeat","background-position":"center center","background-size":"auto","background-attachment":"scroll","background-type":"","background-media":"","overlay-type":"","overlay-color":"","overlay-opacity":"","overlay-gradient":""}},"ast-content-background-meta":{"desktop":{"background-color":"var(--ast-global-color-4)","background-image":"","background-repeat":"repeat","background-position":"center center","background-size":"auto","background-attachment":"scroll","background-type":"","background-media":"","overlay-type":"","overlay-color":"","overlay-opacity":"","overlay-gradient":""},"tablet":{"background-color":"var(--ast-global-color-4)","background-image":"","background-repeat":"repeat","background-position":"center center","background-size":"auto","background-attachment":"scroll","background-type":"","background-media":"","overlay-type":"","overlay-color":"","overlay-opacity":"","overlay-gradient":""},"mobile":{"background-color":"var(--ast-global-color-4)","background-image":"","background-repeat":"repeat","background-position":"center center","background-size":"auto","background-attachment":"scroll","background-type":"","background-media":"","overlay-type":"","overlay-color":"","overlay-opacity":"","overlay-gradient":""}}},"product_brand":[107],"product_cat":[43,56,47,37,35,40,30,55],"product_tag":[],"class_list":{"0":"post-6796","1":"product","2":"type-product","3":"status-publish","4":"has-post-thumbnail","6":"product_brand-ngs","7":"product_cat-43","8":"product_cat-56","9":"product_cat-47","10":"product_cat-37","11":"product_cat--10-12-","12":"product_cat--12-","13":"product_cat--6-9-","14":"product_cat-55","15":"desktop-align-left","16":"tablet-align-left","17":"mobile-align-left","19":"first","20":"instock","21":"taxable","22":"shipping-taxable","23":"purchasable","24":"product-type-simple"},"_links":{"self":[{"href":"https:\/\/stem-eshop.gr\/bs\/wp-json\/wp\/v2\/product\/6796","targetHints":{"allow":["GET"]}}],"collection":[{"href":"https:\/\/stem-eshop.gr\/bs\/wp-json\/wp\/v2\/product"}],"about":[{"href":"https:\/\/stem-eshop.gr\/bs\/wp-json\/wp\/v2\/types\/product"}],"replies":[{"embeddable":true,"href":"https:\/\/stem-eshop.gr\/bs\/wp-json\/wp\/v2\/comments?post=6796"}],"wp:featuredmedia":[{"embeddable":true,"href":"https:\/\/stem-eshop.gr\/bs\/wp-json\/wp\/v2\/media\/4769"}],"wp:attachment":[{"href":"https:\/\/stem-eshop.gr\/bs\/wp-json\/wp\/v2\/media?parent=6796"}],"wp:term":[{"taxonomy":"product_brand","embeddable":true,"href":"https:\/\/stem-eshop.gr\/bs\/wp-json\/wp\/v2\/product_brand?post=6796"},{"taxonomy":"product_cat","embeddable":true,"href":"https:\/\/stem-eshop.gr\/bs\/wp-json\/wp\/v2\/product_cat?post=6796"},{"taxonomy":"product_tag","embeddable":true,"href":"https:\/\/stem-eshop.gr\/bs\/wp-json\/wp\/v2\/product_tag?post=6796"}],"curies":[{"name":"wp","href":"https:\/\/api.w.org\/{rel}","templated":true}]}}