{"id":6795,"date":"2025-05-19T08:51:28","date_gmt":"2025-05-19T08:51:28","guid":{"rendered":"https:\/\/stem-eshop.gr\/product\/4m-toys-%ce%b5%cf%80%ce%b9%cf%83%cf%84%ce%ae%ce%bc%ce%b7-%cf%80%ce%b5%cf%80%cf%84%ce%b9%ce%ba%ce%bf-%cf%83%cf%85%cf%83%cf%84%ce%b7%ce%bc%ce%b1-%ce%bc%ce%b5-buzzer\/"},"modified":"2025-11-06T11:25:35","modified_gmt":"2025-11-06T08:25:35","slug":"4m-toys-%ce%b5%cf%80%ce%b9%cf%83%cf%84%ce%ae%ce%bc%ce%b7-%cf%80%ce%b5%cf%80%cf%84%ce%b9%ce%ba%ce%bf-%cf%83%cf%85%cf%83%cf%84%ce%b7%ce%bc%ce%b1-%ce%bc%ce%b5-buzzer","status":"publish","type":"product","link":"https:\/\/stem-eshop.gr\/bs\/proizvod\/4m-toys-%ce%b5%cf%80%ce%b9%cf%83%cf%84%ce%ae%ce%bc%ce%b7-%cf%80%ce%b5%cf%80%cf%84%ce%b9%ce%ba%ce%bf-%cf%83%cf%85%cf%83%cf%84%ce%b7%ce%bc%ce%b1-%ce%bc%ce%b5-buzzer\/","title":{"rendered":"4M Toys \u2013 Nauka: PROBAVNI SISTEM SA ZVU\u010cNIM SIGNOM"},"content":{"rendered":"<p style=\"margin:0px 0px 10px;padding:0px;font-family:'Open Sans', sans-serif;font-size:15px;line-height:1.3;letter-spacing:0.7px;background-color:#ffffff\">KAKO RADI: Vrh \u0161tapa se sastoji od centralnog eksera sa oprugom oko njega. Baterija, prekida\u010d, zujalica, ekser i \u017eica su povezani kako bi stvorili elektri\u010dni krug. \u0160tap djeluje kao dodatni prekida\u010d u krugu. Kada dodirnete rubove putanje \u0161tapom, opruga se savija i dodiruje ekser. Ovo zatvara krug, uzrokuju\u0107i protok energije kroz zujalicu, aktiviraju\u0107i je. \u00a0 \u00a0 \u00a0 \u00a0 \u00a0 \u00a0 \u00a0 \u00a0 \u00a0 \u00a0 \u00a0 \u00a0 \u00a0<\/p>\n<p style=\"margin:0px 0px 10px;padding:0px;font-family:'Open Sans', sans-serif;font-size:15px;line-height:1.3;letter-spacing:0.7px;background-color:#ffffff\">Upute su uklju\u010dene na gr\u010dkom jeziku.\u00a0<\/p>","protected":false},"excerpt":{"rendered":"<p style=\"margin:0px 0px 10px;padding:0px;font-family:'Open Sans', sans-serif;font-size:15px;line-height:1.3;letter-spacing:0.7px;background-color:#ffffff\">Otkrijte putovanje koje hrana prolazi kroz ljudski sistem i saznajte o funkcijama probavnog sistema. Ho\u0107ete li uspjeti pro\u0107i kroz putovanje sa \u0161tapi\u0107em bez da se oglasi zujalica? Pro\u010ditajte zabavne \u010dinjenice uklju\u010dene u upute i saznajte zanimljive informacije o organima probavnog sistema.<\/p>\n<p style=\"margin:0px 0px 10px;padding:0px;font-family:'Open Sans', sans-serif;font-size:15px;line-height:1.3;letter-spacing:0.7px;background-color:#ffffff\">SADR\u017dAJ: Dio 1: Baza x 1, Dio 2: Jezi\u010dak x 2, Dio 3: \u0160ipka x 1, Dio 4: Poklopac odjeljka za baterije x 1, Dio 5: Plasti\u010dni ekser x 4, Dio 6: Poklopac terminala x 2, Dio 7: No\u017eica x 2, Dio 8: Vijak x 1.<\/p>","protected":false},"featured_media":4765,"comment_status":"open","ping_status":"closed","template":"","meta":{"site-sidebar-layout":"default","site-content-layout":"","ast-site-content-layout":"default","site-content-style":"default","site-sidebar-style":"default","ast-global-header-display":"","ast-banner-title-visibility":"","ast-main-header-display":"","ast-hfb-above-header-display":"","ast-hfb-below-header-display":"","ast-hfb-mobile-header-display":"","site-post-title":"","ast-breadcrumbs-content":"","ast-featured-img":"","footer-sml-layout":"","ast-disable-related-posts":"","theme-transparent-header-meta":"","adv-header-id-meta":"","stick-header-meta":"","header-above-stick-meta":"","header-main-stick-meta":"","header-below-stick-meta":"","astra-migrate-meta-layouts":"default","ast-page-background-enabled":"default","ast-page-background-meta":{"desktop":{"background-color":"var(--ast-global-color-5)","background-image":"","background-repeat":"repeat","background-position":"center center","background-size":"auto","background-attachment":"scroll","background-type":"","background-media":"","overlay-type":"","overlay-color":"","overlay-opacity":"","overlay-gradient":""},"tablet":{"background-color":"","background-image":"","background-repeat":"repeat","background-position":"center center","background-size":"auto","background-attachment":"scroll","background-type":"","background-media":"","overlay-type":"","overlay-color":"","overlay-opacity":"","overlay-gradient":""},"mobile":{"background-color":"","background-image":"","background-repeat":"repeat","background-position":"center center","background-size":"auto","background-attachment":"scroll","background-type":"","background-media":"","overlay-type":"","overlay-color":"","overlay-opacity":"","overlay-gradient":""}},"ast-content-background-meta":{"desktop":{"background-color":"var(--ast-global-color-4)","background-image":"","background-repeat":"repeat","background-position":"center center","background-size":"auto","background-attachment":"scroll","background-type":"","background-media":"","overlay-type":"","overlay-color":"","overlay-opacity":"","overlay-gradient":""},"tablet":{"background-color":"var(--ast-global-color-4)","background-image":"","background-repeat":"repeat","background-position":"center center","background-size":"auto","background-attachment":"scroll","background-type":"","background-media":"","overlay-type":"","overlay-color":"","overlay-opacity":"","overlay-gradient":""},"mobile":{"background-color":"var(--ast-global-color-4)","background-image":"","background-repeat":"repeat","background-position":"center center","background-size":"auto","background-attachment":"scroll","background-type":"","background-media":"","overlay-type":"","overlay-color":"","overlay-opacity":"","overlay-gradient":""}}},"product_brand":[96],"product_cat":[126,53,39,38,56,47,35,40,30],"product_tag":[],"class_list":{"0":"post-6795","1":"product","2":"type-product","3":"status-publish","4":"has-post-thumbnail","6":"product_brand-4m","7":"product_cat-126","8":"product_cat-53","9":"product_cat-39","10":"product_cat-38","11":"product_cat-56","12":"product_cat-47","13":"product_cat--10-12-","14":"product_cat--12-","15":"product_cat--6-9-","16":"desktop-align-left","17":"tablet-align-left","18":"mobile-align-left","20":"first","21":"instock","22":"taxable","23":"shipping-taxable","24":"purchasable","25":"product-type-simple"},"_links":{"self":[{"href":"https:\/\/stem-eshop.gr\/bs\/wp-json\/wp\/v2\/product\/6795","targetHints":{"allow":["GET"]}}],"collection":[{"href":"https:\/\/stem-eshop.gr\/bs\/wp-json\/wp\/v2\/product"}],"about":[{"href":"https:\/\/stem-eshop.gr\/bs\/wp-json\/wp\/v2\/types\/product"}],"replies":[{"embeddable":true,"href":"https:\/\/stem-eshop.gr\/bs\/wp-json\/wp\/v2\/comments?post=6795"}],"wp:featuredmedia":[{"embeddable":true,"href":"https:\/\/stem-eshop.gr\/bs\/wp-json\/wp\/v2\/media\/4765"}],"wp:attachment":[{"href":"https:\/\/stem-eshop.gr\/bs\/wp-json\/wp\/v2\/media?parent=6795"}],"wp:term":[{"taxonomy":"product_brand","embeddable":true,"href":"https:\/\/stem-eshop.gr\/bs\/wp-json\/wp\/v2\/product_brand?post=6795"},{"taxonomy":"product_cat","embeddable":true,"href":"https:\/\/stem-eshop.gr\/bs\/wp-json\/wp\/v2\/product_cat?post=6795"},{"taxonomy":"product_tag","embeddable":true,"href":"https:\/\/stem-eshop.gr\/bs\/wp-json\/wp\/v2\/product_tag?post=6795"}],"curies":[{"name":"wp","href":"https:\/\/api.w.org\/{rel}","templated":true}]}}