{"id":6791,"date":"2025-05-19T08:51:22","date_gmt":"2025-05-19T08:51:22","guid":{"rendered":"https:\/\/stem-eshop.gr\/product\/ngs-%ce%bc%ce%ad%cf%81%ce%b7-%cf%84%ce%bf%cf%85-%ce%b1%ce%bd%ce%b8%cf%81%cf%8e%cf%80%ce%b9%ce%bd%ce%bf%cf%85-%cf%83%cf%8e%ce%bc%ce%b1%cf%84%ce%bf%cf%82\/"},"modified":"2025-05-22T07:41:05","modified_gmt":"2025-05-22T07:41:05","slug":"ngs-%ce%bc%ce%ad%cf%81%ce%b7-%cf%84%ce%bf%cf%85-%ce%b1%ce%bd%ce%b8%cf%81%cf%8e%cf%80%ce%b9%ce%bd%ce%bf%cf%85-%cf%83%cf%8e%ce%bc%ce%b1%cf%84%ce%bf%cf%82","status":"publish","type":"product","link":"https:\/\/stem-eshop.gr\/bs\/proizvod\/ngs-%ce%bc%ce%ad%cf%81%ce%b7-%cf%84%ce%bf%cf%85-%ce%b1%ce%bd%ce%b8%cf%81%cf%8e%cf%80%ce%b9%ce%bd%ce%bf%cf%85-%cf%83%cf%8e%ce%bc%ce%b1%cf%84%ce%bf%cf%82\/","title":{"rendered":"NGS dijelovi ljudskog tijela"},"content":{"rendered":"<p>Za edukativnu igra\u010dku koja uklju\u010duje modele ljudskog tijela, kao \u0161to su mozak, srce, \u017eeludac, plu\u0107a, crijeva i bubrezi, opisi trebaju biti jednostavni i zabavni kako bi pomogli djeci da nau\u010de kako ovi organi funkcioniraju.<\/p>","protected":false},"excerpt":{"rendered":"<p>Pomo\u0107u ovih modela, djeca mogu nau\u010diti kako organi rade zajedno kako bi nas odr\u017eali zdravima i zabaviti se otkrivaju\u0107i njihove funkcije. Modele mogu koristiti da ih postave na odgovaraju\u0107a mjesta u tijelu i nau\u010de koja je njihova uloga.<\/p>","protected":false},"featured_media":4749,"comment_status":"open","ping_status":"closed","template":"","meta":{"site-sidebar-layout":"default","site-content-layout":"","ast-site-content-layout":"default","site-content-style":"default","site-sidebar-style":"default","ast-global-header-display":"","ast-banner-title-visibility":"","ast-main-header-display":"","ast-hfb-above-header-display":"","ast-hfb-below-header-display":"","ast-hfb-mobile-header-display":"","site-post-title":"","ast-breadcrumbs-content":"","ast-featured-img":"","footer-sml-layout":"","ast-disable-related-posts":"","theme-transparent-header-meta":"","adv-header-id-meta":"","stick-header-meta":"","header-above-stick-meta":"","header-main-stick-meta":"","header-below-stick-meta":"","astra-migrate-meta-layouts":"default","ast-page-background-enabled":"default","ast-page-background-meta":{"desktop":{"background-color":"var(--ast-global-color-5)","background-image":"","background-repeat":"repeat","background-position":"center center","background-size":"auto","background-attachment":"scroll","background-type":"","background-media":"","overlay-type":"","overlay-color":"","overlay-opacity":"","overlay-gradient":""},"tablet":{"background-color":"","background-image":"","background-repeat":"repeat","background-position":"center center","background-size":"auto","background-attachment":"scroll","background-type":"","background-media":"","overlay-type":"","overlay-color":"","overlay-opacity":"","overlay-gradient":""},"mobile":{"background-color":"","background-image":"","background-repeat":"repeat","background-position":"center center","background-size":"auto","background-attachment":"scroll","background-type":"","background-media":"","overlay-type":"","overlay-color":"","overlay-opacity":"","overlay-gradient":""}},"ast-content-background-meta":{"desktop":{"background-color":"var(--ast-global-color-4)","background-image":"","background-repeat":"repeat","background-position":"center center","background-size":"auto","background-attachment":"scroll","background-type":"","background-media":"","overlay-type":"","overlay-color":"","overlay-opacity":"","overlay-gradient":""},"tablet":{"background-color":"var(--ast-global-color-4)","background-image":"","background-repeat":"repeat","background-position":"center center","background-size":"auto","background-attachment":"scroll","background-type":"","background-media":"","overlay-type":"","overlay-color":"","overlay-opacity":"","overlay-gradient":""},"mobile":{"background-color":"var(--ast-global-color-4)","background-image":"","background-repeat":"repeat","background-position":"center center","background-size":"auto","background-attachment":"scroll","background-type":"","background-media":"","overlay-type":"","overlay-color":"","overlay-opacity":"","overlay-gradient":""}}},"product_brand":[107],"product_cat":[126,53,44,39,38,56,30,26],"product_tag":[],"class_list":{"0":"post-6791","1":"product","2":"type-product","3":"status-publish","4":"has-post-thumbnail","6":"product_brand-ngs","7":"product_cat-126","8":"product_cat-53","9":"product_cat-44","10":"product_cat-39","11":"product_cat-38","12":"product_cat-56","13":"product_cat--6-9-","14":"product_cat-26","15":"desktop-align-left","16":"tablet-align-left","17":"mobile-align-left","19":"first","20":"instock","21":"taxable","22":"shipping-taxable","23":"purchasable","24":"product-type-simple"},"_links":{"self":[{"href":"https:\/\/stem-eshop.gr\/bs\/wp-json\/wp\/v2\/product\/6791","targetHints":{"allow":["GET"]}}],"collection":[{"href":"https:\/\/stem-eshop.gr\/bs\/wp-json\/wp\/v2\/product"}],"about":[{"href":"https:\/\/stem-eshop.gr\/bs\/wp-json\/wp\/v2\/types\/product"}],"replies":[{"embeddable":true,"href":"https:\/\/stem-eshop.gr\/bs\/wp-json\/wp\/v2\/comments?post=6791"}],"wp:featuredmedia":[{"embeddable":true,"href":"https:\/\/stem-eshop.gr\/bs\/wp-json\/wp\/v2\/media\/4749"}],"wp:attachment":[{"href":"https:\/\/stem-eshop.gr\/bs\/wp-json\/wp\/v2\/media?parent=6791"}],"wp:term":[{"taxonomy":"product_brand","embeddable":true,"href":"https:\/\/stem-eshop.gr\/bs\/wp-json\/wp\/v2\/product_brand?post=6791"},{"taxonomy":"product_cat","embeddable":true,"href":"https:\/\/stem-eshop.gr\/bs\/wp-json\/wp\/v2\/product_cat?post=6791"},{"taxonomy":"product_tag","embeddable":true,"href":"https:\/\/stem-eshop.gr\/bs\/wp-json\/wp\/v2\/product_tag?post=6791"}],"curies":[{"name":"wp","href":"https:\/\/api.w.org\/{rel}","templated":true}]}}