{"id":6789,"date":"2025-05-19T08:51:19","date_gmt":"2025-05-19T08:51:19","guid":{"rendered":"https:\/\/stem-eshop.gr\/product\/ngs-%ce%b5%cf%80%ce%b9%cf%83%cf%84%ce%b7%ce%bc%ce%bf%ce%bd%ce%b9%ce%ba%cf%8c-%ce%ba%ce%b9%cf%84-%ce%bc%ce%b5-238-%cf%80%ce%b5%ce%b9%cf%81%ce%ac%ce%bc%ce%b1%cf%84%ce%b1-%ce%b5%cf%81%ce%b3%ce%b1%cf%83\/"},"modified":"2025-05-22T07:51:16","modified_gmt":"2025-05-22T07:51:16","slug":"ngs-%ce%b5%cf%80%ce%b9%cf%83%cf%84%ce%b7%ce%bc%ce%bf%ce%bd%ce%b9%ce%ba%cf%8c-%ce%ba%ce%b9%cf%84-%ce%bc%ce%b5-238-%cf%80%ce%b5%ce%b9%cf%81%ce%ac%ce%bc%ce%b1%cf%84%ce%b1-%ce%b5%cf%81%ce%b3%ce%b1%cf%83","status":"publish","type":"product","link":"https:\/\/stem-eshop.gr\/bs\/proizvod\/ngs-%ce%b5%cf%80%ce%b9%cf%83%cf%84%ce%b7%ce%bc%ce%bf%ce%bd%ce%b9%ce%ba%cf%8c-%ce%ba%ce%b9%cf%84-%ce%bc%ce%b5-238-%cf%80%ce%b5%ce%b9%cf%81%ce%ac%ce%bc%ce%b1%cf%84%ce%b1-%ce%b5%cf%81%ce%b3%ce%b1%cf%83\/","title":{"rendered":"NGS nau\u010dni komplet sa preko 238 nau\u010dnih i hemijskih laboratorijskih eksperimenata"},"content":{"rendered":"<p class=\"MsoNormal\">Karakteristike:<\/p>\n<p class=\"MsoNormal\">Edukativna igra <span lang=\"en-us\" xml:lang=\"en-us\">STEM<\/span>Ja\u010da ljubav prema nauci i u\u010denju kroz zabavne i sigurne eksperimente.<\/p>\n<p class=\"MsoNormal\">Raznolikost materijala <span lang=\"en-us\" xml:lang=\"en-us\">PVC<\/span>Uklju\u010duje \u0161arene, visokokvalitetne materijale i alate, izdr\u017eljive i sigurne za upotrebu od strane djece.<\/p>\n<p class=\"MsoNormal\">Jednostavno za kori\u0161tenje: Uz jednostavne upute za djecu kako bi razumjela osnovne principe hemije.<\/p>\n<p class=\"MsoNormal\">\u0160areni sadr\u017eaj: Atraktivni materijali koji iskustvo eksperimentisanja \u010dine jo\u0161 zanimljivijim.<\/p>\n<p class=\"MsoNormal\">Pogodno za u\u010denike osnovne \u0161kole: Idealno za djecu uzrasta 6-12 godina.<\/p>\n<p class=\"MsoNormal\">Uklju\u010duje:<\/p>\n<p class=\"MsoNormal\">Epruvete i eksperimentalna oprema.<\/p>\n<p class=\"MsoNormal\">Hemijski materijali sa sigurnim sastavima.<\/p>\n<p class=\"MsoNormal\">Korak-po-korak upute sa slikama za lak\u0161e snala\u017eenje.<\/p>\n<p class=\"MsoNormal\">Prednosti:<\/p>\n<p class=\"MsoNormal\">Pobolj\u0161ajte kreativnost i kriti\u010dko mi\u0161ljenje: Inspiri\u0161ite djecu da kreativno razmi\u0161ljaju i rje\u0161avaju probleme.<\/p>\n<p class=\"MsoNormal\">U\u010denje kroz igru: Kombinuje zabavu sa obrazovanjem.<\/p>\n<p class=\"MsoNormal\">Sigurno za djecu: Dizajnirano u skladu s me\u0111unarodnim sigurnosnim standardima.<\/p>\n<p class=\"MsoNormal\">Idealno za:<\/p>\n<p class=\"MsoNormal\">Vannastavne aktivnosti.<\/p>\n<p class=\"MsoNormal\">Poklon za ro\u0111endan ili praznik.<\/p>\n<p class=\"MsoNormal\">Koristite u u\u010dionicama ili kod ku\u0107e za kreativno u\u010denje.<\/p>\n<p class=\"MsoNormal\">S ovim kompletom, djeca mogu otkriti svijet nauke i iskusiti radost otkri\u0107a kroz prakti\u010dne eksperimente!<\/p>","protected":false},"excerpt":{"rendered":"<p>Ovaj uzbudljivi DIY komplet idealan je za mlade nau\u010dnike koji \u017eele istra\u017eiti svijet nauke i hemije na kreativan i zabavan na\u010din.<\/p>\n<p>Dizajniran za u\u010denike osnovne \u0161kole, promovi\u0161e u\u010denje kroz igru i ja\u010da STEM (nauka, tehnologija, in\u017eenjerstvo, matematika) vje\u0161tine.<\/p>","protected":false},"featured_media":4736,"comment_status":"open","ping_status":"closed","template":"","meta":{"site-sidebar-layout":"default","site-content-layout":"","ast-site-content-layout":"default","site-content-style":"default","site-sidebar-style":"default","ast-global-header-display":"","ast-banner-title-visibility":"","ast-main-header-display":"","ast-hfb-above-header-display":"","ast-hfb-below-header-display":"","ast-hfb-mobile-header-display":"","site-post-title":"","ast-breadcrumbs-content":"","ast-featured-img":"","footer-sml-layout":"","ast-disable-related-posts":"","theme-transparent-header-meta":"default","adv-header-id-meta":"","stick-header-meta":"","header-above-stick-meta":"","header-main-stick-meta":"","header-below-stick-meta":"","astra-migrate-meta-layouts":"set","ast-page-background-enabled":"default","ast-page-background-meta":{"desktop":{"background-color":"var(--ast-global-color-5)","background-image":"","background-repeat":"repeat","background-position":"center center","background-size":"auto","background-attachment":"scroll","background-type":"","background-media":"","overlay-type":"","overlay-color":"","overlay-opacity":"","overlay-gradient":""},"tablet":{"background-color":"","background-image":"","background-repeat":"repeat","background-position":"center center","background-size":"auto","background-attachment":"scroll","background-type":"","background-media":"","overlay-type":"","overlay-color":"","overlay-opacity":"","overlay-gradient":""},"mobile":{"background-color":"","background-image":"","background-repeat":"repeat","background-position":"center center","background-size":"auto","background-attachment":"scroll","background-type":"","background-media":"","overlay-type":"","overlay-color":"","overlay-opacity":"","overlay-gradient":""}},"ast-content-background-meta":{"desktop":{"background-color":"var(--ast-global-color-4)","background-image":"","background-repeat":"repeat","background-position":"center center","background-size":"auto","background-attachment":"scroll","background-type":"","background-media":"","overlay-type":"","overlay-color":"","overlay-opacity":"","overlay-gradient":""},"tablet":{"background-color":"var(--ast-global-color-4)","background-image":"","background-repeat":"repeat","background-position":"center center","background-size":"auto","background-attachment":"scroll","background-type":"","background-media":"","overlay-type":"","overlay-color":"","overlay-opacity":"","overlay-gradient":""},"mobile":{"background-color":"var(--ast-global-color-4)","background-image":"","background-repeat":"repeat","background-position":"center center","background-size":"auto","background-attachment":"scroll","background-type":"","background-media":"","overlay-type":"","overlay-color":"","overlay-opacity":"","overlay-gradient":""}}},"product_brand":[107],"product_cat":[43,44,39,52,38,30,58,51],"product_tag":[],"class_list":{"0":"post-6789","1":"product","2":"type-product","3":"status-publish","4":"has-post-thumbnail","6":"product_brand-ngs","7":"product_cat-43","8":"product_cat-44","9":"product_cat-39","10":"product_cat-52","11":"product_cat-38","12":"product_cat--6-9-","13":"product_cat-58","14":"product_cat-51","15":"desktop-align-left","16":"tablet-align-left","17":"mobile-align-left","19":"first","20":"instock","21":"taxable","22":"shipping-taxable","23":"purchasable","24":"product-type-simple"},"_links":{"self":[{"href":"https:\/\/stem-eshop.gr\/bs\/wp-json\/wp\/v2\/product\/6789","targetHints":{"allow":["GET"]}}],"collection":[{"href":"https:\/\/stem-eshop.gr\/bs\/wp-json\/wp\/v2\/product"}],"about":[{"href":"https:\/\/stem-eshop.gr\/bs\/wp-json\/wp\/v2\/types\/product"}],"replies":[{"embeddable":true,"href":"https:\/\/stem-eshop.gr\/bs\/wp-json\/wp\/v2\/comments?post=6789"}],"wp:featuredmedia":[{"embeddable":true,"href":"https:\/\/stem-eshop.gr\/bs\/wp-json\/wp\/v2\/media\/4736"}],"wp:attachment":[{"href":"https:\/\/stem-eshop.gr\/bs\/wp-json\/wp\/v2\/media?parent=6789"}],"wp:term":[{"taxonomy":"product_brand","embeddable":true,"href":"https:\/\/stem-eshop.gr\/bs\/wp-json\/wp\/v2\/product_brand?post=6789"},{"taxonomy":"product_cat","embeddable":true,"href":"https:\/\/stem-eshop.gr\/bs\/wp-json\/wp\/v2\/product_cat?post=6789"},{"taxonomy":"product_tag","embeddable":true,"href":"https:\/\/stem-eshop.gr\/bs\/wp-json\/wp\/v2\/product_tag?post=6789"}],"curies":[{"name":"wp","href":"https:\/\/api.w.org\/{rel}","templated":true}]}}