{"id":6785,"date":"2025-05-19T08:51:13","date_gmt":"2025-05-19T08:51:13","guid":{"rendered":"https:\/\/stem-eshop.gr\/product\/ngs-%cf%80%ce%b5%ce%af%cf%81%ce%b1%ce%bc%ce%b1-%cf%83%cf%8d%ce%bd%ce%b8%ce%b5%cf%83%ce%b7%cf%82-%cf%87%cf%81%cf%89%ce%bc%ce%ac%cf%84%cf%89%ce%bd\/"},"modified":"2025-10-17T14:55:24","modified_gmt":"2025-10-17T11:55:24","slug":"ngs-%cf%80%ce%b5%ce%af%cf%81%ce%b1%ce%bc%ce%b1-%cf%83%cf%8d%ce%bd%ce%b8%ce%b5%cf%83%ce%b7%cf%82-%cf%87%cf%81%cf%89%ce%bc%ce%ac%cf%84%cf%89%ce%bd","status":"publish","type":"product","link":"https:\/\/stem-eshop.gr\/bs\/proizvod\/ngs-%cf%80%ce%b5%ce%af%cf%81%ce%b1%ce%bc%ce%b1-%cf%83%cf%8d%ce%bd%ce%b8%ce%b5%cf%83%ce%b7%cf%82-%cf%87%cf%81%cf%89%ce%bc%ce%ac%cf%84%cf%89%ce%bd\/","title":{"rendered":"Eksperiment sinteze boja NGS-a"},"content":{"rendered":"<p>Ovaj eksperiment demonstrira sabiranje boja, gdje se primarne boje svjetlosti (crvena, plava i zelena) kombiniraju i stvaraju sekundarne boje (magenta, cijan, \u017euta) i, kada se sve kombiniraju, proizvodi se bijela svjetlost.\u00a0<\/p>\n<p>Na ovaj na\u010din razumijete kako se svjetla razli\u010ditih boja kombiniraju dodavanjem svjetla kako bi stvorila nove nijanse.<\/p>","protected":false},"excerpt":{"rendered":"<p>Eksperimentalni na\u010din razumijevanja kompozicije boja s primarnim bojama kori\u0161tenjem svjetlosti je kori\u0161tenje obojenih lampi ili svjetlosnih filtera kako bi se vidjelo kako se boje kombiniraju dodavanjem svjetlosti.<\/p>","protected":false},"featured_media":4708,"comment_status":"open","ping_status":"closed","template":"","meta":{"site-sidebar-layout":"default","site-content-layout":"","ast-site-content-layout":"default","site-content-style":"default","site-sidebar-style":"default","ast-global-header-display":"","ast-banner-title-visibility":"","ast-main-header-display":"","ast-hfb-above-header-display":"","ast-hfb-below-header-display":"","ast-hfb-mobile-header-display":"","site-post-title":"","ast-breadcrumbs-content":"","ast-featured-img":"","footer-sml-layout":"","ast-disable-related-posts":"","theme-transparent-header-meta":"","adv-header-id-meta":"","stick-header-meta":"","header-above-stick-meta":"","header-main-stick-meta":"","header-below-stick-meta":"","astra-migrate-meta-layouts":"default","ast-page-background-enabled":"default","ast-page-background-meta":{"desktop":{"background-color":"var(--ast-global-color-5)","background-image":"","background-repeat":"repeat","background-position":"center center","background-size":"auto","background-attachment":"scroll","background-type":"","background-media":"","overlay-type":"","overlay-color":"","overlay-opacity":"","overlay-gradient":""},"tablet":{"background-color":"","background-image":"","background-repeat":"repeat","background-position":"center center","background-size":"auto","background-attachment":"scroll","background-type":"","background-media":"","overlay-type":"","overlay-color":"","overlay-opacity":"","overlay-gradient":""},"mobile":{"background-color":"","background-image":"","background-repeat":"repeat","background-position":"center center","background-size":"auto","background-attachment":"scroll","background-type":"","background-media":"","overlay-type":"","overlay-color":"","overlay-opacity":"","overlay-gradient":""}},"ast-content-background-meta":{"desktop":{"background-color":"var(--ast-global-color-4)","background-image":"","background-repeat":"repeat","background-position":"center center","background-size":"auto","background-attachment":"scroll","background-type":"","background-media":"","overlay-type":"","overlay-color":"","overlay-opacity":"","overlay-gradient":""},"tablet":{"background-color":"var(--ast-global-color-4)","background-image":"","background-repeat":"repeat","background-position":"center center","background-size":"auto","background-attachment":"scroll","background-type":"","background-media":"","overlay-type":"","overlay-color":"","overlay-opacity":"","overlay-gradient":""},"mobile":{"background-color":"var(--ast-global-color-4)","background-image":"","background-repeat":"repeat","background-position":"center center","background-size":"auto","background-attachment":"scroll","background-type":"","background-media":"","overlay-type":"","overlay-color":"","overlay-opacity":"","overlay-gradient":""}}},"product_brand":[107],"product_cat":[43,39,38,29,56,30,26,58,51],"product_tag":[],"class_list":{"0":"post-6785","1":"product","2":"type-product","3":"status-publish","4":"has-post-thumbnail","6":"product_brand-ngs","7":"product_cat-43","8":"product_cat-39","9":"product_cat-38","10":"product_cat-29","11":"product_cat-56","12":"product_cat--6-9-","13":"product_cat-26","14":"product_cat-58","15":"product_cat-51","16":"desktop-align-left","17":"tablet-align-left","18":"mobile-align-left","20":"first","21":"instock","22":"taxable","23":"shipping-taxable","24":"purchasable","25":"product-type-simple"},"_links":{"self":[{"href":"https:\/\/stem-eshop.gr\/bs\/wp-json\/wp\/v2\/product\/6785","targetHints":{"allow":["GET"]}}],"collection":[{"href":"https:\/\/stem-eshop.gr\/bs\/wp-json\/wp\/v2\/product"}],"about":[{"href":"https:\/\/stem-eshop.gr\/bs\/wp-json\/wp\/v2\/types\/product"}],"replies":[{"embeddable":true,"href":"https:\/\/stem-eshop.gr\/bs\/wp-json\/wp\/v2\/comments?post=6785"}],"wp:featuredmedia":[{"embeddable":true,"href":"https:\/\/stem-eshop.gr\/bs\/wp-json\/wp\/v2\/media\/4708"}],"wp:attachment":[{"href":"https:\/\/stem-eshop.gr\/bs\/wp-json\/wp\/v2\/media?parent=6785"}],"wp:term":[{"taxonomy":"product_brand","embeddable":true,"href":"https:\/\/stem-eshop.gr\/bs\/wp-json\/wp\/v2\/product_brand?post=6785"},{"taxonomy":"product_cat","embeddable":true,"href":"https:\/\/stem-eshop.gr\/bs\/wp-json\/wp\/v2\/product_cat?post=6785"},{"taxonomy":"product_tag","embeddable":true,"href":"https:\/\/stem-eshop.gr\/bs\/wp-json\/wp\/v2\/product_tag?post=6785"}],"curies":[{"name":"wp","href":"https:\/\/api.w.org\/{rel}","templated":true}]}}