{"id":6715,"date":"2025-05-19T08:34:11","date_gmt":"2025-05-19T08:34:11","guid":{"rendered":"https:\/\/stem-eshop.gr\/product\/o-%ce%b7%ce%bb%ce%b5%ce%ba%cf%84%cf%81%ce%b9%ce%ba%cf%8c%cf%82-%ce%ba%ce%b9%ce%bd%ce%b7%cf%84%ce%ae%cf%81%ce%b1%cf%82-%cf%83%cf%85%ce%bd%ce%b5%cf%87%ce%bf%cf%8d%cf%82-%cf%81%ce%b5%cf%8d%ce%bc%ce%b1\/"},"modified":"2026-03-21T09:09:10","modified_gmt":"2026-03-21T06:09:10","slug":"o-%ce%b7%ce%bb%ce%b5%ce%ba%cf%84%cf%81%ce%b9%ce%ba%cf%8c%cf%82-%ce%ba%ce%b9%ce%bd%ce%b7%cf%84%ce%ae%cf%81%ce%b1%cf%82-%cf%83%cf%85%ce%bd%ce%b5%cf%87%ce%bf%cf%8d%cf%82-%cf%81%ce%b5%cf%8d%ce%bc%ce%b1","status":"publish","type":"product","link":"https:\/\/stem-eshop.gr\/bs\/proizvod\/o-%ce%b7%ce%bb%ce%b5%ce%ba%cf%84%cf%81%ce%b9%ce%ba%cf%8c%cf%82-%ce%ba%ce%b9%ce%bd%ce%b7%cf%84%ce%ae%cf%81%ce%b1%cf%82-%cf%83%cf%85%ce%bd%ce%b5%cf%87%ce%bf%cf%8d%cf%82-%cf%81%ce%b5%cf%8d%ce%bc%ce%b1\/","title":{"rendered":"DC motor \u2013 Komplet br. 1"},"content":{"rendered":"<p class=\"MsoNormal\">Za nastavnike, roditelje i u\u010denike Ciljevi Dr STEM kompleta br. 1 DC elektromotor<\/p>\n<p class=\"MsoNormal\">\u0160to se ti\u010de znanja<\/p>\n<p class=\"MsoNormal\">\u00a0\u00a0\u00a0\u00a0 Prou\u010davanjem gradiva, studenti \u0107e biti u mogu\u0107nosti da:<\/p>\n<p class=\"MsoNormal\">\u00a0\u00a0\u00a0\u00a0 \u00a0 razumjeti koncepte magnetskog polja, magnetskih linija,<\/p>\n<p class=\"MsoNormal\">\u00a0\u00a0\u00a0\u00a0\u00a0\u00a0\u00a0 pravilo tri prsta desne ruke,<\/p>\n<p class=\"MsoNormal\">\u00a0\u00a0\u00a0\u00a0 \u00a0\u00a0da se odredi smjer Laplasove sile,<\/p>\n<p class=\"MsoNormal\">\u00a0\u00a0\u00a0\u00a0 \u00a0\u00a0razumjeti princip rada elektromotora,<\/p>\n<p class=\"MsoNormal\">\u00a0\u00a0\u00a0\u00a0 \u00a0\u00a0da spomenemo primjene s elektromotorima.<\/p>\n<p class=\"MsoNormal\">\u0160to se ti\u010de vje\u0161tina<\/p>\n<p class=\"MsoNormal\">\u00a0\u00a0\u00a0\u00a0 Nakon zavr\u0161etka aktivnosti, studenti \u0107e biti u mogu\u0107nosti da:<\/p>\n<p class=\"MsoNormal\">\u00a0\u00a0\u00a0\u00a0 \u00a0\u00a0napraviti zavojnicu,<\/p>\n<p class=\"MsoNormal\">\u00a0\u00a0\u00a0\u00a0 \u00a0\u00a0sastaviti strukturne elemente,<\/p>\n<p class=\"MsoNormal\">\u00a0\u00a0\u00a0\u00a0 \u00a0\u00a0za stvaranje zatvorenih elektri\u010dnih krugova,<\/p>\n<p class=\"MsoNormal\">\u00a0\u00a0\u00a0\u00a0 \u00a0\u00a0za proizvodnju elektri\u010dnih ure\u0111aja.<\/p>\n<p class=\"MsoNormal\">\u0160to se ti\u010de metakognicije<\/p>\n<p class=\"MsoNormal\">\u00a0\u00a0\u00a0 Studenti na metakognitivnom nivou \u0107e mo\u0107i istra\u017eiti funkciju<\/p>\n<p class=\"MsoNormal\">\u00a0\u00a0\u00a0 i upotrebu pravih DC elektromotora.<\/p>","protected":false},"excerpt":{"rendered":"<p class=\"MsoNormal\">Komplet br. 1 iz Dr STEM serije, DC elektromotor, dizajniran je i organiziran na na\u010din da bude edukativna aktivnost u kojoj u\u010denici razvijaju vje\u0161tine 21. stolje\u0107a i STEM vje\u0161tine, na razigran i istovremeno sistemati\u010dan na\u010din.<\/p>","protected":false},"featured_media":6716,"comment_status":"open","ping_status":"closed","template":"","meta":{"site-sidebar-layout":"default","site-content-layout":"","ast-site-content-layout":"default","site-content-style":"default","site-sidebar-style":"default","ast-global-header-display":"","ast-banner-title-visibility":"","ast-main-header-display":"","ast-hfb-above-header-display":"","ast-hfb-below-header-display":"","ast-hfb-mobile-header-display":"","site-post-title":"","ast-breadcrumbs-content":"","ast-featured-img":"","footer-sml-layout":"","ast-disable-related-posts":"","theme-transparent-header-meta":"default","adv-header-id-meta":"","stick-header-meta":"","header-above-stick-meta":"","header-main-stick-meta":"","header-below-stick-meta":"","astra-migrate-meta-layouts":"set","ast-page-background-enabled":"default","ast-page-background-meta":{"desktop":{"background-color":"var(--ast-global-color-5)","background-image":"","background-repeat":"repeat","background-position":"center center","background-size":"auto","background-attachment":"scroll","background-type":"","background-media":"","overlay-type":"","overlay-color":"","overlay-opacity":"","overlay-gradient":""},"tablet":{"background-color":"","background-image":"","background-repeat":"repeat","background-position":"center center","background-size":"auto","background-attachment":"scroll","background-type":"","background-media":"","overlay-type":"","overlay-color":"","overlay-opacity":"","overlay-gradient":""},"mobile":{"background-color":"","background-image":"","background-repeat":"repeat","background-position":"center center","background-size":"auto","background-attachment":"scroll","background-type":"","background-media":"","overlay-type":"","overlay-color":"","overlay-opacity":"","overlay-gradient":""}},"ast-content-background-meta":{"desktop":{"background-color":"var(--ast-global-color-4)","background-image":"","background-repeat":"repeat","background-position":"center center","background-size":"auto","background-attachment":"scroll","background-type":"","background-media":"","overlay-type":"","overlay-color":"","overlay-opacity":"","overlay-gradient":""},"tablet":{"background-color":"var(--ast-global-color-4)","background-image":"","background-repeat":"repeat","background-position":"center center","background-size":"auto","background-attachment":"scroll","background-type":"","background-media":"","overlay-type":"","overlay-color":"","overlay-opacity":"","overlay-gradient":""},"mobile":{"background-color":"var(--ast-global-color-4)","background-image":"","background-repeat":"repeat","background-position":"center center","background-size":"auto","background-attachment":"scroll","background-type":"","background-media":"","overlay-type":"","overlay-color":"","overlay-opacity":"","overlay-gradient":""}}},"product_brand":[111],"product_cat":[39,38,29,56,32,57,35,40,30,59,58],"product_tag":[],"class_list":{"0":"post-6715","1":"product","2":"type-product","3":"status-publish","4":"has-post-thumbnail","6":"product_brand-ellinoekdotiki","7":"product_cat-39","8":"product_cat-38","9":"product_cat-29","10":"product_cat-56","11":"product_cat-32","12":"product_cat-57","13":"product_cat--10-12-","14":"product_cat--12-","15":"product_cat--6-9-","16":"product_cat-59","17":"product_cat-58","18":"desktop-align-left","19":"tablet-align-left","20":"mobile-align-left","22":"first","23":"instock","24":"taxable","25":"shipping-taxable","26":"purchasable","27":"product-type-simple"},"_links":{"self":[{"href":"https:\/\/stem-eshop.gr\/bs\/wp-json\/wp\/v2\/product\/6715","targetHints":{"allow":["GET"]}}],"collection":[{"href":"https:\/\/stem-eshop.gr\/bs\/wp-json\/wp\/v2\/product"}],"about":[{"href":"https:\/\/stem-eshop.gr\/bs\/wp-json\/wp\/v2\/types\/product"}],"replies":[{"embeddable":true,"href":"https:\/\/stem-eshop.gr\/bs\/wp-json\/wp\/v2\/comments?post=6715"}],"wp:featuredmedia":[{"embeddable":true,"href":"https:\/\/stem-eshop.gr\/bs\/wp-json\/wp\/v2\/media\/6716"}],"wp:attachment":[{"href":"https:\/\/stem-eshop.gr\/bs\/wp-json\/wp\/v2\/media?parent=6715"}],"wp:term":[{"taxonomy":"product_brand","embeddable":true,"href":"https:\/\/stem-eshop.gr\/bs\/wp-json\/wp\/v2\/product_brand?post=6715"},{"taxonomy":"product_cat","embeddable":true,"href":"https:\/\/stem-eshop.gr\/bs\/wp-json\/wp\/v2\/product_cat?post=6715"},{"taxonomy":"product_tag","embeddable":true,"href":"https:\/\/stem-eshop.gr\/bs\/wp-json\/wp\/v2\/product_tag?post=6715"}],"curies":[{"name":"wp","href":"https:\/\/api.w.org\/{rel}","templated":true}]}}