{"id":6704,"date":"2025-05-19T08:34:03","date_gmt":"2025-05-19T08:34:03","guid":{"rendered":"https:\/\/stem-eshop.gr\/product\/ngs-%ce%b5%ce%ba%cf%80%ce%b1%ce%b9%ce%b4%ce%b5%cf%85%cf%84%ce%b9%ce%ba%ce%ae-%cf%80%ce%bb%ce%ac%ce%ba%ce%b1-%ce%b4%cf%8c%ce%bc%ce%b7%cf%83%ce%b7%cf%82\/"},"modified":"2025-05-22T07:52:10","modified_gmt":"2025-05-22T07:52:10","slug":"ngs-%ce%b5%ce%ba%cf%80%ce%b1%ce%b9%ce%b4%ce%b5%cf%85%cf%84%ce%b9%ce%ba%ce%ae-%cf%80%ce%bb%ce%ac%ce%ba%ce%b1-%ce%b4%cf%8c%ce%bc%ce%b7%cf%83%ce%b7%cf%82","status":"publish","type":"product","link":"https:\/\/stem-eshop.gr\/bs\/proizvod\/ngs-%ce%b5%ce%ba%cf%80%ce%b1%ce%b9%ce%b4%ce%b5%cf%85%cf%84%ce%b9%ce%ba%ce%ae-%cf%80%ce%bb%ce%ac%ce%ba%ce%b1-%ce%b4%cf%8c%ce%bc%ce%b7%cf%83%ce%b7%cf%82\/","title":{"rendered":"NGS edukativni gradivni blok"},"content":{"rendered":"<p class=\"MsoNormal\">Karakteristike:<\/p>\n<p class=\"MsoNormal\">Dimenzije: 32\u00d732 nitna (pribli\u017eno 25,5 x 25,5 cm)<\/p>\n<p class=\"MsoNormal\">Materijal: ABS visoke \u010dvrsto\u0107e<\/p>\n<p class=\"MsoNormal\">Kompatibilnost: Potpuno kompatibilna s glavnim markama gra\u0111evinskih blokova<\/p>\n<p class=\"MsoNormal\">Boja: Siva-Crna-Zelena-Plava<\/p>\n<p class=\"MsoNormal\">Prednosti:<\/p>\n<p class=\"MsoNormal\">Izdr\u017eljiv i fleksibilan za stabilne konstrukcije<\/p>\n<p class=\"MsoNormal\">Idealno za kreiranje gradova, arhitektonskih modela i fantasti\u010dnih svjetova<\/p>\n<p class=\"MsoNormal\">Velika povr\u0161ina za lak\u0161e dizajniranje i igru<\/p>\n<p class=\"MsoNormal\">Unaprijedite svoje gra\u0111evinsko iskustvo ovim visokokvalitetnim bazama i pru\u017eite svojim projektima ve\u0107u stabilnost i fleksibilnost!<\/p>","protected":false},"excerpt":{"rendered":"<p>Uklju\u010duje jednu osnovnu plo\u010du (25 cm x 25 cm).<\/p>\n<p>Stvorite impresivne strukture s ovim izdr\u017eljivim i visokokvalitetnim osnovnim plo\u010dama, savr\u0161enim za svakog entuzijasta za gradnju od cigle!<\/p>","protected":false},"featured_media":6705,"comment_status":"open","ping_status":"closed","template":"","meta":{"site-sidebar-layout":"default","site-content-layout":"","ast-site-content-layout":"default","site-content-style":"default","site-sidebar-style":"default","ast-global-header-display":"","ast-banner-title-visibility":"","ast-main-header-display":"","ast-hfb-above-header-display":"","ast-hfb-below-header-display":"","ast-hfb-mobile-header-display":"","site-post-title":"","ast-breadcrumbs-content":"","ast-featured-img":"","footer-sml-layout":"","ast-disable-related-posts":"","theme-transparent-header-meta":"default","adv-header-id-meta":"","stick-header-meta":"","header-above-stick-meta":"","header-main-stick-meta":"","header-below-stick-meta":"","astra-migrate-meta-layouts":"set","ast-page-background-enabled":"default","ast-page-background-meta":{"desktop":{"background-color":"var(--ast-global-color-5)","background-image":"","background-repeat":"repeat","background-position":"center center","background-size":"auto","background-attachment":"scroll","background-type":"","background-media":"","overlay-type":"","overlay-color":"","overlay-opacity":"","overlay-gradient":""},"tablet":{"background-color":"","background-image":"","background-repeat":"repeat","background-position":"center center","background-size":"auto","background-attachment":"scroll","background-type":"","background-media":"","overlay-type":"","overlay-color":"","overlay-opacity":"","overlay-gradient":""},"mobile":{"background-color":"","background-image":"","background-repeat":"repeat","background-position":"center center","background-size":"auto","background-attachment":"scroll","background-type":"","background-media":"","overlay-type":"","overlay-color":"","overlay-opacity":"","overlay-gradient":""}},"ast-content-background-meta":{"desktop":{"background-color":"var(--ast-global-color-4)","background-image":"","background-repeat":"repeat","background-position":"center center","background-size":"auto","background-attachment":"scroll","background-type":"","background-media":"","overlay-type":"","overlay-color":"","overlay-opacity":"","overlay-gradient":""},"tablet":{"background-color":"var(--ast-global-color-4)","background-image":"","background-repeat":"repeat","background-position":"center center","background-size":"auto","background-attachment":"scroll","background-type":"","background-media":"","overlay-type":"","overlay-color":"","overlay-opacity":"","overlay-gradient":""},"mobile":{"background-color":"var(--ast-global-color-4)","background-image":"","background-repeat":"repeat","background-position":"center center","background-size":"auto","background-attachment":"scroll","background-type":"","background-media":"","overlay-type":"","overlay-color":"","overlay-opacity":"","overlay-gradient":""}}},"product_brand":[107],"product_cat":[43,29,32,57,30,26,48,59],"product_tag":[],"class_list":{"0":"post-6704","1":"product","2":"type-product","3":"status-publish","4":"has-post-thumbnail","6":"product_brand-ngs","7":"product_cat-43","8":"product_cat-29","9":"product_cat-32","10":"product_cat-57","11":"product_cat--6-9-","12":"product_cat-26","13":"product_cat-48","14":"product_cat-59","15":"desktop-align-left","16":"tablet-align-left","17":"mobile-align-left","19":"first","20":"instock","21":"taxable","22":"shipping-taxable","23":"purchasable","24":"product-type-simple"},"_links":{"self":[{"href":"https:\/\/stem-eshop.gr\/bs\/wp-json\/wp\/v2\/product\/6704","targetHints":{"allow":["GET"]}}],"collection":[{"href":"https:\/\/stem-eshop.gr\/bs\/wp-json\/wp\/v2\/product"}],"about":[{"href":"https:\/\/stem-eshop.gr\/bs\/wp-json\/wp\/v2\/types\/product"}],"replies":[{"embeddable":true,"href":"https:\/\/stem-eshop.gr\/bs\/wp-json\/wp\/v2\/comments?post=6704"}],"wp:featuredmedia":[{"embeddable":true,"href":"https:\/\/stem-eshop.gr\/bs\/wp-json\/wp\/v2\/media\/6705"}],"wp:attachment":[{"href":"https:\/\/stem-eshop.gr\/bs\/wp-json\/wp\/v2\/media?parent=6704"}],"wp:term":[{"taxonomy":"product_brand","embeddable":true,"href":"https:\/\/stem-eshop.gr\/bs\/wp-json\/wp\/v2\/product_brand?post=6704"},{"taxonomy":"product_cat","embeddable":true,"href":"https:\/\/stem-eshop.gr\/bs\/wp-json\/wp\/v2\/product_cat?post=6704"},{"taxonomy":"product_tag","embeddable":true,"href":"https:\/\/stem-eshop.gr\/bs\/wp-json\/wp\/v2\/product_tag?post=6704"}],"curies":[{"name":"wp","href":"https:\/\/api.w.org\/{rel}","templated":true}]}}