{"id":6695,"date":"2025-05-19T08:33:27","date_gmt":"2025-05-19T08:33:27","guid":{"rendered":"https:\/\/stem-eshop.gr\/product\/funduino-starter-kit-uno-r3-ultimate-education-%ce%b3%ce%b9%ce%b1-arduino-%ce%bc%ce%b5-%ce%b2%ce%b9%ce%b2%ce%bb%ce%af%ce%bf-%ce%b5%cf%81%ce%b3%ce%b1%cf%83%ce%af%ce%b1%cf%82\/"},"modified":"2025-12-24T10:46:43","modified_gmt":"2025-12-24T07:46:43","slug":"funduino-starter-kit-uno-r3-ultimate-education-%ce%b3%ce%b9%ce%b1-arduino-%ce%bc%ce%b5-%ce%b2%ce%b9%ce%b2%ce%bb%ce%af%ce%bf-%ce%b5%cf%81%ce%b3%ce%b1%cf%83%ce%af%ce%b1%cf%82","status":"publish","type":"product","link":"https:\/\/stem-eshop.gr\/bs\/proizvod\/funduino-starter-kit-uno-r3-ultimate-education-%ce%b3%ce%b9%ce%b1-arduino-%ce%bc%ce%b5-%ce%b2%ce%b9%ce%b2%ce%bb%ce%af%ce%bf-%ce%b5%cf%81%ce%b3%ce%b1%cf%83%ce%af%ce%b1%cf%82\/","title":{"rendered":"Funduino po\u010detni\u010dki komplet - UNO R3 - Ultimativni edukacijski program za Arduino s radnom bilje\u017enicom"},"content":{"rendered":"<p class=\"MsoNormal\">Uklju\u010duje prate\u0107u knji\u017eicu\/radnu svesku (preko 130 stranica, 29 projekata)<\/p>\n<p class=\"MsoNormal\">Sadr\u017ei primjere razli\u010ditih projekata, npr. upravljanje LED diodama, mjerenje temperature i upravljanje motorima<\/p>\n<p class=\"MsoNormal\">Sve komponente se lako povezuju i koriste (plug-and-play)<\/p>\n<p class=\"MsoNormal\">S izdr\u017eljivom plasti\u010dnom kutijom za sortiranje, \u0161to ga \u010dini posebno odr\u017eivim u upotrebi<\/p>\n<p>Svako mo\u017ee nau\u010diti programiranje uz Funduino Starter Kit za Arduino<\/p>\n<p>Na\u0161 po\u010detni\u010dki komplet za Arduino ne zahtijeva predznanje i posebno je dizajniran za po\u010detnike.<\/p>\n<p>Od samog po\u010detka zajedno u\u010dimo osnove mikroelektronike \u2013 i progresivno se usavr\u0161avamo!<\/p>\n<p>Kada je Funduino kreirao Starter Kit za Arduino, imao je dva glavna cilja:<\/p>\n<p>Umjesto nasumi\u010dno odabranih elektronskih komponenti, Funduino se oslanja na savr\u0161eno koordiniran izbor komponenti koje se mogu me\u0111usobno kombinirati kako bi se stvorili odli\u010dni projekti. Zato u po\u010detnom kompletu ne\u0107ete prona\u0107i beskorisne komponente, ve\u0107 samo korisne i uzbudljive!<\/p>\n<p>Jedinstvena karakteristika: Svaki komplet dolazi s primjerkom knjige \u201eARDUINO u\u010denje \u2013 Radna knjiga o razvoju Arduina\u201c. Na preko 130 stranica i kroz 29 projekata, detaljno obja\u0161njava svaku elektronsku komponentu kompleta. Pored informacija o komponentama, uklju\u010duje i popis materijala, dijagrame strujnih kola i primjere programa.<\/p>\n<\/p>\n<p class=\"MsoNormal\">\u0388\u03ba\u03b4\u03bf\u03c3\u03b7 &#8220;Ultimate Education&#8221;<\/p>\n<\/p>\n<p class=\"MsoNormal\">\u038c\u03bb\u03b1 \u03c4\u03b1 \u03ad\u03c1\u03b3\u03b1 \u03c4\u03c9\u03bd \u03b5\u03ba\u03b4\u03cc\u03c3\u03b5\u03c9\u03bd &#8220;Basic&#8221; \u03ba\u03b1\u03b9 &#8220;Education&#8221;<\/p>\n<\/p>\n<p class=\"MsoNormal\">\u039c\u03ad\u03c4\u03c1\u03b7\u03c3\u03b7 \u03b8\u03b5\u03c1\u03bc\u03bf\u03ba\u03c1\u03b1\u03c3\u03af\u03b1\u03c2 \u03c0\u03b5\u03c1\u03b9\u03b2\u03ac\u03bb\u03bb\u03bf\u03bd\u03c4\u03bf\u03c2 \u03bc\u03b5 \u03b1\u03b9\u03c3\u03b8\u03b7\u03c4\u03ae\u03c1\u03b1 TMP36<\/p>\n<\/p>\n<p class=\"MsoNormal\">\u03a7\u03c1\u03ae\u03c3\u03b7 joystick<\/p>\n<\/p>\n<p class=\"MsoNormal\">\u03a0\u03bf\u03bb\u03cd\u03c7\u03c1\u03c9\u03bc\u03b1 \u03c6\u03ce\u03c4\u03b1 &#8211; LED WS2812B<\/p>\n<\/p>\n<p class=\"MsoNormal\">\u03a0\u03c1\u03bf\u03c3\u03b4\u03b9\u03bf\u03c1\u03b9\u03c3\u03bc\u03cc\u03c2 \u03b8\u03ad\u03c3\u03b7\u03c2 \u03bc\u03b5 \u03b3\u03c5\u03c1\u03bf\u03c3\u03ba\u03cc\u03c0\u03b9\u03bf \u03ba\u03b1\u03b9 \u03b1\u03b9\u03c3\u03b8\u03b7\u03c4\u03ae\u03c1\u03b1 \u03b5\u03c0\u03b9\u03c4\u03ac\u03c7\u03c5\u03bd\u03c3\u03b7\u03c2<\/p>\n<\/p>\n<p class=\"MsoNormal\">\u03a6\u03c9\u03c4\u03bf\u03b7\u03bb\u03b5\u03ba\u03c4\u03c1\u03b9\u03ba\u03cc\u03c2 \u03b1\u03b9\u03c3\u03b8\u03b7\u03c4\u03ae\u03c1\u03b1\u03c2 (light barrier)<\/p>\n<\/p>\n<p class=\"MsoNormal\">\u03a4\u03c1\u03b1\u03bd\u03b6\u03af\u03c3\u03c4\u03bf\u03c1 \u03ba\u03b1\u03b9 \u03b7\u03bb\u03b5\u03ba\u03c4\u03c1\u03b9\u03ba\u03bf\u03af \u03ba\u03b9\u03bd\u03b7\u03c4\u03ae\u03c1\u03b5\u03c2<\/p>\n<\/p>\n<p class=\"MsoNormal\">\u0388\u03bb\u03b5\u03b3\u03c7\u03bf\u03c2 \u03b1\u03bd\u03b5\u03bc\u03b9\u03c3\u03c4\u03ae\u03c1\u03b1 \u03bc\u03b5 \u03c4\u03c1\u03b1\u03bd\u03b6\u03af\u03c3\u03c4\u03bf\u03c1<\/p><\/p>","protected":false},"excerpt":{"rendered":"<p class=\"MsoNormal\">Va\u0161 ulaz u svijet mikroelektronike!!!<\/p>\n<p class=\"MsoNormal\">Po\u010detni komplet s najva\u017enijim elektroni\u010dkim komponentama za Arduino mikrokontrolere<\/p>\n<p class=\"MsoNormal\">Neprestano se razvija u bliskoj saradnji s nastavnicima i profesorima<\/p>\n<p class=\"MsoNormal\">Idealno za po\u010detnike u oblasti elektronike i IT-a<\/p>","protected":false},"featured_media":5626,"comment_status":"open","ping_status":"closed","template":"","meta":{"site-sidebar-layout":"default","site-content-layout":"","ast-site-content-layout":"default","site-content-style":"default","site-sidebar-style":"default","ast-global-header-display":"","ast-banner-title-visibility":"","ast-main-header-display":"","ast-hfb-above-header-display":"","ast-hfb-below-header-display":"","ast-hfb-mobile-header-display":"","site-post-title":"","ast-breadcrumbs-content":"","ast-featured-img":"","footer-sml-layout":"","ast-disable-related-posts":"","theme-transparent-header-meta":"","adv-header-id-meta":"","stick-header-meta":"","header-above-stick-meta":"","header-main-stick-meta":"","header-below-stick-meta":"","astra-migrate-meta-layouts":"default","ast-page-background-enabled":"default","ast-page-background-meta":{"desktop":{"background-color":"var(--ast-global-color-5)","background-image":"","background-repeat":"repeat","background-position":"center center","background-size":"auto","background-attachment":"scroll","background-type":"","background-media":"","overlay-type":"","overlay-color":"","overlay-opacity":"","overlay-gradient":""},"tablet":{"background-color":"","background-image":"","background-repeat":"repeat","background-position":"center center","background-size":"auto","background-attachment":"scroll","background-type":"","background-media":"","overlay-type":"","overlay-color":"","overlay-opacity":"","overlay-gradient":""},"mobile":{"background-color":"","background-image":"","background-repeat":"repeat","background-position":"center center","background-size":"auto","background-attachment":"scroll","background-type":"","background-media":"","overlay-type":"","overlay-color":"","overlay-opacity":"","overlay-gradient":""}},"ast-content-background-meta":{"desktop":{"background-color":"var(--ast-global-color-4)","background-image":"","background-repeat":"repeat","background-position":"center center","background-size":"auto","background-attachment":"scroll","background-type":"","background-media":"","overlay-type":"","overlay-color":"","overlay-opacity":"","overlay-gradient":""},"tablet":{"background-color":"var(--ast-global-color-4)","background-image":"","background-repeat":"repeat","background-position":"center center","background-size":"auto","background-attachment":"scroll","background-type":"","background-media":"","overlay-type":"","overlay-color":"","overlay-opacity":"","overlay-gradient":""},"mobile":{"background-color":"var(--ast-global-color-4)","background-image":"","background-repeat":"repeat","background-position":"center center","background-size":"auto","background-attachment":"scroll","background-type":"","background-media":"","overlay-type":"","overlay-color":"","overlay-opacity":"","overlay-gradient":""}}},"product_brand":[103],"product_cat":[33,52,29,32,57,35,40,45,59],"product_tag":[],"class_list":{"0":"post-6695","1":"product","2":"type-product","3":"status-publish","4":"has-post-thumbnail","6":"product_brand-funduino","7":"product_cat-33","8":"product_cat-52","9":"product_cat-29","10":"product_cat-32","11":"product_cat-57","12":"product_cat--10-12-","13":"product_cat--12-","14":"product_cat-45","15":"product_cat-59","16":"desktop-align-left","17":"tablet-align-left","18":"mobile-align-left","20":"first","21":"instock","22":"taxable","23":"shipping-taxable","24":"purchasable","25":"product-type-simple"},"_links":{"self":[{"href":"https:\/\/stem-eshop.gr\/bs\/wp-json\/wp\/v2\/product\/6695","targetHints":{"allow":["GET"]}}],"collection":[{"href":"https:\/\/stem-eshop.gr\/bs\/wp-json\/wp\/v2\/product"}],"about":[{"href":"https:\/\/stem-eshop.gr\/bs\/wp-json\/wp\/v2\/types\/product"}],"replies":[{"embeddable":true,"href":"https:\/\/stem-eshop.gr\/bs\/wp-json\/wp\/v2\/comments?post=6695"}],"wp:featuredmedia":[{"embeddable":true,"href":"https:\/\/stem-eshop.gr\/bs\/wp-json\/wp\/v2\/media\/5626"}],"wp:attachment":[{"href":"https:\/\/stem-eshop.gr\/bs\/wp-json\/wp\/v2\/media?parent=6695"}],"wp:term":[{"taxonomy":"product_brand","embeddable":true,"href":"https:\/\/stem-eshop.gr\/bs\/wp-json\/wp\/v2\/product_brand?post=6695"},{"taxonomy":"product_cat","embeddable":true,"href":"https:\/\/stem-eshop.gr\/bs\/wp-json\/wp\/v2\/product_cat?post=6695"},{"taxonomy":"product_tag","embeddable":true,"href":"https:\/\/stem-eshop.gr\/bs\/wp-json\/wp\/v2\/product_tag?post=6695"}],"curies":[{"name":"wp","href":"https:\/\/api.w.org\/{rel}","templated":true}]}}