{"id":6678,"date":"2025-05-19T08:31:56","date_gmt":"2025-05-19T08:31:56","guid":{"rendered":"https:\/\/stem-eshop.gr\/product\/%ce%b1%ce%b9%cf%83%ce%b8%ce%b7%cf%84%ce%ae%cf%81%ce%b1%cf%82-%ce%b8%ce%b5%cf%81%ce%bc%ce%bf%ce%ba%cf%81%ce%b1%cf%83%ce%af%ce%b1%cf%82-ntc-10k-%ce%b1%ce%b4%ce%b9%ce%ac%ce%b2%cf%81%ce%bf%cf%87%ce%bf\/"},"modified":"2026-02-03T13:24:21","modified_gmt":"2026-02-03T10:24:21","slug":"%ce%b1%ce%b9%cf%83%ce%b8%ce%b7%cf%84%ce%ae%cf%81%ce%b1%cf%82-%ce%b8%ce%b5%cf%81%ce%bc%ce%bf%ce%ba%cf%81%ce%b1%cf%83%ce%af%ce%b1%cf%82-ntc-10k-%ce%b1%ce%b4%ce%b9%ce%ac%ce%b2%cf%81%ce%bf%cf%87%ce%bf","status":"publish","type":"product","link":"https:\/\/stem-eshop.gr\/bs\/proizvod\/%ce%b1%ce%b9%cf%83%ce%b8%ce%b7%cf%84%ce%ae%cf%81%ce%b1%cf%82-%ce%b8%ce%b5%cf%81%ce%bc%ce%bf%ce%ba%cf%81%ce%b1%cf%83%ce%af%ce%b1%cf%82-ntc-10k-%ce%b1%ce%b4%ce%b9%ce%ac%ce%b2%cf%81%ce%bf%cf%87%ce%bf\/","title":{"rendered":"NTC 10K temperaturni senzor vodootporni \u2013 1m kabel za napajanje"},"content":{"rendered":"<p class=\"MsoNormal\">Pregled:<\/p>\n<p class=\"MsoNormal\">Detektor temperaturnog senzora<\/p>\n<p class=\"MsoNormal\">Raspon mjerenja: -20\u00b0C do 105\u00b0C<\/p>\n<p class=\"MsoNormal\">Otpor: 10K oma<\/p>\n<p class=\"MsoNormal\">Konstanta B: B3950<\/p>\n<p class=\"MsoNormal\">Ta\u010dnost: 1%<\/p>\n<p class=\"MsoNormal\">Vrsta priklju\u010dka: 2-pinski XH2.54mm konektor, mogu\u0107nost priklju\u010dka na probnu plo\u010du.<\/p>\n<p class=\"MsoNormal\">Dimenzije glave senzora: 25 \u00d7 5 mm<\/p>\n<p class=\"MsoNormal\">Ukupna du\u017eina: 1 m<\/p>\n<p class=\"MsoNormal\">Materijal: Plastika, nehr\u0111aju\u0107i \u010delik<\/p>\n<p class=\"MsoNormal\">Neto te\u017eina: 10 g<\/p>","protected":false},"excerpt":{"rendered":"<p>NTC 10K vodootporni temperaturni senzor je termistor (NTC - negativni temperaturni koeficijent) koji mjeri temperaturu i koristi se u primjenama gdje je potrebna vodootporna za\u0161tita.<\/p>","protected":false},"featured_media":4649,"comment_status":"open","ping_status":"closed","template":"","meta":{"site-sidebar-layout":"default","site-content-layout":"","ast-site-content-layout":"default","site-content-style":"default","site-sidebar-style":"default","ast-global-header-display":"","ast-banner-title-visibility":"","ast-main-header-display":"","ast-hfb-above-header-display":"","ast-hfb-below-header-display":"","ast-hfb-mobile-header-display":"","site-post-title":"","ast-breadcrumbs-content":"","ast-featured-img":"","footer-sml-layout":"","ast-disable-related-posts":"","theme-transparent-header-meta":"default","adv-header-id-meta":"","stick-header-meta":"","header-above-stick-meta":"","header-main-stick-meta":"","header-below-stick-meta":"","astra-migrate-meta-layouts":"set","ast-page-background-enabled":"default","ast-page-background-meta":{"desktop":{"background-color":"var(--ast-global-color-5)","background-image":"","background-repeat":"repeat","background-position":"center center","background-size":"auto","background-attachment":"scroll","background-type":"","background-media":"","overlay-type":"","overlay-color":"","overlay-opacity":"","overlay-gradient":""},"tablet":{"background-color":"","background-image":"","background-repeat":"repeat","background-position":"center center","background-size":"auto","background-attachment":"scroll","background-type":"","background-media":"","overlay-type":"","overlay-color":"","overlay-opacity":"","overlay-gradient":""},"mobile":{"background-color":"","background-image":"","background-repeat":"repeat","background-position":"center center","background-size":"auto","background-attachment":"scroll","background-type":"","background-media":"","overlay-type":"","overlay-color":"","overlay-opacity":"","overlay-gradient":""}},"ast-content-background-meta":{"desktop":{"background-color":"var(--ast-global-color-4)","background-image":"","background-repeat":"repeat","background-position":"center center","background-size":"auto","background-attachment":"scroll","background-type":"","background-media":"","overlay-type":"","overlay-color":"","overlay-opacity":"","overlay-gradient":""},"tablet":{"background-color":"var(--ast-global-color-4)","background-image":"","background-repeat":"repeat","background-position":"center center","background-size":"auto","background-attachment":"scroll","background-type":"","background-media":"","overlay-type":"","overlay-color":"","overlay-opacity":"","overlay-gradient":""},"mobile":{"background-color":"var(--ast-global-color-4)","background-image":"","background-repeat":"repeat","background-position":"center center","background-size":"auto","background-attachment":"scroll","background-type":"","background-media":"","overlay-type":"","overlay-color":"","overlay-opacity":"","overlay-gradient":""}}},"product_brand":[103],"product_cat":[52,29,32,57,35,40,59],"product_tag":[],"class_list":{"0":"post-6678","1":"product","2":"type-product","3":"status-publish","4":"has-post-thumbnail","6":"product_brand-funduino","7":"product_cat-52","8":"product_cat-29","9":"product_cat-32","10":"product_cat-57","11":"product_cat--10-12-","12":"product_cat--12-","13":"product_cat-59","14":"desktop-align-left","15":"tablet-align-left","16":"mobile-align-left","18":"first","19":"instock","20":"taxable","21":"shipping-taxable","22":"purchasable","23":"product-type-simple"},"_links":{"self":[{"href":"https:\/\/stem-eshop.gr\/bs\/wp-json\/wp\/v2\/product\/6678","targetHints":{"allow":["GET"]}}],"collection":[{"href":"https:\/\/stem-eshop.gr\/bs\/wp-json\/wp\/v2\/product"}],"about":[{"href":"https:\/\/stem-eshop.gr\/bs\/wp-json\/wp\/v2\/types\/product"}],"replies":[{"embeddable":true,"href":"https:\/\/stem-eshop.gr\/bs\/wp-json\/wp\/v2\/comments?post=6678"}],"wp:featuredmedia":[{"embeddable":true,"href":"https:\/\/stem-eshop.gr\/bs\/wp-json\/wp\/v2\/media\/4649"}],"wp:attachment":[{"href":"https:\/\/stem-eshop.gr\/bs\/wp-json\/wp\/v2\/media?parent=6678"}],"wp:term":[{"taxonomy":"product_brand","embeddable":true,"href":"https:\/\/stem-eshop.gr\/bs\/wp-json\/wp\/v2\/product_brand?post=6678"},{"taxonomy":"product_cat","embeddable":true,"href":"https:\/\/stem-eshop.gr\/bs\/wp-json\/wp\/v2\/product_cat?post=6678"},{"taxonomy":"product_tag","embeddable":true,"href":"https:\/\/stem-eshop.gr\/bs\/wp-json\/wp\/v2\/product_tag?post=6678"}],"curies":[{"name":"wp","href":"https:\/\/api.w.org\/{rel}","templated":true}]}}