{"id":6640,"date":"2025-05-19T08:30:57","date_gmt":"2025-05-19T08:30:57","guid":{"rendered":"https:\/\/stem-eshop.gr\/product\/mega-builds-challenger-space-shuttle\/"},"modified":"2025-05-22T21:13:31","modified_gmt":"2025-05-22T18:13:31","slug":"mega-builds-challenger-space-shuttle","status":"publish","type":"product","link":"https:\/\/stem-eshop.gr\/bs\/proizvod\/mega-builds-challenger-space-shuttle\/","title":{"rendered":"MEGA GRA\u0110EVINE: Challenger svemirski \u0161atl"},"content":{"rendered":"<p>Naravno, modeli se mogu rastaviti, a korisnici mogu rekonfigurirati dijelove ENGINO-a kako bi razvili vlastite ideje. Bogatstvo funkcija osloba\u0111a kreativnost i ma\u0161tu, nude\u0107i vrhunski izazov gradnje.<\/p>\n<p>Novi MEGA BUILDS setovi su premium klase i dolaze u velikim plasti\u010dnim posudama za sigurno skladi\u0161tenje dijelova. Djeca mogu dodati vi\u0161e dijelova u ove plasti\u010dne posude nego u druge ENGINO setove koje imaju.<\/p>\n<p>Zbog veli\u010dine i slo\u017eenosti modela, sva uputstva za izgradnju su data u virtuelnom interaktivnom formatu, dostupnom putem besplatne kidCAD aplikacije za iOS i Android. Prva \u010detiri seta u seriji uklju\u010duju motorizovano Londonsko oko, Ajfelov toranj visok 1,5 metara, NASA-in svemirski \u0161atl Challenger sa svojim lansirnim raketama i helikopter sa dvostrukim motorima i zup\u010danicima.<\/p>","protected":false},"excerpt":{"rendered":"<p>Nakon ogromnog uspjeha modela Discovering Mega, razvijena je nova posebna serija za najentuzijasti\u010dnije korisnike ENGINO-a, koji \u017eele izgraditi veliki MEGA model i imati ga stalno izlo\u017een.<\/p>","protected":false},"featured_media":4643,"comment_status":"open","ping_status":"closed","template":"","meta":{"site-sidebar-layout":"default","site-content-layout":"","ast-site-content-layout":"default","site-content-style":"default","site-sidebar-style":"default","ast-global-header-display":"","ast-banner-title-visibility":"","ast-main-header-display":"","ast-hfb-above-header-display":"","ast-hfb-below-header-display":"","ast-hfb-mobile-header-display":"","site-post-title":"","ast-breadcrumbs-content":"","ast-featured-img":"","footer-sml-layout":"","ast-disable-related-posts":"","theme-transparent-header-meta":"","adv-header-id-meta":"","stick-header-meta":"","header-above-stick-meta":"","header-main-stick-meta":"","header-below-stick-meta":"","astra-migrate-meta-layouts":"default","ast-page-background-enabled":"default","ast-page-background-meta":{"desktop":{"background-color":"var(--ast-global-color-5)","background-image":"","background-repeat":"repeat","background-position":"center center","background-size":"auto","background-attachment":"scroll","background-type":"","background-media":"","overlay-type":"","overlay-color":"","overlay-opacity":"","overlay-gradient":""},"tablet":{"background-color":"","background-image":"","background-repeat":"repeat","background-position":"center center","background-size":"auto","background-attachment":"scroll","background-type":"","background-media":"","overlay-type":"","overlay-color":"","overlay-opacity":"","overlay-gradient":""},"mobile":{"background-color":"","background-image":"","background-repeat":"repeat","background-position":"center center","background-size":"auto","background-attachment":"scroll","background-type":"","background-media":"","overlay-type":"","overlay-color":"","overlay-opacity":"","overlay-gradient":""}},"ast-content-background-meta":{"desktop":{"background-color":"var(--ast-global-color-4)","background-image":"","background-repeat":"repeat","background-position":"center center","background-size":"auto","background-attachment":"scroll","background-type":"","background-media":"","overlay-type":"","overlay-color":"","overlay-opacity":"","overlay-gradient":""},"tablet":{"background-color":"var(--ast-global-color-4)","background-image":"","background-repeat":"repeat","background-position":"center center","background-size":"auto","background-attachment":"scroll","background-type":"","background-media":"","overlay-type":"","overlay-color":"","overlay-opacity":"","overlay-gradient":""},"mobile":{"background-color":"var(--ast-global-color-4)","background-image":"","background-repeat":"repeat","background-position":"center center","background-size":"auto","background-attachment":"scroll","background-type":"","background-media":"","overlay-type":"","overlay-color":"","overlay-opacity":"","overlay-gradient":""}}},"product_brand":[95],"product_cat":[43,44,38,29,32,57,35,40,59,58],"product_tag":[],"class_list":{"0":"post-6640","1":"product","2":"type-product","3":"status-publish","4":"has-post-thumbnail","6":"product_brand-engino","7":"product_cat-43","8":"product_cat-44","9":"product_cat-38","10":"product_cat-29","11":"product_cat-32","12":"product_cat-57","13":"product_cat--10-12-","14":"product_cat--12-","15":"product_cat-59","16":"product_cat-58","17":"desktop-align-left","18":"tablet-align-left","19":"mobile-align-left","21":"first","22":"instock","23":"taxable","24":"shipping-taxable","25":"purchasable","26":"product-type-simple"},"_links":{"self":[{"href":"https:\/\/stem-eshop.gr\/bs\/wp-json\/wp\/v2\/product\/6640","targetHints":{"allow":["GET"]}}],"collection":[{"href":"https:\/\/stem-eshop.gr\/bs\/wp-json\/wp\/v2\/product"}],"about":[{"href":"https:\/\/stem-eshop.gr\/bs\/wp-json\/wp\/v2\/types\/product"}],"replies":[{"embeddable":true,"href":"https:\/\/stem-eshop.gr\/bs\/wp-json\/wp\/v2\/comments?post=6640"}],"wp:featuredmedia":[{"embeddable":true,"href":"https:\/\/stem-eshop.gr\/bs\/wp-json\/wp\/v2\/media\/4643"}],"wp:attachment":[{"href":"https:\/\/stem-eshop.gr\/bs\/wp-json\/wp\/v2\/media?parent=6640"}],"wp:term":[{"taxonomy":"product_brand","embeddable":true,"href":"https:\/\/stem-eshop.gr\/bs\/wp-json\/wp\/v2\/product_brand?post=6640"},{"taxonomy":"product_cat","embeddable":true,"href":"https:\/\/stem-eshop.gr\/bs\/wp-json\/wp\/v2\/product_cat?post=6640"},{"taxonomy":"product_tag","embeddable":true,"href":"https:\/\/stem-eshop.gr\/bs\/wp-json\/wp\/v2\/product_tag?post=6640"}],"curies":[{"name":"wp","href":"https:\/\/api.w.org\/{rel}","templated":true}]}}