{"id":6633,"date":"2025-05-19T08:30:46","date_gmt":"2025-05-19T08:30:46","guid":{"rendered":"https:\/\/stem-eshop.gr\/product\/creative-engineering-20-in-1-maker-master\/"},"modified":"2026-02-03T10:25:50","modified_gmt":"2026-02-03T07:25:50","slug":"creative-engineering-20-in-1-maker-master","status":"publish","type":"product","link":"https:\/\/stem-eshop.gr\/bs\/proizvod\/creative-engineering-20-in-1-maker-master\/","title":{"rendered":"KREATIVNI IN\u017dENJERING 20 u 1 MAJSTOR MAKE-A"},"content":{"rendered":"<p>Svaki set dolazi u plasti\u010dnoj kutiji za jednostavno skladi\u0161tenje i daljnju upotrebu. Set \u201eMaker Junior\u201c namijenjen je pred\u0161kolcima uzrasta 4-6 godina, koriste\u0107i nagra\u0111ivani Qboidz\u00ae sistem, dok je \u201eMaker Master\u201c idealno rje\u0161enje za djecu uzrasta 7-12+ godina. Setovi \u201eMaker Master\u201c po\u010dinju s kutijom \u201e20 modela u 1\u201c i skaliraju u slo\u017eenosti i kreativnom potencijalu s kutijom \u201e60 modela u 1\u201c, koja tako\u0111er uklju\u010duje motoriziranu kontrolu.<\/p>\n<p>Iako je ENGINO\u00ae sistem pogodan za dje\u010dake i djevoj\u010dice, dostupna je i posebna verzija pod nazivom \u201eMaker Girl\u201c, namijenjena aktivnijem anga\u017eovanju djevoj\u010dica u STEM oblastima.<\/p>","protected":false},"excerpt":{"rendered":"<p>Nova serija CREATIVE ENGINEERING je najkompaktnija prezentacija ENGINO\u00ae sistema, idealna za online trgovine, jer \u0161tedi prostor za skladi\u0161tenje i smanjuje tro\u0161kove transporta. Najpopularniji modeli iz tradicionalne ENGINO\u00ae serije su kombinovani u ovim setovima, daju\u0107i djeci priliku da postanu mladi in\u017eenjeri i izumitelji. Serija stavlja poseban naglasak na kreativnost, omogu\u0107avaju\u0107i konstrukciju vi\u0161e modela iz istog seta. Modeli imaju STEMIFIED\u2122 sadr\u017eaj, koji aktivira novi, pedago\u0161ki napredni digitalni materijal koji pokriva osnovne STEM principe sa teorijom i eksperimentalnim aktivnostima.<\/p>","protected":false},"featured_media":4576,"comment_status":"open","ping_status":"closed","template":"","meta":{"site-sidebar-layout":"default","site-content-layout":"","ast-site-content-layout":"default","site-content-style":"default","site-sidebar-style":"default","ast-global-header-display":"","ast-banner-title-visibility":"","ast-main-header-display":"","ast-hfb-above-header-display":"","ast-hfb-below-header-display":"","ast-hfb-mobile-header-display":"","site-post-title":"","ast-breadcrumbs-content":"","ast-featured-img":"","footer-sml-layout":"","ast-disable-related-posts":"","theme-transparent-header-meta":"","adv-header-id-meta":"","stick-header-meta":"","header-above-stick-meta":"","header-main-stick-meta":"","header-below-stick-meta":"","astra-migrate-meta-layouts":"default","ast-page-background-enabled":"default","ast-page-background-meta":{"desktop":{"background-color":"var(--ast-global-color-5)","background-image":"","background-repeat":"repeat","background-position":"center center","background-size":"auto","background-attachment":"scroll","background-type":"","background-media":"","overlay-type":"","overlay-color":"","overlay-opacity":"","overlay-gradient":""},"tablet":{"background-color":"","background-image":"","background-repeat":"repeat","background-position":"center center","background-size":"auto","background-attachment":"scroll","background-type":"","background-media":"","overlay-type":"","overlay-color":"","overlay-opacity":"","overlay-gradient":""},"mobile":{"background-color":"","background-image":"","background-repeat":"repeat","background-position":"center center","background-size":"auto","background-attachment":"scroll","background-type":"","background-media":"","overlay-type":"","overlay-color":"","overlay-opacity":"","overlay-gradient":""}},"ast-content-background-meta":{"desktop":{"background-color":"var(--ast-global-color-4)","background-image":"","background-repeat":"repeat","background-position":"center center","background-size":"auto","background-attachment":"scroll","background-type":"","background-media":"","overlay-type":"","overlay-color":"","overlay-opacity":"","overlay-gradient":""},"tablet":{"background-color":"var(--ast-global-color-4)","background-image":"","background-repeat":"repeat","background-position":"center center","background-size":"auto","background-attachment":"scroll","background-type":"","background-media":"","overlay-type":"","overlay-color":"","overlay-opacity":"","overlay-gradient":""},"mobile":{"background-color":"var(--ast-global-color-4)","background-image":"","background-repeat":"repeat","background-position":"center center","background-size":"auto","background-attachment":"scroll","background-type":"","background-media":"","overlay-type":"","overlay-color":"","overlay-opacity":"","overlay-gradient":""}}},"product_brand":[95],"product_cat":[43,39,52,29,32,57,35,30,59],"product_tag":[],"class_list":{"0":"post-6633","1":"product","2":"type-product","3":"status-publish","4":"has-post-thumbnail","6":"product_brand-engino","7":"product_cat-43","8":"product_cat-39","9":"product_cat-52","10":"product_cat-29","11":"product_cat-32","12":"product_cat-57","13":"product_cat--10-12-","14":"product_cat--6-9-","15":"product_cat-59","16":"desktop-align-left","17":"tablet-align-left","18":"mobile-align-left","20":"first","21":"instock","22":"taxable","23":"shipping-taxable","24":"purchasable","25":"product-type-simple"},"_links":{"self":[{"href":"https:\/\/stem-eshop.gr\/bs\/wp-json\/wp\/v2\/product\/6633","targetHints":{"allow":["GET"]}}],"collection":[{"href":"https:\/\/stem-eshop.gr\/bs\/wp-json\/wp\/v2\/product"}],"about":[{"href":"https:\/\/stem-eshop.gr\/bs\/wp-json\/wp\/v2\/types\/product"}],"replies":[{"embeddable":true,"href":"https:\/\/stem-eshop.gr\/bs\/wp-json\/wp\/v2\/comments?post=6633"}],"wp:featuredmedia":[{"embeddable":true,"href":"https:\/\/stem-eshop.gr\/bs\/wp-json\/wp\/v2\/media\/4576"}],"wp:attachment":[{"href":"https:\/\/stem-eshop.gr\/bs\/wp-json\/wp\/v2\/media?parent=6633"}],"wp:term":[{"taxonomy":"product_brand","embeddable":true,"href":"https:\/\/stem-eshop.gr\/bs\/wp-json\/wp\/v2\/product_brand?post=6633"},{"taxonomy":"product_cat","embeddable":true,"href":"https:\/\/stem-eshop.gr\/bs\/wp-json\/wp\/v2\/product_cat?post=6633"},{"taxonomy":"product_tag","embeddable":true,"href":"https:\/\/stem-eshop.gr\/bs\/wp-json\/wp\/v2\/product_tag?post=6633"}],"curies":[{"name":"wp","href":"https:\/\/api.w.org\/{rel}","templated":true}]}}