{"id":6539,"date":"2025-05-19T08:12:07","date_gmt":"2025-05-19T08:12:07","guid":{"rendered":"https:\/\/stem-eshop.gr\/product\/gigo-coding-and-robotics-challenge-pack-1\/"},"modified":"2025-11-19T11:11:27","modified_gmt":"2025-11-19T08:11:27","slug":"gigo-coding-and-robotics-challenge-pack-1","status":"publish","type":"product","link":"https:\/\/stem-eshop.gr\/bs\/proizvod\/gigo-coding-and-robotics-challenge-pack-1\/","title":{"rendered":"Gigo kodiranje i robotika: Paket izazova 1"},"content":{"rendered":"<p>Dodatak Gigo Coding and Robotics: Challenge Pack 1 predstavlja 8 novih mehani\u010dkih robota s razli\u010ditim in\u017eenjerskim izazovima koje svaki od njih mo\u017ee izvr\u0161iti.<\/p>\n<div class=\"woocommerce-Tabs-panel woocommerce-Tabs-panel--description panel entry-content wc-tab\" id=\"tab-description\">\n<div class=\"wc-tab-inner\">\n<p>-Ovi novi modeli, uklju\u010duju\u0107i buldo\u017eer, makazastu platformu, ma\u0161inu za plu\u017eenje i \u010deki\u0107, nude nove pri\u010de i scenarije koje se mogu primijeniti na glavni set, kao \u0161to su: mo\u017eete napraviti katapult za bacanje lopte u ko\u0161 ili mo\u017eete napraviti robotsku ruku za hvatanje ne\u010dega \u0161to je dalje i jo\u0161 mnogo toga.<\/p>\n<p>-Uklju\u010duje sve dijelove potrebne za izgradnju novih modela i \u0161est kartica za bazu.<\/p>\n<p>-Potrebna je osnovna robotska jedinica, kartice za kodiranje i osnovne kartice iz kompleta Kids First Coding &amp; Robotics.<\/p>\n<p>STEM igra\u010dke za djecu.<\/p>\n<p><strong><\/strong><\/p>\n<p dir=\"ltr\" style=\"text-align:center\"><span xml:lang=\"el\" lang=\"el\">Ru\u010dno<\/span><\/p>\n<p dir=\"ltr\"><span xml:lang=\"el\" lang=\"el\"><a href=\"https:\/\/issuu.com\/gigotoys\/docs\/_7442-a-en\" rel=\"noopener\"><img decoding=\"async\" src=\"https:\/\/stem-eshop.gr\/img\/cms\/manual.png\" alt=\"\" width=\"40\" height=\"31\" style=\"margin-left:auto;margin-right:auto\" \/><\/a><\/span><\/p>\n<\/div>\n<\/div>","protected":false},"excerpt":{"rendered":"<div class=\"woocommerce-product-details__short-description\">\n<p>Dopunski paket za programiranje i robotiku za djecu.<\/p>\n<p>Dodatak Gigo Coding and Robotics: Challenge Pack 1 predstavlja 8 novih mehani\u010dkih robota s razli\u010ditim in\u017eenjerskim izazovima koje svaki od njih mo\u017ee izvr\u0161iti.<\/p>\n<ul>\n<li>Brojni funkcionalni modeli: lift, katapult, hodalica itd.<\/li>\n<li>Uputstvo za izradu 8 modela.<\/li>\n<\/ul>\n<\/div>","protected":false},"featured_media":6126,"comment_status":"open","ping_status":"closed","template":"","meta":{"site-sidebar-layout":"default","site-content-layout":"","ast-site-content-layout":"default","site-content-style":"default","site-sidebar-style":"default","ast-global-header-display":"","ast-banner-title-visibility":"","ast-main-header-display":"","ast-hfb-above-header-display":"","ast-hfb-below-header-display":"","ast-hfb-mobile-header-display":"","site-post-title":"","ast-breadcrumbs-content":"","ast-featured-img":"","footer-sml-layout":"","ast-disable-related-posts":"","theme-transparent-header-meta":"","adv-header-id-meta":"","stick-header-meta":"","header-above-stick-meta":"","header-main-stick-meta":"","header-below-stick-meta":"","astra-migrate-meta-layouts":"default","ast-page-background-enabled":"default","ast-page-background-meta":{"desktop":{"background-color":"var(--ast-global-color-5)","background-image":"","background-repeat":"repeat","background-position":"center center","background-size":"auto","background-attachment":"scroll","background-type":"","background-media":"","overlay-type":"","overlay-color":"","overlay-opacity":"","overlay-gradient":""},"tablet":{"background-color":"","background-image":"","background-repeat":"repeat","background-position":"center center","background-size":"auto","background-attachment":"scroll","background-type":"","background-media":"","overlay-type":"","overlay-color":"","overlay-opacity":"","overlay-gradient":""},"mobile":{"background-color":"","background-image":"","background-repeat":"repeat","background-position":"center center","background-size":"auto","background-attachment":"scroll","background-type":"","background-media":"","overlay-type":"","overlay-color":"","overlay-opacity":"","overlay-gradient":""}},"ast-content-background-meta":{"desktop":{"background-color":"var(--ast-global-color-4)","background-image":"","background-repeat":"repeat","background-position":"center center","background-size":"auto","background-attachment":"scroll","background-type":"","background-media":"","overlay-type":"","overlay-color":"","overlay-opacity":"","overlay-gradient":""},"tablet":{"background-color":"var(--ast-global-color-4)","background-image":"","background-repeat":"repeat","background-position":"center center","background-size":"auto","background-attachment":"scroll","background-type":"","background-media":"","overlay-type":"","overlay-color":"","overlay-opacity":"","overlay-gradient":""},"mobile":{"background-color":"var(--ast-global-color-4)","background-image":"","background-repeat":"repeat","background-position":"center center","background-size":"auto","background-attachment":"scroll","background-type":"","background-media":"","overlay-type":"","overlay-color":"","overlay-opacity":"","overlay-gradient":""}}},"product_brand":[104],"product_cat":[39,33,38,56,30,45,34,26,28,59],"product_tag":[],"class_list":{"0":"post-6539","1":"product","2":"type-product","3":"status-publish","4":"has-post-thumbnail","6":"product_brand-gigo","7":"product_cat-39","8":"product_cat-33","9":"product_cat-38","10":"product_cat-56","11":"product_cat--6-9-","12":"product_cat-45","13":"product_cat-34","14":"product_cat-26","15":"product_cat-28","16":"product_cat-59","17":"desktop-align-left","18":"tablet-align-left","19":"mobile-align-left","21":"first","22":"instock","23":"taxable","24":"shipping-taxable","25":"purchasable","26":"product-type-simple"},"_links":{"self":[{"href":"https:\/\/stem-eshop.gr\/bs\/wp-json\/wp\/v2\/product\/6539","targetHints":{"allow":["GET"]}}],"collection":[{"href":"https:\/\/stem-eshop.gr\/bs\/wp-json\/wp\/v2\/product"}],"about":[{"href":"https:\/\/stem-eshop.gr\/bs\/wp-json\/wp\/v2\/types\/product"}],"replies":[{"embeddable":true,"href":"https:\/\/stem-eshop.gr\/bs\/wp-json\/wp\/v2\/comments?post=6539"}],"wp:featuredmedia":[{"embeddable":true,"href":"https:\/\/stem-eshop.gr\/bs\/wp-json\/wp\/v2\/media\/6126"}],"wp:attachment":[{"href":"https:\/\/stem-eshop.gr\/bs\/wp-json\/wp\/v2\/media?parent=6539"}],"wp:term":[{"taxonomy":"product_brand","embeddable":true,"href":"https:\/\/stem-eshop.gr\/bs\/wp-json\/wp\/v2\/product_brand?post=6539"},{"taxonomy":"product_cat","embeddable":true,"href":"https:\/\/stem-eshop.gr\/bs\/wp-json\/wp\/v2\/product_cat?post=6539"},{"taxonomy":"product_tag","embeddable":true,"href":"https:\/\/stem-eshop.gr\/bs\/wp-json\/wp\/v2\/product_tag?post=6539"}],"curies":[{"name":"wp","href":"https:\/\/api.w.org\/{rel}","templated":true}]}}