{"id":6535,"date":"2025-05-19T08:12:04","date_gmt":"2025-05-19T08:12:04","guid":{"rendered":"https:\/\/stem-eshop.gr\/product\/%cf%80%ce%b1%ce%ba%ce%ad%cf%84%ce%bf-%cf%86%cf%85%cf%83%ce%b9%ce%ba%ce%ac-%cf%83%cf%84-%ce%b4%ce%b7%ce%bc%ce%bf%cf%84%ce%b9%ce%ba%ce%bf%cf%8d\/"},"modified":"2025-05-24T12:11:18","modified_gmt":"2025-05-24T09:11:18","slug":"%cf%80%ce%b1%ce%ba%ce%ad%cf%84%ce%bf-%cf%86%cf%85%cf%83%ce%b9%ce%ba%ce%ac-%cf%83%cf%84-%ce%b4%ce%b7%ce%bc%ce%bf%cf%84%ce%b9%ce%ba%ce%bf%cf%8d","status":"publish","type":"product","link":"https:\/\/stem-eshop.gr\/bs\/proizvod\/%cf%80%ce%b1%ce%ba%ce%ad%cf%84%ce%bf-%cf%86%cf%85%cf%83%ce%b9%ce%ba%ce%ac-%cf%83%cf%84-%ce%b4%ce%b7%ce%bc%ce%bf%cf%84%ce%b9%ce%ba%ce%bf%cf%8d\/","title":{"rendered":"Paket prirodnih nauka za 6. razred"},"content":{"rendered":"<p>Evo opisa za svaku kategoriju.<\/p>\n<p>1. ENERGIJA<\/p>\n<p>Solarna energija 2.0: Izrada solarnog panela koji pretvara solarnu energiju u elektri\u010dnu energiju i pokre\u0107e motor.<\/p>\n<p>Izgradnja vjetroturbina: Hvatanje vjetra i njegovo pretvaranje u elektri\u010dnu energiju.<\/p>\n<p>Konstrukcija vodene pumpe na solarni pogon: Pumpa vodu koriste\u0107i solarnu energiju.<\/p>\n<p>2. TOPLINA-TEMPERATURA<\/p>\n<p>Eksperiment s vremenskim pojavama: Razumjeti stvaranje vremenskih pojava i efekta staklene ba\u0161te, munja, oblaka itd.<\/p>\n<p>NGS KOMPLET ZA AERODINAMIKU AUTA: Koristi komprimirani zrak za pogon automobila, s naglaskom na toplinu i pritisak.<\/p>\n<p>3. EMBI-AVIA<\/p>\n<p>Moj prvi mikroskop: Posmatrajte mikrosvijet oko sebe uz uve\u0107anje od 150x, otkrivaju\u0107i polen, li\u0161\u0107e, kristale soli i druge sitne detalje.<\/p>\n<p>4. BILJKE<\/p>\n<p>Uzgojite labirint: Istra\u017eite rast biljaka kroz labirint i nau\u010dite o fiziologiji biljaka.<\/p>\n<p>Prirodni staklenik: Napravite vlastiti prirodni staklenik kako biste razumjeli organsku poljoprivredu.<\/p>\n<p>5. \u017dIVOTINJE<\/p>\n<p>BrainBox Animals: Istra\u017eite \u017eivotinjsko carstvo kroz zabavnu dru\u0161tvenu igru memorije, sa 600 pitanja o \u017eivotinjama.<\/p>\n<p>6. EKOSISTEM<\/p>\n<p>BrainBox ekosistemi: Istra\u017eite svjetsku floru i faunu pomo\u0107u slika i informacija o prirodnim ekosistemima.<\/p>\n<p>7. RESPIRATORNI SISTEM I CIRKULATORNI SISTEM<\/p>\n<p>Anatomska slagalica ljudskog tijela: U\u010di anatomiju ljudskog tijela pomo\u0107u odvojivih slagalica i prikaza tjelesnih organa.<\/p>\n<p>8. ELEKTROMAGNETIZAM<\/p>\n<p>NGS Elektromagnetska oscilacija: Eksperiment za razumijevanje elektromagnetske oscilacije.<\/p>\n<p>NGS Komplet za elektromagnetska kola: Konstrukcija i razumijevanje elektromagnetskih kola.<\/p>\n<p>Gigo Elektricitet i magnetizam: Kompletan set za istra\u017eivanje elektriciteta i magnetizma eksperimentima.<\/p>\n<p>9. SVJETLO<\/p>\n<p>NGS laserska refleksija: Istra\u017eite refleksiju laserske svjetlosti.<\/p>\n<p>10. KISELE-BAZE-SOLI<\/p>\n<p>NGS nau\u010dni komplet sa 30 nau\u010dnih laboratorijskih eksperimenata: Eksperimenti za razumijevanje kiselina, baza i soli.<\/p>\n<p>11. ZARAZNE BOLESTI<\/p>\n<p>Igra pam\u0107enja o zdravlju i higijeni: Edukativna igra o higijeni i prevenciji zaraznih bolesti.<\/p>\n<p>12. REPRODUKTIVNI SISTEM<\/p>\n<p>NGS Model ljudskog organa: Edukativni model za razumijevanje ljudskog reproduktivnog sistema.<\/p>\n<p>Ovaj paket pokriva \u0161irok spektar nau\u010dnih oblasti, od fizike i hemije do biologije i anatomije, nude\u0107i djeci zabavne i edukativne na\u010dine da u\u010de o svijetu oko sebe.<\/p>","protected":false},"excerpt":{"rendered":"<p>Ovaj paket uklju\u010duje razne edukativne igre i aktivnosti koje pokrivaju mnoge nau\u010dne koncepte, od energije i temperature do biologije i anatomije ljudskog tijela.<\/p>","protected":false},"featured_media":6110,"comment_status":"open","ping_status":"closed","template":"","meta":{"site-sidebar-layout":"default","site-content-layout":"","ast-site-content-layout":"default","site-content-style":"default","site-sidebar-style":"default","ast-global-header-display":"","ast-banner-title-visibility":"","ast-main-header-display":"","ast-hfb-above-header-display":"","ast-hfb-below-header-display":"","ast-hfb-mobile-header-display":"","site-post-title":"","ast-breadcrumbs-content":"","ast-featured-img":"","footer-sml-layout":"","ast-disable-related-posts":"","theme-transparent-header-meta":"default","adv-header-id-meta":"","stick-header-meta":"","header-above-stick-meta":"","header-main-stick-meta":"","header-below-stick-meta":"","astra-migrate-meta-layouts":"set","ast-page-background-enabled":"default","ast-page-background-meta":{"desktop":{"background-color":"var(--ast-global-color-5)","background-image":"","background-repeat":"repeat","background-position":"center center","background-size":"auto","background-attachment":"scroll","background-type":"","background-media":"","overlay-type":"","overlay-color":"","overlay-opacity":"","overlay-gradient":""},"tablet":{"background-color":"","background-image":"","background-repeat":"repeat","background-position":"center center","background-size":"auto","background-attachment":"scroll","background-type":"","background-media":"","overlay-type":"","overlay-color":"","overlay-opacity":"","overlay-gradient":""},"mobile":{"background-color":"","background-image":"","background-repeat":"repeat","background-position":"center center","background-size":"auto","background-attachment":"scroll","background-type":"","background-media":"","overlay-type":"","overlay-color":"","overlay-opacity":"","overlay-gradient":""}},"ast-content-background-meta":{"desktop":{"background-color":"var(--ast-global-color-4)","background-image":"","background-repeat":"repeat","background-position":"center center","background-size":"auto","background-attachment":"scroll","background-type":"","background-media":"","overlay-type":"","overlay-color":"","overlay-opacity":"","overlay-gradient":""},"tablet":{"background-color":"var(--ast-global-color-4)","background-image":"","background-repeat":"repeat","background-position":"center center","background-size":"auto","background-attachment":"scroll","background-type":"","background-media":"","overlay-type":"","overlay-color":"","overlay-opacity":"","overlay-gradient":""},"mobile":{"background-color":"var(--ast-global-color-4)","background-image":"","background-repeat":"repeat","background-position":"center center","background-size":"auto","background-attachment":"scroll","background-type":"","background-media":"","overlay-type":"","overlay-color":"","overlay-opacity":"","overlay-gradient":""}}},"product_brand":[],"product_cat":[21,20],"product_tag":[],"class_list":{"0":"post-6535","1":"product","2":"type-product","3":"status-publish","4":"has-post-thumbnail","6":"product_cat-stem--","7":"product_cat-20","8":"desktop-align-left","9":"tablet-align-left","10":"mobile-align-left","12":"first","13":"instock","14":"sale","15":"taxable","16":"shipping-taxable","17":"purchasable","18":"product-type-simple"},"_links":{"self":[{"href":"https:\/\/stem-eshop.gr\/bs\/wp-json\/wp\/v2\/product\/6535","targetHints":{"allow":["GET"]}}],"collection":[{"href":"https:\/\/stem-eshop.gr\/bs\/wp-json\/wp\/v2\/product"}],"about":[{"href":"https:\/\/stem-eshop.gr\/bs\/wp-json\/wp\/v2\/types\/product"}],"replies":[{"embeddable":true,"href":"https:\/\/stem-eshop.gr\/bs\/wp-json\/wp\/v2\/comments?post=6535"}],"wp:featuredmedia":[{"embeddable":true,"href":"https:\/\/stem-eshop.gr\/bs\/wp-json\/wp\/v2\/media\/6110"}],"wp:attachment":[{"href":"https:\/\/stem-eshop.gr\/bs\/wp-json\/wp\/v2\/media?parent=6535"}],"wp:term":[{"taxonomy":"product_brand","embeddable":true,"href":"https:\/\/stem-eshop.gr\/bs\/wp-json\/wp\/v2\/product_brand?post=6535"},{"taxonomy":"product_cat","embeddable":true,"href":"https:\/\/stem-eshop.gr\/bs\/wp-json\/wp\/v2\/product_cat?post=6535"},{"taxonomy":"product_tag","embeddable":true,"href":"https:\/\/stem-eshop.gr\/bs\/wp-json\/wp\/v2\/product_tag?post=6535"}],"curies":[{"name":"wp","href":"https:\/\/api.w.org\/{rel}","templated":true}]}}