{"id":6534,"date":"2025-05-19T08:12:03","date_gmt":"2025-05-19T08:12:03","guid":{"rendered":"https:\/\/stem-eshop.gr\/product\/%cf%80%ce%b1%ce%ba%ce%ad%cf%84%ce%bf-%ce%b3%ce%b9%ce%b1-%cf%84%ce%b7%ce%bd-%cf%83%cf%84-%ce%b4%ce%b7%ce%bc%ce%bf%cf%84%ce%b9%ce%ba%ce%bf%cf%8d\/"},"modified":"2025-05-24T12:10:30","modified_gmt":"2025-05-24T09:10:30","slug":"%cf%80%ce%b1%ce%ba%ce%ad%cf%84%ce%bf-%ce%b3%ce%b9%ce%b1-%cf%84%ce%b7%ce%bd-%cf%83%cf%84-%ce%b4%ce%b7%ce%bc%ce%bf%cf%84%ce%b9%ce%ba%ce%bf%cf%8d","status":"publish","type":"product","link":"https:\/\/stem-eshop.gr\/bs\/proizvod\/%cf%80%ce%b1%ce%ba%ce%ad%cf%84%ce%bf-%ce%b3%ce%b9%ce%b1-%cf%84%ce%b7%ce%bd-%cf%83%cf%84-%ce%b4%ce%b7%ce%bc%ce%bf%cf%84%ce%b9%ce%ba%ce%bf%cf%8d\/","title":{"rendered":"Paket za 6. razred osnovne \u0161kole"},"content":{"rendered":"<div class=\"flex-1 overflow-hidden\">\n<div class=\"h-full\">\n<div class=\"react-scroll-to-bottom--css-youxy-79elbk h-full\">\n<div class=\"react-scroll-to-bottom--css-youxy-1n7m0yu\">\n<div class=\"flex flex-col text-sm md:pb-9\">\n<div class=\"m-auto text-base py-[18px] px-3 md:px-4 w-full md:px-5 lg:px-4 xl:px-5\">\n<div class=\"mx-auto flex flex-1 gap-4 text-base md:gap-5 lg:gap-6 md:max-w-3xl lg:max-w-[40rem] xl:max-w-[48rem]\">\n<div class=\"group\/conversation-turn relative flex w-full min-w-0 flex-col agent-turn\">\n<div class=\"flex-col gap-1 md:gap-3\">\n<div class=\"flex max-w-full flex-col flex-grow\">\n<div class=\"min-h-8 text-message flex w-full flex-col items-end gap-2 whitespace-normal break-words [.text-message+&amp;]:mt-5\">\n<div class=\"flex w-full flex-col gap-1 empty:hidden first:pt-[3px]\">\n<div class=\"markdown prose w-full break-words dark:prose-invert light\">\n<p>\u0399\u03b4\u03b1\u03bd\u03b9\u03ba\u03cc \u03b3\u03b9\u03b1 \u03c0\u03b1\u03b9\u03b4\u03b9\u03ac \u03c4\u03bf\u03c5 \u0394\u03b7\u03bc\u03bf\u03c4\u03b9\u03ba\u03bf\u03cd, \u03c4\u03bf \u03c0\u03b1\u03ba\u03ad\u03c4\u03bf \u03c0\u03b5\u03c1\u03b9\u03bb\u03b1\u03bc\u03b2\u03ac\u03bd\u03b5\u03b9:<\/p>\n<ol>\n<li>\u039c\u03b1\u03b8\u03b1\u03af\u03bd\u03c9 \u039a\u03b1\u03b9 \u0394\u03b7\u03bc\u03b9\u03bf\u03c5\u03c1\u03b3\u03ce Lab: \u0391\u03bd\u03b1\u03c4\u03bf\u03bc\u03af\u03b1 \u03b3\u03b9\u03b1 \u039c\u03b5\u03b3\u03ac\u03bb\u03b1 \u039c\u03c5\u03b1\u03bb\u03ac &#8211; \u0394\u03b7\u03bc\u03b9\u03bf\u03c5\u03c1\u03b3\u03af\u03b1 \u03b1\u03bd\u03b8\u03c1\u03ce\u03c0\u03b9\u03bd\u03bf\u03c5 \u03ba\u03c1\u03b1\u03bd\u03af\u03bf\u03c5 \u03bc\u03b5 \u03bc\u03bf\u03bd\u03c4\u03ad\u03bb\u03b1, \u03b5\u03b3\u03ba\u03ad\u03c6\u03b1\u03bb\u03bf \u03b1\u03c0\u03cc gel, \u03c3\u03c0\u03cc\u03bd\u03b4\u03c5\u03bb\u03bf\u03c5\u03c2 \u03ba\u03b1\u03b9 \u03b5\u03be\u03b1\u03c4\u03bf\u03bc\u03b9\u03ba\u03b5\u03c5\u03bc\u03ad\u03bd\u03b1 \u03bc\u03ac\u03c4\u03b9\u03b1.<\/li>\n<li>4M Toys: \u039c\u03b1\u03b8\u03b7\u03bc\u03b1\u03c4\u03b9\u03ba\u03ae \u039c\u03b1\u03b3\u03b5\u03af\u03b1\u00a0&#8211; \u039c\u03b1\u03b8\u03b7\u03bc\u03b1\u03c4\u03b9\u03ba\u03ac \u03ba\u03cc\u03bb\u03c0\u03b1 \u03ba\u03b1\u03b9 \u03c0\u03b1\u03b9\u03c7\u03bd\u03af\u03b4\u03b9\u03b1 \u03b3\u03b9\u03b1 \u03bd\u03b1 \u03b4\u03b9\u03b1\u03c3\u03ba\u03b5\u03b4\u03ac\u03c3\u03b5\u03c4\u03b5 \u03ba\u03b1\u03b9 \u03bd\u03b1 \u03b5\u03bd\u03c4\u03c5\u03c0\u03c9\u03c3\u03b9\u03ac\u03c3\u03b5\u03c4\u03b5 \u03c4\u03bf\u03c5\u03c2 \u03c6\u03af\u03bb\u03bf\u03c5\u03c2 \u03c3\u03b1\u03c2 \u03bc\u03b5 \u03c5\u03c0\u03bf\u03bb\u03bf\u03b3\u03b9\u03c3\u03bc\u03bf\u03cd\u03c2 \u03ba\u03b1\u03b9 \u03c0\u03ac\u03b6\u03bb.<\/li>\n<li>\u039c\u03b1\u03b8\u03b1\u03af\u03bd\u03c9 \u039a\u03b1\u03b9 \u0394\u03b7\u03bc\u03b9\u03bf\u03c5\u03c1\u03b3\u03ce Lab: Super \u03a7\u03b7\u03bc\u03b5\u03af\u03b1\u00a0&#8211; \u03a0\u03b5\u03b9\u03c1\u03b1\u03bc\u03b1\u03c4\u03b9\u03ba\u03ac \u03c3\u03b5\u03c4 \u03b3\u03b9\u03b1 \u03bd\u03b1 \u03b1\u03bd\u03b1\u03ba\u03b1\u03bb\u03cd\u03c8\u03b5\u03c4\u03b5 \u03c4\u03b7 \u03c7\u03b7\u03bc\u03b5\u03af\u03b1 \u03bc\u03b5 \u03b4\u03bf\u03ba\u03b9\u03bc\u03b1\u03c3\u03c4\u03b9\u03ba\u03bf\u03cd\u03c2 \u03c3\u03c9\u03bb\u03ae\u03bd\u03b5\u03c2 \u03ba\u03b1\u03b9 \u03b1\u03bd\u03c4\u03b9\u03b4\u03c1\u03b1\u03c3\u03c4\u03ae\u03c1\u03b9\u03b1.<\/li>\n<li>4M Toys: \u039c\u03bf\u03c5\u03c3\u03b9\u03ba\u03cc \u039a\u03cd\u03ba\u03bb\u03c9\u03bc\u03b1\u00a0&#8211; \u0394\u03b7\u03bc\u03b9\u03bf\u03c5\u03c1\u03b3\u03af\u03b1 \u03ba\u03c5\u03ba\u03bb\u03c9\u03bc\u03ac\u03c4\u03c9\u03bd \u03ba\u03b1\u03b9 \u03bc\u03bf\u03c5\u03c3\u03b9\u03ba\u03ce\u03bd \u03bc\u03b5\u03bb\u03c9\u03b4\u03b9\u03ce\u03bd, \u03bc\u03b1\u03b8\u03b1\u03af\u03bd\u03bf\u03bd\u03c4\u03b1\u03c2 \u03b3\u03b9\u03b1 \u03c4\u03bf\u03c5\u03c2 \u03ba\u03b1\u03bb\u03bf\u03cd\u03c2 \u03b1\u03b3\u03c9\u03b3\u03bf\u03cd\u03c2 \u03c4\u03bf\u03c5 \u03b7\u03bb\u03b5\u03ba\u03c4\u03c1\u03b9\u03c3\u03bc\u03bf\u03cd.<\/li>\n<li>50\/50 Games: 5050 \u039a\u03bf\u03c5\u03af\u03b6 \u03a3\u03b7\u03bc\u03b1\u03af\u03b5\u03c2 &amp; \u03a7\u03ce\u03c1\u03b5\u03c2 \u03c4\u03bf\u03c5 \u039a\u03cc\u03c3\u03bc\u03bf\u03c5\u00a0&#8211; \u0395\u03c0\u03b9\u03c4\u03c1\u03b1\u03c0\u03ad\u03b6\u03b9\u03bf \u03ba\u03bf\u03c5\u03af\u03b6 \u03b3\u03b9\u03b1 \u03bd\u03b1 \u03b5\u03be\u03b5\u03c1\u03b5\u03c5\u03bd\u03ae\u03c3\u03b5\u03b9\u03c2 \u03c4\u03b9\u03c2 \u03c3\u03b7\u03bc\u03b1\u03af\u03b5\u03c2 \u03ba\u03b1\u03b9 \u03c4\u03b9\u03c2 \u03c7\u03ce\u03c1\u03b5\u03c2 \u03c4\u03bf\u03c5 \u03ba\u03cc\u03c3\u03bc\u03bf\u03c5 \u03bc\u03b5 600 \u03b5\u03c1\u03c9\u03c4\u03ae\u03c3\u03b5\u03b9\u03c2.<\/li>\n<li>Makerzoid 200-in-1 Scratch Jr Coding Robot Kit\u00a0&#8211; \u039a\u03c9\u03b4\u03b9\u03ba\u03bf\u03c0\u03bf\u03af\u03b7\u03c3\u03b7 \u03c1\u03bf\u03bc\u03c0\u03cc\u03c4 \u03ba\u03b1\u03b9 \u03b4\u03b7\u03bc\u03b9\u03bf\u03c5\u03c1\u03b3\u03af\u03b1 200 \u03b4\u03b9\u03b1\u03c6\u03bf\u03c1\u03b5\u03c4\u03b9\u03ba\u03ce\u03bd \u03c1\u03bf\u03bc\u03c0\u03bf\u03c4\u03b9\u03ba\u03ce\u03bd \u03ba\u03b1\u03c4\u03b1\u03c3\u03ba\u03b5\u03c5\u03ce\u03bd.<\/li>\n<li>Mechanics: Gears &amp; Worm Drives\u00a0&#8211; \u0395\u03ba\u03c0\u03b1\u03b9\u03b4\u03b5\u03c5\u03c4\u03b9\u03ba\u03cc \u03c0\u03b1\u03b9\u03c7\u03bd\u03af\u03b4\u03b9 \u03b3\u03b9\u03b1 \u03c4\u03b7\u03bd \u03ba\u03b1\u03c4\u03b1\u03bd\u03cc\u03b7\u03c3\u03b7 \u03c4\u03b7\u03c2 \u03bb\u03b5\u03b9\u03c4\u03bf\u03c5\u03c1\u03b3\u03af\u03b1\u03c2 \u03c4\u03c9\u03bd \u03b3\u03c1\u03b1\u03bd\u03b1\u03b6\u03b9\u03ce\u03bd \u03ba\u03b1\u03b9 \u03c4\u03b7 \u03b4\u03b7\u03bc\u03b9\u03bf\u03c5\u03c1\u03b3\u03af\u03b1 12 \u03bc\u03b7\u03c7\u03b1\u03bd\u03b9\u03ba\u03ce\u03bd \u03bc\u03bf\u03bd\u03c4\u03ad\u03bb\u03c9\u03bd.<\/li>\n<\/ol>\n<p>\u0391\u03c5\u03c4\u03cc \u03c4\u03bf \u03c0\u03b1\u03ba\u03ad\u03c4\u03bf \u03c0\u03b1\u03c1\u03ad\u03c7\u03b5\u03b9 \u03bc\u03b9\u03b1 \u03b5\u03ba\u03c0\u03bb\u03b7\u03ba\u03c4\u03b9\u03ba\u03ae \u03b5\u03c5\u03ba\u03b1\u03b9\u03c1\u03af\u03b1 \u03b3\u03b9\u03b1 \u03c4\u03bf\u03c5\u03c2 \u03bc\u03b1\u03b8\u03b7\u03c4\u03ad\u03c2 \u03bd\u03b1 \u03b5\u03bc\u03b2\u03b1\u03b8\u03cd\u03bd\u03bf\u03c5\u03bd \u03c3\u03c4\u03b9\u03c2 \u03b5\u03c0\u03b9\u03c3\u03c4\u03ae\u03bc\u03b5\u03c2, \u03c4\u03b7 \u03b3\u03b5\u03c9\u03b3\u03c1\u03b1\u03c6\u03af\u03b1, \u03c4\u03b7 \u03bc\u03bf\u03c5\u03c3\u03b9\u03ba\u03ae \u03ba\u03b1\u03b9 \u03c4\u03b7 \u03bc\u03b7\u03c7\u03b1\u03bd\u03b9\u03ba\u03ae \u03bc\u03b5 \u03c4\u03c1\u03cc\u03c0\u03bf \u03c0\u03bf\u03c5 \u03b5\u03bd\u03b9\u03c3\u03c7\u03cd\u03b5\u03b9 \u03c4\u03b7 \u03b4\u03b7\u03bc\u03b9\u03bf\u03c5\u03c1\u03b3\u03b9\u03ba\u03cc\u03c4\u03b7\u03c4\u03b1 \u03ba\u03b1\u03b9 \u03c4\u03b7\u03bd \u03ba\u03c1\u03b9\u03c4\u03b9\u03ba\u03ae \u03c3\u03ba\u03ad\u03c8\u03b7.<\/p>\n<\/div>\n<\/div>\n<\/div>\n<\/div>\n<\/div>\n<\/div>\n<\/div>\n<\/div>\n<\/div>\n<\/div>\n<\/div>\n<\/div>\n<\/div>\n","protected":false},"excerpt":{"rendered":"<p>Obrazovni paket za 6. RAZRED nudi niz edukativnih igara i aktivnosti koje podsti\u010du u\u010denje u oblastima kao \u0161to su anatomija, matematika, hemija, muzika i in\u017eenjerstvo, na najzabavniji i iskustveniji na\u010din.<\/p>","protected":false},"featured_media":6108,"comment_status":"open","ping_status":"closed","template":"","meta":{"site-sidebar-layout":"default","site-content-layout":"","ast-site-content-layout":"default","site-content-style":"default","site-sidebar-style":"default","ast-global-header-display":"","ast-banner-title-visibility":"","ast-main-header-display":"","ast-hfb-above-header-display":"","ast-hfb-below-header-display":"","ast-hfb-mobile-header-display":"","site-post-title":"","ast-breadcrumbs-content":"","ast-featured-img":"","footer-sml-layout":"","ast-disable-related-posts":"","theme-transparent-header-meta":"default","adv-header-id-meta":"","stick-header-meta":"","header-above-stick-meta":"","header-main-stick-meta":"","header-below-stick-meta":"","astra-migrate-meta-layouts":"set","ast-page-background-enabled":"default","ast-page-background-meta":{"desktop":{"background-color":"var(--ast-global-color-5)","background-image":"","background-repeat":"repeat","background-position":"center center","background-size":"auto","background-attachment":"scroll","background-type":"","background-media":"","overlay-type":"","overlay-color":"","overlay-opacity":"","overlay-gradient":""},"tablet":{"background-color":"","background-image":"","background-repeat":"repeat","background-position":"center center","background-size":"auto","background-attachment":"scroll","background-type":"","background-media":"","overlay-type":"","overlay-color":"","overlay-opacity":"","overlay-gradient":""},"mobile":{"background-color":"","background-image":"","background-repeat":"repeat","background-position":"center center","background-size":"auto","background-attachment":"scroll","background-type":"","background-media":"","overlay-type":"","overlay-color":"","overlay-opacity":"","overlay-gradient":""}},"ast-content-background-meta":{"desktop":{"background-color":"var(--ast-global-color-4)","background-image":"","background-repeat":"repeat","background-position":"center center","background-size":"auto","background-attachment":"scroll","background-type":"","background-media":"","overlay-type":"","overlay-color":"","overlay-opacity":"","overlay-gradient":""},"tablet":{"background-color":"var(--ast-global-color-4)","background-image":"","background-repeat":"repeat","background-position":"center center","background-size":"auto","background-attachment":"scroll","background-type":"","background-media":"","overlay-type":"","overlay-color":"","overlay-opacity":"","overlay-gradient":""},"mobile":{"background-color":"var(--ast-global-color-4)","background-image":"","background-repeat":"repeat","background-position":"center center","background-size":"auto","background-attachment":"scroll","background-type":"","background-media":"","overlay-type":"","overlay-color":"","overlay-opacity":"","overlay-gradient":""}}},"product_brand":[],"product_cat":[21,20],"product_tag":[],"class_list":{"0":"post-6534","1":"product","2":"type-product","3":"status-publish","4":"has-post-thumbnail","6":"product_cat-stem--","7":"product_cat-20","8":"desktop-align-left","9":"tablet-align-left","10":"mobile-align-left","12":"first","13":"instock","14":"sale","15":"taxable","16":"shipping-taxable","17":"purchasable","18":"product-type-simple"},"_links":{"self":[{"href":"https:\/\/stem-eshop.gr\/bs\/wp-json\/wp\/v2\/product\/6534","targetHints":{"allow":["GET"]}}],"collection":[{"href":"https:\/\/stem-eshop.gr\/bs\/wp-json\/wp\/v2\/product"}],"about":[{"href":"https:\/\/stem-eshop.gr\/bs\/wp-json\/wp\/v2\/types\/product"}],"replies":[{"embeddable":true,"href":"https:\/\/stem-eshop.gr\/bs\/wp-json\/wp\/v2\/comments?post=6534"}],"wp:featuredmedia":[{"embeddable":true,"href":"https:\/\/stem-eshop.gr\/bs\/wp-json\/wp\/v2\/media\/6108"}],"wp:attachment":[{"href":"https:\/\/stem-eshop.gr\/bs\/wp-json\/wp\/v2\/media?parent=6534"}],"wp:term":[{"taxonomy":"product_brand","embeddable":true,"href":"https:\/\/stem-eshop.gr\/bs\/wp-json\/wp\/v2\/product_brand?post=6534"},{"taxonomy":"product_cat","embeddable":true,"href":"https:\/\/stem-eshop.gr\/bs\/wp-json\/wp\/v2\/product_cat?post=6534"},{"taxonomy":"product_tag","embeddable":true,"href":"https:\/\/stem-eshop.gr\/bs\/wp-json\/wp\/v2\/product_tag?post=6534"}],"curies":[{"name":"wp","href":"https:\/\/api.w.org\/{rel}","templated":true}]}}