{"id":6532,"date":"2025-05-19T08:12:02","date_gmt":"2025-05-19T08:12:02","guid":{"rendered":"https:\/\/stem-eshop.gr\/product\/%cf%80%ce%b1%ce%ba%ce%ad%cf%84%ce%bf-%ce%b3%ce%b9%ce%b1-%cf%84%ce%b7%ce%bd-%ce%b4-%ce%b4%ce%b7%ce%bc%ce%bf%cf%84%ce%b9%ce%ba%ce%bf%cf%8d\/"},"modified":"2025-10-11T15:28:50","modified_gmt":"2025-10-11T12:28:50","slug":"%cf%80%ce%b1%ce%ba%ce%ad%cf%84%ce%bf-%ce%b3%ce%b9%ce%b1-%cf%84%ce%b7%ce%bd-%ce%b4-%ce%b4%ce%b7%ce%bc%ce%bf%cf%84%ce%b9%ce%ba%ce%bf%cf%8d","status":"publish","type":"product","link":"https:\/\/stem-eshop.gr\/bs\/proizvod\/%cf%80%ce%b1%ce%ba%ce%ad%cf%84%ce%bf-%ce%b3%ce%b9%ce%b1-%cf%84%ce%b7%ce%bd-%ce%b4-%ce%b4%ce%b7%ce%bc%ce%bf%cf%84%ce%b9%ce%ba%ce%bf%cf%8d\/","title":{"rendered":"Paket za u\u010denike \u010detvrtog razreda"},"content":{"rendered":"<p>Detaljno:<\/p>\n<ol>\n<li>Smarty: Edukativna igra kviza rije\u010di<br \/>\nInteraktivna igra s pitanjima razli\u010dite te\u017eine, za razvoj vokabulara i orijentaciju.<\/li>\n<li>Laboratorija za u\u010denje i stvaranje: Anatomija za velike umove (8+ godina)<br \/>\nIstra\u017eivanje ljudske anatomije kroz sastavljanje lobanje, gel mozga i drugih komponenti.<\/li>\n<li>BrainBox: Matemati\u010dka dru\u0161tvena igra<br \/>\nRazumijevanje matemati\u010dkih koncepata kao \u0161to su geometrija, vrijeme i udaljenosti uz \u017eivopisne slike.<\/li>\n<li>Pametno: Poznajem Gr\u010dku<br \/>\nGeografska igra za istra\u017eivanje \u010duda Gr\u010dke kroz zabavne rute.<\/li>\n<li>BrainBox: Sportska dru\u0161tvena igra<br \/>\nInteraktivna igra za upoznavanje popularnih sportova i zabavno u\u010denje.<\/li>\n<li>Igre 50\/50: Olimpijske igre u anti\u010dkoj Gr\u010dkoj<br \/>\nAvanturisti\u010dka igra za u\u010de\u0161\u0107e u doga\u0111ajima drevnih Olimpijskih igara.<\/li>\n<li>Laboratorija za u\u010denje i stvaranje: Moj vrt (8+ godina)<br \/>\nEksperimenti s hidroponskim uzgojem za pra\u0107enje rasta biljaka bez zemlje.<\/li>\n<li>Laboratorija za u\u010denje i stvaranje: Super hemija (8+ godina)<br \/>\nHemijski eksperimenti s epruvetama i reagensima, za otkrivanje hemijskih reakcija.<\/li>\n<li>Igra\u010dka za konstrukciju modela Engine 30<br \/>\nNapredni STEM set za kreiranje modela sa pokretnim dijelovima i motorom sa 2 brzine.<\/li>\n<\/ol>\n<p>Ovaj paket poti\u010de nau\u010dno razmi\u0161ljanje, ma\u0161tu i razvoj vje\u0161tina kod djece \u010detvrtog razreda, \u0161to ga \u010dini idealnim za vi\u0161estruko u\u010denje i zabavu.<\/p>","protected":false},"excerpt":{"rendered":"<p>Paket za 4. razred sadr\u017ei edukativne i nau\u010dne igre koje razvijaju logiku, kreativnost i nau\u010dno razmi\u0161ljanje kod djece.<\/p>","protected":false},"featured_media":6104,"comment_status":"open","ping_status":"closed","template":"","meta":{"site-sidebar-layout":"default","site-content-layout":"","ast-site-content-layout":"default","site-content-style":"default","site-sidebar-style":"default","ast-global-header-display":"","ast-banner-title-visibility":"","ast-main-header-display":"","ast-hfb-above-header-display":"","ast-hfb-below-header-display":"","ast-hfb-mobile-header-display":"","site-post-title":"","ast-breadcrumbs-content":"","ast-featured-img":"","footer-sml-layout":"","ast-disable-related-posts":"","theme-transparent-header-meta":"default","adv-header-id-meta":"","stick-header-meta":"","header-above-stick-meta":"","header-main-stick-meta":"","header-below-stick-meta":"","astra-migrate-meta-layouts":"set","ast-page-background-enabled":"default","ast-page-background-meta":{"desktop":{"background-color":"var(--ast-global-color-5)","background-image":"","background-repeat":"repeat","background-position":"center center","background-size":"auto","background-attachment":"scroll","background-type":"","background-media":"","overlay-type":"","overlay-color":"","overlay-opacity":"","overlay-gradient":""},"tablet":{"background-color":"","background-image":"","background-repeat":"repeat","background-position":"center center","background-size":"auto","background-attachment":"scroll","background-type":"","background-media":"","overlay-type":"","overlay-color":"","overlay-opacity":"","overlay-gradient":""},"mobile":{"background-color":"","background-image":"","background-repeat":"repeat","background-position":"center center","background-size":"auto","background-attachment":"scroll","background-type":"","background-media":"","overlay-type":"","overlay-color":"","overlay-opacity":"","overlay-gradient":""}},"ast-content-background-meta":{"desktop":{"background-color":"var(--ast-global-color-4)","background-image":"","background-repeat":"repeat","background-position":"center center","background-size":"auto","background-attachment":"scroll","background-type":"","background-media":"","overlay-type":"","overlay-color":"","overlay-opacity":"","overlay-gradient":""},"tablet":{"background-color":"var(--ast-global-color-4)","background-image":"","background-repeat":"repeat","background-position":"center center","background-size":"auto","background-attachment":"scroll","background-type":"","background-media":"","overlay-type":"","overlay-color":"","overlay-opacity":"","overlay-gradient":""},"mobile":{"background-color":"var(--ast-global-color-4)","background-image":"","background-repeat":"repeat","background-position":"center center","background-size":"auto","background-attachment":"scroll","background-type":"","background-media":"","overlay-type":"","overlay-color":"","overlay-opacity":"","overlay-gradient":""}}},"product_brand":[],"product_cat":[21,20],"product_tag":[],"class_list":{"0":"post-6532","1":"product","2":"type-product","3":"status-publish","4":"has-post-thumbnail","6":"product_cat-stem--","7":"product_cat-20","8":"desktop-align-left","9":"tablet-align-left","10":"mobile-align-left","12":"first","13":"instock","14":"sale","15":"taxable","16":"shipping-taxable","17":"purchasable","18":"product-type-simple"},"_links":{"self":[{"href":"https:\/\/stem-eshop.gr\/bs\/wp-json\/wp\/v2\/product\/6532","targetHints":{"allow":["GET"]}}],"collection":[{"href":"https:\/\/stem-eshop.gr\/bs\/wp-json\/wp\/v2\/product"}],"about":[{"href":"https:\/\/stem-eshop.gr\/bs\/wp-json\/wp\/v2\/types\/product"}],"replies":[{"embeddable":true,"href":"https:\/\/stem-eshop.gr\/bs\/wp-json\/wp\/v2\/comments?post=6532"}],"wp:featuredmedia":[{"embeddable":true,"href":"https:\/\/stem-eshop.gr\/bs\/wp-json\/wp\/v2\/media\/6104"}],"wp:attachment":[{"href":"https:\/\/stem-eshop.gr\/bs\/wp-json\/wp\/v2\/media?parent=6532"}],"wp:term":[{"taxonomy":"product_brand","embeddable":true,"href":"https:\/\/stem-eshop.gr\/bs\/wp-json\/wp\/v2\/product_brand?post=6532"},{"taxonomy":"product_cat","embeddable":true,"href":"https:\/\/stem-eshop.gr\/bs\/wp-json\/wp\/v2\/product_cat?post=6532"},{"taxonomy":"product_tag","embeddable":true,"href":"https:\/\/stem-eshop.gr\/bs\/wp-json\/wp\/v2\/product_tag?post=6532"}],"curies":[{"name":"wp","href":"https:\/\/api.w.org\/{rel}","templated":true}]}}