{"id":6531,"date":"2025-05-19T08:12:01","date_gmt":"2025-05-19T08:12:01","guid":{"rendered":"https:\/\/stem-eshop.gr\/product\/%cf%80%ce%b1%ce%ba%ce%ad%cf%84%ce%bf-%ce%b3%ce%b9%ce%b1-%cf%84%ce%b7%ce%bd-%ce%b3-%ce%b4%ce%b7%ce%bc%ce%bf%cf%84%ce%b9%ce%ba%ce%bf%cf%8d\/"},"modified":"2025-05-24T12:09:40","modified_gmt":"2025-05-24T09:09:40","slug":"%cf%80%ce%b1%ce%ba%ce%ad%cf%84%ce%bf-%ce%b3%ce%b9%ce%b1-%cf%84%ce%b7%ce%bd-%ce%b3-%ce%b4%ce%b7%ce%bc%ce%bf%cf%84%ce%b9%ce%ba%ce%bf%cf%8d","status":"publish","type":"product","link":"https:\/\/stem-eshop.gr\/bs\/proizvod\/%cf%80%ce%b1%ce%ba%ce%ad%cf%84%ce%bf-%ce%b3%ce%b9%ce%b1-%cf%84%ce%b7%ce%bd-%ce%b3-%ce%b4%ce%b7%ce%bc%ce%bf%cf%84%ce%b9%ce%ba%ce%bf%cf%8d\/","title":{"rendered":"Paket za 3. razred"},"content":{"rendered":"<p>Detaljno:<\/p>\n<ol>\n<li>Smarty: Edukativna igra kviza rije\u010di<br \/>\nInteraktivna igra s pitanjima o rije\u010dima i nivoima te\u017eine, koja pobolj\u0161ava vokabular i vje\u0161tine prostorne orijentacije.<\/li>\n<li>Montessori: Edukativna igra Ljudsko tijelo<br \/>\nZagonetka koja obja\u0161njava strukturu i dijelove ljudskog tijela, iznutra i izvana.<\/li>\n<li>BrainBox: Matemati\u010dka dru\u0161tvena igra<br \/>\nIdealno za razumijevanje matemati\u010dkih koncepata kao \u0161to su geometrija, vrijeme, udaljenosti.<\/li>\n<li>50\/50 Igre: Herkul \u2013 Dru\u0161tvena igra 12 zadataka<br \/>\nAvanturisti\u010dka igra u kojoj djeca poma\u017eu Herkulu u njegovim naporima, puna akcije i mitologije.<\/li>\n<li>AS Magnetna kutija: Emocije<br \/>\nEdukativni set sa 42 magneta za emocionalni trening i prepoznavanje izraza lica.<\/li>\n<li>Pametno: Elektronska enciklopedija<br \/>\nInteraktivna enciklopedija sa preko 500 pitanja i edukativnih tema za djecu.<\/li>\n<li>Pametno: Poznajem Gr\u010dku (6+ godina)<br \/>\nGeografska igra za istra\u017eivanje i u\u010denje o \u010dudima Gr\u010dke.<\/li>\n<li>Laboratorija za u\u010denje i stvaranje: Organski staklenik (7+ godina)<br \/>\nIstra\u017eivanje organske poljoprivrede kroz izgradnju prirodnog staklenika.<\/li>\n<li>Igra\u010dka za konstrukciju modela Engine 25<br \/>\nSTEM set za kreiranje vi\u0161e modela koji razvijaju mehani\u010dko razmi\u0161ljanje.<\/li>\n<li>Igra\u010dka za konstrukciju modela Engine 30<br \/>\nNapredni set s mogu\u0107no\u0161\u0107u izrade pokretnih modela pomo\u0107u motora.<\/li>\n<\/ol>\n<p>Ovaj paket kombinuje zabavu i u\u010denje, osmi\u0161ljen da obogati znanje i vje\u0161tine djece tre\u0107eg razreda.<\/p>","protected":false},"excerpt":{"rendered":"<p>Paket za 3. razred nudi kolekciju igara koje pobolj\u0161avaju u\u010denje, znati\u017eelju, kreativnost i STEM vje\u0161tine. Idealan je za u\u010denike 3. razreda, kombinira zabavu sa znanjem.<\/p>","protected":false},"featured_media":6102,"comment_status":"open","ping_status":"closed","template":"","meta":{"site-sidebar-layout":"default","site-content-layout":"","ast-site-content-layout":"default","site-content-style":"default","site-sidebar-style":"default","ast-global-header-display":"","ast-banner-title-visibility":"","ast-main-header-display":"","ast-hfb-above-header-display":"","ast-hfb-below-header-display":"","ast-hfb-mobile-header-display":"","site-post-title":"","ast-breadcrumbs-content":"","ast-featured-img":"","footer-sml-layout":"","ast-disable-related-posts":"","theme-transparent-header-meta":"default","adv-header-id-meta":"","stick-header-meta":"","header-above-stick-meta":"","header-main-stick-meta":"","header-below-stick-meta":"","astra-migrate-meta-layouts":"set","ast-page-background-enabled":"default","ast-page-background-meta":{"desktop":{"background-color":"var(--ast-global-color-5)","background-image":"","background-repeat":"repeat","background-position":"center center","background-size":"auto","background-attachment":"scroll","background-type":"","background-media":"","overlay-type":"","overlay-color":"","overlay-opacity":"","overlay-gradient":""},"tablet":{"background-color":"","background-image":"","background-repeat":"repeat","background-position":"center center","background-size":"auto","background-attachment":"scroll","background-type":"","background-media":"","overlay-type":"","overlay-color":"","overlay-opacity":"","overlay-gradient":""},"mobile":{"background-color":"","background-image":"","background-repeat":"repeat","background-position":"center center","background-size":"auto","background-attachment":"scroll","background-type":"","background-media":"","overlay-type":"","overlay-color":"","overlay-opacity":"","overlay-gradient":""}},"ast-content-background-meta":{"desktop":{"background-color":"var(--ast-global-color-4)","background-image":"","background-repeat":"repeat","background-position":"center center","background-size":"auto","background-attachment":"scroll","background-type":"","background-media":"","overlay-type":"","overlay-color":"","overlay-opacity":"","overlay-gradient":""},"tablet":{"background-color":"var(--ast-global-color-4)","background-image":"","background-repeat":"repeat","background-position":"center center","background-size":"auto","background-attachment":"scroll","background-type":"","background-media":"","overlay-type":"","overlay-color":"","overlay-opacity":"","overlay-gradient":""},"mobile":{"background-color":"var(--ast-global-color-4)","background-image":"","background-repeat":"repeat","background-position":"center center","background-size":"auto","background-attachment":"scroll","background-type":"","background-media":"","overlay-type":"","overlay-color":"","overlay-opacity":"","overlay-gradient":""}}},"product_brand":[],"product_cat":[21,20],"product_tag":[],"class_list":{"0":"post-6531","1":"product","2":"type-product","3":"status-publish","4":"has-post-thumbnail","6":"product_cat-stem--","7":"product_cat-20","8":"desktop-align-left","9":"tablet-align-left","10":"mobile-align-left","12":"first","13":"instock","14":"sale","15":"taxable","16":"shipping-taxable","17":"purchasable","18":"product-type-simple"},"_links":{"self":[{"href":"https:\/\/stem-eshop.gr\/bs\/wp-json\/wp\/v2\/product\/6531","targetHints":{"allow":["GET"]}}],"collection":[{"href":"https:\/\/stem-eshop.gr\/bs\/wp-json\/wp\/v2\/product"}],"about":[{"href":"https:\/\/stem-eshop.gr\/bs\/wp-json\/wp\/v2\/types\/product"}],"replies":[{"embeddable":true,"href":"https:\/\/stem-eshop.gr\/bs\/wp-json\/wp\/v2\/comments?post=6531"}],"wp:featuredmedia":[{"embeddable":true,"href":"https:\/\/stem-eshop.gr\/bs\/wp-json\/wp\/v2\/media\/6102"}],"wp:attachment":[{"href":"https:\/\/stem-eshop.gr\/bs\/wp-json\/wp\/v2\/media?parent=6531"}],"wp:term":[{"taxonomy":"product_brand","embeddable":true,"href":"https:\/\/stem-eshop.gr\/bs\/wp-json\/wp\/v2\/product_brand?post=6531"},{"taxonomy":"product_cat","embeddable":true,"href":"https:\/\/stem-eshop.gr\/bs\/wp-json\/wp\/v2\/product_cat?post=6531"},{"taxonomy":"product_tag","embeddable":true,"href":"https:\/\/stem-eshop.gr\/bs\/wp-json\/wp\/v2\/product_tag?post=6531"}],"curies":[{"name":"wp","href":"https:\/\/api.w.org\/{rel}","templated":true}]}}