{"id":6524,"date":"2025-05-19T08:11:53","date_gmt":"2025-05-19T08:11:53","guid":{"rendered":"https:\/\/stem-eshop.gr\/product\/%cf%80%cf%89%cf%82-%ce%bb%ce%b5%ce%b9%cf%84%ce%bf%cf%85%cf%81%ce%b3%ce%b5%ce%af-%cf%84%ce%bf-%ce%b8%ce%b5%cf%81%ce%bc%ce%bf%ce%ba%ce%ae%cf%80%ce%b9%ce%bf\/"},"modified":"2025-05-22T21:13:29","modified_gmt":"2025-05-22T18:13:29","slug":"%cf%80%cf%89%cf%82-%ce%bb%ce%b5%ce%b9%cf%84%ce%bf%cf%85%cf%81%ce%b3%ce%b5%ce%af-%cf%84%ce%bf-%ce%b8%ce%b5%cf%81%ce%bc%ce%bf%ce%ba%ce%ae%cf%80%ce%b9%ce%bf","status":"publish","type":"product","link":"https:\/\/stem-eshop.gr\/bs\/proizvod\/%cf%80%cf%89%cf%82-%ce%bb%ce%b5%ce%b9%cf%84%ce%bf%cf%85%cf%81%ce%b3%ce%b5%ce%af-%cf%84%ce%bf-%ce%b8%ce%b5%cf%81%ce%bc%ce%bf%ce%ba%ce%ae%cf%80%ce%b9%ce%bf\/","title":{"rendered":"Kako funkcioni\u0161e staklenik?"},"content":{"rendered":"<p>\u038c\u03c4\u03b1\u03bd \u03bf\u03bb\u03bf\u03ba\u03bb\u03b7\u03c1\u03ce\u03c3\u03bf\u03c5\u03bd \u03c4\u03b1 \u03c0\u03b5\u03b9\u03c1\u03ac\u03bc\u03b1\u03c4\u03ac \u03c4\u03bf\u03c5\u03c2, \u03c4\u03b1 \u03c0\u03b1\u03b9\u03b4\u03b9\u03ac \u03bc\u03c0\u03bf\u03c1\u03bf\u03cd\u03bd \u03bd\u03b1 \u03b2\u03b3\u03ac\u03bb\u03bf\u03c5\u03bd \u03c4\u03b1 \u03ba\u03b1\u03c0\u03ad\u03bb\u03b1 \u03c4\u03bf\u03c5\u03c2 \u03ba\u03b1\u03b9 \u03bd\u03b1 \u03c0\u03ac\u03c1\u03bf\u03c5\u03bd \u03c4\u03b1 \u03c7\u03c1\u03c9\u03bc\u03b1\u03c4\u03b9\u03c3\u03c4\u03ac \u03c4\u03bf\u03c5\u03c2 \u03bc\u03bf\u03bb\u03cd\u03b2\u03b9\u03b1 \u03b3\u03b9\u03b1 \u03bd\u03b1 \u03b4\u03b9\u03b1\u03ba\u03bf\u03c3\u03bc\u03ae\u03c3\u03bf\u03c5\u03bd \u03c4\u03b1 \u03b4\u03b9\u03ba\u03ac \u03c4\u03bf\u03c5\u03c2 \u03ba\u03bf\u03c5\u03bc\u03c0\u03c9\u03c4\u03ac skins!<\/p>\n<p>\u0395\u03c0\u03b9\u03c0\u03bb\u03ad\u03bf\u03bd, \u03bf\u03b9 \u03bc\u03b9\u03ba\u03c1\u03bf\u03af \u03bc\u03b1\u03b8\u03b7\u03c4\u03ad\u03c2 \u03b8\u03b1 \u03bb\u03ac\u03b2\u03bf\u03c5\u03bd \u03ad\u03bd\u03b1 \u03ad\u03b3\u03c7\u03c1\u03c9\u03bc\u03bf \u03b2\u03b9\u03b2\u03bb\u03b9\u03b1\u03c1\u03ac\u03ba\u03b9 \u03bc\u03b5:<\/p>\n<p>\u039c\u03b9\u03ba\u03c1\u03bf\u03ca\u03c3\u03c4\u03bf\u03c1\u03af\u03b1 \u03c4\u03b7\u03c2 \u03b3\u03b5\u03c9\u03c1\u03b3\u03af\u03b1\u03c2 \u03b3\u03b5\u03bc\u03ac\u03c4\u03b7 \u03b4\u03b9\u03b1\u03c3\u03ba\u03b5\u03b4\u03b1\u03c3\u03c4\u03b9\u03ba\u03ac \u03b3\u03b5\u03b3\u03bf\u03bd\u03cc\u03c4\u03b1<\/p>\n<p>\u03a0\u03c1\u03b1\u03ba\u03c4\u03b9\u03ba\u03ac STEM \u03c0\u03b5\u03b9\u03c1\u03ac\u03bc\u03b1\u03c4\u03b1 \u03bc\u03b5 \u03b4\u03b9\u03ba\u03bf\u03cd\u03c2 \u03c4\u03bf\u03c5\u03c2 \u03c3\u03c0\u03cc\u03c1\u03bf\u03c5\u03c2 \u03ba\u03b1\u03bb\u03b1\u03bc\u03c0\u03bf\u03ba\u03b9\u03bf\u03cd \u03ba\u03b1\u03b9 \u03c6\u03b1\u03c3\u03bf\u03bb\u03b9\u03ce\u03bd<\/p>\n<p>\u03a4\u03b7 \u03b8\u03b5\u03c9\u03c1\u03af\u03b1 \u03c0\u03af\u03c3\u03c9 \u03b1\u03c0\u03cc \u03c4\u03b7 \u03c6\u03c9\u03c4\u03bf\u03c3\u03cd\u03bd\u03b8\u03b5\u03c3\u03b7 \u03ba\u03b1\u03b9 \u03c4\u03b1 \u03b8\u03b5\u03c1\u03bc\u03bf\u03ba\u03ae\u03c0\u03b9\u03b1, \u03b5\u03cd\u03ba\u03bf\u03bb\u03b7 \u03c3\u03c4\u03b7\u03bd \u03ba\u03b1\u03c4\u03b1\u03bd\u03cc\u03b7\u03c3\u03b7<\/p>\n<p>Kviz za provjeru njihovog znanja o osnovnim STEM konceptima<\/p>\n<p>Jednostavne upute za gradnju<\/p>\n<p>Skinovi za ispis za vje\u017ebanje dizajnerskih vje\u0161tina<\/p>\n<p>\u03a7\u03c1\u03b5\u03b9\u03ac\u03b6\u03b5\u03c3\u03c4\u03b5 \u03ad\u03bc\u03c0\u03bd\u03b5\u03c5\u03c3\u03b7; \u03a7\u03c1\u03b7\u03c3\u03b9\u03bc\u03bf\u03c0\u03bf\u03b9\u03ae\u03c3\u03c4\u03b5 \u03c4\u03b7\u03bd \u03b4\u03b9\u03b1\u03b4\u03c1\u03b1\u03c3\u03c4\u03b9\u03ba\u03ae \u03bc\u03b1\u03c2 \u03b5\u03c6\u03b1\u03c1\u03bc\u03bf\u03b3\u03ae 3D \u03c3\u03c4\u03bf\u03bd \u03c5\u03c0\u03bf\u03bb\u03bf\u03b3\u03b9\u03c3\u03c4\u03ae \u03c3\u03b1\u03c2 \u03ba\u03b1\u03b9 \u03ba\u03b1\u03c4\u03b1\u03c3\u03ba\u03b5\u03c5\u03ac\u03c3\u03c4\u03b5 \u03c4\u03bf \u03b8\u03b5\u03c1\u03bc\u03bf\u03ba\u03ae\u03c0\u03b9\u03cc \u03c3\u03b1\u03c2 \u03c3\u03b5 \u03b5\u03b9\u03ba\u03bf\u03bd\u03b9\u03ba\u03ae \u03c0\u03c1\u03b1\u03b3\u03bc\u03b1\u03c4\u03b9\u03ba\u03cc\u03c4\u03b7\u03c4\u03b1!<\/p>\n<p>Engino STEAM edukativne igra\u010dke su kompletni STEAM alati za u\u010denje, osmi\u0161ljeni da pripreme mlade u\u010denike za \u017eivot nau\u010dnih otkri\u0107a. Za vi\u0161e informacija o na\u0161em obrazovnom sistemu kliknite ovdje.<\/p>\n<p>\u0391\u03c3\u03c6\u03ac\u03bb\u03b5\u03b9\u03b1 \u03c0\u03c1\u03bf\u03ca\u03cc\u03bd\u03c4\u03bf\u03c2 \u03ba\u03b1\u03b9 \u03c3\u03c5\u03bc\u03bc\u03cc\u03c1\u03c6\u03c9\u03c3\u03b7<\/p>\n<p>\u03a4\u03bf \u03c0\u03c1\u03bf\u03ca\u03cc\u03bd \u03b1\u03c5\u03c4\u03cc \u03c3\u03c5\u03bc\u03bc\u03bf\u03c1\u03c6\u03ce\u03bd\u03b5\u03c4\u03b1\u03b9 \u03bc\u03b5 \u03c4\u03b1 \u03b9\u03c3\u03c7\u03cd\u03bf\u03bd\u03c4\u03b1 \u03c0\u03c1\u03cc\u03c4\u03c5\u03c0\u03b1 \u03ba\u03b1\u03b9 \u03ba\u03b1\u03bd\u03cc\u03bd\u03b5\u03c2 \u03b1\u03c3\u03c6\u03b1\u03bb\u03b5\u03af\u03b1\u03c2 \u03b3\u03b9\u03b1 \u03c0\u03c1\u03bf\u03ca\u03cc\u03bd\u03c4\u03b1 \u03b3\u03b9\u03b1 \u03c0\u03b1\u03b9\u03b4\u03b9\u03ac.<\/p>","protected":false},"excerpt":{"rendered":"<p>\u039f\u03b9 \u03bd\u03b5\u03b1\u03c1\u03bf\u03af \u03b2\u03bf\u03c4\u03b1\u03bd\u03bf\u03bb\u03cc\u03b3\u03bf\u03b9 \u03ba\u03b1\u03bb\u03bb\u03b9\u03b5\u03c1\u03b3\u03bf\u03cd\u03bd \u03c4\u03b1 \u03b4\u03b9\u03ba\u03ac \u03c4\u03bf\u03c5\u03c2 \u03c6\u03c5\u03c4\u03ac \u03b1\u03c0\u03cc \u03c3\u03c0\u03cc\u03c1\u03bf\u03c5\u03c2 \u03bc\u03ad\u03c3\u03b1 \u03c3\u03b5 \u03ad\u03bd\u03b1 \u03c0\u03bb\u03ae\u03c1\u03c9\u03c2 \u03bb\u03b5\u03b9\u03c4\u03bf\u03c5\u03c1\u03b3\u03b9\u03ba\u03cc \u03b8\u03b5\u03c1\u03bc\u03bf\u03ba\u03ae\u03c0\u03b9\u03bf \u03c0\u03bf\u03c5 \u03ba\u03b1\u03c4\u03b1\u03c3\u03ba\u03b5\u03c5\u03ac\u03b6\u03bf\u03c5\u03bd \u03bc\u03cc\u03bd\u03bf\u03b9 \u03c4\u03bf\u03c5\u03c2 \u03bc\u03b5 \u03b1\u03c5\u03c4\u03cc \u03c4\u03bf \u03b4\u03b9\u03b1\u03b4\u03c1\u03b1\u03c3\u03c4\u03b9\u03ba\u03cc \u03c3\u03b5\u03c4 STEAM! \u039a\u03b1\u03b8\u03bf\u03b4\u03b7\u03b3\u03bf\u03cd\u03bc\u03b5\u03bd\u03b1 \u03c0\u03b5\u03b9\u03c1\u03ac\u03bc\u03b1\u03c4\u03b1 \u03b8\u03b1 \u03b4\u03b5\u03af\u03be\u03bf\u03c5\u03bd \u03c3\u03c4\u03bf\u03c5\u03c2 \u03bc\u03b9\u03ba\u03c1\u03bf\u03cd\u03c2 \u03b1\u03b3\u03c1\u03cc\u03c4\u03b5\u03c2 \u03c0\u03ce\u03c2 \u03bf\u03b9 \u03c3\u03c5\u03bd\u03b8\u03ae\u03ba\u03b5\u03c2 \u03cc\u03c0\u03c9\u03c2 \u03c4\u03bf \u03c6\u03c9\u03c2, \u03b7 \u03b8\u03b5\u03c1\u03bc\u03bf\u03ba\u03c1\u03b1\u03c3\u03af\u03b1 \u03ba\u03b1\u03b9 \u03b7 \u03c5\u03b3\u03c1\u03b1\u03c3\u03af\u03b1 \u03b5\u03c0\u03b7\u03c1\u03b5\u03ac\u03b6\u03bf\u03c5\u03bd \u03c4\u03b9\u03c2 \u03ba\u03b1\u03bb\u03bb\u03b9\u03ad\u03c1\u03b3\u03b5\u03b9\u03ad\u03c2 \u03c4\u03bf\u03c5\u03c2.<\/p>","protected":false},"featured_media":5341,"comment_status":"open","ping_status":"closed","template":"","meta":{"site-sidebar-layout":"default","site-content-layout":"","ast-site-content-layout":"default","site-content-style":"default","site-sidebar-style":"default","ast-global-header-display":"","ast-banner-title-visibility":"","ast-main-header-display":"","ast-hfb-above-header-display":"","ast-hfb-below-header-display":"","ast-hfb-mobile-header-display":"","site-post-title":"","ast-breadcrumbs-content":"","ast-featured-img":"","footer-sml-layout":"","ast-disable-related-posts":"","theme-transparent-header-meta":"default","adv-header-id-meta":"","stick-header-meta":"","header-above-stick-meta":"","header-main-stick-meta":"","header-below-stick-meta":"","astra-migrate-meta-layouts":"set","ast-page-background-enabled":"default","ast-page-background-meta":{"desktop":{"background-color":"var(--ast-global-color-5)","background-image":"","background-repeat":"repeat","background-position":"center center","background-size":"auto","background-attachment":"scroll","background-type":"","background-media":"","overlay-type":"","overlay-color":"","overlay-opacity":"","overlay-gradient":""},"tablet":{"background-color":"","background-image":"","background-repeat":"repeat","background-position":"center center","background-size":"auto","background-attachment":"scroll","background-type":"","background-media":"","overlay-type":"","overlay-color":"","overlay-opacity":"","overlay-gradient":""},"mobile":{"background-color":"","background-image":"","background-repeat":"repeat","background-position":"center center","background-size":"auto","background-attachment":"scroll","background-type":"","background-media":"","overlay-type":"","overlay-color":"","overlay-opacity":"","overlay-gradient":""}},"ast-content-background-meta":{"desktop":{"background-color":"var(--ast-global-color-4)","background-image":"","background-repeat":"repeat","background-position":"center center","background-size":"auto","background-attachment":"scroll","background-type":"","background-media":"","overlay-type":"","overlay-color":"","overlay-opacity":"","overlay-gradient":""},"tablet":{"background-color":"var(--ast-global-color-4)","background-image":"","background-repeat":"repeat","background-position":"center center","background-size":"auto","background-attachment":"scroll","background-type":"","background-media":"","overlay-type":"","overlay-color":"","overlay-opacity":"","overlay-gradient":""},"mobile":{"background-color":"var(--ast-global-color-4)","background-image":"","background-repeat":"repeat","background-position":"center center","background-size":"auto","background-attachment":"scroll","background-type":"","background-media":"","overlay-type":"","overlay-color":"","overlay-opacity":"","overlay-gradient":""}}},"product_brand":[95],"product_cat":[44,39,38,56,35,30,54,58],"product_tag":[],"class_list":{"0":"post-6524","1":"product","2":"type-product","3":"status-publish","4":"has-post-thumbnail","6":"product_brand-engino","7":"product_cat-44","8":"product_cat-39","9":"product_cat-38","10":"product_cat-56","11":"product_cat--10-12-","12":"product_cat--6-9-","13":"product_cat-54","14":"product_cat-58","15":"desktop-align-left","16":"tablet-align-left","17":"mobile-align-left","19":"first","20":"instock","21":"taxable","22":"shipping-taxable","23":"purchasable","24":"product-type-simple"},"_links":{"self":[{"href":"https:\/\/stem-eshop.gr\/bs\/wp-json\/wp\/v2\/product\/6524","targetHints":{"allow":["GET"]}}],"collection":[{"href":"https:\/\/stem-eshop.gr\/bs\/wp-json\/wp\/v2\/product"}],"about":[{"href":"https:\/\/stem-eshop.gr\/bs\/wp-json\/wp\/v2\/types\/product"}],"replies":[{"embeddable":true,"href":"https:\/\/stem-eshop.gr\/bs\/wp-json\/wp\/v2\/comments?post=6524"}],"wp:featuredmedia":[{"embeddable":true,"href":"https:\/\/stem-eshop.gr\/bs\/wp-json\/wp\/v2\/media\/5341"}],"wp:attachment":[{"href":"https:\/\/stem-eshop.gr\/bs\/wp-json\/wp\/v2\/media?parent=6524"}],"wp:term":[{"taxonomy":"product_brand","embeddable":true,"href":"https:\/\/stem-eshop.gr\/bs\/wp-json\/wp\/v2\/product_brand?post=6524"},{"taxonomy":"product_cat","embeddable":true,"href":"https:\/\/stem-eshop.gr\/bs\/wp-json\/wp\/v2\/product_cat?post=6524"},{"taxonomy":"product_tag","embeddable":true,"href":"https:\/\/stem-eshop.gr\/bs\/wp-json\/wp\/v2\/product_tag?post=6524"}],"curies":[{"name":"wp","href":"https:\/\/api.w.org\/{rel}","templated":true}]}}