{"id":6502,"date":"2025-05-19T08:11:11","date_gmt":"2025-05-19T08:11:11","guid":{"rendered":"https:\/\/stem-eshop.gr\/product\/lego-education-bricq-motion-prime-set\/"},"modified":"2025-11-24T15:57:33","modified_gmt":"2025-11-24T12:57:33","slug":"lego-education-bricq-motion-prime-set","status":"publish","type":"product","link":"https:\/\/stem-eshop.gr\/bs\/proizvod\/lego-education-bricq-motion-prime-set\/","title":{"rendered":"LEGO\u00ae Education BricQ Motion Prime set"},"content":{"rendered":"<p class=\"MsoNormal\" style=\"text-align: justify\">LEGO\u00ae Education BricQ Motion Prime uklju\u010duje u\u010denike srednjih \u0161kola u STEAM u\u010denje dok eksperimenti\u0161u sa silama, kretanjem i interakcijama u kontekstu sporta.<\/p>\n<p class=\"MsoNormal\" style=\"text-align: justify\">BricQ Motion Prime pru\u017ea jednostavna, prakti\u010dna iskustva u\u010denja koja izazivaju sjajne &quot;aha&quot; trenutke dok u\u010denici pokre\u0107u LEGO kockice bez potrebe za tehnologijom. Ovaj set od 562 dijela uklju\u010duje opse\u017enu kolekciju posebnih elemenata, uklju\u010duju\u0107i zup\u010danike, kota\u010de, loptice, tegove i sisteme zra\u010dnog pritiska, 4 minifigure i jo\u0161 mnogo toga, dok posude za sortiranje u bojama olak\u0161avaju gradnju, a pospremanje na kraju \u010dasa brzo i efikasno.<\/p>\n<p class=\"MsoNormal\" style=\"text-align: justify\">Uklju\u010deni su i zamjenski elementi, kao i \u0161tampane upute za gradnju s inspirativnim idejama koje poma\u017eu u\u010denicima da otkriju prirodne nauke u akciji. Ovo uvodno STEAM iskustvo nudi 1 jedinicu od 7 x 45-minutnih lekcija uskla\u0111enih sa standardima koje uklju\u010duju sve, od zanimljivih videa i radnih listova za ispis koji odu\u0161evljavaju i inspiri\u0161u u\u010denike, do planova lekcija, videa za nastavnike, rubrika za ocjenjivanje, te pro\u0161irenja i podr\u0161ke nastavnicima matematike i jezika.<\/p>\n<p class=\"MsoNormal\" style=\"text-align: justify\">BricQ Motion Prime podr\u017eava sveobuhvatni program profesionalnog razvoja.<\/p>","protected":false},"excerpt":{"rendered":"<p class=\"MsoNormal\" style=\"text-align: justify\">BricQ Motion Prime set je dio LEGO Education serije i namijenjen je nastavnicima i u\u010denicima od 10 godina i vi\u0161e. Cilj seta je inspirirati u\u010denike da istra\u017ee osnovne koncepte fizike kroz kreativne i prakti\u010dne aktivnosti.<\/p>","protected":false},"featured_media":4335,"comment_status":"open","ping_status":"closed","template":"","meta":{"site-sidebar-layout":"default","site-content-layout":"","ast-site-content-layout":"default","site-content-style":"default","site-sidebar-style":"default","ast-global-header-display":"","ast-banner-title-visibility":"","ast-main-header-display":"","ast-hfb-above-header-display":"","ast-hfb-below-header-display":"","ast-hfb-mobile-header-display":"","site-post-title":"","ast-breadcrumbs-content":"","ast-featured-img":"","footer-sml-layout":"","ast-disable-related-posts":"","theme-transparent-header-meta":"default","adv-header-id-meta":"","stick-header-meta":"","header-above-stick-meta":"","header-main-stick-meta":"","header-below-stick-meta":"","astra-migrate-meta-layouts":"set","ast-page-background-enabled":"default","ast-page-background-meta":{"desktop":{"background-color":"var(--ast-global-color-5)","background-image":"","background-repeat":"repeat","background-position":"center center","background-size":"auto","background-attachment":"scroll","background-type":"","background-media":"","overlay-type":"","overlay-color":"","overlay-opacity":"","overlay-gradient":""},"tablet":{"background-color":"","background-image":"","background-repeat":"repeat","background-position":"center center","background-size":"auto","background-attachment":"scroll","background-type":"","background-media":"","overlay-type":"","overlay-color":"","overlay-opacity":"","overlay-gradient":""},"mobile":{"background-color":"","background-image":"","background-repeat":"repeat","background-position":"center center","background-size":"auto","background-attachment":"scroll","background-type":"","background-media":"","overlay-type":"","overlay-color":"","overlay-opacity":"","overlay-gradient":""}},"ast-content-background-meta":{"desktop":{"background-color":"var(--ast-global-color-4)","background-image":"","background-repeat":"repeat","background-position":"center center","background-size":"auto","background-attachment":"scroll","background-type":"","background-media":"","overlay-type":"","overlay-color":"","overlay-opacity":"","overlay-gradient":""},"tablet":{"background-color":"var(--ast-global-color-4)","background-image":"","background-repeat":"repeat","background-position":"center center","background-size":"auto","background-attachment":"scroll","background-type":"","background-media":"","overlay-type":"","overlay-color":"","overlay-opacity":"","overlay-gradient":""},"mobile":{"background-color":"var(--ast-global-color-4)","background-image":"","background-repeat":"repeat","background-position":"center center","background-size":"auto","background-attachment":"scroll","background-type":"","background-media":"","overlay-type":"","overlay-color":"","overlay-opacity":"","overlay-gradient":""}}},"product_brand":[105],"product_cat":[38,29,57,35,40,34,28,48,59,58],"product_tag":[],"class_list":{"0":"post-6502","1":"product","2":"type-product","3":"status-publish","4":"has-post-thumbnail","6":"product_brand-lego","7":"product_cat-38","8":"product_cat-29","9":"product_cat-57","10":"product_cat--10-12-","11":"product_cat--12-","12":"product_cat-34","13":"product_cat-28","14":"product_cat-48","15":"product_cat-59","16":"product_cat-58","17":"desktop-align-left","18":"tablet-align-left","19":"mobile-align-left","21":"first","22":"outofstock","23":"taxable","24":"shipping-taxable","25":"purchasable","26":"product-type-simple"},"_links":{"self":[{"href":"https:\/\/stem-eshop.gr\/bs\/wp-json\/wp\/v2\/product\/6502","targetHints":{"allow":["GET"]}}],"collection":[{"href":"https:\/\/stem-eshop.gr\/bs\/wp-json\/wp\/v2\/product"}],"about":[{"href":"https:\/\/stem-eshop.gr\/bs\/wp-json\/wp\/v2\/types\/product"}],"replies":[{"embeddable":true,"href":"https:\/\/stem-eshop.gr\/bs\/wp-json\/wp\/v2\/comments?post=6502"}],"wp:featuredmedia":[{"embeddable":true,"href":"https:\/\/stem-eshop.gr\/bs\/wp-json\/wp\/v2\/media\/4335"}],"wp:attachment":[{"href":"https:\/\/stem-eshop.gr\/bs\/wp-json\/wp\/v2\/media?parent=6502"}],"wp:term":[{"taxonomy":"product_brand","embeddable":true,"href":"https:\/\/stem-eshop.gr\/bs\/wp-json\/wp\/v2\/product_brand?post=6502"},{"taxonomy":"product_cat","embeddable":true,"href":"https:\/\/stem-eshop.gr\/bs\/wp-json\/wp\/v2\/product_cat?post=6502"},{"taxonomy":"product_tag","embeddable":true,"href":"https:\/\/stem-eshop.gr\/bs\/wp-json\/wp\/v2\/product_tag?post=6502"}],"curies":[{"name":"wp","href":"https:\/\/api.w.org\/{rel}","templated":true}]}}