{"id":6497,"date":"2025-05-23T13:18:22","date_gmt":"2025-05-23T10:18:22","guid":{"rendered":"https:\/\/stem-eshop.gr\/?post_type=product&#038;p=6497"},"modified":"2025-11-19T11:06:40","modified_gmt":"2025-11-19T08:06:40","slug":"lego-technic-color-sensor","status":"publish","type":"product","link":"https:\/\/stem-eshop.gr\/bs\/proizvod\/lego-technic-color-sensor\/","title":{"rendered":"LEGO\u00ae Technic\u2122 Senzor boja"},"content":{"rendered":"<p class=\"MsoNormal\" style=\"text-align: justify\">Karakteristike:<\/p>\n<p class=\"MsoNormal\" style=\"text-align: justify\">Detekcija boja: Mo\u017ee prepoznati i razlikovati osam razli\u010ditih boja (crnu, plavu, zelenu, \u017eutu, crvenu, bijelu, sme\u0111u i ru\u017ei\u010dastu).<\/p>\n<p class=\"MsoNormal\" style=\"text-align: justify\">Detekcija svjetline: Mjeri intenzitet svjetlosti, omogu\u0107avaju\u0107i detekciju promjena svjetline i prilago\u0111avanje razli\u010ditim nivoima osvjetljenja.<\/p>\n<p class=\"MsoNormal\" style=\"text-align: justify\">Kompatibilnost: Besprijekorno radi s LEGO\u00ae Technic\u2122 Large Hub i drugim SPIKE\u2122 Prime sistemima, \u0161to omogu\u0107ava jednostavnu integraciju u konstrukcije.<\/p>\n<p class=\"MsoNormal\" style=\"text-align: justify\">Programiranje: Podr\u017eava programiranje putem LEGO\u00ae Education SPIKE\u2122 Prime okru\u017eenja, baziranog na Scratchu i Pythonu.<\/p>\n<p class=\"MsoNormal\" style=\"text-align: justify\">","protected":false},"excerpt":{"rendered":"<p class=\"MsoNormal\" style=\"text-align: justify\">LEGO\u00ae Technic\u2122 senzor boja je senzor boja dizajniran za upotrebu s LEGO\u00ae Education SPIKE\u2122 Prime i drugim LEGO\u00ae Technic setovima. Ovaj senzor omogu\u0107ava prepoznavanje boja i detekciju svjetline, dodaju\u0107i inteligenciju i interaktivnost gra\u0111evinskim i robotskim projektima.<\/p>","protected":false},"featured_media":4323,"comment_status":"open","ping_status":"closed","template":"","meta":{"site-sidebar-layout":"default","site-content-layout":"","ast-site-content-layout":"default","site-content-style":"default","site-sidebar-style":"default","ast-global-header-display":"","ast-banner-title-visibility":"","ast-main-header-display":"","ast-hfb-above-header-display":"","ast-hfb-below-header-display":"","ast-hfb-mobile-header-display":"","site-post-title":"","ast-breadcrumbs-content":"","ast-featured-img":"","footer-sml-layout":"","ast-disable-related-posts":"","theme-transparent-header-meta":"default","adv-header-id-meta":"","stick-header-meta":"","header-above-stick-meta":"","header-main-stick-meta":"","header-below-stick-meta":"","astra-migrate-meta-layouts":"set","ast-page-background-enabled":"default","ast-page-background-meta":{"desktop":{"background-color":"var(--ast-global-color-5)","background-image":"","background-repeat":"repeat","background-position":"center center","background-size":"auto","background-attachment":"scroll","background-type":"","background-media":"","overlay-type":"","overlay-color":"","overlay-opacity":"","overlay-gradient":""},"tablet":{"background-color":"","background-image":"","background-repeat":"repeat","background-position":"center center","background-size":"auto","background-attachment":"scroll","background-type":"","background-media":"","overlay-type":"","overlay-color":"","overlay-opacity":"","overlay-gradient":""},"mobile":{"background-color":"","background-image":"","background-repeat":"repeat","background-position":"center center","background-size":"auto","background-attachment":"scroll","background-type":"","background-media":"","overlay-type":"","overlay-color":"","overlay-opacity":"","overlay-gradient":""}},"ast-content-background-meta":{"desktop":{"background-color":"var(--ast-global-color-4)","background-image":"","background-repeat":"repeat","background-position":"center center","background-size":"auto","background-attachment":"scroll","background-type":"","background-media":"","overlay-type":"","overlay-color":"","overlay-opacity":"","overlay-gradient":""},"tablet":{"background-color":"var(--ast-global-color-4)","background-image":"","background-repeat":"repeat","background-position":"center center","background-size":"auto","background-attachment":"scroll","background-type":"","background-media":"","overlay-type":"","overlay-color":"","overlay-opacity":"","overlay-gradient":""},"mobile":{"background-color":"var(--ast-global-color-4)","background-image":"","background-repeat":"repeat","background-position":"center center","background-size":"auto","background-attachment":"scroll","background-type":"","background-media":"","overlay-type":"","overlay-color":"","overlay-opacity":"","overlay-gradient":""}}},"product_brand":[105],"product_cat":[52,29,56,57,35,40,34,28,59,58],"product_tag":[],"class_list":{"0":"post-6497","1":"product","2":"type-product","3":"status-publish","4":"has-post-thumbnail","6":"product_brand-lego","7":"product_cat-52","8":"product_cat-29","9":"product_cat-56","10":"product_cat-57","11":"product_cat--10-12-","12":"product_cat--12-","13":"product_cat-34","14":"product_cat-28","15":"product_cat-59","16":"product_cat-58","17":"desktop-align-left","18":"tablet-align-left","19":"mobile-align-left","21":"first","22":"instock","23":"taxable","24":"shipping-taxable","25":"purchasable","26":"product-type-simple"},"_links":{"self":[{"href":"https:\/\/stem-eshop.gr\/bs\/wp-json\/wp\/v2\/product\/6497","targetHints":{"allow":["GET"]}}],"collection":[{"href":"https:\/\/stem-eshop.gr\/bs\/wp-json\/wp\/v2\/product"}],"about":[{"href":"https:\/\/stem-eshop.gr\/bs\/wp-json\/wp\/v2\/types\/product"}],"replies":[{"embeddable":true,"href":"https:\/\/stem-eshop.gr\/bs\/wp-json\/wp\/v2\/comments?post=6497"}],"wp:featuredmedia":[{"embeddable":true,"href":"https:\/\/stem-eshop.gr\/bs\/wp-json\/wp\/v2\/media\/4323"}],"wp:attachment":[{"href":"https:\/\/stem-eshop.gr\/bs\/wp-json\/wp\/v2\/media?parent=6497"}],"wp:term":[{"taxonomy":"product_brand","embeddable":true,"href":"https:\/\/stem-eshop.gr\/bs\/wp-json\/wp\/v2\/product_brand?post=6497"},{"taxonomy":"product_cat","embeddable":true,"href":"https:\/\/stem-eshop.gr\/bs\/wp-json\/wp\/v2\/product_cat?post=6497"},{"taxonomy":"product_tag","embeddable":true,"href":"https:\/\/stem-eshop.gr\/bs\/wp-json\/wp\/v2\/product_tag?post=6497"}],"curies":[{"name":"wp","href":"https:\/\/api.w.org\/{rel}","templated":true}]}}