{"id":6495,"date":"2025-05-19T08:11:00","date_gmt":"2025-05-19T08:11:00","guid":{"rendered":"https:\/\/stem-eshop.gr\/product\/lego-technic-medium-angular-motor\/"},"modified":"2025-10-23T11:20:43","modified_gmt":"2025-10-23T08:20:43","slug":"lego-technic-medium-angular-motor","status":"publish","type":"product","link":"https:\/\/stem-eshop.gr\/bs\/proizvod\/lego-technic-medium-angular-motor\/","title":{"rendered":"LEGO\u00ae Technic\u2122 Srednji ugaoni motor"},"content":{"rendered":"<p class=\"MsoNormal\" style=\"text-align: justify\">Karakteristike:<\/p>\n<p class=\"MsoNormal\" style=\"text-align: justify\">Sna\u017ean motor: Pru\u017ea pouzdanu snagu za razli\u010dite konstrukcije i mehanizme.<\/p>\n<p class=\"MsoNormal\" style=\"text-align: justify\">Senzor polo\u017eaja: Ugra\u0111eni senzor ugaonog polo\u017eaja sa rezolucijom od jednog stepena, omogu\u0107ava preciznu kontrolu kretanja i ponovljivost u konstrukciji.<\/p>\n<p class=\"MsoNormal\" style=\"text-align: justify\">Kompatibilnost: Besprijekorno radi s LEGO\u00ae Technic\u2122 velikim hubom i drugim LEGO Education SPIKE\u2122 Prime elementima, omogu\u0107avaju\u0107i besprijekornu integraciju u konstrukcije.<\/p>\n<p class=\"MsoNormal\" style=\"text-align: justify\">Robusna konstrukcija: Napravljena da izdr\u017ei intenzivnu upotrebu i eksperimentisanje, pogodna za obrazovna okru\u017eenja.<\/p>\n<p class=\"MsoNormal\" style=\"text-align: justify\">Jednostavno povezivanje: Lako se povezuje s drugim LEGO Technic gradivnim blokovima i priborom, \u0161to olak\u0161ava kreiranje slo\u017eenih projekata.<\/p>","protected":false},"excerpt":{"rendered":"<p class=\"MsoNormal\" style=\"text-align: justify\">LEGO\u00ae Technic\u2122 Srednji ugaoni motor je svestran i precizan motor dizajniran za upotrebu sa LEGO\u00ae Technic setovima, a posebno sa LEGO Education SPIKE\u2122 Prime. Ovaj motor pru\u017ea preciznu kontrolu kretanja, \u0161to ga \u010dini idealnim za konstrukcije koje zahtijevaju preciznost i pouzdanost.<\/p>","protected":false},"featured_media":4317,"comment_status":"open","ping_status":"closed","template":"","meta":{"site-sidebar-layout":"default","site-content-layout":"","ast-site-content-layout":"default","site-content-style":"default","site-sidebar-style":"default","ast-global-header-display":"","ast-banner-title-visibility":"","ast-main-header-display":"","ast-hfb-above-header-display":"","ast-hfb-below-header-display":"","ast-hfb-mobile-header-display":"","site-post-title":"","ast-breadcrumbs-content":"","ast-featured-img":"","footer-sml-layout":"","ast-disable-related-posts":"","theme-transparent-header-meta":"default","adv-header-id-meta":"","stick-header-meta":"","header-above-stick-meta":"","header-main-stick-meta":"","header-below-stick-meta":"","astra-migrate-meta-layouts":"set","ast-page-background-enabled":"default","ast-page-background-meta":{"desktop":{"background-color":"var(--ast-global-color-5)","background-image":"","background-repeat":"repeat","background-position":"center center","background-size":"auto","background-attachment":"scroll","background-type":"","background-media":"","overlay-type":"","overlay-color":"","overlay-opacity":"","overlay-gradient":""},"tablet":{"background-color":"","background-image":"","background-repeat":"repeat","background-position":"center center","background-size":"auto","background-attachment":"scroll","background-type":"","background-media":"","overlay-type":"","overlay-color":"","overlay-opacity":"","overlay-gradient":""},"mobile":{"background-color":"","background-image":"","background-repeat":"repeat","background-position":"center center","background-size":"auto","background-attachment":"scroll","background-type":"","background-media":"","overlay-type":"","overlay-color":"","overlay-opacity":"","overlay-gradient":""}},"ast-content-background-meta":{"desktop":{"background-color":"var(--ast-global-color-4)","background-image":"","background-repeat":"repeat","background-position":"center center","background-size":"auto","background-attachment":"scroll","background-type":"","background-media":"","overlay-type":"","overlay-color":"","overlay-opacity":"","overlay-gradient":""},"tablet":{"background-color":"var(--ast-global-color-4)","background-image":"","background-repeat":"repeat","background-position":"center center","background-size":"auto","background-attachment":"scroll","background-type":"","background-media":"","overlay-type":"","overlay-color":"","overlay-opacity":"","overlay-gradient":""},"mobile":{"background-color":"var(--ast-global-color-4)","background-image":"","background-repeat":"repeat","background-position":"center center","background-size":"auto","background-attachment":"scroll","background-type":"","background-media":"","overlay-type":"","overlay-color":"","overlay-opacity":"","overlay-gradient":""}}},"product_brand":[105],"product_cat":[33,29,56,32,57,35,40,45,34,28],"product_tag":[],"class_list":{"0":"post-6495","1":"product","2":"type-product","3":"status-publish","4":"has-post-thumbnail","6":"product_brand-lego","7":"product_cat-33","8":"product_cat-29","9":"product_cat-56","10":"product_cat-32","11":"product_cat-57","12":"product_cat--10-12-","13":"product_cat--12-","14":"product_cat-45","15":"product_cat-34","16":"product_cat-28","17":"desktop-align-left","18":"tablet-align-left","19":"mobile-align-left","21":"first","22":"instock","23":"taxable","24":"shipping-taxable","25":"purchasable","26":"product-type-simple"},"_links":{"self":[{"href":"https:\/\/stem-eshop.gr\/bs\/wp-json\/wp\/v2\/product\/6495","targetHints":{"allow":["GET"]}}],"collection":[{"href":"https:\/\/stem-eshop.gr\/bs\/wp-json\/wp\/v2\/product"}],"about":[{"href":"https:\/\/stem-eshop.gr\/bs\/wp-json\/wp\/v2\/types\/product"}],"replies":[{"embeddable":true,"href":"https:\/\/stem-eshop.gr\/bs\/wp-json\/wp\/v2\/comments?post=6495"}],"wp:featuredmedia":[{"embeddable":true,"href":"https:\/\/stem-eshop.gr\/bs\/wp-json\/wp\/v2\/media\/4317"}],"wp:attachment":[{"href":"https:\/\/stem-eshop.gr\/bs\/wp-json\/wp\/v2\/media?parent=6495"}],"wp:term":[{"taxonomy":"product_brand","embeddable":true,"href":"https:\/\/stem-eshop.gr\/bs\/wp-json\/wp\/v2\/product_brand?post=6495"},{"taxonomy":"product_cat","embeddable":true,"href":"https:\/\/stem-eshop.gr\/bs\/wp-json\/wp\/v2\/product_cat?post=6495"},{"taxonomy":"product_tag","embeddable":true,"href":"https:\/\/stem-eshop.gr\/bs\/wp-json\/wp\/v2\/product_tag?post=6495"}],"curies":[{"name":"wp","href":"https:\/\/api.w.org\/{rel}","templated":true}]}}