{"id":6445,"date":"2025-05-19T07:52:14","date_gmt":"2025-05-19T07:52:14","guid":{"rendered":"https:\/\/stem-eshop.gr\/product\/%cf%83%ce%b5%cf%84-%ce%b4%ce%b9%ce%b1%cf%86%ce%b1%ce%bd%cf%8e%ce%bd-%cf%80%ce%bb%ce%b1%cf%83%cf%84%ce%b9%ce%ba%cf%8e%ce%bd-%ce%b2%ce%b1%ce%b8%ce%bc%cf%89%cf%84%cf%8e%ce%bd-%ce%ba%cf%85%ce%bb%ce%af\/"},"modified":"2025-05-22T07:41:21","modified_gmt":"2025-05-22T07:41:21","slug":"%cf%83%ce%b5%cf%84-%ce%b4%ce%b9%ce%b1%cf%86%ce%b1%ce%bd%cf%8e%ce%bd-%cf%80%ce%bb%ce%b1%cf%83%cf%84%ce%b9%ce%ba%cf%8e%ce%bd-%ce%b2%ce%b1%ce%b8%ce%bc%cf%89%cf%84%cf%8e%ce%bd-%ce%ba%cf%85%ce%bb%ce%af","status":"publish","type":"product","link":"https:\/\/stem-eshop.gr\/bs\/proizvod\/%cf%83%ce%b5%cf%84-%ce%b4%ce%b9%ce%b1%cf%86%ce%b1%ce%bd%cf%8e%ce%bd-%cf%80%ce%bb%ce%b1%cf%83%cf%84%ce%b9%ce%ba%cf%8e%ce%bd-%ce%b2%ce%b1%ce%b8%ce%bc%cf%89%cf%84%cf%8e%ce%bd-%ce%ba%cf%85%ce%bb%ce%af\/","title":{"rendered":"Set prozirnih plasti\u010dnih graduiranih cilindara i vakuumskih \u010da\u0161ica"},"content":{"rendered":"<\/p>\n<p class=\"MsoNormal\">Karakteristike:<\/p>\n<\/p>\n<p class=\"MsoNormal\">Visokokvalitetni materijal: Prozirna plastika otporna na habanje i hemijsko djelovanje, idealna za sigurnu upotrebu.<\/p>\n<\/p>\n<p class=\"MsoNormal\">Razli\u010dite veli\u010dine cilindara:<\/p>\n<\/p>\n<p class=\"MsoNormal\">4 graduirana cilindra sa kapacitetom od 10 ml, 25 ml, 50 ml i 100 ml.<\/p>\n<\/p>\n<p class=\"MsoNormal\">Razli\u010dite veli\u010dine vakuumskih \u010da\u0161ica:<\/p>\n<\/p>\n<p class=\"MsoNormal\">5 vakuumskih \u010da\u0161ica kapaciteta 50ml, 100ml, 250ml, 500ml i 1000ml.<\/p>\n<\/p>\n<p class=\"MsoNormal\">Prate\u0107i alati:<\/p>\n<\/p>\n<p class=\"MsoNormal\">4 precizne pipete.<\/p>\n<\/p>\n<p class=\"MsoNormal\">1 plasti\u010dni lijevak za jednostavno prelijevanje teku\u0107ina.<\/p>\n<\/p>\n<p class=\"MsoNormal\">1 boca za pranje za \u010di\u0161\u0107enje ili precizno sipanje te\u010dnosti.<\/p>\n<\/p>\n<p class=\"MsoNormal\">2 \u010detke za \u010di\u0161\u0107enje valjka i vakuumskih \u010da\u0161ica.<\/p>\n<\/p>\n<p class=\"MsoNormal\">\n<p class=\"MsoNormal\">Prednosti:<\/p>\n<\/p>\n<p class=\"MsoNormal\">Ta\u010dnost mjerenja: Cilindri i vakuumske \u010da\u0161ice imaju razli\u010dite kalibracije za pouzdana mjerenja.<\/p>\n<\/p>\n<p class=\"MsoNormal\">Vi\u0161estruka upotreba: Pogodno za eksperimente, kuhanje, izradu kozmetike ili bilo koju aktivnost koja zahtijeva precizna mjerenja.<\/p>\n<\/p>\n<p class=\"MsoNormal\">Jednostavnost \u010di\u0161\u0107enja: Pomo\u0107u posebnih \u010detkica, alati se lako \u010diste za trenutnu ponovnu upotrebu.<\/p>\n<\/p>\n<p class=\"MsoNormal\">Lagan i jednostavan za upotrebu: Plasti\u010dni materijal smanjuje te\u017einu i sprje\u010dava lomljenje.<\/p>\n<\/p>\n<p class=\"MsoNormal\">\n<p class=\"MsoNormal\">Idealno za:<\/p>\n<\/p>\n<p class=\"MsoNormal\">Obrazovna upotreba u \u0161kolama i na univerzitetima.<\/p>\n<\/p>\n<p class=\"MsoNormal\">Amateri i profesionalni nau\u010dnici.<\/p>\n<\/p>\n<p class=\"MsoNormal\">Kreativni projekti koji zahtijevaju preciznost u mjerenjima.<\/p>\n<\/p>\n<p class=\"MsoNormal\">Ku\u0107na upotreba, kao \u0161to su mjerenja za kuhanje ili \u201euradi sam\u201c pripreme.<\/p>\n<\/p>\n<p class=\"MsoNormal\">\n<p class=\"MsoNormal\">S ovim setom imate sve potrebne alate za precizna mjerenja i eksperimente, kombiniraju\u0107i funkcionalnost i izdr\u017eljivost!<\/p>\n<\/p><\/p>","protected":false},"excerpt":{"rendered":"<p>Kompletan i prakti\u010dan set za eksperimente, mjerenja i laboratorijske aktivnosti. Idealan za obrazovnu upotrebu u \u0161kolama, univerzitetima ili \u010dak za ku\u0107nu upotrebu od strane entuzijasta hemije i nauke.<\/p>","protected":false},"featured_media":4242,"comment_status":"open","ping_status":"closed","template":"","meta":{"site-sidebar-layout":"default","site-content-layout":"","ast-site-content-layout":"default","site-content-style":"default","site-sidebar-style":"default","ast-global-header-display":"","ast-banner-title-visibility":"","ast-main-header-display":"","ast-hfb-above-header-display":"","ast-hfb-below-header-display":"","ast-hfb-mobile-header-display":"","site-post-title":"","ast-breadcrumbs-content":"","ast-featured-img":"","footer-sml-layout":"","ast-disable-related-posts":"","theme-transparent-header-meta":"","adv-header-id-meta":"","stick-header-meta":"","header-above-stick-meta":"","header-main-stick-meta":"","header-below-stick-meta":"","astra-migrate-meta-layouts":"default","ast-page-background-enabled":"default","ast-page-background-meta":{"desktop":{"background-color":"var(--ast-global-color-5)","background-image":"","background-repeat":"repeat","background-position":"center center","background-size":"auto","background-attachment":"scroll","background-type":"","background-media":"","overlay-type":"","overlay-color":"","overlay-opacity":"","overlay-gradient":""},"tablet":{"background-color":"","background-image":"","background-repeat":"repeat","background-position":"center center","background-size":"auto","background-attachment":"scroll","background-type":"","background-media":"","overlay-type":"","overlay-color":"","overlay-opacity":"","overlay-gradient":""},"mobile":{"background-color":"","background-image":"","background-repeat":"repeat","background-position":"center center","background-size":"auto","background-attachment":"scroll","background-type":"","background-media":"","overlay-type":"","overlay-color":"","overlay-opacity":"","overlay-gradient":""}},"ast-content-background-meta":{"desktop":{"background-color":"var(--ast-global-color-4)","background-image":"","background-repeat":"repeat","background-position":"center center","background-size":"auto","background-attachment":"scroll","background-type":"","background-media":"","overlay-type":"","overlay-color":"","overlay-opacity":"","overlay-gradient":""},"tablet":{"background-color":"var(--ast-global-color-4)","background-image":"","background-repeat":"repeat","background-position":"center center","background-size":"auto","background-attachment":"scroll","background-type":"","background-media":"","overlay-type":"","overlay-color":"","overlay-opacity":"","overlay-gradient":""},"mobile":{"background-color":"var(--ast-global-color-4)","background-image":"","background-repeat":"repeat","background-position":"center center","background-size":"auto","background-attachment":"scroll","background-type":"","background-media":"","overlay-type":"","overlay-color":"","overlay-opacity":"","overlay-gradient":""}}},"product_brand":[107],"product_cat":[43,44,39,52,38,35,30,58,51],"product_tag":[],"class_list":{"0":"post-6445","1":"product","2":"type-product","3":"status-publish","4":"has-post-thumbnail","6":"product_brand-ngs","7":"product_cat-43","8":"product_cat-44","9":"product_cat-39","10":"product_cat-52","11":"product_cat-38","12":"product_cat--10-12-","13":"product_cat--6-9-","14":"product_cat-58","15":"product_cat-51","16":"desktop-align-left","17":"tablet-align-left","18":"mobile-align-left","20":"first","21":"instock","22":"taxable","23":"shipping-taxable","24":"purchasable","25":"product-type-simple"},"_links":{"self":[{"href":"https:\/\/stem-eshop.gr\/bs\/wp-json\/wp\/v2\/product\/6445","targetHints":{"allow":["GET"]}}],"collection":[{"href":"https:\/\/stem-eshop.gr\/bs\/wp-json\/wp\/v2\/product"}],"about":[{"href":"https:\/\/stem-eshop.gr\/bs\/wp-json\/wp\/v2\/types\/product"}],"replies":[{"embeddable":true,"href":"https:\/\/stem-eshop.gr\/bs\/wp-json\/wp\/v2\/comments?post=6445"}],"wp:featuredmedia":[{"embeddable":true,"href":"https:\/\/stem-eshop.gr\/bs\/wp-json\/wp\/v2\/media\/4242"}],"wp:attachment":[{"href":"https:\/\/stem-eshop.gr\/bs\/wp-json\/wp\/v2\/media?parent=6445"}],"wp:term":[{"taxonomy":"product_brand","embeddable":true,"href":"https:\/\/stem-eshop.gr\/bs\/wp-json\/wp\/v2\/product_brand?post=6445"},{"taxonomy":"product_cat","embeddable":true,"href":"https:\/\/stem-eshop.gr\/bs\/wp-json\/wp\/v2\/product_cat?post=6445"},{"taxonomy":"product_tag","embeddable":true,"href":"https:\/\/stem-eshop.gr\/bs\/wp-json\/wp\/v2\/product_tag?post=6445"}],"curies":[{"name":"wp","href":"https:\/\/api.w.org\/{rel}","templated":true}]}}