{"id":6380,"date":"2025-05-19T07:30:41","date_gmt":"2025-05-19T07:30:41","guid":{"rendered":"https:\/\/stem-eshop.gr\/product\/ngs-%ce%be%cf%8d%ce%bb%ce%b9%ce%bd%ce%bf-%ce%ba%ce%b9%cf%84-%ce%b3%ce%b9%ce%b1-%ce%ba%ce%b1%cf%84%ce%b1%cf%83%ce%ba%ce%b5%cf%85%ce%ae-%cf%81%cf%8c%ce%b4%ce%b1%cf%82-%ce%bb%ce%bf%cf%8d%ce%bd%ce%b1\/"},"modified":"2026-01-13T08:00:29","modified_gmt":"2026-01-13T05:00:29","slug":"ngs-%ce%be%cf%8d%ce%bb%ce%b9%ce%bd%ce%bf-%ce%ba%ce%b9%cf%84-%ce%b3%ce%b9%ce%b1-%ce%ba%ce%b1%cf%84%ce%b1%cf%83%ce%ba%ce%b5%cf%85%ce%ae-%cf%81%cf%8c%ce%b4%ce%b1%cf%82-%ce%bb%ce%bf%cf%8d%ce%bd%ce%b1","status":"publish","type":"product","link":"https:\/\/stem-eshop.gr\/bs\/proizvod\/ngs-%ce%be%cf%8d%ce%bb%ce%b9%ce%bd%ce%bf-%ce%ba%ce%b9%cf%84-%ce%b3%ce%b9%ce%b1-%ce%ba%ce%b1%cf%84%ce%b1%cf%83%ce%ba%ce%b5%cf%85%ce%ae-%cf%81%cf%8c%ce%b4%ce%b1%cf%82-%ce%bb%ce%bf%cf%8d%ce%bd%ce%b1\/","title":{"rendered":"NGS Drveni Ferris Wheel Kit \u2013 Zabavni park za djecu"},"content":{"rendered":"<p>Ferrisov to\u010dak je velika mehani\u010dka struktura koja podsje\u0107a na to\u010dak. S kabinom za putnike koji vise s krajeva to\u010dka. Putnici koji sjede na to\u010dku polako se podi\u017eu prema gore i mogu promatrati svoju okolinu odozgo. Okrenite ga malom brzinom.<\/p>\n<p>Pretvorite veliku brzinu i mali obrtni moment u mehani\u010dku snagu velikog obrtnog momenta i male brzine pomo\u0107u kontrole motora, pa ga prebacite na malu brzinu.<\/p><\/p>","protected":false},"excerpt":{"rendered":"<p>Fizi\u010dke igra\u010dke \u2013 Edukativni drveni KOMPLET ZA SKLAPANJE PANOGA ZA DJECU.<\/p>","protected":false},"featured_media":7589,"comment_status":"open","ping_status":"closed","template":"","meta":{"site-sidebar-layout":"default","site-content-layout":"","ast-site-content-layout":"default","site-content-style":"default","site-sidebar-style":"default","ast-global-header-display":"","ast-banner-title-visibility":"","ast-main-header-display":"","ast-hfb-above-header-display":"","ast-hfb-below-header-display":"","ast-hfb-mobile-header-display":"","site-post-title":"","ast-breadcrumbs-content":"","ast-featured-img":"","footer-sml-layout":"","ast-disable-related-posts":"","theme-transparent-header-meta":"","adv-header-id-meta":"","stick-header-meta":"","header-above-stick-meta":"","header-main-stick-meta":"","header-below-stick-meta":"","astra-migrate-meta-layouts":"default","ast-page-background-enabled":"default","ast-page-background-meta":{"desktop":{"background-color":"var(--ast-global-color-5)","background-image":"","background-repeat":"repeat","background-position":"center center","background-size":"auto","background-attachment":"scroll","background-type":"","background-media":"","overlay-type":"","overlay-color":"","overlay-opacity":"","overlay-gradient":""},"tablet":{"background-color":"","background-image":"","background-repeat":"repeat","background-position":"center center","background-size":"auto","background-attachment":"scroll","background-type":"","background-media":"","overlay-type":"","overlay-color":"","overlay-opacity":"","overlay-gradient":""},"mobile":{"background-color":"","background-image":"","background-repeat":"repeat","background-position":"center center","background-size":"auto","background-attachment":"scroll","background-type":"","background-media":"","overlay-type":"","overlay-color":"","overlay-opacity":"","overlay-gradient":""}},"ast-content-background-meta":{"desktop":{"background-color":"var(--ast-global-color-4)","background-image":"","background-repeat":"repeat","background-position":"center center","background-size":"auto","background-attachment":"scroll","background-type":"","background-media":"","overlay-type":"","overlay-color":"","overlay-opacity":"","overlay-gradient":""},"tablet":{"background-color":"var(--ast-global-color-4)","background-image":"","background-repeat":"repeat","background-position":"center center","background-size":"auto","background-attachment":"scroll","background-type":"","background-media":"","overlay-type":"","overlay-color":"","overlay-opacity":"","overlay-gradient":""},"mobile":{"background-color":"var(--ast-global-color-4)","background-image":"","background-repeat":"repeat","background-position":"center center","background-size":"auto","background-attachment":"scroll","background-type":"","background-media":"","overlay-type":"","overlay-color":"","overlay-opacity":"","overlay-gradient":""}}},"product_brand":[107],"product_cat":[43,39,29,56,32,57,30,58],"product_tag":[],"class_list":{"0":"post-6380","1":"product","2":"type-product","3":"status-publish","4":"has-post-thumbnail","6":"product_brand-ngs","7":"product_cat-43","8":"product_cat-39","9":"product_cat-29","10":"product_cat-56","11":"product_cat-32","12":"product_cat-57","13":"product_cat--6-9-","14":"product_cat-58","15":"desktop-align-left","16":"tablet-align-left","17":"mobile-align-left","19":"first","20":"instock","21":"taxable","22":"shipping-taxable","23":"purchasable","24":"product-type-simple"},"_links":{"self":[{"href":"https:\/\/stem-eshop.gr\/bs\/wp-json\/wp\/v2\/product\/6380","targetHints":{"allow":["GET"]}}],"collection":[{"href":"https:\/\/stem-eshop.gr\/bs\/wp-json\/wp\/v2\/product"}],"about":[{"href":"https:\/\/stem-eshop.gr\/bs\/wp-json\/wp\/v2\/types\/product"}],"replies":[{"embeddable":true,"href":"https:\/\/stem-eshop.gr\/bs\/wp-json\/wp\/v2\/comments?post=6380"}],"wp:featuredmedia":[{"embeddable":true,"href":"https:\/\/stem-eshop.gr\/bs\/wp-json\/wp\/v2\/media\/7589"}],"wp:attachment":[{"href":"https:\/\/stem-eshop.gr\/bs\/wp-json\/wp\/v2\/media?parent=6380"}],"wp:term":[{"taxonomy":"product_brand","embeddable":true,"href":"https:\/\/stem-eshop.gr\/bs\/wp-json\/wp\/v2\/product_brand?post=6380"},{"taxonomy":"product_cat","embeddable":true,"href":"https:\/\/stem-eshop.gr\/bs\/wp-json\/wp\/v2\/product_cat?post=6380"},{"taxonomy":"product_tag","embeddable":true,"href":"https:\/\/stem-eshop.gr\/bs\/wp-json\/wp\/v2\/product_tag?post=6380"}],"curies":[{"name":"wp","href":"https:\/\/api.w.org\/{rel}","templated":true}]}}