{"id":6364,"date":"2025-05-19T07:29:59","date_gmt":"2025-05-19T07:29:59","guid":{"rendered":"https:\/\/stem-eshop.gr\/product\/gigo-rubber-band-racers\/"},"modified":"2025-05-22T21:13:18","modified_gmt":"2025-05-22T18:13:18","slug":"gigo-rubber-band-racers","status":"publish","type":"product","link":"https:\/\/stem-eshop.gr\/bs\/proizvod\/gigo-rubber-band-racers\/","title":{"rendered":"Gigo gumice za tr\u010danje"},"content":{"rendered":"<p id=\"tw-target-text\" class=\"tw-data-text tw-ta tw-text-small\" dir=\"ltr\"><span xml:lang=\"el\" lang=\"el\">Omogu\u0107ite djeci da razumiju principe leta aviona i drugih prijevoznih sredstava dok se igraju. Razumjet \u0107e osnovne koncepte 5 modela kroz njihovu konstrukciju kako bi zatim mogli kreirati vlastite modele.<\/span><\/p>\n<p class=\"tw-data-text tw-ta tw-text-small\" dir=\"ltr\"><span xml:lang=\"el\" lang=\"el\">Djeca se mogu igrati u zatvorenom prostoru ili iznijeti modele vani gdje mogu slobodno tr\u010dati. Prilikom kori\u0161tenja ovog proizvoda preporu\u010dujemo prostor od najmanje 5 metara za let aviona.<\/span><\/p>\n<p class=\"tw-data-text tw-ta tw-text-small\" dir=\"ltr\"><span xml:lang=\"el\" lang=\"el\">Kreativne igre za djecu.<\/span><\/p>\n<p dir=\"ltr\" style=\"text-align:center\"><span xml:lang=\"el\" lang=\"el\"><\/span><\/p>\n<p dir=\"ltr\" style=\"text-align:center\"><span xml:lang=\"el\" lang=\"el\">Ru\u010dno<\/span><\/p>\n<p dir=\"ltr\"><a href=\"https:\/\/issuu.com\/gigotoys\/docs\/_7403r-en\" rel=\"noopener\"><img decoding=\"async\" src=\"https:\/\/stem-eshop.gr\/img\/cms\/manual.png\" alt=\"\" width=\"40\" height=\"31\" style=\"margin-left:auto;margin-right:auto\" \/><\/a><\/p>","protected":false},"excerpt":{"rendered":"<div class=\"woocommerce-product-details__short-description\">\n<p id=\"tw-target-text\" class=\"tw-data-text tw-ta tw-text-small\" dir=\"ltr\"><span xml:lang=\"el\" lang=\"el\">Novi kreativni alat za igru za razumijevanje motori\u010dke fleksibilnosti. <\/span><span xml:lang=\"el\" lang=\"el\">Bambus se koristi jer je izdr\u017eljiv i lagan materijal. Saznajte vi\u0161e o principima rada propelera kroz razli\u010dite na\u010dine transporta. Primijenite osnovne koncepte predstavljene u 5 modela kako biste kreirali vlastite dizajne!<\/span><\/p>\n<\/div>","protected":false},"featured_media":4087,"comment_status":"open","ping_status":"closed","template":"","meta":{"site-sidebar-layout":"default","site-content-layout":"","ast-site-content-layout":"default","site-content-style":"default","site-sidebar-style":"default","ast-global-header-display":"","ast-banner-title-visibility":"","ast-main-header-display":"","ast-hfb-above-header-display":"","ast-hfb-below-header-display":"","ast-hfb-mobile-header-display":"","site-post-title":"","ast-breadcrumbs-content":"","ast-featured-img":"","footer-sml-layout":"","ast-disable-related-posts":"","theme-transparent-header-meta":"","adv-header-id-meta":"","stick-header-meta":"","header-above-stick-meta":"","header-main-stick-meta":"","header-below-stick-meta":"","astra-migrate-meta-layouts":"default","ast-page-background-enabled":"default","ast-page-background-meta":{"desktop":{"background-color":"var(--ast-global-color-5)","background-image":"","background-repeat":"repeat","background-position":"center center","background-size":"auto","background-attachment":"scroll","background-type":"","background-media":"","overlay-type":"","overlay-color":"","overlay-opacity":"","overlay-gradient":""},"tablet":{"background-color":"","background-image":"","background-repeat":"repeat","background-position":"center center","background-size":"auto","background-attachment":"scroll","background-type":"","background-media":"","overlay-type":"","overlay-color":"","overlay-opacity":"","overlay-gradient":""},"mobile":{"background-color":"","background-image":"","background-repeat":"repeat","background-position":"center center","background-size":"auto","background-attachment":"scroll","background-type":"","background-media":"","overlay-type":"","overlay-color":"","overlay-opacity":"","overlay-gradient":""}},"ast-content-background-meta":{"desktop":{"background-color":"var(--ast-global-color-4)","background-image":"","background-repeat":"repeat","background-position":"center center","background-size":"auto","background-attachment":"scroll","background-type":"","background-media":"","overlay-type":"","overlay-color":"","overlay-opacity":"","overlay-gradient":""},"tablet":{"background-color":"var(--ast-global-color-4)","background-image":"","background-repeat":"repeat","background-position":"center center","background-size":"auto","background-attachment":"scroll","background-type":"","background-media":"","overlay-type":"","overlay-color":"","overlay-opacity":"","overlay-gradient":""},"mobile":{"background-color":"var(--ast-global-color-4)","background-image":"","background-repeat":"repeat","background-position":"center center","background-size":"auto","background-attachment":"scroll","background-type":"","background-media":"","overlay-type":"","overlay-color":"","overlay-opacity":"","overlay-gradient":""}}},"product_brand":[104],"product_cat":[38,29,56,32,57,35,30,58],"product_tag":[],"class_list":{"0":"post-6364","1":"product","2":"type-product","3":"status-publish","4":"has-post-thumbnail","6":"product_brand-gigo","7":"product_cat-38","8":"product_cat-29","9":"product_cat-56","10":"product_cat-32","11":"product_cat-57","12":"product_cat--10-12-","13":"product_cat--6-9-","14":"product_cat-58","15":"desktop-align-left","16":"tablet-align-left","17":"mobile-align-left","19":"first","20":"instock","21":"taxable","22":"shipping-taxable","23":"purchasable","24":"product-type-simple"},"_links":{"self":[{"href":"https:\/\/stem-eshop.gr\/bs\/wp-json\/wp\/v2\/product\/6364","targetHints":{"allow":["GET"]}}],"collection":[{"href":"https:\/\/stem-eshop.gr\/bs\/wp-json\/wp\/v2\/product"}],"about":[{"href":"https:\/\/stem-eshop.gr\/bs\/wp-json\/wp\/v2\/types\/product"}],"replies":[{"embeddable":true,"href":"https:\/\/stem-eshop.gr\/bs\/wp-json\/wp\/v2\/comments?post=6364"}],"wp:featuredmedia":[{"embeddable":true,"href":"https:\/\/stem-eshop.gr\/bs\/wp-json\/wp\/v2\/media\/4087"}],"wp:attachment":[{"href":"https:\/\/stem-eshop.gr\/bs\/wp-json\/wp\/v2\/media?parent=6364"}],"wp:term":[{"taxonomy":"product_brand","embeddable":true,"href":"https:\/\/stem-eshop.gr\/bs\/wp-json\/wp\/v2\/product_brand?post=6364"},{"taxonomy":"product_cat","embeddable":true,"href":"https:\/\/stem-eshop.gr\/bs\/wp-json\/wp\/v2\/product_cat?post=6364"},{"taxonomy":"product_tag","embeddable":true,"href":"https:\/\/stem-eshop.gr\/bs\/wp-json\/wp\/v2\/product_tag?post=6364"}],"curies":[{"name":"wp","href":"https:\/\/api.w.org\/{rel}","templated":true}]}}