{"id":6358,"date":"2025-05-19T07:29:52","date_gmt":"2025-05-19T07:29:52","guid":{"rendered":"https:\/\/stem-eshop.gr\/product\/%ce%be%cf%85%ce%bb%ce%b9%ce%bd%ce%bf-%cf%80%ce%b1%ce%b9%cf%87%ce%bd%ce%b9%ce%b4%ce%b9-%cf%83%cf%84%ce%bf%ce%b9%ce%b2%ce%b1%ce%be%ce%b7%cf%83-%cf%83%ce%ba%ce%b9%cf%89%ce%bd\/"},"modified":"2025-10-23T12:51:54","modified_gmt":"2025-10-23T09:51:54","slug":"%ce%be%cf%85%ce%bb%ce%b9%ce%bd%ce%bf-%cf%80%ce%b1%ce%b9%cf%87%ce%bd%ce%b9%ce%b4%ce%b9-%cf%83%cf%84%ce%bf%ce%b9%ce%b2%ce%b1%ce%be%ce%b7%cf%83-%cf%83%ce%ba%ce%b9%cf%89%ce%bd","status":"publish","type":"product","link":"https:\/\/stem-eshop.gr\/bs\/proizvod\/%ce%be%cf%85%ce%bb%ce%b9%ce%bd%ce%bf-%cf%80%ce%b1%ce%b9%cf%87%ce%bd%ce%b9%ce%b4%ce%b9-%cf%83%cf%84%ce%bf%ce%b9%ce%b2%ce%b1%ce%be%ce%b7%cf%83-%cf%83%ce%ba%ce%b9%cf%89%ce%bd\/","title":{"rendered":"IGRA SLAGANJA DRVENIH SJENA"},"content":{"rendered":"<p style=\"margin: 0px 0px 10px;padding: 0px;font-family: 'Open Sans', sans-serif;font-size: 15px;line-height: 1.3;letter-spacing: 0.7px;background-color: #ffffff\">Igra se sastoji od \u0161arenih i razli\u010ditih oblika koji su slo\u017eeni jedan na drugi na osnovu slika prikazanih na stranicama knjige. Dijete poku\u0161ava stvoriti oblik prikazan na svakoj stranici. Stepen te\u017eine varira, jer je na nekim stranicama prikazana samo sjena oblika, a na drugima su prikazani u boji. Odabirom ispravnih oblika svaki put, dijete predstavlja dizajn koji vidi ili mo\u017ee kreirati vlastiti dizajn na osnovu svoje ma\u0161te.<\/p>\n<p style=\"margin: 0px 0px 10px;padding: 0px;font-family: 'Open Sans', sans-serif;font-size: 15px;line-height: 1.3;letter-spacing: 0.7px;background-color: #ffffff\">Na ovaj na\u010din, dijete na zabavan na\u010din razvija osnovne matemati\u010dke vje\u0161tine, u\u010di koncept niza i odnosa objekata. Tako\u0111er vje\u017eba svoje vizualno pam\u0107enje i vje\u0161tine rje\u0161avanja problema u kombinaciji s kriti\u010dkim mi\u0161ljenjem.<\/p>\n<p style=\"margin: 0px 0px 10px;padding: 0px;font-family: 'Open Sans', sans-serif;font-size: 15px;line-height: 1.3;letter-spacing: 0.7px;background-color: #ffffff\">Kona\u010dno, podsti\u010de se razvoj fine motorike i logi\u010dkog i strate\u0161kog razmi\u0161ljanja. Njegova pa\u017enja je usmjerena ka odre\u0111enom cilju koji, uz pravu taktiku, posti\u017ee uspje\u0161an rezultat, a to je kreiranje crte\u017ea na osnovu slika.<\/p>","protected":false},"excerpt":{"rendered":"<p><span style=\"font-family: 'Open Sans', sans-serif;font-size: 15px;letter-spacing: 0.7px;background-color: #ffffff\">Drvena igra\u010dka za slaganje sjena sastoji se od 12 \u0161arenih drvenih dijelova razli\u010ditih dizajna i oblika, drvene podloge i ilustrovane knji\u017eice s uputama. Mala djeca u\u010de oblike, boje i razvijaju vje\u0161tine rje\u0161avanja problema i logi\u010dko razmi\u0161ljanje.<\/span><\/p>","protected":false},"featured_media":4031,"comment_status":"open","ping_status":"closed","template":"","meta":{"site-sidebar-layout":"default","site-content-layout":"","ast-site-content-layout":"default","site-content-style":"default","site-sidebar-style":"default","ast-global-header-display":"","ast-banner-title-visibility":"","ast-main-header-display":"","ast-hfb-above-header-display":"","ast-hfb-below-header-display":"","ast-hfb-mobile-header-display":"","site-post-title":"","ast-breadcrumbs-content":"","ast-featured-img":"","footer-sml-layout":"","ast-disable-related-posts":"","theme-transparent-header-meta":"default","adv-header-id-meta":"","stick-header-meta":"","header-above-stick-meta":"","header-main-stick-meta":"","header-below-stick-meta":"","astra-migrate-meta-layouts":"set","ast-page-background-enabled":"default","ast-page-background-meta":{"desktop":{"background-color":"var(--ast-global-color-5)","background-image":"","background-repeat":"repeat","background-position":"center center","background-size":"auto","background-attachment":"scroll","background-type":"","background-media":"","overlay-type":"","overlay-color":"","overlay-opacity":"","overlay-gradient":""},"tablet":{"background-color":"","background-image":"","background-repeat":"repeat","background-position":"center center","background-size":"auto","background-attachment":"scroll","background-type":"","background-media":"","overlay-type":"","overlay-color":"","overlay-opacity":"","overlay-gradient":""},"mobile":{"background-color":"","background-image":"","background-repeat":"repeat","background-position":"center center","background-size":"auto","background-attachment":"scroll","background-type":"","background-media":"","overlay-type":"","overlay-color":"","overlay-opacity":"","overlay-gradient":""}},"ast-content-background-meta":{"desktop":{"background-color":"var(--ast-global-color-4)","background-image":"","background-repeat":"repeat","background-position":"center center","background-size":"auto","background-attachment":"scroll","background-type":"","background-media":"","overlay-type":"","overlay-color":"","overlay-opacity":"","overlay-gradient":""},"tablet":{"background-color":"var(--ast-global-color-4)","background-image":"","background-repeat":"repeat","background-position":"center center","background-size":"auto","background-attachment":"scroll","background-type":"","background-media":"","overlay-type":"","overlay-color":"","overlay-opacity":"","overlay-gradient":""},"mobile":{"background-color":"var(--ast-global-color-4)","background-image":"","background-repeat":"repeat","background-position":"center center","background-size":"auto","background-attachment":"scroll","background-type":"","background-media":"","overlay-type":"","overlay-color":"","overlay-opacity":"","overlay-gradient":""}}},"product_brand":[],"product_cat":[126,43,39,50,29,37,30,26],"product_tag":[],"class_list":{"0":"post-6358","1":"product","2":"type-product","3":"status-publish","4":"has-post-thumbnail","6":"product_cat-126","7":"product_cat-43","8":"product_cat-39","9":"product_cat-50","10":"product_cat-29","11":"product_cat-37","12":"product_cat--6-9-","13":"product_cat-26","14":"desktop-align-left","15":"tablet-align-left","16":"mobile-align-left","18":"first","19":"instock","20":"taxable","21":"shipping-taxable","22":"purchasable","23":"product-type-simple"},"_links":{"self":[{"href":"https:\/\/stem-eshop.gr\/bs\/wp-json\/wp\/v2\/product\/6358","targetHints":{"allow":["GET"]}}],"collection":[{"href":"https:\/\/stem-eshop.gr\/bs\/wp-json\/wp\/v2\/product"}],"about":[{"href":"https:\/\/stem-eshop.gr\/bs\/wp-json\/wp\/v2\/types\/product"}],"replies":[{"embeddable":true,"href":"https:\/\/stem-eshop.gr\/bs\/wp-json\/wp\/v2\/comments?post=6358"}],"wp:featuredmedia":[{"embeddable":true,"href":"https:\/\/stem-eshop.gr\/bs\/wp-json\/wp\/v2\/media\/4031"}],"wp:attachment":[{"href":"https:\/\/stem-eshop.gr\/bs\/wp-json\/wp\/v2\/media?parent=6358"}],"wp:term":[{"taxonomy":"product_brand","embeddable":true,"href":"https:\/\/stem-eshop.gr\/bs\/wp-json\/wp\/v2\/product_brand?post=6358"},{"taxonomy":"product_cat","embeddable":true,"href":"https:\/\/stem-eshop.gr\/bs\/wp-json\/wp\/v2\/product_cat?post=6358"},{"taxonomy":"product_tag","embeddable":true,"href":"https:\/\/stem-eshop.gr\/bs\/wp-json\/wp\/v2\/product_tag?post=6358"}],"curies":[{"name":"wp","href":"https:\/\/api.w.org\/{rel}","templated":true}]}}