{"id":6351,"date":"2025-05-19T07:29:43","date_gmt":"2025-05-19T07:29:43","guid":{"rendered":"https:\/\/stem-eshop.gr\/product\/baby-qboidz-%cf%84%ce%b1-%cf%80%cf%81%cf%8e%cf%84%ce%b1-%ce%bc%ce%bf%cf%85-%ce%b2%ce%ae%ce%bc%ce%b1%cf%84%ce%b1-%ce%bc%ce%b5%cf%83%ce%b1%ce%af%ce%bf-%cf%83%ce%b5%cf%84\/"},"modified":"2025-05-22T21:13:27","modified_gmt":"2025-05-22T18:13:27","slug":"baby-qboidz-%cf%84%ce%b1-%cf%80%cf%81%cf%8e%cf%84%ce%b1-%ce%bc%ce%bf%cf%85-%ce%b2%ce%ae%ce%bc%ce%b1%cf%84%ce%b1-%ce%bc%ce%b5%cf%83%ce%b1%ce%af%ce%bf-%cf%83%ce%b5%cf%84","status":"publish","type":"product","link":"https:\/\/stem-eshop.gr\/bs\/proizvod\/baby-qboidz-%cf%84%ce%b1-%cf%80%cf%81%cf%8e%cf%84%ce%b1-%ce%bc%ce%bf%cf%85-%ce%b2%ce%ae%ce%bc%ce%b1%cf%84%ce%b1-%ce%bc%ce%b5%cf%83%ce%b1%ce%af%ce%bf-%cf%83%ce%b5%cf%84\/","title":{"rendered":"Baby Qboidz \u2013 Moji prvi koraci \u2013 Srednji set"},"content":{"rendered":"<p>Prva dimenzija omogu\u0107ava djeci da sla\u017eu blokove jedan na drugi, ba\u0161 kao i obi\u010dne cigle, a druga dimenzija im omogu\u0107ava da spajaju dijelove jedan pored drugog. Kako rastu i dalje razvijaju svoje vje\u0161tine spretnosti i prostorne svijesti, mogu kombinirati ove dijelove s ostalim dijelovima u Qboidz biblioteci i ste\u0107i vje\u0161tine vi\u0161eg reda u tre\u0107oj i \u010detvrtoj dimenziji.<\/p>\n<p>Pogodno za \u0161kolovanje kod ku\u0107e<\/p>\n<p>3D kreator<\/p>","protected":false},"excerpt":{"rendered":"<p>Ve\u0107i i glomazniji dijelovi sistema, koji su sigurni i jednostavni za sastavljanje za mla\u0111u djecu, smje\u0161teni su u izdr\u017eljive plasti\u010dne kutije koje omogu\u0107avaju ponovnu upotrebu i prakti\u010dno skladi\u0161tenje. \u010cak i s najjednostavnijim dijelovima, serija Baby Qboidz\u2122 omogu\u0107ava razvoj dva osnovna prva nivoa konstrukcije.\u00a0<\/p>","protected":false},"featured_media":3987,"comment_status":"open","ping_status":"closed","template":"","meta":{"site-sidebar-layout":"default","site-content-layout":"","ast-site-content-layout":"default","site-content-style":"default","site-sidebar-style":"default","ast-global-header-display":"","ast-banner-title-visibility":"","ast-main-header-display":"","ast-hfb-above-header-display":"","ast-hfb-below-header-display":"","ast-hfb-mobile-header-display":"","site-post-title":"","ast-breadcrumbs-content":"","ast-featured-img":"","footer-sml-layout":"","ast-disable-related-posts":"","theme-transparent-header-meta":"","adv-header-id-meta":"","stick-header-meta":"","header-above-stick-meta":"","header-main-stick-meta":"","header-below-stick-meta":"","astra-migrate-meta-layouts":"default","ast-page-background-enabled":"default","ast-page-background-meta":{"desktop":{"background-color":"var(--ast-global-color-5)","background-image":"","background-repeat":"repeat","background-position":"center center","background-size":"auto","background-attachment":"scroll","background-type":"","background-media":"","overlay-type":"","overlay-color":"","overlay-opacity":"","overlay-gradient":""},"tablet":{"background-color":"","background-image":"","background-repeat":"repeat","background-position":"center center","background-size":"auto","background-attachment":"scroll","background-type":"","background-media":"","overlay-type":"","overlay-color":"","overlay-opacity":"","overlay-gradient":""},"mobile":{"background-color":"","background-image":"","background-repeat":"repeat","background-position":"center center","background-size":"auto","background-attachment":"scroll","background-type":"","background-media":"","overlay-type":"","overlay-color":"","overlay-opacity":"","overlay-gradient":""}},"ast-content-background-meta":{"desktop":{"background-color":"var(--ast-global-color-4)","background-image":"","background-repeat":"repeat","background-position":"center center","background-size":"auto","background-attachment":"scroll","background-type":"","background-media":"","overlay-type":"","overlay-color":"","overlay-opacity":"","overlay-gradient":""},"tablet":{"background-color":"var(--ast-global-color-4)","background-image":"","background-repeat":"repeat","background-position":"center center","background-size":"auto","background-attachment":"scroll","background-type":"","background-media":"","overlay-type":"","overlay-color":"","overlay-opacity":"","overlay-gradient":""},"mobile":{"background-color":"var(--ast-global-color-4)","background-image":"","background-repeat":"repeat","background-position":"center center","background-size":"auto","background-attachment":"scroll","background-type":"","background-media":"","overlay-type":"","overlay-color":"","overlay-opacity":"","overlay-gradient":""}}},"product_brand":[95],"product_cat":[126,43,38,29,37,26],"product_tag":[],"class_list":{"0":"post-6351","1":"product","2":"type-product","3":"status-publish","4":"has-post-thumbnail","6":"product_brand-engino","7":"product_cat-126","8":"product_cat-43","9":"product_cat-38","10":"product_cat-29","11":"product_cat-37","12":"product_cat-26","13":"desktop-align-left","14":"tablet-align-left","15":"mobile-align-left","17":"first","18":"instock","19":"taxable","20":"shipping-taxable","21":"purchasable","22":"product-type-simple"},"_links":{"self":[{"href":"https:\/\/stem-eshop.gr\/bs\/wp-json\/wp\/v2\/product\/6351","targetHints":{"allow":["GET"]}}],"collection":[{"href":"https:\/\/stem-eshop.gr\/bs\/wp-json\/wp\/v2\/product"}],"about":[{"href":"https:\/\/stem-eshop.gr\/bs\/wp-json\/wp\/v2\/types\/product"}],"replies":[{"embeddable":true,"href":"https:\/\/stem-eshop.gr\/bs\/wp-json\/wp\/v2\/comments?post=6351"}],"wp:featuredmedia":[{"embeddable":true,"href":"https:\/\/stem-eshop.gr\/bs\/wp-json\/wp\/v2\/media\/3987"}],"wp:attachment":[{"href":"https:\/\/stem-eshop.gr\/bs\/wp-json\/wp\/v2\/media?parent=6351"}],"wp:term":[{"taxonomy":"product_brand","embeddable":true,"href":"https:\/\/stem-eshop.gr\/bs\/wp-json\/wp\/v2\/product_brand?post=6351"},{"taxonomy":"product_cat","embeddable":true,"href":"https:\/\/stem-eshop.gr\/bs\/wp-json\/wp\/v2\/product_cat?post=6351"},{"taxonomy":"product_tag","embeddable":true,"href":"https:\/\/stem-eshop.gr\/bs\/wp-json\/wp\/v2\/product_tag?post=6351"}],"curies":[{"name":"wp","href":"https:\/\/api.w.org\/{rel}","templated":true}]}}