{"id":6319,"date":"2025-05-19T07:28:47","date_gmt":"2025-05-19T07:28:47","guid":{"rendered":"https:\/\/stem-eshop.gr\/product\/%cf%83%ce%b5%cf%84-%ce%be%cf%8d%ce%bb%ce%b9%ce%bd%cf%89%ce%bd-%cf%80%ce%bf%ce%bb%cf%8d%cf%87%cf%81%cf%89%ce%bc%cf%89%ce%bd-%ce%ba%ce%bf%cf%85%ce%b4%ce%bf%cf%85%ce%bd%ce%af%cf%83%cf%84%cf%81%cf%89\/"},"modified":"2025-10-10T13:30:28","modified_gmt":"2025-10-10T10:30:28","slug":"%cf%83%ce%b5%cf%84-%ce%be%cf%8d%ce%bb%ce%b9%ce%bd%cf%89%ce%bd-%cf%80%ce%bf%ce%bb%cf%8d%cf%87%cf%81%cf%89%ce%bc%cf%89%ce%bd-%ce%ba%ce%bf%cf%85%ce%b4%ce%bf%cf%85%ce%bd%ce%af%cf%83%cf%84%cf%81%cf%89","status":"publish","type":"product","link":"https:\/\/stem-eshop.gr\/bs\/proizvod\/%cf%83%ce%b5%cf%84-%ce%be%cf%8d%ce%bb%ce%b9%ce%bd%cf%89%ce%bd-%cf%80%ce%bf%ce%bb%cf%8d%cf%87%cf%81%cf%89%ce%bc%cf%89%ce%bd-%ce%ba%ce%bf%cf%85%ce%b4%ce%bf%cf%85%ce%bd%ce%af%cf%83%cf%84%cf%81%cf%89\/","title":{"rendered":"Set drvenih \u0161arenih zve\u010dki za bebe"},"content":{"rendered":"<p>Sigurni materijali: Napravljena od odgovaraju\u0107eg drveta, igra\u010dka je potpuno sigurna za bebe koje imaju tendenciju stavljati predmete u usta. Kori\u0161tene su netoksi\u010dne boje, \u0161to osigurava zdravlje i sigurnost djeteta.<\/p>\n<p>\u0160areni dizajn: Set uklju\u010duje zve\u010dke jarkih boja koje privla\u010de bebinu pa\u017enju i poma\u017eu u razvoju njihovih \u010dula.<\/p>","protected":false},"excerpt":{"rendered":"<p>Drveni set \u0161arenih zve\u010dki za bebe je sigurna edukativna igra\u010dka dizajnirana posebno za bebe i malu djecu.<\/p>\n<p>Ovaj set uklju\u010duje zve\u010dke razli\u010ditih dizajna.<\/p>","protected":false},"featured_media":3823,"comment_status":"open","ping_status":"closed","template":"","meta":{"site-sidebar-layout":"default","site-content-layout":"","ast-site-content-layout":"default","site-content-style":"default","site-sidebar-style":"default","ast-global-header-display":"","ast-banner-title-visibility":"","ast-main-header-display":"","ast-hfb-above-header-display":"","ast-hfb-below-header-display":"","ast-hfb-mobile-header-display":"","site-post-title":"","ast-breadcrumbs-content":"","ast-featured-img":"","footer-sml-layout":"","ast-disable-related-posts":"","theme-transparent-header-meta":"","adv-header-id-meta":"","stick-header-meta":"","header-above-stick-meta":"","header-main-stick-meta":"","header-below-stick-meta":"","astra-migrate-meta-layouts":"default","ast-page-background-enabled":"default","ast-page-background-meta":{"desktop":{"background-color":"var(--ast-global-color-5)","background-image":"","background-repeat":"repeat","background-position":"center center","background-size":"auto","background-attachment":"scroll","background-type":"","background-media":"","overlay-type":"","overlay-color":"","overlay-opacity":"","overlay-gradient":""},"tablet":{"background-color":"","background-image":"","background-repeat":"repeat","background-position":"center center","background-size":"auto","background-attachment":"scroll","background-type":"","background-media":"","overlay-type":"","overlay-color":"","overlay-opacity":"","overlay-gradient":""},"mobile":{"background-color":"","background-image":"","background-repeat":"repeat","background-position":"center center","background-size":"auto","background-attachment":"scroll","background-type":"","background-media":"","overlay-type":"","overlay-color":"","overlay-opacity":"","overlay-gradient":""}},"ast-content-background-meta":{"desktop":{"background-color":"var(--ast-global-color-4)","background-image":"","background-repeat":"repeat","background-position":"center center","background-size":"auto","background-attachment":"scroll","background-type":"","background-media":"","overlay-type":"","overlay-color":"","overlay-opacity":"","overlay-gradient":""},"tablet":{"background-color":"var(--ast-global-color-4)","background-image":"","background-repeat":"repeat","background-position":"center center","background-size":"auto","background-attachment":"scroll","background-type":"","background-media":"","overlay-type":"","overlay-color":"","overlay-opacity":"","overlay-gradient":""},"mobile":{"background-color":"var(--ast-global-color-4)","background-image":"","background-repeat":"repeat","background-position":"center center","background-size":"auto","background-attachment":"scroll","background-type":"","background-media":"","overlay-type":"","overlay-color":"","overlay-opacity":"","overlay-gradient":""}}},"product_brand":[107],"product_cat":[126,43,44,47,55,26],"product_tag":[],"class_list":{"0":"post-6319","1":"product","2":"type-product","3":"status-publish","4":"has-post-thumbnail","6":"product_brand-ngs","7":"product_cat-126","8":"product_cat-43","9":"product_cat-44","10":"product_cat-47","11":"product_cat-55","12":"product_cat-26","13":"desktop-align-left","14":"tablet-align-left","15":"mobile-align-left","17":"first","18":"instock","19":"taxable","20":"shipping-taxable","21":"purchasable","22":"product-type-simple"},"_links":{"self":[{"href":"https:\/\/stem-eshop.gr\/bs\/wp-json\/wp\/v2\/product\/6319","targetHints":{"allow":["GET"]}}],"collection":[{"href":"https:\/\/stem-eshop.gr\/bs\/wp-json\/wp\/v2\/product"}],"about":[{"href":"https:\/\/stem-eshop.gr\/bs\/wp-json\/wp\/v2\/types\/product"}],"replies":[{"embeddable":true,"href":"https:\/\/stem-eshop.gr\/bs\/wp-json\/wp\/v2\/comments?post=6319"}],"wp:featuredmedia":[{"embeddable":true,"href":"https:\/\/stem-eshop.gr\/bs\/wp-json\/wp\/v2\/media\/3823"}],"wp:attachment":[{"href":"https:\/\/stem-eshop.gr\/bs\/wp-json\/wp\/v2\/media?parent=6319"}],"wp:term":[{"taxonomy":"product_brand","embeddable":true,"href":"https:\/\/stem-eshop.gr\/bs\/wp-json\/wp\/v2\/product_brand?post=6319"},{"taxonomy":"product_cat","embeddable":true,"href":"https:\/\/stem-eshop.gr\/bs\/wp-json\/wp\/v2\/product_cat?post=6319"},{"taxonomy":"product_tag","embeddable":true,"href":"https:\/\/stem-eshop.gr\/bs\/wp-json\/wp\/v2\/product_tag?post=6319"}],"curies":[{"name":"wp","href":"https:\/\/api.w.org\/{rel}","templated":true}]}}