{"id":6316,"date":"2025-05-19T07:28:42","date_gmt":"2025-05-19T07:28:42","guid":{"rendered":"https:\/\/stem-eshop.gr\/product\/%ce%be%cf%8d%ce%bb%ce%b9%ce%bd%ce%b1-%ce%b5%ce%ba%cf%80%ce%b1%ce%b9%ce%b4%ce%b5%cf%85%cf%84%ce%b9%ce%ba%ce%ac-%cf%80%ce%b1%ce%b9%cf%87%ce%bd%ce%af%ce%b4%ce%b9%ce%b1-%ce%bc%ce%bf%ce%bd%cf%84%ce%b5\/"},"modified":"2026-04-16T15:01:05","modified_gmt":"2026-04-16T12:01:05","slug":"%ce%be%cf%8d%ce%bb%ce%b9%ce%bd%ce%b1-%ce%b5%ce%ba%cf%80%ce%b1%ce%b9%ce%b4%ce%b5%cf%85%cf%84%ce%b9%ce%ba%ce%ac-%cf%80%ce%b1%ce%b9%cf%87%ce%bd%ce%af%ce%b4%ce%b9%ce%b1-%ce%bc%ce%bf%ce%bd%cf%84%ce%b5","status":"publish","type":"product","link":"https:\/\/stem-eshop.gr\/bs\/proizvod\/%ce%be%cf%8d%ce%bb%ce%b9%ce%bd%ce%b1-%ce%b5%ce%ba%cf%80%ce%b1%ce%b9%ce%b4%ce%b5%cf%85%cf%84%ce%b9%ce%ba%ce%ac-%cf%80%ce%b1%ce%b9%cf%87%ce%bd%ce%af%ce%b4%ce%b9%ce%b1-%ce%bc%ce%bf%ce%bd%cf%84%ce%b5\/","title":{"rendered":"Drvene Montessori edukativne igra\u010dke za intelektualni razvoj"},"content":{"rendered":"<p>Ove igre nude vi\u0161edimenzionalna iskustva koja pobolj\u0161avaju razli\u010dite vje\u0161tine kod djece, kao \u0161to su:<\/p>\n<p>Senzorni razvoj: Djeca koriste svoja \u010dula kako bi otkrila svojstva materijala, kao \u0161to su tekstura, te\u017eina i oblik, \u0161to poma\u017ee u razvoju senzorne percepcije.<\/p>\n<p>Kognitivni razvoj: Kroz aktivnosti poput prepoznavanja oblika, boja i uzoraka, djeca u\u010de razumjeti svijet oko sebe i razvijaju logi\u010dko razmi\u0161ljanje.<\/p>\n<p>Fine motori\u010dke vje\u0161tine: Igre poput pecanja ili \u0161utiranja lopte poma\u017eu u razvoju finih motori\u010dkih vje\u0161tina, koje su klju\u010dne za vje\u0161tine poput pisanja.<\/p>\n<p>Rje\u0161avanje problema: Igre koje uklju\u010duju konstrukciju ili zagonetke poti\u010du vje\u0161tine rje\u0161avanja problema i kriti\u010dko razmi\u0161ljanje.<\/p>\n<p>Emocionalni razvoj: Kako djeca posti\u017eu ciljeve kroz igru, razvijaju samopouzdanje i nezavisnost.<\/p>\n<p>Montessori drvene igra\u010dke izra\u0111ene su od prirodnih materijala, \u0161to ih \u010dini sigurnim i ekolo\u0161ki prihvatljivim. Idealne su za upotrebu kod ku\u0107e ili u obrazovnim ustanovama, nude\u0107i djeci zabavan i edukativan na\u010din za razvoj vje\u0161tina.<\/p>","protected":false},"excerpt":{"rendered":"<p>Montessori drvene edukativne igra\u010dke za intelektualni razvoj dizajnirane su na osnovu Montessori principa, koji se fokusiraju na djetetovu autonomiju, istra\u017eivanje i prakti\u010dno u\u010denje.<\/p>","protected":false},"featured_media":3804,"comment_status":"open","ping_status":"closed","template":"","meta":{"site-sidebar-layout":"default","site-content-layout":"","ast-site-content-layout":"default","site-content-style":"default","site-sidebar-style":"default","ast-global-header-display":"","ast-banner-title-visibility":"","ast-main-header-display":"","ast-hfb-above-header-display":"","ast-hfb-below-header-display":"","ast-hfb-mobile-header-display":"","site-post-title":"","ast-breadcrumbs-content":"","ast-featured-img":"","footer-sml-layout":"","ast-disable-related-posts":"","theme-transparent-header-meta":"","adv-header-id-meta":"","stick-header-meta":"","header-above-stick-meta":"","header-main-stick-meta":"","header-below-stick-meta":"","astra-migrate-meta-layouts":"default","ast-page-background-enabled":"default","ast-page-background-meta":{"desktop":{"background-color":"var(--ast-global-color-5)","background-image":"","background-repeat":"repeat","background-position":"center center","background-size":"auto","background-attachment":"scroll","background-type":"","background-media":"","overlay-type":"","overlay-color":"","overlay-opacity":"","overlay-gradient":""},"tablet":{"background-color":"","background-image":"","background-repeat":"repeat","background-position":"center center","background-size":"auto","background-attachment":"scroll","background-type":"","background-media":"","overlay-type":"","overlay-color":"","overlay-opacity":"","overlay-gradient":""},"mobile":{"background-color":"","background-image":"","background-repeat":"repeat","background-position":"center center","background-size":"auto","background-attachment":"scroll","background-type":"","background-media":"","overlay-type":"","overlay-color":"","overlay-opacity":"","overlay-gradient":""}},"ast-content-background-meta":{"desktop":{"background-color":"var(--ast-global-color-4)","background-image":"","background-repeat":"repeat","background-position":"center center","background-size":"auto","background-attachment":"scroll","background-type":"","background-media":"","overlay-type":"","overlay-color":"","overlay-opacity":"","overlay-gradient":""},"tablet":{"background-color":"var(--ast-global-color-4)","background-image":"","background-repeat":"repeat","background-position":"center center","background-size":"auto","background-attachment":"scroll","background-type":"","background-media":"","overlay-type":"","overlay-color":"","overlay-opacity":"","overlay-gradient":""},"mobile":{"background-color":"var(--ast-global-color-4)","background-image":"","background-repeat":"repeat","background-position":"center center","background-size":"auto","background-attachment":"scroll","background-type":"","background-media":"","overlay-type":"","overlay-color":"","overlay-opacity":"","overlay-gradient":""}}},"product_brand":[107],"product_cat":[43,39,50,56,47,37,30,55,26],"product_tag":[],"class_list":{"0":"post-6316","1":"product","2":"type-product","3":"status-publish","4":"has-post-thumbnail","6":"product_brand-ngs","7":"product_cat-43","8":"product_cat-39","9":"product_cat-50","10":"product_cat-56","11":"product_cat-47","12":"product_cat-37","13":"product_cat--6-9-","14":"product_cat-55","15":"product_cat-26","16":"desktop-align-left","17":"tablet-align-left","18":"mobile-align-left","20":"first","21":"instock","22":"taxable","23":"shipping-taxable","24":"purchasable","25":"product-type-simple"},"_links":{"self":[{"href":"https:\/\/stem-eshop.gr\/bs\/wp-json\/wp\/v2\/product\/6316","targetHints":{"allow":["GET"]}}],"collection":[{"href":"https:\/\/stem-eshop.gr\/bs\/wp-json\/wp\/v2\/product"}],"about":[{"href":"https:\/\/stem-eshop.gr\/bs\/wp-json\/wp\/v2\/types\/product"}],"replies":[{"embeddable":true,"href":"https:\/\/stem-eshop.gr\/bs\/wp-json\/wp\/v2\/comments?post=6316"}],"wp:featuredmedia":[{"embeddable":true,"href":"https:\/\/stem-eshop.gr\/bs\/wp-json\/wp\/v2\/media\/3804"}],"wp:attachment":[{"href":"https:\/\/stem-eshop.gr\/bs\/wp-json\/wp\/v2\/media?parent=6316"}],"wp:term":[{"taxonomy":"product_brand","embeddable":true,"href":"https:\/\/stem-eshop.gr\/bs\/wp-json\/wp\/v2\/product_brand?post=6316"},{"taxonomy":"product_cat","embeddable":true,"href":"https:\/\/stem-eshop.gr\/bs\/wp-json\/wp\/v2\/product_cat?post=6316"},{"taxonomy":"product_tag","embeddable":true,"href":"https:\/\/stem-eshop.gr\/bs\/wp-json\/wp\/v2\/product_tag?post=6316"}],"curies":[{"name":"wp","href":"https:\/\/api.w.org\/{rel}","templated":true}]}}