{"id":6303,"date":"2025-05-19T07:28:23","date_gmt":"2025-05-19T07:28:23","guid":{"rendered":"https:\/\/stem-eshop.gr\/product\/lego-education-letters\/"},"modified":"2025-05-22T21:13:21","modified_gmt":"2025-05-22T18:13:21","slug":"lego-education-letters","status":"publish","type":"product","link":"https:\/\/stem-eshop.gr\/bs\/proizvod\/lego-education-letters\/","title":{"rendered":"LEGO\u00ae Education pisma"},"content":{"rendered":"<p><span style=\"color:#0d0d0d;font-family:'ui-sans-serif', '-apple-system', 'system-ui', 'Segoe UI', Roboto, Ubuntu, Cantarell, 'Noto Sans', sans-serif, Helvetica, 'Apple Color Emoji', Arial, 'Segoe UI Emoji', 'Segoe UI Symbol';font-size:16px;background-color:#ffffff\">LEGO\u00ae Education Letters je set koji uklju\u010duje \u0161arene LEGO\u00ae kockice sa slovima koje djeca mogu koristiti za sastavljanje rije\u010di i re\u010denica. <\/span><\/p>\n<p><span style=\"background-color:#ffffff\"><span style=\"color:#0d0d0d;font-family:'ui-sans-serif', '-apple-system', 'system-ui', 'Segoe UI', Roboto, Ubuntu, Cantarell, 'Noto Sans', sans-serif, Helvetica, 'Apple Color Emoji', Arial, 'Segoe UI Emoji', 'Segoe UI Symbol'\"><span style=\"font-size:16px\">Slova engleske abecede u bojama duge, u kombinaciji s karticama za inspiraciju i aktivnosti, pomo\u0107i \u0107e djeci da nau\u010de abecedu, prepoznaju i pi\u0161u slova, prepoznaju foneme i pi\u0161u kratke rije\u010di i imena.<\/span><\/span><\/span><\/p>\n<p><span style=\"background-color:#ffffff\"><span style=\"color:#0d0d0d;font-family:'ui-sans-serif', '-apple-system', 'system-ui', 'Segoe UI', Roboto, Ubuntu, Cantarell, 'Noto Sans', sans-serif, Helvetica, 'Apple Color Emoji', Arial, 'Segoe UI Emoji', 'Segoe UI Symbol'\"><span style=\"font-size:16px\">Gra\u0111evinski blokovi, mali kamioni i vrata \u0107e inspirisati u\u010denike da upare velika slova sa malim slovima, stvaraju slo\u017eenice, grupi\u0161u samoglasnike i suglasnike i u\u010de kroz igru kroz aktivnosti poput \u201epogodi slovo koje nedostaje\u201c.<\/span><\/span><\/span><\/p><\/p>","protected":false},"excerpt":{"rendered":"<p><span style=\"color:#0d0d0d;font-family:'ui-sans-serif', '-apple-system', 'system-ui', 'Segoe UI', Roboto, Ubuntu, Cantarell, 'Noto Sans', sans-serif, Helvetica, 'Apple Color Emoji', Arial, 'Segoe UI Emoji', 'Segoe UI Symbol';font-size:16px;background-color:#ffffff\">LEGO\u00ae Education Letters je edukativni alat koji kombinira zabavu s u\u010denjem, poma\u017eu\u0107i djeci da razviju svoje jezi\u010dke i gramati\u010dke vje\u0161tine. Dizajniran za pred\u0161kolsku i osnovno\u0161kolsku djecu, ovaj set nudi interaktivni pristup u\u010denju engleskih slova i rije\u010di kroz slaganje s LEGO\u00ae kockicama.<\/span><\/p>","protected":false},"featured_media":3745,"comment_status":"open","ping_status":"closed","template":"","meta":{"site-sidebar-layout":"default","site-content-layout":"","ast-site-content-layout":"default","site-content-style":"default","site-sidebar-style":"default","ast-global-header-display":"","ast-banner-title-visibility":"","ast-main-header-display":"","ast-hfb-above-header-display":"","ast-hfb-below-header-display":"","ast-hfb-mobile-header-display":"","site-post-title":"","ast-breadcrumbs-content":"","ast-featured-img":"","footer-sml-layout":"","ast-disable-related-posts":"","theme-transparent-header-meta":"","adv-header-id-meta":"","stick-header-meta":"","header-above-stick-meta":"","header-main-stick-meta":"","header-below-stick-meta":"","astra-migrate-meta-layouts":"default","ast-page-background-enabled":"default","ast-page-background-meta":{"desktop":{"background-color":"var(--ast-global-color-5)","background-image":"","background-repeat":"repeat","background-position":"center center","background-size":"auto","background-attachment":"scroll","background-type":"","background-media":"","overlay-type":"","overlay-color":"","overlay-opacity":"","overlay-gradient":""},"tablet":{"background-color":"","background-image":"","background-repeat":"repeat","background-position":"center center","background-size":"auto","background-attachment":"scroll","background-type":"","background-media":"","overlay-type":"","overlay-color":"","overlay-opacity":"","overlay-gradient":""},"mobile":{"background-color":"","background-image":"","background-repeat":"repeat","background-position":"center center","background-size":"auto","background-attachment":"scroll","background-type":"","background-media":"","overlay-type":"","overlay-color":"","overlay-opacity":"","overlay-gradient":""}},"ast-content-background-meta":{"desktop":{"background-color":"var(--ast-global-color-4)","background-image":"","background-repeat":"repeat","background-position":"center center","background-size":"auto","background-attachment":"scroll","background-type":"","background-media":"","overlay-type":"","overlay-color":"","overlay-opacity":"","overlay-gradient":""},"tablet":{"background-color":"var(--ast-global-color-4)","background-image":"","background-repeat":"repeat","background-position":"center center","background-size":"auto","background-attachment":"scroll","background-type":"","background-media":"","overlay-type":"","overlay-color":"","overlay-opacity":"","overlay-gradient":""},"mobile":{"background-color":"var(--ast-global-color-4)","background-image":"","background-repeat":"repeat","background-position":"center center","background-size":"auto","background-attachment":"scroll","background-type":"","background-media":"","overlay-type":"","overlay-color":"","overlay-opacity":"","overlay-gradient":""}}},"product_brand":[105],"product_cat":[42,43,29,56,26],"product_tag":[],"class_list":{"0":"post-6303","1":"product","2":"type-product","3":"status-publish","4":"has-post-thumbnail","6":"product_brand-lego","7":"product_cat-42","8":"product_cat-43","9":"product_cat-29","10":"product_cat-56","11":"product_cat-26","12":"desktop-align-left","13":"tablet-align-left","14":"mobile-align-left","16":"first","17":"instock","18":"taxable","19":"shipping-taxable","20":"purchasable","21":"product-type-simple"},"_links":{"self":[{"href":"https:\/\/stem-eshop.gr\/bs\/wp-json\/wp\/v2\/product\/6303","targetHints":{"allow":["GET"]}}],"collection":[{"href":"https:\/\/stem-eshop.gr\/bs\/wp-json\/wp\/v2\/product"}],"about":[{"href":"https:\/\/stem-eshop.gr\/bs\/wp-json\/wp\/v2\/types\/product"}],"replies":[{"embeddable":true,"href":"https:\/\/stem-eshop.gr\/bs\/wp-json\/wp\/v2\/comments?post=6303"}],"wp:featuredmedia":[{"embeddable":true,"href":"https:\/\/stem-eshop.gr\/bs\/wp-json\/wp\/v2\/media\/3745"}],"wp:attachment":[{"href":"https:\/\/stem-eshop.gr\/bs\/wp-json\/wp\/v2\/media?parent=6303"}],"wp:term":[{"taxonomy":"product_brand","embeddable":true,"href":"https:\/\/stem-eshop.gr\/bs\/wp-json\/wp\/v2\/product_brand?post=6303"},{"taxonomy":"product_cat","embeddable":true,"href":"https:\/\/stem-eshop.gr\/bs\/wp-json\/wp\/v2\/product_cat?post=6303"},{"taxonomy":"product_tag","embeddable":true,"href":"https:\/\/stem-eshop.gr\/bs\/wp-json\/wp\/v2\/product_tag?post=6303"}],"curies":[{"name":"wp","href":"https:\/\/api.w.org\/{rel}","templated":true}]}}