{"id":6291,"date":"2025-05-19T07:28:05","date_gmt":"2025-05-19T07:28:05","guid":{"rendered":"https:\/\/stem-eshop.gr\/product\/lego-education-storytales\/"},"modified":"2025-10-23T11:11:29","modified_gmt":"2025-10-23T08:11:29","slug":"lego-education-storytales","status":"publish","type":"product","link":"https:\/\/stem-eshop.gr\/bs\/proizvod\/lego-education-storytales\/","title":{"rendered":"LEGO\u00ae Education StoryBales"},"content":{"rendered":"<p>Pomozite svojoj djeci da stvaraju i pri\u010daju sjajne pri\u010de uz ove nevjerojatne kockice, likove i kartice s pozadinom. Ovaj zanimljiv i jednostavan paket za kori\u0161tenje poti\u010de kreativnost, pripovijedanje i prepri\u010davanje ma\u0161tovitih pri\u010da. LEGO Education StoryTales zasnovan je na bajci o kozli\u0107u Billyju.<\/p>\n<p>Set sadr\u017ei tri platforme koje se mogu koristiti s pet dvostranih scena. Ovi elementi mogu se koristiti za pri\u010danje pri\u010de od po\u010detka do kraja, odabir klju\u010dnih scena ili \u010dak za uzbudljivo pripovijedanje u slobodnom obliku u kojem djeca mogu zami\u0161ljati i glumiti vlastite pri\u010de.<\/p>\n<p>Ovaj set je osmi\u0161ljen da podu\u010dava principe pripovijedanja i pomogne u razvoju jezika. Mo\u017ee se koristiti u mnogim oblastima nastavnog plana i programa. Set je namijenjen za najmanje \u010detvero djece i dolazi s nizom aktivnosti koje \u0107e ih inspirisati.<\/p>\n<p>Karakteristike:<\/p>\n<p>Specijalno dizajnirano za pripovijedanje<\/p>\n<p>Uklju\u010duje 3 konstrukcijske plo\u010de i 5 dvostranih scena, kao i kockice<\/p>\n<p>Promovi\u0161e socio-emocionalni razvoj, djeca sara\u0111uju u naraciji i ponavljanju svake pri\u010de.<\/p>","protected":false},"excerpt":{"rendered":"<p>Pomozite svojoj djeci da stvaraju i pri\u010daju sjajne pri\u010de uz ove nevjerojatne kockice, likove i kartice s pozadinom. Ovaj atraktivan i jednostavan za kori\u0161tenje set poti\u010de kreativnost, pripovijedanje i prepri\u010davanje ma\u0161tovitih pri\u010da. LEGO Education StoryTales zasnovan je na bajci o kozli\u0107u Billyju. Set sadr\u017ei tri platforme koje se mogu koristiti s pet dvostranih scena.<\/p>","protected":false},"featured_media":3605,"comment_status":"open","ping_status":"closed","template":"","meta":{"site-sidebar-layout":"default","site-content-layout":"","ast-site-content-layout":"default","site-content-style":"default","site-sidebar-style":"default","ast-global-header-display":"","ast-banner-title-visibility":"","ast-main-header-display":"","ast-hfb-above-header-display":"","ast-hfb-below-header-display":"","ast-hfb-mobile-header-display":"","site-post-title":"","ast-breadcrumbs-content":"","ast-featured-img":"","footer-sml-layout":"","ast-disable-related-posts":"","theme-transparent-header-meta":"default","adv-header-id-meta":"","stick-header-meta":"","header-above-stick-meta":"","header-main-stick-meta":"","header-below-stick-meta":"","astra-migrate-meta-layouts":"set","ast-page-background-enabled":"default","ast-page-background-meta":{"desktop":{"background-color":"var(--ast-global-color-5)","background-image":"","background-repeat":"repeat","background-position":"center center","background-size":"auto","background-attachment":"scroll","background-type":"","background-media":"","overlay-type":"","overlay-color":"","overlay-opacity":"","overlay-gradient":""},"tablet":{"background-color":"","background-image":"","background-repeat":"repeat","background-position":"center center","background-size":"auto","background-attachment":"scroll","background-type":"","background-media":"","overlay-type":"","overlay-color":"","overlay-opacity":"","overlay-gradient":""},"mobile":{"background-color":"","background-image":"","background-repeat":"repeat","background-position":"center center","background-size":"auto","background-attachment":"scroll","background-type":"","background-media":"","overlay-type":"","overlay-color":"","overlay-opacity":"","overlay-gradient":""}},"ast-content-background-meta":{"desktop":{"background-color":"var(--ast-global-color-4)","background-image":"","background-repeat":"repeat","background-position":"center center","background-size":"auto","background-attachment":"scroll","background-type":"","background-media":"","overlay-type":"","overlay-color":"","overlay-opacity":"","overlay-gradient":""},"tablet":{"background-color":"var(--ast-global-color-4)","background-image":"","background-repeat":"repeat","background-position":"center center","background-size":"auto","background-attachment":"scroll","background-type":"","background-media":"","overlay-type":"","overlay-color":"","overlay-opacity":"","overlay-gradient":""},"mobile":{"background-color":"var(--ast-global-color-4)","background-image":"","background-repeat":"repeat","background-position":"center center","background-size":"auto","background-attachment":"scroll","background-type":"","background-media":"","overlay-type":"","overlay-color":"","overlay-opacity":"","overlay-gradient":""}}},"product_brand":[105],"product_cat":[42,43,29,56,30,26],"product_tag":[],"class_list":{"0":"post-6291","1":"product","2":"type-product","3":"status-publish","4":"has-post-thumbnail","6":"product_brand-lego","7":"product_cat-42","8":"product_cat-43","9":"product_cat-29","10":"product_cat-56","11":"product_cat--6-9-","12":"product_cat-26","13":"desktop-align-left","14":"tablet-align-left","15":"mobile-align-left","17":"first","18":"instock","19":"taxable","20":"shipping-taxable","21":"purchasable","22":"product-type-simple"},"_links":{"self":[{"href":"https:\/\/stem-eshop.gr\/bs\/wp-json\/wp\/v2\/product\/6291","targetHints":{"allow":["GET"]}}],"collection":[{"href":"https:\/\/stem-eshop.gr\/bs\/wp-json\/wp\/v2\/product"}],"about":[{"href":"https:\/\/stem-eshop.gr\/bs\/wp-json\/wp\/v2\/types\/product"}],"replies":[{"embeddable":true,"href":"https:\/\/stem-eshop.gr\/bs\/wp-json\/wp\/v2\/comments?post=6291"}],"wp:featuredmedia":[{"embeddable":true,"href":"https:\/\/stem-eshop.gr\/bs\/wp-json\/wp\/v2\/media\/3605"}],"wp:attachment":[{"href":"https:\/\/stem-eshop.gr\/bs\/wp-json\/wp\/v2\/media?parent=6291"}],"wp:term":[{"taxonomy":"product_brand","embeddable":true,"href":"https:\/\/stem-eshop.gr\/bs\/wp-json\/wp\/v2\/product_brand?post=6291"},{"taxonomy":"product_cat","embeddable":true,"href":"https:\/\/stem-eshop.gr\/bs\/wp-json\/wp\/v2\/product_cat?post=6291"},{"taxonomy":"product_tag","embeddable":true,"href":"https:\/\/stem-eshop.gr\/bs\/wp-json\/wp\/v2\/product_tag?post=6291"}],"curies":[{"name":"wp","href":"https:\/\/api.w.org\/{rel}","templated":true}]}}