{"id":5792,"date":"2025-05-09T10:30:56","date_gmt":"2025-05-09T10:30:56","guid":{"rendered":"https:\/\/stem-eshop.gr\/?page_id=5792"},"modified":"2025-05-09T10:33:03","modified_gmt":"2025-05-09T10:33:03","slug":"%cf%8c%cf%81%ce%bf%ce%b9-%cf%87%cf%81%ce%ae%cf%83%ce%b7%cf%82","status":"publish","type":"page","link":"https:\/\/stem-eshop.gr\/bs\/%cf%8c%cf%81%ce%bf%ce%b9-%cf%87%cf%81%ce%ae%cf%83%ce%b7%cf%82\/","title":{"rendered":"Uslovi kori\u0161tenja"},"content":{"rendered":"<div data-elementor-type=\"wp-page\" data-elementor-id=\"5792\" class=\"elementor elementor-5792\" data-elementor-post-type=\"page\">\n\t\t\t\t<div class=\"elementor-element elementor-element-47b817c e-flex e-con-boxed e-con e-parent\" data-id=\"47b817c\" data-element_type=\"container\" data-e-type=\"container\">\n\t\t\t\t\t<div class=\"e-con-inner\">\n\t\t\t\t<div class=\"elementor-element elementor-element-fc30c00 elementor-widget elementor-widget-text-editor\" data-id=\"fc30c00\" data-element_type=\"widget\" data-e-type=\"widget\" data-widget_type=\"text-editor.default\">\n\t\t\t\t<div class=\"elementor-widget-container\">\n\t\t\t\t\t\t\t\t\t<p style=\"font-weight: 400;\"><b><strong>USLOVI KORI\u0160TENJA WEB STRANICE<\/strong><\/b><\/p><p style=\"font-weight: 400;\"><b><strong>POSLOVNI DETALJI<\/strong><\/b><\/p><p style=\"font-weight: 400;\">NAZIV MARKE: USLUGE NOVE GENERACIJE IKE<\/p><p style=\"font-weight: 400;\">GE.MI: 158377301000<\/p><p style=\"font-weight: 400;\"><a href=\"https:\/\/www.businessregistry.gr\/publicity\/show\/158377301000\" rel=\"noopener\">https:\/\/www.businessregistry.gr\/publicity\/show\/158377301000<\/a><\/p><p style=\"font-weight: 400;\">ADRESA: 196 SYGGROU AVENUE, Po\u0161tanski broj 17671, KALLITHEA<\/p><p style=\"font-weight: 400;\"><b><strong>UVOZ<\/strong><\/b><\/p><p style=\"font-weight: 400;\">Kompanija NEW GENERATION SERVICES IKE (u daljem tekstu &quot;STEM-ESHOP&quot;), koja je kreirala i upravlja web stranicom\u00a0<a href=\"https:\/\/stem-eshop.gr\/bs\/\">stem-eshop.gr<\/a>, nudi svoje usluge korisnicima gore navedene web stranice pod sljede\u0107im uslovima kori\u0161tenja.\u00a0<\/p><p style=\"font-weight: 400;\">Molimo vas da pa\u017eljivo pro\u010ditate sljede\u0107e uslove prije nego \u0161to nastavite pregledavati web stranicu. Kori\u0161tenje web stranice\u00a0<a href=\"https:\/\/stem-eshop.gr\/bs\/\">stem-eshop.gr<\/a>\u00a0podrazumijeva bezuvjetno prihvatanje ovih uslova. Ako se ne sla\u017eete, morate ga napustiti i NE koristiti njegove usluge i sadr\u017eaj.<\/p><p style=\"font-weight: 400;\">&quot;STEM-ESHOP&quot; ima pravo izmjene ovih uslova kori\u0161tenja u bilo kojem trenutku bez prethodne najave, a\u017euriraju\u0107i tekst za bilo kakvu izmjenu ili dodatak.<\/p><p style=\"font-weight: 400;\"><b><strong>OGRANI\u010cENJE ODGOVORNOSTI<\/strong><\/b><\/p><p style=\"font-weight: 400;\">&quot;STEM-ESHOP&quot; ni pod kojim okolnostima nije odgovoran za naknadu ili obe\u0161te\u0107enje za bilo kakav direktni ili indirektni gubitak ili \u0161tetu nastalu kori\u0161tenjem web stranice. <a href=\"https:\/\/stem-eshop.gr\/bs\/\">stem-eshop.gr<\/a>, ne odgovara kupcima\/korisnicima za bilo kakvu \u0161tetu koja mo\u017ee nastati izvr\u0161enjem ili neizvr\u0161enjem njihove narud\u017ebe ili za gre\u0161ke u podacima koje je korisnik\/kupac unio u narud\u017ebenice, kao ni za bilo kakve gre\u0161ke u cijenama ili karakteristikama proizvoda.<\/p><p style=\"font-weight: 400;\">Tako\u0111er ne garantuje da \u0107e usluga biti neprekidna ili da ne\u0107e biti tehni\u010dkih gre\u0161aka, zbog prirode interneta.<\/p><p style=\"font-weight: 400;\">\u0160to se ti\u010de roka isporuke, &quot;STEM-ESHOP&quot; zadr\u017eava pravo izmjene roka isporuke proizvoda u slu\u010daju vi\u0161e sile.<\/p><p style=\"font-weight: 400;\"><b><strong>\u00a0<\/strong><\/b><\/p><p style=\"font-weight: 400;\"><b><strong>ODGOVORNOST KORISNIKA<\/strong><\/b><\/p><p style=\"font-weight: 400;\">Odgovornost za op\u0107u upotrebu web stranice <a href=\"https:\/\/stem-eshop.gr\/bs\/\">stem-eshop.gr<\/a> i sadr\u017eaj transakcija pripada isklju\u010divo korisniku\/kupcu.<\/p><p style=\"font-weight: 400;\">Korisnik prihvata da ne koristi web stranicu <a href=\"https:\/\/stem-eshop.gr\/bs\/\">stem-eshop.gr<\/a> za:<\/p><ul style=\"font-weight: 400;\"><li>nezakonito prikupljanje ili pohranjivanje podataka o drugim korisnicima,<\/li><li>slanje, objavljivanje ili preno\u0161enje bilo kakvog sadr\u017eaja koji je ilegalan ili uzrokuje \u0161tetu na\u0161oj kompaniji ili bilo kojoj tre\u0107oj strani,<\/li><li>slanje, reprodukcija, objavljivanje, slanje putem e-po\u0161te ili preno\u0161enje na drugi na\u010din bilo kojeg sadr\u017eaja koji kr\u0161i bilo koji patent, za\u0161titni znak, trgova\u010dko ime, poslovnu tajnu, autorska prava kompanije ili druga vlasni\u010dka prava tre\u0107ih strana.<\/li><\/ul><p style=\"font-weight: 400;\">Bilo kakvo nezakonito ili kori\u0161tenje web stranice suprotno ovim uvjetima <a href=\"https:\/\/stem-eshop.gr\/bs\/\">stem-eshop.gr<\/a> automatski rezultira prekidom pru\u017eenih usluga bez ikakve prethodne najave. Nadalje, korisnici su du\u017eni nadoknaditi &quot;STEM-ESHOP-u&quot; svaku pozitivnu i posljedi\u010dnu \u0161tetu.<\/p><p style=\"font-weight: 400;\"><b><strong>PRAVA INTELEKTUALNOG I INDUSTRIJSKOG SVOJSTVA<\/strong><\/b><\/p><p style=\"font-weight: 400;\">Sadr\u017eaj web stranice <a href=\"https:\/\/stem-eshop.gr\/bs\/\">stem-eshop.gr<\/a> (indikativno, za\u0161titni znakovi, prepoznatljive karakteristike, fotografije, tekstovi itd.) predstavlja intelektualno i industrijsko vlasni\u0161tvo &quot;STEM-ESHOP-a&quot; i za\u0161ti\u0107eno je odredbama gr\u010dkog, evropskog i me\u0111unarodnog prava. Shodno tome, ne mo\u017ee se, u cijelosti ili djelimi\u010dno, mijenjati, kopirati, reproducirati, prodavati, distribuirati ili prenositi na bilo koji na\u010din, osim ako ne postoji izri\u010dita dozvola od &quot;STEM-ESHOP-a&quot;.<\/p><p style=\"font-weight: 400;\">Proizvodi ili usluge tre\u0107ih strana (druge organizacije, kompanije itd.) koji se pojavljuju na web stranici\u00a0<a href=\"https:\/\/stem-eshop.gr\/bs\/\">stem-eshop.gr<\/a>\u00a0predstavljaju njihovo vlastito intelektualno i industrijsko vlasni\u0161tvo i stoga odgovornost za gore navedeno le\u017ei na odgovaraju\u0107im vlasnicima.<\/p><p style=\"font-weight: 400;\"><b><strong>TRANSAKCIJE<\/strong><\/b><\/p><p style=\"font-weight: 400;\">Sve transakcije obavljene na web stranici\u00a0<a href=\"https:\/\/stem-eshop.gr\/bs\/\">stem-eshop.gr<\/a> regulisani su me\u0111unarodnim i evropskim pravom koje reguli\u0161e pitanja vezana za elektronsku trgovinu, kao i Zakonom o za\u0161titi potro\u0161a\u010da (Zakon 2251\/1994). &quot;STEM-ESHOP&quot; je preduzeo sve potrebne mjere kako bi osigurao maksimalnu sigurnost. Sve informacije vezane za li\u010dne podatke na\u0161ih kupaca su sigurne i povjerljive i dostavljaju se nama samo u slu\u010daju da korisnici web stranice \u017eele naru\u010diti proizvode i\/ili primati informativne e-mailove.<\/p><p style=\"font-weight: 400;\">Svi zahtjevi poslani online na\u0161oj kompaniji, kao i informacije koje prenosi korisnik\/kupac, su povjerljivi i koriste se kako bi se korisnicima omogu\u0107ila direktna i efikasna komunikacija s trgovinom. Na\u0161a kompanija ne otkriva, ne prenosi, ne dodjeljuje niti razmjenjuje li\u010dne podatke svojih kupaca, osim ako to nije propisano zakonom ili sudskim nalogom.<\/p><p style=\"font-weight: 400;\">Obrada li\u010dnih podataka vr\u0161i se u skladu s odredbama Op\u0107e uredbe o za\u0161titi podataka (GDPR 2016\/679), svim specifi\u010dnim nacionalnim i evropskim zakonodavstvom za odre\u0111ene sektore, trenutno va\u017ee\u0107im gr\u010dkim zakonodavstvom za za\u0161titu li\u010dnih podataka, kao i za za\u0161titu li\u010dnih podataka i privatnosti u oblasti elektronskih komunikacija (Zakon 3471\/2006, kako je primjenjivo) i odlukama Agencije za za\u0161titu li\u010dnih podataka (PDPA).<\/p><p style=\"font-weight: 400;\">Za za\u0161titu transakcija i li\u010dnih podataka korisnika\/kupaca koristimo SSL sigurnosni protokol (du\u017eina klju\u010da 2048 bita). SSL tehnologija se zasniva na sesijskom klju\u010du za \u0161ifriranje podataka prije slanja putem SSL veze. Server dekodira sigurnosni klju\u010d koriste\u0107i svoj privatni klju\u010d i uspostavlja sigurnu vezu.<\/p><p style=\"font-weight: 400;\"><b><strong>ZA\u0160TITA LI\u010cNIH PODATAKA<\/strong><\/b><\/p><p style=\"font-weight: 400;\">Web stranica <a href=\"http:\/\/www.webable.gr\/\" rel=\"noopener\">stem-eshop.gr<\/a> po\u0161tuje i primjenjuje cijeli zakonodavni okvir Op\u0107e uredbe o za\u0161titi podataka koji mo\u017eete prona\u0107i ovdje: <a href=\"https:\/\/www.eugdpr.org\/\" rel=\"noopener\">https:\/\/www.eugdpr.org\/<\/a><\/p><p style=\"font-weight: 400;\">Prilikom posjete online trgovini\u00a0<a href=\"http:\/\/www.webable.gr\/\" rel=\"noopener\">stem-eshop.gr<\/a>\u00a0i kako bismo osigurali obradu narud\u017ebi, prikupljamo sljede\u0107e podatke:<\/p><ul style=\"font-weight: 400;\"><li>Ime, adresa, kontakt broj telefona, e-mail.<\/li><\/ul><p style=\"font-weight: 400;\">U slu\u010daju da \u017eelite da primite fakturu, umjesto potvrde, prikupljamo i va\u0161 PDV broj i poreski identifikacijski broj.<\/p><p style=\"font-weight: 400;\">Da biste izbrisali svoje podatke iz na\u0161e baze podataka, mo\u017eete se prijaviti sa svojim podacima ra\u010duna na <a href=\"http:\/\/www.webable.gr\/\" rel=\"noopener\">stem-eshop.gr<\/a> i odaberite brisanje ra\u010duna.<\/p><p style=\"font-weight: 400;\">Alternativno, mo\u017eete nas kontaktirati telefonom ili e-po\u0161tom kako bismo mogli nastaviti s brisanjem podataka.<\/p><p style=\"font-weight: 400;\">Ako odaberete pla\u0107anje kreditnom karticom, bit \u0107ete preusmjereni na sigurno okru\u017eenje za pla\u0107anje Nacionalne banke Gr\u010dke, gdje \u0107ete unijeti podatke o svojoj kartici. Ovi podaci se ne pohranjuju na serveru koji hostira\u00a0<a href=\"http:\/\/www.webable.gr\/\" rel=\"noopener\">stem-eshop.gr<\/a>.<\/p><p style=\"font-weight: 400;\">Li\u010dni podaci navedeni bilo gdje na web stranici\u00a0<a href=\"https:\/\/stem-eshop.gr\/bs\/\">stem-eshop.gr<\/a>, namijenjeni su isklju\u010divo i isklju\u010divo za osiguranje rada odgovaraju\u0107e usluge i ne smiju se koristiti bez po\u0161tivanja odredbi Zakona 2472\/97 o za\u0161titi li\u010dnih podataka. Ako imate manje od 16 godina, MORATE imati saglasnost roditelja prije kori\u0161tenja usluga ove web stranice.<\/p><p style=\"font-weight: 400;\"><b><strong>POLITIKA PRIVATNOSTI I USKLA\u0110ENOST S GDPR-om<\/strong><\/b><\/p><p style=\"font-weight: 400;\">Ova politika privatnosti mo\u017ee se s vremena na vrijeme mijenjati u skladu sa zakonodavstvom ili razvojem industrije. Ne\u0107emo izri\u010dito obavje\u0161tavati na\u0161e kupce ili korisnike web stranice o takvim promjenama. Umjesto toga, preporu\u010dujemo vam da povremeno provjeravate ovu stranicu za sve promjene ove politike privatnosti. Va\u0161e daljnje kori\u0161tenje web stranice\u00a0<a href=\"https:\/\/stem-eshop.gr\/bs\/\">stem-eshop.gr<\/a>\u00a0\u010cak i nakon bilo kakvih promjena Politike privatnosti, to zna\u010di Va\u0161e bezuvjetno prihvatanje ovih uslova.<\/p><p style=\"font-weight: 400;\"><b><strong>Relevantno zakonodavstvo<\/strong><\/b><\/p><p style=\"font-weight: 400;\">Paralelno sa internim IT sistemima na\u0161e kompanije, ova web stranica je dizajnirana u skladu sa sljede\u0107im zakonima\/propisima u vezi sa za\u0161titom li\u010dnih podataka korisnika:<\/p><ul style=\"font-weight: 400;\"><li>Direktiva EU o za\u0161titi podataka iz 1995. (DPD)<\/li><li>Op\u0107a uredba EU o za\u0161titi podataka iz 2018. (GDPR)<\/li><\/ul><p style=\"font-weight: 400;\"><b><strong>Li\u010dni podaci koje web stranica prikuplja i za\u0161to ih prikupljamo<\/strong><\/b><\/p><p style=\"font-weight: 400;\">Ova web stranica prikuplja i koristi li\u010dne podatke iz sljede\u0107ih razloga:<\/p><p style=\"font-weight: 400;\"><b><strong>Pra\u0107enje prometa na web stranici<\/strong><\/b><\/p><p style=\"font-weight: 400;\">Kao i ve\u0107ina web stranica, i ova koristi Google Analytics za pra\u0107enje aktivnosti korisnika. Ove podatke koristimo kako bismo utvrdili broj ljudi koji koriste na\u0161u web stranicu, kako bismo bolje razumjeli kako pronalaze i koriste na\u0161e stranice i kako bismo vidjeli njihov napredak na web stranici. Iako Google Analytics bilje\u017ei podatke kao \u0161to su va\u0161a geografska lokacija, va\u0161 ure\u0111aj, va\u0161 web preglednik i va\u0161 operativni sistem, nijedna od ovih informacija nas li\u010dno ne identificira. Google Analytics tako\u0111er bilje\u017ei IP adresu va\u0161eg ra\u010dunara, koja bi se mogla koristiti za va\u0161u identifikaciju, ali nam Google Analytics ne omogu\u0107ava pristup toj adresi. Smatramo da je Google Analytics procesor podataka tre\u0107e strane koji je u skladu s evropskim zakonodavstvom.<\/p><p style=\"font-weight: 400;\"><b><strong>Kontaktni obrasci i linkovi za e-po\u0161tu<\/strong><\/b><\/p><p style=\"font-weight: 400;\">Ako nas kontaktirate putem kontakt obrasca ili linka u na\u0161oj e-po\u0161ti, nijedan od podataka koje pru\u017eite ne\u0107e biti pohranjen od strane ove web stranice niti prenesen ili obra\u0111en od strane bilo kojeg tre\u0107eg obra\u0111iva\u010da podataka, kako je definirano u odjeljku \u201eNa\u0161i tre\u0107i obra\u0111iva\u010di podataka\u201c. Umjesto toga, ovi podaci \u0107e nam biti poslani u e-poruci putem SMTP-a (Simple Mail Transfer Protocol).<\/p><p style=\"font-weight: 400;\">Na\u0161i SMTP serveri su za\u0161ti\u0107eni TLS sigurnosnim protokolom (ponekad poznatim kao SSL), \u0161to zna\u010di da se sadr\u017eaj e-po\u0161te \u0161ifrira prije slanja putem interneta. Sadr\u017eaj e-po\u0161te de\u0161ifriraju na\u0161i lokalni ra\u010dunari i ure\u0111aji.<\/p><p style=\"font-weight: 400;\"><b><strong>O kola\u010di\u0107ima<\/strong><\/b><\/p><p style=\"font-weight: 400;\">\u0160ta je kola\u010di\u0107?<\/p><p style=\"font-weight: 400;\">Termin &quot;kola\u010di\u0107&quot; odnosi se na malu datoteku podataka koja se sastoji isklju\u010divo od niza informacija u tekstualnom formatu, koju web stranica prenosi na va\u0161 web preglednik na tvrdom disku va\u0161eg ra\u010dunara, bilo privremeno za vrijeme va\u0161e posjete, ili ponekad i na du\u017ee periode, ovisno o vrsti kola\u010di\u0107a. Kola\u010di\u0107i obavljaju razli\u010dite funkcije (na primjer, razlikuju vas od drugih posjetitelja iste web stranice ili pamte odre\u0111ene stvari o vama, kao \u0161to su va\u0161e postavke) i ve\u0107ina web stranica ih koristi za pobolj\u0161anje va\u0161eg korisni\u010dkog iskustva.<\/p><p style=\"font-weight: 400;\">Svaki kola\u010di\u0107 je jedinstven za va\u0161 preglednik i sadr\u017ei odre\u0111ene anonimne informacije. Kola\u010di\u0107 obi\u010dno sadr\u017ei naziv domene s koje kola\u010di\u0107 poti\u010de, &quot;\u017eivotni vijek&quot; kola\u010di\u0107a i vrijednost (obi\u010dno u obliku nasumi\u010dno generiranog jedinstvenog broja).<\/p><p style=\"font-weight: 400;\"><b><strong>Vrste kola\u010di\u0107a<\/strong><\/b><\/p><p style=\"font-weight: 400;\">Glavne vrste kola\u010di\u0107a koje web stranice mogu koristiti opisane su u nastavku.<\/p><ul><li style=\"font-weight: 400;\">Kola\u010di\u0107i sesije<\/li><\/ul><p style=\"font-weight: 400;\">Ovo su privremeni kola\u010di\u0107i koji ostaju u datoteci kola\u010di\u0107a preglednika va\u0161eg ure\u0111aja samo tokom va\u0161e posjete i bri\u0161u se kada zatvorite preglednik.<\/p><ul><li style=\"font-weight: 400;\">Trajni kola\u010di\u0107i<\/li><\/ul><p style=\"font-weight: 400;\">Oni ostaju u datoteci kola\u010di\u0107a preglednika va\u0161eg ure\u0111aja \u010dak i nakon \u0161to zatvorite preglednik, ponekad i godinu dana ili du\u017ee (ta\u010dan vremenski period zavisi od \u017eivotnog vijeka svakog kola\u010di\u0107a). Trajni kola\u010di\u0107i se koriste kada administratoru web stranice treba da zna ko ste tokom vi\u0161e posjeta (npr. da zapamti va\u0161e korisni\u010dko ime ili va\u0161e postavke za prilago\u0111avanje web stranice).<\/p><ul><li style=\"font-weight: 400;\">Kola\u010di\u0107i prve strane<\/li><\/ul><p style=\"font-weight: 400;\">Ovo su kola\u010di\u0107i koji se instaliraju u va\u0161 pretra\u017eiva\u010d i\/ili na tvrdi disk va\u0161eg ure\u0111aja od strane web stranice koju posje\u0107ujete. To uklju\u010duje dodjeljivanje jedinstvenog identifikatora vama u svrhu pra\u0107enja va\u0161e navigacije na web stranici. Operateri web stranica \u010desto koriste kola\u010di\u0107e prve strane za upravljanje posjetama i u svrhu identifikacije.<\/p><ul><li style=\"font-weight: 400;\">Kola\u010di\u0107i tre\u0107ih strana<\/li><\/ul><p style=\"font-weight: 400;\">Ovo su kola\u010di\u0107i koje koriste tre\u0107e strane, kao \u0161to su dru\u0161tvene mre\u017ee, za pra\u0107enje va\u0161ih posjeta raznim web stranicama na kojima se ogla\u0161avaju. Administrator web stranice nema kontrolu nad ovim kola\u010di\u0107ima tre\u0107ih strana.<\/p><p style=\"font-weight: 400;\"><b><strong>Kola\u010di\u0107i na ovoj web stranici i kako njima upravljati<\/strong><\/b><\/p><p style=\"font-weight: 400;\">Na ovoj web stranici koristimo kola\u010di\u0107e kako bismo pobolj\u0161ali iskustvo na\u0161ih posjetitelja. Funkcionalnost web stranice bit \u0107e zna\u010dajno pogo\u0111ena ako onemogu\u0107ite ili ne prihvatite upotrebu kola\u010di\u0107a.<\/p><p style=\"font-weight: 400;\">U nastavku su informacije o kola\u010di\u0107ima tre\u0107ih strana koje koristimo na ovoj web stranici, uklju\u010duju\u0107i kako ih onemogu\u0107iti i utjecaj onemogu\u0107avanja na funkcioniranje web stranice. Ako \u017eelite vi\u0161e informacija o tome kako upravljati odre\u0111enim vrstama kola\u010di\u0107a, uklju\u010duju\u0107i kako ih kontrolirati ili izbrisati, posjetite:\u00a0<a href=\"http:\/\/www.aboutcookies.org\/\" rel=\"noopener\">www.aboutcookies.org\u00a0<\/a>.<\/p><p style=\"font-weight: 400;\"><b><strong>Kola\u010di\u0107i Google analitike<\/strong><\/b><\/p><p style=\"font-weight: 400;\">Kola\u010di\u0107i Google Analyticsa su kola\u010di\u0107i za analizu\/pra\u0107enje performansi koji nam omogu\u0107avaju prikupljanje anonimnih informacija o tome kako posjetitelji koriste na\u0161u web stranicu. Ovi kola\u010di\u0107i nam mogu re\u0107i koliko posjetitelja koristi web stranicu, vrijeme i trajanje pristupa, a tako\u0111er pru\u017eaju informacije o tome kako se posjetitelji kre\u0107u po web stranici. Ove informacije nam poma\u017eu da pobolj\u0161amo na\u010din na koji na\u0161a web stranica funkcionira. To su anonimne informacije i ne sadr\u017ee li\u010dne podatke.<\/p><p style=\"font-weight: 400;\">Informacije prikupljene putem kola\u010di\u0107a Google Analyticsa o na\u0161oj web stranici prenose se i pohranjuju na Google serverima u skladu s Googleovom politikom privatnosti.<\/p><p style=\"font-weight: 400;\">Za vi\u0161e informacija o usluzi Google Analytics, molimo kliknite na\u00a0<a href=\"https:\/\/support.google.com\/analytics\/answer\/6004245\" rel=\"noopener\">https:\/\/support.google.com\/analytics\/answer\/6004245<\/a><\/p><p style=\"font-weight: 400;\">Pra\u0107enje putem Google Analyticsa mo\u017eete onemogu\u0107iti klikom na\u00a0<a href=\"https:\/\/tools.google.com\/dlpage\/gaoptout?hl=en=GB\" rel=\"noopener\">https:\/\/tools.go ogle.com\/dlpa ge\/gaoptout?hl =en=GB<\/a><\/p><p style=\"font-weight: 400;\">Ako onemogu\u0107ite ove kola\u010di\u0107e, va\u0161e kori\u0161tenje web stranice ne\u0107e se brojati, niti \u0107e se koristiti u statistikama koje prikupljamo radi pobolj\u0161anja usluga koje pru\u017eamo putem web stranice. Funkcioniranje web stranice ne\u0107e biti pogo\u0111eno.<\/p><p style=\"font-weight: 400;\"><b><strong>Kola\u010di\u0107i pru\u017eatelja video usluga (Google, Vimeo, DailyMotion itd.)<\/strong><\/b><\/p><p style=\"font-weight: 400;\">Ovi pru\u017eatelji usluga mogu postaviti kola\u010di\u0107e na va\u0161 ure\u0111aj ako na na\u0161oj web stranici gledate videozapise koje nam oni pru\u017eaju kao vanjsku uslugu. Ako onemogu\u0107ite ove kola\u010di\u0107e, mo\u017eda ne\u0107ete mo\u0107i gledati ugra\u0111ene videozapise s na\u0161e web stranice.<\/p><p style=\"font-weight: 400;\"><b><strong>\u00a0<\/strong><\/b><\/p><p style=\"font-weight: 400;\"><b><strong>Kola\u010di\u0107i sa dru\u0161tvenih mre\u017ea<\/strong><\/b><\/p><p style=\"font-weight: 400;\">Dru\u0161tvene mre\u017ee tre\u0107ih strana mogu postaviti kola\u010di\u0107e na va\u0161 ure\u0111aj ako odlu\u010dite podijeliti materijal s na\u0161e web stranice s njima klikom na jedno od ugra\u0111enih dugmadi pod nazivom &quot;Dijeli&quot;.<\/p><p style=\"font-weight: 400;\">Ako onemogu\u0107ite ove kola\u010di\u0107e, funkcija &quot;Dijeli&quot; ne\u0107e biti dostupna.<\/p><p style=\"font-weight: 400;\"><b><strong>O serveru ove web stranice<\/strong><\/b><\/p><p style=\"font-weight: 400;\">Sav internet promet (prijenos datoteka) izme\u0111u ove web stranice i va\u0161eg preglednika je \u0161ifriran i prenosi se putem HTTPS protokola kori\u0161tenjem SSL-a (Secure Sockets Layer).<\/p><p style=\"font-weight: 400;\"><b><strong>Kr\u0161enje podataka<\/strong><\/b><\/p><p style=\"font-weight: 400;\">Za sve li\u010dne podatke pohranjene u na\u0161oj bazi podataka, poduzet \u0107e se sve potrebne mjere za njihovu sigurnost.<\/p><p style=\"font-weight: 400;\">Svako nezakonito kr\u0161enje baze podataka ove web stranice ili baze podataka bilo kojeg tre\u0107eg obra\u0111iva\u010da podataka prijavit \u0107emo svim direktno zainteresiranim stranama, kao i vlastima, u roku od 72 sata od kr\u0161enja, pod uvjetom da je o\u010digledno da su li\u010dni podaci pohranjeni u prepoznatljivom obliku ukradeni.<\/p><p style=\"font-weight: 400;\"><b><strong>PRIMJENJIVO ZAKON<\/strong><\/b><\/p><p style=\"font-weight: 400;\">Ovi uslovi kori\u0161tenja, kao i sve njihove budu\u0107e izmjene, regulisani su gr\u010dkim zakonom.<\/p>\t\t\t\t\t\t\t\t<\/div>\n\t\t\t\t<\/div>\n\t\t\t\t\t<\/div>\n\t\t\t\t<\/div>\n\t\t\t\t<\/div>","protected":false},"excerpt":{"rendered":"<p>\u039f\u03a1\u039f\u0399 \u03a7\u03a1\u0397\u03a3\u0397\u03a3 \u0399\u03a3\u03a4\u039f\u03a4\u039f\u03a0\u039f\u03a5 \u03a3\u03a4\u039f\u0399\u03a7\u0395\u0399\u0391 \u0395\u03a0\u0399\u03a7\u0395\u0399\u03a1\u0397\u03a3\u0397\u03a3 \u0395\u03a0\u03a9\u039d\u03a5\u039c\u0399\u0391: NEW GENERATION SERVICES I.K.E. \u0393\u0395.\u039c\u0397: 158377301000 https:\/\/www.businessregistry.gr\/publicity\/show\/158377301000 \u0394\u0399\u0395\u03a5\u0398\u03a5\u039d\u03a3\u0397: \u039b\u0395\u03a9\u03a6\u039f\u03a1\u039f\u03a3 \u03a3\u03a5\u0393\u0393\u03a1\u039f\u03a5 196, \u03a4\u039a 17671, \u039a\u0391\u039b\u039b\u0399\u0398\u0395\u0391 [&hellip;]<\/p>\n","protected":false},"author":1,"featured_media":0,"parent":0,"menu_order":0,"comment_status":"closed","ping_status":"closed","template":"","meta":{"site-sidebar-layout":"no-sidebar","site-content-layout":"","ast-site-content-layout":"full-width-container","site-content-style":"default","site-sidebar-style":"default","ast-global-header-display":"","ast-banner-title-visibility":"","ast-main-header-display":"","ast-hfb-above-header-display":"","ast-hfb-below-header-display":"","ast-hfb-mobile-header-display":"","site-post-title":"disabled","ast-breadcrumbs-content":"","ast-featured-img":"disabled","footer-sml-layout":"","ast-disable-related-posts":"","theme-transparent-header-meta":"","adv-header-id-meta":"","stick-header-meta":"","header-above-stick-meta":"","header-main-stick-meta":"","header-below-stick-meta":"","astra-migrate-meta-layouts":"default","ast-page-background-enabled":"default","ast-page-background-meta":{"desktop":{"background-color":"var(--ast-global-color-5)","background-image":"","background-repeat":"repeat","background-position":"center center","background-size":"auto","background-attachment":"scroll","background-type":"","background-media":"","overlay-type":"","overlay-color":"","overlay-opacity":"","overlay-gradient":""},"tablet":{"background-color":"","background-image":"","background-repeat":"repeat","background-position":"center center","background-size":"auto","background-attachment":"scroll","background-type":"","background-media":"","overlay-type":"","overlay-color":"","overlay-opacity":"","overlay-gradient":""},"mobile":{"background-color":"","background-image":"","background-repeat":"repeat","background-position":"center center","background-size":"auto","background-attachment":"scroll","background-type":"","background-media":"","overlay-type":"","overlay-color":"","overlay-opacity":"","overlay-gradient":""}},"ast-content-background-meta":{"desktop":{"background-color":"var(--ast-global-color-4)","background-image":"","background-repeat":"repeat","background-position":"center center","background-size":"auto","background-attachment":"scroll","background-type":"","background-media":"","overlay-type":"","overlay-color":"","overlay-opacity":"","overlay-gradient":""},"tablet":{"background-color":"var(--ast-global-color-4)","background-image":"","background-repeat":"repeat","background-position":"center center","background-size":"auto","background-attachment":"scroll","background-type":"","background-media":"","overlay-type":"","overlay-color":"","overlay-opacity":"","overlay-gradient":""},"mobile":{"background-color":"var(--ast-global-color-4)","background-image":"","background-repeat":"repeat","background-position":"center center","background-size":"auto","background-attachment":"scroll","background-type":"","background-media":"","overlay-type":"","overlay-color":"","overlay-opacity":"","overlay-gradient":""}},"footnotes":""},"class_list":["post-5792","page","type-page","status-publish","hentry"],"_links":{"self":[{"href":"https:\/\/stem-eshop.gr\/bs\/wp-json\/wp\/v2\/pages\/5792","targetHints":{"allow":["GET"]}}],"collection":[{"href":"https:\/\/stem-eshop.gr\/bs\/wp-json\/wp\/v2\/pages"}],"about":[{"href":"https:\/\/stem-eshop.gr\/bs\/wp-json\/wp\/v2\/types\/page"}],"author":[{"embeddable":true,"href":"https:\/\/stem-eshop.gr\/bs\/wp-json\/wp\/v2\/users\/1"}],"replies":[{"embeddable":true,"href":"https:\/\/stem-eshop.gr\/bs\/wp-json\/wp\/v2\/comments?post=5792"}],"version-history":[{"count":4,"href":"https:\/\/stem-eshop.gr\/bs\/wp-json\/wp\/v2\/pages\/5792\/revisions"}],"predecessor-version":[{"id":5796,"href":"https:\/\/stem-eshop.gr\/bs\/wp-json\/wp\/v2\/pages\/5792\/revisions\/5796"}],"wp:attachment":[{"href":"https:\/\/stem-eshop.gr\/bs\/wp-json\/wp\/v2\/media?parent=5792"}],"curies":[{"name":"wp","href":"https:\/\/api.w.org\/{rel}","templated":true}]}}